{"id":25344,"date":"2026-03-18T11:52:08","date_gmt":"2026-03-18T11:52:08","guid":{"rendered":"https:\/\/soydeaqui.ddns.net\/pachuca\/index.php\/producto\/articulacion-universal-para-barreras-came-gt4-solo-compatible-con-brazo-803xa-0270-no-incluido\/"},"modified":"2026-03-18T11:52:09","modified_gmt":"2026-03-18T11:52:09","slug":"articulacion-universal-para-barreras-came-gt4-solo-compatible-con-brazo-803xa-0270-no-incluido","status":"publish","type":"product","link":"https:\/\/soydeaqui.ddns.net\/pachuca\/index.php\/producto\/articulacion-universal-para-barreras-came-gt4-solo-compatible-con-brazo-803xa-0270-no-incluido\/","title":{"rendered":"Articulaci\u00f3n Universal Para Barreras CAME GT4 \/ Solo Compatible con Brazo 803XA-0270 (No Incluido)"},"content":{"rendered":"<div style='width: 100%; max-width: 1200px; margin: 0 auto; font-family: sans-serif; line-height: 1.6; color: inherit; background-color: transparent;'> <!-- Secci\u00f3n principal --> <\/p>\n<div style='display: flex; flex-wrap: wrap; gap: 30px; margin-bottom: 30px;'>\n<div style='flex: 1 1 300px; min-width: 280px;'>\n<h3 style='font-size: 22px; border-bottom: 2px solid currentColor; padding-bottom: 5px; margin-top: 0; color: inherit; opacity: 0.8;'>Caracter\u00edsticas del producto<\/h3>\n<ul style='padding-left: 20px; font-size: 15px; color: inherit;'>\n<li style='margin-bottom: 5px;'>Compatibilidad con barreras vehiculares modelo GT4<\/li>\n<li style='margin-bottom: 5px;'>Permite articular brazo de modelo 803XA-0270<\/li>\n<\/ul><\/div>\n<div style='flex: 1 1 300px; min-width: 280px;'>\n<h3 style='font-size: 22px; border-bottom: 2px solid currentColor; padding-bottom: 5px; margin-top: 0; color: inherit; opacity: 0.8;'>Aplicaciones<\/h3>\n<ul style='padding-left: 20px; font-size: 15px; color: inherit;'>\n<li style='margin-bottom: 5px;'>Compatible con barreras vehiculares:<\/li>\n<ul style='padding-left: 20px; margin-top: 5px;'>\n<li style='margin-bottom: 5px;'>803BB-0200 &#8211; Barrera vehicular GT4 con gabinete de acero pintado<\/li>\n<li style='margin-bottom: 5px;'>803BB-0300 &#8211; Barrera vehicular GT4 con gabinete de acero inoxidable<\/li>\n<li style='margin-bottom: 5px;'>KT-GT4-LED &#8211; Kit de barrera vehicular con brazo de 4 metros<\/li>\n<\/ul>\n<\/ul><\/div>\n<\/p><\/div>\n<p> <!-- Secci\u00f3n de especificaciones t\u00e9cnicas --> <\/p>\n<div style='display: flex; flex-wrap: wrap; gap: 20px; margin-bottom: 30px;'>\n<div style='flex: 1 1 250px; border: 1px solid rgba(150&comma; 150&comma; 150&comma; 0.4); border-radius: 8px; overflow: hidden; display: flex; flex-direction: column;'>\n<div style='padding: 15px; border-bottom: 1px solid rgba(150&comma; 150&comma; 150&comma; 0.2); font-weight: bold; font-size: 18px; color: inherit;'>Composici\u00f3n del Kit<\/div>\n<div style='padding: 15px; color: inherit;'>\n<ul style='padding-left: 20px; margin: 0; font-size: 14px; list-style-type: disc;'>\n<li style='margin-bottom: 5px;'>1 &#8211; Distanciador para la articulaci\u00f3n<\/li>\n<li style='margin-bottom: 5px;'>2 &#8211; Remaches para fijar las l\u00e1minas al m\u00e1stil<\/li>\n<li style='margin-bottom: 5px;'>3 &#8211; Articulaci\u00f3n<\/li>\n<li style='margin-bottom: 5px;'>4 &#8211; Tirante<\/li>\n<li style='margin-bottom: 5px;'>5 &#8211; Tuerca para bloquear el tirante<\/li>\n<li style='margin-bottom: 5px;'>6 &#8211; Tap\u00f3n de cierre para el perfil del m\u00e1stil<\/li>\n<li style='margin-bottom: 5px;'>7 &#8211; L\u00e1minas para el cabezal del m\u00e1stil<\/li>\n<li style='margin-bottom: 5px;'>8 &#8211; Distanciador<\/li>\n<li style='margin-bottom: 5px;'>9 &#8211; Plancha perfilada para fijar la articulaci\u00f3n<\/li>\n<li style='margin-bottom: 5px;'>10 &#8211; Distanciadores para fijar la plancha perfilada<\/li>\n<li style='margin-bottom: 5px;'>11 &#8211; Tornillos UNI6954 4.8 x 13<\/li>\n<\/ul><\/div>\n<\/p><\/div>\n<div style='flex: 1 1 250px; border: 1px solid rgba(150&comma; 150&comma; 150&comma; 0.4); border-radius: 8px; overflow: hidden; display: flex; flex-direction: column;'>\n<div style='padding: 15px; border-bottom: 1px solid rgba(150&comma; 150&comma; 150&comma; 0.2); font-weight: bold; font-size: 18px; color: inherit;'>Limitaciones de Instalaci\u00f3n<\/div>\n<div style='padding: 15px; color: inherit;'>\n<ul style='padding-left: 20px; margin: 0; font-size: 14px; list-style-type: disc;'>\n<li style='margin-bottom: 5px;'><strong>Par\u00e1metro velocidad:<\/strong> A1 = 3 \/ A1 = 4<\/li>\n<li style='margin-bottom: 5px;'><strong>Paso \u00fatil:<\/strong> 2&comma;2 < 3 m \/ 3 < 4 m<\/li>\n<li style='margin-bottom: 5px;'>Es obligatorio instalar los muelles de equilibrado<\/li>\n<\/ul><\/div>\n<\/p><\/div>\n<div style='flex: 1 1 250px; border: 1px solid rgba(150&comma; 150&comma; 150&comma; 0.4); border-radius: 8px; overflow: hidden; display: flex; flex-direction: column;'>\n<div style='padding: 15px; border-bottom: 1px solid rgba(150&comma; 150&comma; 150&comma; 0.2); font-weight: bold; font-size: 18px; color: inherit;'>Advertencias de Seguridad<\/div>\n<div style='padding: 15px; color: inherit;'>\n<ul style='padding-left: 20px; margin: 0; font-size: 14px; list-style-type: disc;'>\n<li style='margin-bottom: 5px;'>El producto debe destinarse exclusivamente al uso para el cual fue dise\u00f1ado<\/li>\n<li style='margin-bottom: 5px;'>Todas las operaciones deben ser efectuadas por personal especializado y cualificado<\/li>\n<li style='margin-bottom: 5px;'>Durante la instalaci\u00f3n es necesario trabajar con la corriente el\u00e9ctrica cortada<\/li>\n<\/ul><\/div>\n<\/p><\/div>\n<\/p><\/div>\n<p> <!-- Secci\u00f3n de garant\u00eda --> <\/p>\n<div style='margin-bottom: 30px;'>\n<h3 style='font-size: 22px; border-bottom: 2px solid currentColor; padding-bottom: 5px; margin-top: 0; color: inherit; opacity: 0.8;'>Garant\u00eda<\/h3>\n<p style='font-size: 15px; color: inherit; margin-bottom: 15px;'>Equipo con un a\u00f1o de garant\u00eda contra defectos de fabricaci\u00f3n.<\/p>\n<\/p><\/div>\n<p> <!-- Secci\u00f3n de imagen --> <\/p>\n<div style='display: flex; flex-wrap: wrap; gap: 30px; margin-bottom: 30px;'>\n<div style='flex: 1 1 100%;'> <img style='width: 100%; height: auto; border: 1px solid rgba(150&comma;150&comma;150&comma;0.3); border-radius: 8px;' src='https:\/\/ftp3.syscom.mx\/usuarios\/fotos\/803XA0310\/210394-803xa-0310.jpg' alt='Articulaci\u00f3n Universal Para Barreras CAME GT4'> <\/div>\n<\/p><\/div>\n<p> <!-- Secci\u00f3n de cumplimiento normativo --> <\/p>\n<div style='margin-bottom: 30px;'>\n<h3 style='font-size: 22px; border-bottom: 2px solid currentColor; padding-bottom: 5px; margin-top: 0; color: inherit; opacity: 0.8;'>Cumplimiento Normativo<\/h3>\n<p style='font-size: 15px; color: inherit; margin-bottom: 15px;'>El producto est\u00e1 en conformidad con las directivas de referencia vigentes.<\/p>\n<\/p><\/div>\n<p> <!-- Secci\u00f3n de eliminaci\u00f3n --> <\/p>\n<div style='margin-bottom: 30px;'>\n<h3 style='font-size: 22px; border-bottom: 2px solid currentColor; padding-bottom: 5px; margin-top: 0; color: inherit; opacity: 0.8;'>Eliminaci\u00f3n y Desmantelamiento<\/h3>\n<p style='font-size: 15px; color: inherit; margin-bottom: 15px;'>No libere al medio ambiente el embalaje ni el dispositivo al final de su vida \u00fatil; elim\u00ednelos con arreglo a las normas vigentes en el pa\u00eds en que el producto es utilizado. Los componentes reciclables presentan el s\u00edmbolo y la sigla del material.<\/p>\n<\/p><\/div>\n<p> <!-- Separador final --> <\/p>\n<hr style='border: 0; border-top: 1px solid rgba(150&comma; 150&comma; 150&comma; 0.3); margin: 30px 0;'> <\/div>\n","protected":false},"excerpt":{"rendered":"<p>Articulaci\u00f3n Universal Para Barreras CAME GT4 \/ Solo Compatible con Brazo 803XA-0270 (No Incluido)<\/p>\n","protected":false},"featured_media":25343,"comment_status":"open","ping_status":"closed","template":"","meta":[],"product_brand":[],"product_cat":[777],"product_tag":[401,93,779],"class_list":{"0":"post-25344","1":"product","2":"type-product","3":"status-publish","4":"has-post-thumbnail","6":"product_cat-accesorios-acceso-vehicular","7":"product_tag-acceso-vehicular","8":"product_tag-accesorios","9":"product_tag-came","11":"first","12":"instock","13":"sale","14":"shipping-taxable","15":"purchasable","16":"product-type-simple"},"_links":{"self":[{"href":"https:\/\/soydeaqui.ddns.net\/pachuca\/index.php\/wp-json\/wp\/v2\/product\/25344","targetHints":{"allow":["GET"]}}],"collection":[{"href":"https:\/\/soydeaqui.ddns.net\/pachuca\/index.php\/wp-json\/wp\/v2\/product"}],"about":[{"href":"https:\/\/soydeaqui.ddns.net\/pachuca\/index.php\/wp-json\/wp\/v2\/types\/product"}],"replies":[{"embeddable":true,"href":"https:\/\/soydeaqui.ddns.net\/pachuca\/index.php\/wp-json\/wp\/v2\/comments?post=25344"}],"wp:featuredmedia":[{"embeddable":true,"href":"https:\/\/soydeaqui.ddns.net\/pachuca\/index.php\/wp-json\/wp\/v2\/media\/25343"}],"wp:attachment":[{"href":"https:\/\/soydeaqui.ddns.net\/pachuca\/index.php\/wp-json\/wp\/v2\/media?parent=25344"}],"wp:term":[{"taxonomy":"product_brand","embeddable":true,"href":"https:\/\/soydeaqui.ddns.net\/pachuca\/index.php\/wp-json\/wp\/v2\/product_brand?post=25344"},{"taxonomy":"product_cat","embeddable":true,"href":"https:\/\/soydeaqui.ddns.net\/pachuca\/index.php\/wp-json\/wp\/v2\/product_cat?post=25344"},{"taxonomy":"product_tag","embeddable":true,"href":"https:\/\/soydeaqui.ddns.net\/pachuca\/index.php\/wp-json\/wp\/v2\/product_tag?post=25344"}],"curies":[{"name":"wp","href":"https:\/\/api.w.org\/{rel}","templated":true}]}}