{"id":25334,"date":"2026-03-18T11:51:55","date_gmt":"2026-03-18T11:51:55","guid":{"rendered":"https:\/\/soydeaqui.ddns.net\/pachuca\/index.php\/producto\/ribbon-full-color-ymck-750-imagenes-para-hdp6600-2\/"},"modified":"2026-03-18T11:51:55","modified_gmt":"2026-03-18T11:51:55","slug":"ribbon-full-color-ymck-750-imagenes-para-hdp6600-2","status":"publish","type":"product","link":"https:\/\/soydeaqui.ddns.net\/pachuca\/index.php\/producto\/ribbon-full-color-ymck-750-imagenes-para-hdp6600-2\/","title":{"rendered":"Ribbon Full Color YMCK 750 Im\u00e1genes para  HDP6600"},"content":{"rendered":"<div style='width: 100%; max-width: 1200px; margin: 0 auto; font-family: sans-serif; line-height: 1.6; color: inherit; background-color: transparent;'>\n<div style='display: flex; flex-wrap: wrap; gap: 30px; margin-bottom: 30px;'>\n<div style='flex: 1 1 300px; min-width: 280px;'>\n<h3 style='font-size: 22px; border-bottom: 2px solid currentColor; padding-bottom: 5px; margin-top: 0; color: inherit; opacity: 0.8;'>Caracter\u00edsticas Principales<\/h3>\n<ul style='padding-left: 20px; font-size: 15px; color: inherit;'>\n<li style='margin-bottom: 5px;'>Cuatro colores: amarillo&comma; magenta&comma; cian&comma; negro<\/li>\n<li style='margin-bottom: 5px;'>Capacidad para 750 impresiones lado simple<\/li>\n<li style='margin-bottom: 5px;'>Compatibilidad exclusiva con impresora HDP6600<\/li>\n<li style='margin-bottom: 5px;'>Colores vibrantes para impresiones de alta calidad<\/li>\n<li style='margin-bottom: 5px;'>F\u00e1cil instalaci\u00f3n y reemplazo en minutos<\/li>\n<\/ul>\n<\/div>\n<div style='flex: 1 1 300px; min-width: 280px;'>\n<h3 style='font-size: 22px; border-bottom: 2px solid currentColor; padding-bottom: 5px; margin-top: 0; color: inherit; opacity: 0.8;'>Especificaciones T\u00e9cnicas<\/h3>\n<ul style='padding-left: 20px; font-size: 15px; color: inherit;'>\n<li style='margin-bottom: 5px;'><strong>Tipo de cinta:<\/strong> YMCK (Amarillo&comma; Magenta&comma; Cian&comma; Negro)<\/li>\n<li style='margin-bottom: 5px;'><strong>Rendimiento:<\/strong> 750 impresiones por un solo lado<\/li>\n<li style='margin-bottom: 5px;'><strong>Compatibilidad:<\/strong> Impresora HDP6600<\/li>\n<li style='margin-bottom: 5px;'><strong>M\u00e9todo de impresi\u00f3n:<\/strong> Sublimaci\u00f3n de tinta\/transferencia t\u00e9rmica de resina HDP<\/li>\n<\/ul>\n<\/div>\n<\/div>\n<div style='display: flex; flex-wrap: wrap; gap: 20px; margin-bottom: 30px;'>\n<div style='flex: 1 1 250px; border: 1px solid rgba(150&comma; 150&comma; 150&comma; 0.4); border-radius: 8px; overflow: hidden; display: flex; flex-direction: column;'>\n<div style='padding: 15px; border-bottom: 1px solid rgba(150&comma; 150&comma; 150&comma; 0.2); font-weight: bold; font-size: 18px; color: inherit;'>Opciones de Cintas<\/div>\n<div style='padding: 15px; color: inherit;'>\n<ul style='padding-left: 20px; margin: 0; font-size: 14px; list-style-type: disc;'>\n<li style='margin-bottom: 5px;'>YMCK &#8211; 750 impresiones<\/li>\n<li style='margin-bottom: 5px;'>YMCKK &#8211; 600 impresiones<\/li>\n<li style='margin-bottom: 5px;'>YMCFK &#8211; 600 impresiones<\/li>\n<li style='margin-bottom: 5px;'>YMCKH &#8211; 600 impresiones<\/li>\n<li style='margin-bottom: 5px;'>K &#8211; 3000 impresiones<\/li>\n<\/ul>\n<\/div>\n<\/div>\n<div style='flex: 1 1 250px; border: 1px solid rgba(150&comma; 150&comma; 150&comma; 0.4); border-radius: 8px; overflow: hidden; display: flex; flex-direction: column;'>\n<div style='padding: 15px; border-bottom: 1px solid rgba(150&comma; 150&comma; 150&comma; 0.2); font-weight: bold; font-size: 18px; color: inherit;'>Opciones de Sobrelaminado<\/div>\n<div style='padding: 15px; color: inherit;'>\n<ul style='padding-left: 20px; margin: 0; font-size: 14px; list-style-type: disc;'>\n<li style='margin-bottom: 5px;'>Transparente &#8211; 1500 impresiones<\/li>\n<li style='margin-bottom: 5px;'>Parche completo<\/li>\n<li style='margin-bottom: 5px;'>Medio parche<\/li>\n<li style='margin-bottom: 5px;'>Parche completo UV<\/li>\n<li style='margin-bottom: 5px;'>Medio parche UV<\/li>\n<li style='margin-bottom: 5px;'>Con muesca para chip inteligente<\/li>\n<li style='margin-bottom: 5px;'>Con muesca UV para chip inteligente<\/li>\n<li style='margin-bottom: 5px;'>Dise\u00f1o Orbit de alta seguridad<\/li>\n<\/ul>\n<\/div>\n<\/div>\n<div style='flex: 1 1 250px; border: 1px solid rgba(150&comma; 150&comma; 150&comma; 0.4); border-radius: 8px; overflow: hidden; display: flex; flex-direction: column;'>\n<div style='padding: 15px; border-bottom: 1px solid rgba(150&comma; 150&comma; 150&comma; 0.2); font-weight: bold; font-size: 18px; color: inherit;'>Velocidad de Impresi\u00f3n<\/div>\n<div style='padding: 15px; color: inherit;'>\n<ul style='padding-left: 20px; margin: 0; font-size: 14px; list-style-type: disc;'>\n<li style='margin-bottom: 5px;'>Hasta 230 tarjetas\/hora (16 segundos por tarjeta) &#8211; YMCK<\/li>\n<li style='margin-bottom: 5px;'>Hasta 126 tarjetas\/hora (29 segundos por tarjeta) &#8211; YMCKK<\/li>\n<\/ul>\n<\/div>\n<\/div>\n<\/div>\n<hr style='border: 0; border-top: 1px solid rgba(150&comma; 150&comma; 150&comma; 0.3); margin: 30px 0;'>\n<div style='display: flex; flex-wrap: wrap; gap: 30px; margin-bottom: 30px;'>\n<div style='flex: 1 1 300px; min-width: 280px;'>\n<h3 style='font-size: 22px; border-bottom: 2px solid currentColor; padding-bottom: 5px; margin-top: 0; color: inherit; opacity: 0.8;'>Caracter\u00edsticas de Seguridad<\/h3>\n<ul style='padding-left: 20px; font-size: 15px; color: inherit;'>\n<li style='margin-bottom: 5px;'>Codificaci\u00f3n de datos AES-256<\/li>\n<li style='margin-bottom: 5px;'>Protecci\u00f3n de datos mediante distorsi\u00f3n de panel de resina<\/li>\n<li style='margin-bottom: 5px;'>Protecci\u00f3n con contrase\u00f1a<\/li>\n<li style='margin-bottom: 5px;'>Materiales seguros FARGO<\/li>\n<\/ul>\n<\/div>\n<div style='flex: 1 1 300px; min-width: 280px;'>\n<h3 style='font-size: 22px; border-bottom: 2px solid currentColor; padding-bottom: 5px; margin-top: 0; color: inherit; opacity: 0.8;'>Garant\u00eda<\/h3>\n<ul style='padding-left: 20px; font-size: 15px; color: inherit;'>\n<li style='margin-bottom: 5px;'>3 a\u00f1os en impresora (1 a\u00f1o de pr\u00e9stamo de impresora)<\/li>\n<li style='margin-bottom: 5px;'>Por vida en cabezal de impresi\u00f3n (pasadas ilimitadas)<\/li>\n<\/ul>\n<\/div>\n<\/div>\n<hr style='border: 0; border-top: 1px solid rgba(150&comma; 150&comma; 150&comma; 0.3); margin: 30px 0;'>\n<div style='display: flex; flex-wrap: wrap; gap: 30px; margin-bottom: 30px;'>\n<div style='flex: 1 1 300px; min-width: 280px;'>\n<h3 style='font-size: 22px; border-bottom: 2px solid currentColor; padding-bottom: 5px; margin-top: 0; color: inherit; opacity: 0.8;'>Requisitos Ambientales<\/h3>\n<ul style='padding-left: 20px; font-size: 15px; color: inherit;'>\n<li style='margin-bottom: 5px;'><strong>Temperatura:<\/strong> 65\u00b0 a 90\u00b0 F (18\u00b0 a 32\u00b0 C)<\/li>\n<li style='margin-bottom: 5px;'><strong>Humedad:<\/strong> 20-80% sin condensaci\u00f3n<\/li>\n<\/ul>\n<\/div>\n<div style='flex: 1 1 300px; min-width: 280px;'>\n<h3 style='font-size: 22px; border-bottom: 2px solid currentColor; padding-bottom: 5px; margin-top: 0; color: inherit; opacity: 0.8;'>Certificaciones<\/h3>\n<ul style='padding-left: 20px; font-size: 15px; color: inherit;'>\n<li style='margin-bottom: 5px;'>UL&comma; CE&comma; FCC&comma; BSMI&comma; MIC&comma; EAC&comma; RCM&comma; CCC&comma; KCC&comma; S-Mark<\/li>\n<li style='margin-bottom: 5px;'>GreenCircle\u00ae (modelos b\u00e1sicos sin codificadores)<\/li>\n<\/ul>\n<\/div>\n<\/div>\n<div style='display: flex; flex-wrap: wrap; gap: 30px; margin-bottom: 30px;'>\n<div style='flex: 1 1 300px; min-width: 280px;'>\n<h3 style='font-size: 22px; border-bottom: 2px solid currentColor; padding-bottom: 5px; margin-top: 0; color: inherit; opacity: 0.8;'>Conectividad<\/h3>\n<ul style='padding-left: 20px; font-size: 15px; color: inherit;'>\n<li style='margin-bottom: 5px;'>USB 2.0<\/li>\n<li style='margin-bottom: 5px;'>Ethernet (100 Mbps) con servidor de impresi\u00f3n interno<\/li>\n<li style='margin-bottom: 5px;'>Soporte IPv4 e IPv6<\/li>\n<li style='margin-bottom: 5px;'>Soporte SNMPv3<\/li>\n<\/ul>\n<\/div>\n<div style='flex: 1 1 300px; min-width: 280px;'>\n<h3 style='font-size: 22px; border-bottom: 2px solid currentColor; padding-bottom: 5px; margin-top: 0; color: inherit; opacity: 0.8;'>Opciones de Codificaci\u00f3n<\/h3>\n<ul style='padding-left: 20px; font-size: 15px; color: inherit;'>\n<li style='margin-bottom: 5px;'>Lector 125kHz (HID Prox)<\/li>\n<li style='margin-bottom: 5px;'>Codificador de lectura\/grabaci\u00f3n 13.56 MHz (iCLASS\u00ae Standard\/SE\/SR\/Seos&comma; MIFARE Classic\u00ae&comma; MIFARE Plus\u00ae&comma; MIFARE DESFire\u00ae EV1&comma; ISO 14443 A\/B&comma; ISO 15693)<\/li>\n<li style='margin-bottom: 5px;'>Codificador de tarjeta inteligente de contacto ISO7816 1\/2\/3\/4 (T=0&comma; T=1)<\/li>\n<li style='margin-bottom: 5px;'>Codificaci\u00f3n de banda magn\u00e9tica ISO&comma; coercitividad dual<\/li>\n<\/ul>\n<\/div>\n<\/div>\n<\/div>\n","protected":false},"excerpt":{"rendered":"<p>Ribbon Full Color YMCK 750 Im\u00e1genes para  HDP6600<\/p>\n","protected":false},"featured_media":25333,"comment_status":"open","ping_status":"closed","template":"","meta":[],"product_brand":[],"product_cat":[823],"product_tag":[814,812,62],"class_list":{"0":"post-25334","1":"product","2":"type-product","3":"status-publish","4":"has-post-thumbnail","6":"product_cat-todos-identificacion-y-credencializacion","7":"product_tag-hid","8":"product_tag-identificacion-y-credencializacion","9":"product_tag-todos","11":"first","12":"outofstock","13":"sale","14":"shipping-taxable","15":"purchasable","16":"product-type-simple"},"_links":{"self":[{"href":"https:\/\/soydeaqui.ddns.net\/pachuca\/index.php\/wp-json\/wp\/v2\/product\/25334","targetHints":{"allow":["GET"]}}],"collection":[{"href":"https:\/\/soydeaqui.ddns.net\/pachuca\/index.php\/wp-json\/wp\/v2\/product"}],"about":[{"href":"https:\/\/soydeaqui.ddns.net\/pachuca\/index.php\/wp-json\/wp\/v2\/types\/product"}],"replies":[{"embeddable":true,"href":"https:\/\/soydeaqui.ddns.net\/pachuca\/index.php\/wp-json\/wp\/v2\/comments?post=25334"}],"wp:featuredmedia":[{"embeddable":true,"href":"https:\/\/soydeaqui.ddns.net\/pachuca\/index.php\/wp-json\/wp\/v2\/media\/25333"}],"wp:attachment":[{"href":"https:\/\/soydeaqui.ddns.net\/pachuca\/index.php\/wp-json\/wp\/v2\/media?parent=25334"}],"wp:term":[{"taxonomy":"product_brand","embeddable":true,"href":"https:\/\/soydeaqui.ddns.net\/pachuca\/index.php\/wp-json\/wp\/v2\/product_brand?post=25334"},{"taxonomy":"product_cat","embeddable":true,"href":"https:\/\/soydeaqui.ddns.net\/pachuca\/index.php\/wp-json\/wp\/v2\/product_cat?post=25334"},{"taxonomy":"product_tag","embeddable":true,"href":"https:\/\/soydeaqui.ddns.net\/pachuca\/index.php\/wp-json\/wp\/v2\/product_tag?post=25334"}],"curies":[{"name":"wp","href":"https:\/\/api.w.org\/{rel}","templated":true}]}}