{"id":25287,"date":"2026-03-18T11:51:03","date_gmt":"2026-03-18T11:51:03","guid":{"rendered":"https:\/\/soydeaqui.ddns.net\/pachuca\/index.php\/producto\/enrolador-ip-de-rostros-huellas-y-tarjetas-mifare-y-em-para-ivms-4200-hik-connect-teams-usb-facilita-el-alta-de-rostros-huellas-y-tarjeta-al-software\/"},"modified":"2026-03-18T11:51:08","modified_gmt":"2026-03-18T11:51:08","slug":"enrolador-ip-de-rostros-huellas-y-tarjetas-mifare-y-em-para-ivms-4200-hik-connect-teams-usb-facilita-el-alta-de-rostros-huellas-y-tarjeta-al-software","status":"publish","type":"product","link":"https:\/\/soydeaqui.ddns.net\/pachuca\/index.php\/producto\/enrolador-ip-de-rostros-huellas-y-tarjetas-mifare-y-em-para-ivms-4200-hik-connect-teams-usb-facilita-el-alta-de-rostros-huellas-y-tarjeta-al-software\/","title":{"rendered":"Enrolador IP de Rostros, Huellas y Tarjetas (MIFARE y EM) para iVMS-4200 \/ Hik-Connect Teams (USB) \/ Facilita el Alta de Rostros, Huellas y Tarjeta al Software"},"content":{"rendered":"<div style='width: 100%; max-width: 1200px; margin: 0 auto; font-family: sans-serif; line-height: 1.6; color: inherit; background-color: transparent;'> <img style='width: 100%; height: auto; border: 1px solid rgba(150&comma;150&comma;150&comma;0.3); border-radius: 8px;' src='https:\/\/ftp3.syscom.mx\/usuarios\/fespinoza\/HIKVISION\/Dispositivos\/Banners\/Deep-learning-2.jpg' alt='Banner Deep Learning'> <!-- Videos --> <\/p>\n<div style='display: flex; flex-wrap: wrap; gap: 30px; margin: 30px 0;'>\n<div style='flex: 1 1 300px; min-width: 280px;'>\n<div style='position: relative; padding-bottom: 56.25%; height: 0; overflow: hidden; margin-bottom: 15px;'>   <\/div>\n<h3 style='font-size: 18px; text-align: center; margin: 0; color: inherit; opacity: 0.8;'>Demostraci\u00f3n de Velocidad Deep Learning<\/h3>\n<\/p><\/div>\n<div style='flex: 1 1 300px; min-width: 280px;'>\n<div style='position: relative; padding-bottom: 56.25%; height: 0; overflow: hidden; margin-bottom: 15px;'>   <\/div>\n<h3 style='font-size: 18px; text-align: center; margin: 0; color: inherit; opacity: 0.8;'>Prueba en Gemelos con Deep Learning<\/h3>\n<\/p><\/div>\n<div style='flex: 1 1 300px; min-width: 280px;'>\n<div style='position: relative; padding-bottom: 56.25%; height: 0; overflow: hidden; margin-bottom: 15px;'>   <\/div>\n<h3 style='font-size: 18px; text-align: center; margin: 0; color: inherit; opacity: 0.8;'>Velocidad en Torniquetes con Deep Learning<\/h3>\n<\/p><\/div>\n<\/p><\/div>\n<p> <!-- Secci\u00f3n de caracter\u00edsticas --> <\/p>\n<div style='display: flex; flex-wrap: wrap; gap: 30px; margin-bottom: 30px;'>\n<div style='flex: 1 1 300px; min-width: 280px;'>\n<div style='border-left: 5px solid #ff0000; border-radius: 5px; padding: 15px; box-shadow: 2px 2px 10px rgba(216&comma;216&comma;216&comma;0.3);'>\n<h3 style='font-size: 20px; margin-top: 0; margin-bottom: 15px; color: inherit; opacity: 0.8;'>Caracter\u00edsticas principales:<\/h3>\n<ul style='padding-left: 20px; font-size: 15px; color: inherit; list-style-type: disc;'>\n<li style='margin-bottom: 8px;'>Pantalla t\u00e1ctil de 3.97 pulgadas<\/li>\n<li style='margin-bottom: 8px;'>C\u00e1mara 2MP con Lente doble&comma; de gran angular.<\/li>\n<li style='margin-bottom: 8px;'>Resolucion de pantalla 800 x 400<\/li>\n<li style='margin-bottom: 8px;'>Distancia de Reconocimiento facial 0.3 m a 1.5m<\/li>\n<li style='margin-bottom: 8px;'>Reconocimiento en tan solo 0.2 seg.<\/li>\n<li style='margin-bottom: 8px;'>Compatible con iVMS-4200.<\/li>\n<li style='margin-bottom: 8px;'>Tarjetas compatibles: <strong>Mifare. Prox EM&comma; DESfire&comma; Felica.<\/strong><\/li>\n<\/ul><\/div>\n<\/p><\/div>\n<div style='flex: 1 1 300px; min-width: 280px;'>\n<div style='border-left: 5px solid #ff0000; border-radius: 5px; padding: 15px; box-shadow: 2px 2px 10px rgba(216&comma;216&comma;216&comma;0.3);'>\n<h3 style='font-size: 20px; margin-top: 0; margin-bottom: 15px; color: inherit; opacity: 0.8;'>Caracter\u00edsticas F\u00edsicas y El\u00e9ctricas:<\/h3>\n<ul style='padding-left: 20px; font-size: 15px; color: inherit; list-style-type: disc;'>\n<li style='margin-bottom: 8px;'>Alimentaci\u00f3n: 12 Vcc \/ 1.5 amp \/ 15 W. (Incluida).<\/li>\n<li style='margin-bottom: 8px;'>Temperatura: -10 \u00b0C to +50 \u00b0C (14 \u00b0F to +122 \u00b0F)<\/li>\n<li style='margin-bottom: 8px;'>Dimensiones: 121 mm \u00d7 137.9 mm \u00d7 125 mm (4&comma;8&#8242; \u00d7 5&comma;4&#8242; \u00d7 4&comma;9&#8242; )<\/li>\n<li style='margin-bottom: 8px;'>Uso en interior.<\/li>\n<li style='margin-bottom: 8px;'>Comunicaci\u00f3n TCP\/IP cableado (no WiFi).<\/li>\n<\/ul><\/div>\n<\/p><\/div>\n<div style='flex: 1 1 300px; min-width: 280px;'>\n<div style='border-left: 5px solid #ff0000; border-radius: 5px; padding: 15px; box-shadow: 2px 2px 10px rgba(216&comma;216&comma;216&comma;0.3);'>\n<h3 style='font-size: 20px; margin-top: 0; margin-bottom: 15px; color: inherit; opacity: 0.8;'>Caracter\u00edsticas Destacadas:<\/h3>\n<p style='margin: 0 0 15px; color: inherit;'>El terminal frontal de la serie DS-K1F600-D6E-F adopta un algoritmo DEEP LEARNING que ayuda a reconocer el rostro de las personas m\u00e1s r\u00e1pido y con mayor precisi\u00f3n. Aplicable en escenarios&comma; como edificios&comma; empresas&comma; industrias y otras \u00e1reas importantes.<\/p>\n<p style='margin: 0; color: inherit;'>Versi\u00f3n de software recomendada <a href='https:\/\/ftp3.syscom.mx\/usuarios\/fespinoza\/HIKVISION\/Software\/iVMS-4200%20V3.7.0.5%20Multilingual\/3.7.0.5.rar' style='color: #0066cc; text-decoration: underline;'>IVMS 3.7.0.5<\/a>.<br \/>(Funciona con 3.5.0.4 o superior).<\/p>\n<\/p><\/div>\n<\/p><\/div>\n<\/p><\/div>\n<p> <!-- Video de instrucciones --> <\/p>\n<div style='margin: 30px 0;'>\n<h2 style='font-size: 24px; text-align: center; margin-bottom: 20px; color: inherit; opacity: 0.8;'>\u00bfC\u00f3mo se usa?<\/h2>\n<div style='position: relative; padding-bottom: 56.25%; height: 0; overflow: hidden; margin-bottom: 15px;'>   <\/div>\n<\/p><\/div>\n<p> <!-- Imagen final --> <\/p>\n<div style='text-align: center; margin: 30px 0;'> <a href='http:\/\/soporte.syscom.mx\/es\/articles\/3879039-hikvision-control-de-acceso-lista-de-videos-y-tips-tecnicos' style='display: inline-block;'> <img style='width: 100%; max-width: 600px; height: auto; border: 1px solid rgba(150&comma;150&comma;150&comma;0.3); border-radius: 8px;' src='https:\/\/ftp3.syscom.mx\/usuarios\/fotos\/DSK1T607E\/171893-hikvision-controlacceso.png' alt='Soporte T\u00e9cnico Hikvision'> <\/a> <\/div>\n<\/p><\/div>\n","protected":false},"excerpt":{"rendered":"<p>Enrolador IP de Rostros, Huellas y Tarjetas (MIFARE y EM) para iVMS-4200 \/ Hik-Connect Teams (USB) \/ Facilita el Alta de Rostros, Huellas y Tarjeta al Software<\/p>\n","protected":false},"featured_media":25286,"comment_status":"open","ping_status":"closed","template":"","meta":[],"product_brand":[],"product_cat":[743],"product_tag":[744,54,745],"class_list":{"0":"post-25287","1":"product","2":"type-product","3":"status-publish","4":"has-post-thumbnail","6":"product_cat-para-tiempo-y-asistencia-checadores","7":"product_tag-biometricos","8":"product_tag-hikvision","9":"product_tag-para-tiempo-y-asistencia-checadores","11":"first","12":"instock","13":"sale","14":"shipping-taxable","15":"purchasable","16":"product-type-simple"},"_links":{"self":[{"href":"https:\/\/soydeaqui.ddns.net\/pachuca\/index.php\/wp-json\/wp\/v2\/product\/25287","targetHints":{"allow":["GET"]}}],"collection":[{"href":"https:\/\/soydeaqui.ddns.net\/pachuca\/index.php\/wp-json\/wp\/v2\/product"}],"about":[{"href":"https:\/\/soydeaqui.ddns.net\/pachuca\/index.php\/wp-json\/wp\/v2\/types\/product"}],"replies":[{"embeddable":true,"href":"https:\/\/soydeaqui.ddns.net\/pachuca\/index.php\/wp-json\/wp\/v2\/comments?post=25287"}],"wp:featuredmedia":[{"embeddable":true,"href":"https:\/\/soydeaqui.ddns.net\/pachuca\/index.php\/wp-json\/wp\/v2\/media\/25286"}],"wp:attachment":[{"href":"https:\/\/soydeaqui.ddns.net\/pachuca\/index.php\/wp-json\/wp\/v2\/media?parent=25287"}],"wp:term":[{"taxonomy":"product_brand","embeddable":true,"href":"https:\/\/soydeaqui.ddns.net\/pachuca\/index.php\/wp-json\/wp\/v2\/product_brand?post=25287"},{"taxonomy":"product_cat","embeddable":true,"href":"https:\/\/soydeaqui.ddns.net\/pachuca\/index.php\/wp-json\/wp\/v2\/product_cat?post=25287"},{"taxonomy":"product_tag","embeddable":true,"href":"https:\/\/soydeaqui.ddns.net\/pachuca\/index.php\/wp-json\/wp\/v2\/product_tag?post=25287"}],"curies":[{"name":"wp","href":"https:\/\/api.w.org\/{rel}","templated":true}]}}