{"id":25280,"date":"2026-03-18T11:50:55","date_gmt":"2026-03-18T11:50:55","guid":{"rendered":"https:\/\/soydeaqui.ddns.net\/pachuca\/index.php\/producto\/bioentry-w2-lector-de-huella-para-exterior-ip67-ik09-multiformato-lector-125-khz-em-hid-prox-13-56mhz-mifare-nfc-desfireev1-felica-iclass-se-y-bluetooth\/"},"modified":"2026-03-18T11:51:01","modified_gmt":"2026-03-18T11:51:01","slug":"bioentry-w2-lector-de-huella-para-exterior-ip67-ik09-multiformato-lector-125-khz-em-hid-prox-13-56mhz-mifare-nfc-desfireev1-felica-iclass-se-y-bluetooth","status":"publish","type":"product","link":"https:\/\/soydeaqui.ddns.net\/pachuca\/index.php\/producto\/bioentry-w2-lector-de-huella-para-exterior-ip67-ik09-multiformato-lector-125-khz-em-hid-prox-13-56mhz-mifare-nfc-desfireev1-felica-iclass-se-y-bluetooth\/","title":{"rendered":"BioEntry W2 Lector de Huella para Exterior IP67 \/ IK09 \/Multiformato (Lector 125 KHz EM \/ HID Prox 13.56MHz, MIFARE \/ NFC \/ DESFire(EV1) \/ FeliCa \/ iClass SE) y Bluetooth"},"content":{"rendered":"<div style='width: 100%; max-width: 1200px; margin: 0 auto; font-family: sans-serif; line-height: 1.6; color: inherit; background-color: transparent;'>\n<div style='width: 100%; margin-bottom: 30px;'>\n<div style='background: linear-gradient(to bottom&comma; #ffffff 0%&comma; #8f0047 100%); border: 6px solid #8f0047; border-bottom-width: 6px; border-left-width: 6px; border-right-width: 6px; padding: 20px; text-align: center;'> <img style='width: 100%; max-width: 450px; height: auto; border: 1px solid rgba(150&comma;150&comma;150&comma;0.3); border-radius: 8px; margin-bottom: 8px;' src='http:\/\/static.wixstatic.com\/media\/331712_249e780a0c11445eb4703674921fd851~mv2.png' alt=''> <\/p>\n<h2 style='color: black; font-size: 24px; margin-top: 10px; margin-bottom: 0;'>BioEntry W2 Lector de Huella de Exterior IP67\/ IK09\/ MULTIFORMATO y Bluetooth<\/h2>\n<\/p><\/div>\n<\/p><\/div>\n<div style='background-color: #f8f8f8; border: 6px solid #8f0047; border-radius: 10px; box-shadow: 10px 5px 3px rgba(128&comma;128&comma;128&comma;0.3); margin: 20px 0; padding: 20px;'>\n<h2 style='color: #000000; font-size: 32px; font-weight: 500; letter-spacing: -1.2px; margin-top: 0; margin-bottom: 15px;'>El dispositivo de huellas dactilares al aire libre m\u00e1s r\u00e1pido del mundo<\/h2>\n<p style='color: #000000; font-size: 16px; letter-spacing: -0.45px; margin-bottom: 15px;'>Bioentry W2 cuenta con una CPU de cuatro n\u00facleos de 1&comma;2 GHz l\u00edder en su clase que mejora la experiencia del usuario&comma; ya que proporciona la mejor velocidad de identificaci\u00f3n del mundo&comma; un control preciso de los dispositivos de bloqueo y una respuesta r\u00e1pida para los usuarios.<\/p>\n<\/p><\/div>\n<div style='margin-top: 30px;'>\n<h3 style='font-size: 28px; margin-top: 0; margin-bottom: 10px; color: inherit; opacity: 0.8;'>Especificaci\u00f3n<\/h3>\n<p style='color: #9c2c49; font-size: 14px; text-align: right; margin: 0 0 20px 0;'>Desplazamiento a izquierda y derecha<\/p>\n<\/p><\/div>\n<div style='display: grid; grid-template-columns: repeat(auto-fill&comma; minmax(280px&comma; 1fr)); gap: 20px; margin-bottom: 30px;'>\n<div style='border: 1px solid rgba(150&comma;150&comma;150&comma;0.4); border-radius: 8px; overflow: hidden; display: flex; flex-direction: column;'>\n<div style='padding: 15px; border-bottom: 1px solid rgba(150&comma;150&comma;150&comma;0.2); font-weight: bold; font-size: 18px; color: inherit;'>Credencial<\/div>\n<div style='padding: 15px; color: inherit;'>\n<ul style='padding-left: 20px; margin: 0; font-size: 14px; list-style-type: disc;'>\n<li style='margin-bottom: 10px;'><strong>Opci\u00f3n de RF:<\/strong> 125kHz EM &#038; 13.56MHz MIFARE&comma; MIFARE Plus&comma; DESFire EV1\/EV2\/EV3&comma; FeliCa<\/li>\n<li style='margin-bottom: 10px;'><strong>Tarjeta m\u00f3vil:<\/strong> NFC&comma; BLE<\/li>\n<\/ul><\/div>\n<\/p><\/div>\n<div style='border: 1px solid rgba(150&comma;150&comma;150&comma;0.4); border-radius: 8px; overflow: hidden; display: flex; flex-direction: column;'>\n<div style='padding: 15px; border-bottom: 1px solid rgba(150&comma;150&comma;150&comma;0.2); font-weight: bold; font-size: 18px; color: inherit;'>Protecciones<\/div>\n<div style='padding: 15px; color: inherit;'>\n<ul style='padding-left: 20px; margin: 0; font-size: 14px; list-style-type: disc;'>\n<li style='margin-bottom: 10px;'><strong>Grado de protecci\u00f3n:<\/strong> IP67<\/li>\n<li style='margin-bottom: 10px;'><strong>A prueba de vandalismo:<\/strong> IK09<\/li>\n<\/ul><\/div>\n<\/p><\/div>\n<div style='border: 1px solid rgba(150&comma;150&comma;150&comma;0.4); border-radius: 8px; overflow: hidden; display: flex; flex-direction: column;'>\n<div style='padding: 15px; border-bottom: 1px solid rgba(150&comma;150&comma;150&comma;0.2); font-weight: bold; font-size: 18px; color: inherit;'>Huella digital<\/div>\n<div style='padding: 15px; color: inherit;'>\n<ul style='padding-left: 20px; margin: 0; font-size: 14px; list-style-type: disc;'>\n<li style='margin-bottom: 10px;'><strong>Plantilla:<\/strong> SUPREMA \/ ISO 19794-2 \/ ANSI 378<\/li>\n<li style='margin-bottom: 10px;'><strong>Extractor\/buscador de coincidencias:<\/strong> MINEX certified and compliant<\/li>\n<li style='margin-bottom: 10px;'><strong>Identificaci\u00f3n de huella dactilar en vivo:<\/strong> Soportado<\/li>\n<\/ul><\/div>\n<\/p><\/div>\n<div style='border: 1px solid rgba(150&comma;150&comma;150&comma;0.4); border-radius: 8px; overflow: hidden; display: flex; flex-direction: column;'>\n<div style='padding: 15px; border-bottom: 1px solid rgba(150&comma;150&comma;150&comma;0.2); font-weight: bold; font-size: 18px; color: inherit;'>Capacidad<\/div>\n<div style='padding: 15px; color: inherit;'>\n<ul style='padding-left: 20px; margin: 0; font-size: 14px; list-style-type: disc;'>\n<li style='margin-bottom: 10px;'><strong>M\u00e1x. Usuarios:<\/strong> 500&comma;000<\/li>\n<li style='margin-bottom: 10px;'><strong>Credenciales M\u00e1x. (1:N):<\/strong> Huella dactilar: 100&comma;000<\/li>\n<li style='margin-bottom: 10px;'><strong>Credenciales M\u00e1x. (1:1):<\/strong> Huella dactilar: 500&comma;000 Tarjeta: 500&comma;000<\/li>\n<li style='margin-bottom: 10px;'><strong>Registro de texto:<\/strong> 1&comma;000&comma;000<\/li>\n<li style='margin-bottom: 10px;'><strong>Registro de im\u00e1genes:<\/strong> Not supported<\/li>\n<\/ul><\/div>\n<\/p><\/div>\n<div style='border: 1px solid rgba(150&comma;150&comma;150&comma;0.4); border-radius: 8px; overflow: hidden; display: flex; flex-direction: column;'>\n<div style='padding: 15px; border-bottom: 1px solid rgba(150&comma;150&comma;150&comma;0.2); font-weight: bold; font-size: 18px; color: inherit;'>General<\/div>\n<div style='padding: 15px; color: inherit;'>\n<ul style='padding-left: 20px; margin: 0; font-size: 14px; list-style-type: disc;'>\n<li style='margin-bottom: 10px;'><strong>CPU:<\/strong> 1.2 GHz Quad Core<\/li>\n<li style='margin-bottom: 10px;'><strong>Memoria:<\/strong> 2GB Flash + 256 MB RAM<\/li>\n<li style='margin-bottom: 10px;'><strong>Chip Criptogr\u00e1fico:<\/strong> Soportado<\/li>\n<li style='margin-bottom: 10px;'><strong>Tipo de LCD:<\/strong> Not supported<\/li>\n<li style='margin-bottom: 10px;'><strong>LED:<\/strong> Multiple colors<\/li>\n<li style='margin-bottom: 10px;'><strong>Sonido:<\/strong> Multi-tone Buzzer<\/li>\n<li style='margin-bottom: 10px;'><strong>Temperatura de funcionamiento:<\/strong> -20\u00b0C ~ 50\u00b0C (-4\u00b0F ~ 122\u00b0F)<\/li>\n<li style='margin-bottom: 10px;'><strong>Temperatura de almacenamiento:<\/strong> -40\u00b0C ~ 70\u00b0C (-40\u00b0F ~ 158\u00b0F)<\/li>\n<li style='margin-bottom: 10px;'><strong>Humedad de funcionamiento:<\/strong> 0% ~ 80%&comma; non-condensing<\/li>\n<li style='margin-bottom: 10px;'><strong>Humedad de almacenamiento:<\/strong> 0% ~ 90%&comma; non-condensing<\/li>\n<li style='margin-bottom: 10px;'><strong>Peso:<\/strong> Device: 251g&comma; Bracket: 43g (Including washer and bolt)<\/li>\n<li style='margin-bottom: 10px;'><strong>Dimensiones:<\/strong> 50 x 172 x 43.5 (Bottom) \/ 38.2 (Top)<\/li>\n<li style='margin-bottom: 10px;'><strong>Seguridad:<\/strong> Soportado<\/li>\n<\/ul><\/div>\n<\/p><\/div>\n<div style='border: 1px solid rgba(150&comma;150&comma;150&comma;0.4); border-radius: 8px; overflow: hidden; display: flex; flex-direction: column;'>\n<div style='padding: 15px; border-bottom: 1px solid rgba(150&comma;150&comma;150&comma;0.2); font-weight: bold; font-size: 18px; color: inherit;'>Interfaz<\/div>\n<div style='padding: 15px; color: inherit;'>\n<ul style='padding-left: 20px; margin: 0; font-size: 14px; list-style-type: disc;'>\n<li style='margin-bottom: 10px;'><strong>Wifi:<\/strong> Soportado<\/li>\n<li style='margin-bottom: 10px;'><strong>Ethernet:<\/strong> 10\/100 Mbps&comma; auto MDI\/MDI-X<\/li>\n<li style='margin-bottom: 10px;'><strong>RS-485:<\/strong> 1ch Host or Slave (Selectable)<\/li>\n<li style='margin-bottom: 10px;'><strong>Wiegand:<\/strong> 1ch Input or Output (Selectable)<\/li>\n<li style='margin-bottom: 10px;'><strong>Entrada TTL:<\/strong> 2ch Inputs<\/li>\n<li style='margin-bottom: 10px;'><strong>Rel\u00e9:<\/strong> 1 Relay<\/li>\n<li style='margin-bottom: 10px;'><strong>USB:<\/strong> Not supported<\/li>\n<li style='margin-bottom: 10px;'><strong>Tarjeta SD:<\/strong> Not supported<\/li>\n<li style='margin-bottom: 10px;'><strong>PoE:<\/strong> IEEE 802.3af compliant<\/li>\n<li style='margin-bottom: 10px;'><strong>Intercomunicador:<\/strong> Not supported<\/li>\n<\/ul><\/div>\n<\/p><\/div>\n<div style='border: 1px solid rgba(150&comma;150&comma;150&comma;0.4); border-radius: 8px; overflow: hidden; display: flex; flex-direction: column;'>\n<div style='padding: 15px; border-bottom: 1px solid rgba(150&comma;150&comma;150&comma;0.2); font-weight: bold; font-size: 18px; color: inherit;'>Electricidad<\/div>\n<div style='padding: 15px; color: inherit;'>\n<ul style='padding-left: 20px; margin: 0; font-size: 14px; list-style-type: disc;'>\n<li style='margin-bottom: 10px;'><strong>Corriente:<\/strong> DC 12V<\/li>\n<\/ul><\/div>\n<\/p><\/div>\n<\/p><\/div>\n<div style='width: 100%; overflow-x: auto; margin: 30px 0;'>\n<div style='min-width: 800px;'>\n<div style='display: flex; border-bottom: 2px solid #cccccc; padding: 15px 25px; background-color: #f5f5f5; font-weight: bold; color: #222222;'>\n<div style='flex: 1 1 200px; min-width: 200px; border-right: 1px solid #eeeeee; border-top: 2px solid #cccccc; padding: 5px 25px; text-align: left;'>Modelo<\/div>\n<div style='flex: 1 1 200px; min-width: 200px; border-right: 1px solid #eeeeee; border-top: 2px solid #cccccc; padding: 5px 25px; text-align: left;'>Caracter\u00edsticas<\/div>\n<\/p><\/div>\n<div style='display: flex; border-bottom: 1px solid #eeeeee; padding: 15px 25px;'>\n<div style='flex: 1 1 200px; min-width: 200px; border-right: 1px solid #eeeeee; padding: 5px 25px; text-align: left; background-color: #f5f5f5; font-weight: bold;'>BEW2-ODPB<\/div>\n<div style='flex: 1 1 200px; min-width: 200px; border-right: 1px solid #eeeeee; padding: 5px 25px; text-align: left;'>\n<ul style='margin: 0; padding-left: 20px; list-style-type: disc; color: #222222; font-size: 14px;'>\n<li style='margin-bottom: 5px;'>125kHz EM &#038; 13.56MHz MIFARE&comma; MIFARE Plus&comma; DESFire EV1\/EV2\/EV3&comma; FeliCa<\/li>\n<li style='margin-bottom: 5px;'>NFC&comma; BLE<\/li>\n<li style='margin-bottom: 5px;'>IP67<\/li>\n<li style='margin-bottom: 5px;'>IK09<\/li>\n<li style='margin-bottom: 5px;'>SUPREMA \/ ISO 19794-2 \/ ANSI 378<\/li>\n<li style='margin-bottom: 5px;'>MINEX certified and compliant<\/li>\n<li style='margin-bottom: 5px;'>Soportado<\/li>\n<li style='margin-bottom: 5px;'>500&comma;000<\/li>\n<li style='margin-bottom: 5px;'>Huella dactilar: 100&comma;000<\/li>\n<li style='margin-bottom: 5px;'>Huella dactilar: 500&comma;000 Tarjeta: 500&comma;000<\/li>\n<li style='margin-bottom: 5px;'>1&comma;000&comma;000<\/li>\n<li style='margin-bottom: 5px;'>Not supported<\/li>\n<li style='margin-bottom: 5px;'>1.2 GHz Quad Core<\/li>\n<li style='margin-bottom: 5px;'>2GB Flash + 256 MB RAM<\/li>\n<li style='margin-bottom: 5px;'>Soportado<\/li>\n<li style='margin-bottom: 5px;'>Not supported<\/li>\n<li style='margin-bottom: 5px;'>Multiple colors<\/li>\n<li style='margin-bottom: 5px;'>Multi-tone Buzzer<\/li>\n<li style='margin-bottom: 5px;'>-20\u00b0C ~ 50\u00b0C (-4\u00b0F ~ 122\u00b0F)<\/li>\n<li style='margin-bottom: 5px;'>-40\u00b0C ~ 70\u00b0C (-40\u00b0F ~ 158\u00b0F)<\/li>\n<li style='margin-bottom: 5px;'>0% ~ 80%&comma; non-condensing<\/li>\n<li style='margin-bottom: 5px;'>0% ~ 90%&comma; non-condensing<\/li>\n<li style='margin-bottom: 5px;'>Device: 251g&comma; Bracket: 43g (Including washer and bolt)<\/li>\n<li style='margin-bottom: 5px;'>50 x 172 x 43.5 (Bottom) \/ 38.2 (Top)<\/li>\n<li style='margin-bottom: 5px;'>Soportado<\/li>\n<li style='margin-bottom: 5px;'>Not supported<\/li>\n<li style='margin-bottom: 5px;'>10\/100 Mbps&comma; auto MDI\/MDI-X<\/li>\n<li style='margin-bottom: 5px;'>1ch Host or Slave (Selectable)<\/li>\n<li style='margin-bottom: 5px;'>1ch Input or Output (Selectable)<\/li>\n<li style='margin-bottom: 5px;'>2ch Inputs<\/li>\n<li style='margin-bottom: 5px;'>1 Relay<\/li>\n<li style='margin-bottom: 5px;'>Not supported<\/li>\n<li style='margin-bottom: 5px;'>Not supported<\/li>\n<li style='margin-bottom: 5px;'>IEEE 802.3af compliant<\/li>\n<li style='margin-bottom: 5px;'>Not supported<\/li>\n<li style='margin-bottom: 5px;'>DC 12V<\/li>\n<\/ul><\/div>\n<\/p><\/div>\n<div style='display: flex; border-bottom: 1px solid #eeeeee; padding: 15px 25px;'>\n<div style='flex: 1 1 200px; min-width: 200px; border-right: 1px solid #eeeeee; padding: 5px 25px; text-align: left; background-color: #f5f5f5; font-weight: bold;'>BEW2-OAPB<\/div>\n<div style='flex: 1 1 200px; min-width: 200px; border-right: 1px solid #eeeeee; padding: 5px 25px; text-align: left;'>\n<ul style='margin: 0; padding-left: 20px; list-style-type: disc; color: #222222; font-size: 14px;'>\n<li style='margin-bottom: 5px;'>125kHz EM&comma; HID Prox &#038; 13.56MHz MIFARE&comma; MIFARE Plus&comma; DESFire EV1\/EV2\/EV3&comma; FeliCa&comma; iCLASS SE\/SR\/Seos<\/li>\n<li style='margin-bottom: 5px;'>NFC&comma; BLE<\/li>\n<li style='margin-bottom: 5px;'>IP67<\/li>\n<li style='margin-bottom: 5px;'>IK09<\/li>\n<li style='margin-bottom: 5px;'>SUPREMA \/ ISO 19794-2 \/ ANSI 378<\/li>\n<li style='margin-bottom: 5px;'>MINEX certified and compliant<\/li>\n<li style='margin-bottom: 5px;'>Soportado<\/li>\n<li style='margin-bottom: 5px;'>500&comma;000<\/li>\n<li style='margin-bottom: 5px;'>Huella dactilar: 100&comma;000<\/li>\n<li style='margin-bottom: 5px;'>Huella dactilar: 500&comma;000 Tarjeta: 500&comma;000<\/li>\n<li style='margin-bottom: 5px;'>1&comma;000&comma;000<\/li>\n<li style='margin-bottom: 5px;'>Not supported<\/li>\n<li style='margin-bottom: 5px;'>1.2 GHz Quad Core<\/li>\n<li style='margin-bottom: 5px;'>2GB Flash + 256 MB RAM<\/li>\n<li style='margin-bottom: 5px;'>Soportado<\/li>\n<li style='margin-bottom: 5px;'>Not supported<\/li>\n<li style='margin-bottom: 5px;'>Multiple colors<\/li>\n<li style='margin-bottom: 5px;'>Multi-tone Buzzer<\/li>\n<li style='margin-bottom: 5px;'>-20\u00b0C ~ 50\u00b0C (-4\u00b0F ~ 122\u00b0F)<\/li>\n<li style='margin-bottom: 5px;'>-40\u00b0C ~ 70\u00b0C (-40\u00b0F ~ 158\u00b0F)<\/li>\n<li style='margin-bottom: 5px;'>0% ~ 80%&comma; non-condensing<\/li>\n<li style='margin-bottom: 5px;'>0% ~ 90%&comma; non-condensing<\/li>\n<li style='margin-bottom: 5px;'>Device: 251g&comma; Bracket: 43g (Including washer and bolt)<\/li>\n<li style='margin-bottom: 5px;'>50 x 172 x 43.5 (Bottom) \/ 38.2 (Top)<\/li>\n<li style='margin-bottom: 5px;'>Soportado<\/li>\n<li style='margin-bottom: 5px;'>Not supported<\/li>\n<li style='margin-bottom: 5px;'>10\/100 Mbps&comma; auto MDI\/MDI-X<\/li>\n<li style='margin-bottom: 5px;'>1ch Host or Slave (Selectable)<\/li>\n<li style='margin-bottom: 5px;'>1ch Input or Output (Selectable)<\/li>\n<li style='margin-bottom: 5px;'>2ch Inputs<\/li>\n<li style='margin-bottom: 5px;'>1 Relay<\/li>\n<li style='margin-bottom: 5px;'>Not supported<\/li>\n<li style='margin-bottom: 5px;'>Not supported<\/li>\n<li style='margin-bottom: 5px;'>IEEE 802.3af compliant<\/li>\n<li style='margin-bottom: 5px;'>Not supported<\/li>\n<li style='margin-bottom: 5px;'>DC 12V<\/li>\n<\/ul><\/div>\n<\/p><\/div>\n<\/p><\/div>\n<\/p><\/div>\n<div style='display: flex; flex-wrap: wrap; gap: 30px; margin-top: 40px;'>\n<div style='flex: 1 1 300px; min-width: 280px;'>\n<h3 style='font-size: 22px; border-bottom: 2px solid currentColor; padding-bottom: 5px; margin-top: 0; color: inherit; opacity: 0.8;'>Modelo BEW2-ODPB<\/h3>\n<ul style='padding-left: 20px; font-size: 15px; color: inherit;'>\n<li style='margin-bottom: 5px;'><strong>Formato:<\/strong> 125kHz EM &#038; 13.56MHz MIFARE&comma; MIFARE Plus&comma; DESFire EV1\/EV2\/EV3&comma; FeliCa<\/li>\n<li style='margin-bottom: 5px;'><strong>Comunicaci\u00f3n:<\/strong> NFC&comma; BLE<\/li>\n<li style='margin-bottom: 5px;'><strong>Protecci\u00f3n:<\/strong> IP67<\/li>\n<li style='margin-bottom: 5px;'><strong>A prueba de vandalismo:<\/strong> IK09<\/li>\n<li style='margin-bottom: 5px;'><strong>Est\u00e1ndar de huella:<\/strong> SUPREMA \/ ISO 19794-2 \/ ANSI 378<\/li>\n<li style='margin-bottom: 5px;'><strong>Certificaci\u00f3n:<\/strong> MINEX certified and compliant<\/li>\n<li style='margin-bottom: 5px;'><strong>Identificaci\u00f3n de tarjetas:<\/strong> Soportado<\/li>\n<\/ul><\/div>\n<div style='flex: 1 1 300px; min-width: 280px;'>\n<h3 style='font-size: 22px; border-bottom: 2px solid currentColor; padding-bottom: 5px; margin-top: 0; color: inherit; opacity: 0.8;'>Modelo BEW2-OAPB<\/h3>\n<ul style='padding-left: 20px; font-size: 15px; color: inherit;'>\n<li style='margin-bottom: 5px;'><strong>Formato:<\/strong> 125kHz EM&comma; HID Prox &#038; 13.56MHz MIFARE&comma; MIFARE Plus&comma; DESFire EV1\/EV2\/EV3&comma; FeliCa&comma; iCLASS SE\/SR\/Seos<\/li>\n<li style='margin-bottom: 5px;'><strong>Comunicaci\u00f3n:<\/strong> NFC&comma; BLE<\/li>\n<li style='margin-bottom: 5px;'><strong>Protecci\u00f3n:<\/strong> IP67<\/li>\n<li style='margin-bottom: 5px;'><strong>A prueba de vandalismo:<\/strong> IK09<\/li>\n<li style='margin-bottom: 5px;'><strong>Est\u00e1ndar de huella:<\/strong> SUPREMA \/ ISO 19794-2 \/ ANSI 378<\/li>\n<li style='margin-bottom: 5px;'><strong>Certificaci\u00f3n:<\/strong> MINEX certified and compliant<\/li>\n<li style='margin-bottom: 5px;'><strong>Identificaci\u00f3n de tarjetas:<\/strong> Soportado<\/li>\n<\/ul><\/div>\n<\/p><\/div>\n<hr style='border: 0; border-top: 1px solid rgba(150&comma; 150&comma; 150&comma; 0.3); margin: 30px 0;'> <\/div>\n","protected":false},"excerpt":{"rendered":"<p>BioEntry W2 Lector de Huella para Exterior IP67 \/ IK09 \/Multiformato (Lector 125 KHz EM \/ HID Prox 13.56MHz, MIFARE \/ NFC \/ DESFire(EV1) \/ FeliCa \/ iClass SE) y Bluetooth<\/p>\n","protected":false},"featured_media":25279,"comment_status":"open","ping_status":"closed","template":"","meta":[],"product_brand":[],"product_cat":[806],"product_tag":[744,807,798],"class_list":{"0":"post-25280","1":"product","2":"type-product","3":"status-publish","4":"has-post-thumbnail","6":"product_cat-para-control-de-acceso","7":"product_tag-biometricos","8":"product_tag-para-control-de-acceso","9":"product_tag-suprema","11":"first","12":"instock","13":"sale","14":"shipping-taxable","15":"purchasable","16":"product-type-simple"},"_links":{"self":[{"href":"https:\/\/soydeaqui.ddns.net\/pachuca\/index.php\/wp-json\/wp\/v2\/product\/25280","targetHints":{"allow":["GET"]}}],"collection":[{"href":"https:\/\/soydeaqui.ddns.net\/pachuca\/index.php\/wp-json\/wp\/v2\/product"}],"about":[{"href":"https:\/\/soydeaqui.ddns.net\/pachuca\/index.php\/wp-json\/wp\/v2\/types\/product"}],"replies":[{"embeddable":true,"href":"https:\/\/soydeaqui.ddns.net\/pachuca\/index.php\/wp-json\/wp\/v2\/comments?post=25280"}],"wp:featuredmedia":[{"embeddable":true,"href":"https:\/\/soydeaqui.ddns.net\/pachuca\/index.php\/wp-json\/wp\/v2\/media\/25279"}],"wp:attachment":[{"href":"https:\/\/soydeaqui.ddns.net\/pachuca\/index.php\/wp-json\/wp\/v2\/media?parent=25280"}],"wp:term":[{"taxonomy":"product_brand","embeddable":true,"href":"https:\/\/soydeaqui.ddns.net\/pachuca\/index.php\/wp-json\/wp\/v2\/product_brand?post=25280"},{"taxonomy":"product_cat","embeddable":true,"href":"https:\/\/soydeaqui.ddns.net\/pachuca\/index.php\/wp-json\/wp\/v2\/product_cat?post=25280"},{"taxonomy":"product_tag","embeddable":true,"href":"https:\/\/soydeaqui.ddns.net\/pachuca\/index.php\/wp-json\/wp\/v2\/product_tag?post=25280"}],"curies":[{"name":"wp","href":"https:\/\/api.w.org\/{rel}","templated":true}]}}