{"id":25266,"date":"2026-03-18T11:50:38","date_gmt":"2026-03-18T11:50:38","guid":{"rendered":"https:\/\/soydeaqui.ddns.net\/pachuca\/index.php\/producto\/bioentry-w2-lector-de-huella-para-exterior-ip67-antivandalico-ik09-lector-125khz-hid-prox-y-bluetooth\/"},"modified":"2026-03-18T11:50:44","modified_gmt":"2026-03-18T11:50:44","slug":"bioentry-w2-lector-de-huella-para-exterior-ip67-antivandalico-ik09-lector-125khz-hid-prox-y-bluetooth","status":"publish","type":"product","link":"https:\/\/soydeaqui.ddns.net\/pachuca\/index.php\/producto\/bioentry-w2-lector-de-huella-para-exterior-ip67-antivandalico-ik09-lector-125khz-hid-prox-y-bluetooth\/","title":{"rendered":"BioEntry W2 Lector de Huella para Exterior IP67\/ Antivand\u00e1lico IK09 \/ Lector 125KHz HID Prox y Bluetooth"},"content":{"rendered":"<div style='width: 100%; max-width: 1200px; margin: 0 auto; font-family: sans-serif; line-height: 1.6; color: inherit; background-color: transparent;'>\n<div style='width: 100%; padding: 20px; background: linear-gradient(to bottom&comma; #ffffff 0%&comma; #8f0047 100%); border-bottom: 6px solid #8f0047; border-left: 6px solid #8f0047; border-right: 6px solid #8f0047; border-radius: 0; text-align: center;'> <img style='width: 100%; max-width: 450px; height: auto; border: none; border-radius: 0;' src='http:\/\/static.wixstatic.com\/media\/331712_249e780a0c11445eb4703674921fd851~mv2.png' alt='Logo BioEntry W2'> <\/p>\n<h2 style='color: black; font-size: 24px; margin-top: 15px; margin-bottom: 10px;'>BioEntry W2 Lector de Huella de Exterior IP67\/ IK09\/ MULTIFORMATO y Bluetooth<\/h2>\n<\/p><\/div>\n<div style='margin-top: 30px; margin-bottom: 30px; padding: 20px; background-color: ghostwhite; border: 6px solid #8f0047; border-radius: 10px; box-shadow: 10px 5px 3px rgba(128&comma; 128&comma; 128&comma; 0.3);'>\n<h2 style='font-size: 22px; margin-top: 0;'>Lector Biom\u00e9trico para Exterior M\u00e1s Avanzado del Mundo<\/h2>\n<p>Suprema&comma; uno de los principales lideres biom\u00e9tricos en seguridad tecnol\u00f3gica&comma; presenta uno de los mejores algoritmos biom\u00e9tricos con una ingenier\u00eda superior. Se encuentra constantemente desarrollando y produciendo productos l\u00edderes en la industria&comma; extendiendo su portafolio de productos de control de acceso y tiempo y asistencia en todo el mundo.<\/p>\n<\/p><\/div>\n<div style='display: flex; flex-wrap: wrap; gap: 30px; margin-bottom: 30px;'>\n<div style='flex: 1 1 300px; min-width: 280px; background-color: ghostwhite; border-left: 6px solid #cc0066; box-shadow: 10px 5px 3px rgba(128&comma; 128&comma; 128&comma; 0.3); margin-left: 10px; border-radius: 5px; padding: 15px;'>\n<h3 style='font-size: 20px; border-bottom: 2px solid currentColor; padding-bottom: 5px; margin-top: 0; color: inherit; opacity: 0.8;'>Caracter\u00edsticas<\/h3>\n<ul style='padding-left: 20px; font-size: 15px; color: inherit; list-style-type: disc;'>\n<li style='margin-bottom: 8px;'>Grado de Protecci\u00f3n IP67<\/li>\n<li style='margin-bottom: 8px;'>Protecci\u00f3n de impacto IK09<\/li>\n<li style='margin-bottom: 8px;'>Detecci\u00f3n de dedo vivo<\/li>\n<li style='margin-bottom: 8px;'>Comunicaci\u00f3n: TCP\/IP<\/li>\n<li style='margin-bottom: 8px;'>Interfaz RS-485 para comunicaci\u00f3n o m\u00f3dulo esclavo SIO2<\/li>\n<li style='margin-bottom: 8px;'>Salida de relevador<\/li>\n<li style='margin-bottom: 8px;'>Wiegand: entrada y salida (seleccionable)<\/li>\n<li style='margin-bottom: 8px;'>BEW2OHP con Lector 125KHz EM (ACCESSISOCARD&comma; ACCESSPROXCARD&comma; ACCESKFBPROX) HID Prox<\/li>\n<li style='margin-bottom: 8px;'>Certificados: CE&comma; FCC&comma; KC&comma; RoHS&comma; REACH&comma; WEE<\/li>\n<li style='margin-bottom: 8px;'>Dimensiones: 50 x 172 x 43.5 mm<\/li>\n<\/ul><\/div>\n<div style='flex: 1 1 300px; min-width: 280px; background-color: ghostwhite; border-left: 5px solid #cc0066; border-radius: 5px; padding: 15px; box-shadow: 10px 5px 3px rgba(128&comma; 128&comma; 128&comma; 0.3);'>\n<h3 style='font-size: 20px; border-bottom: 2px solid currentColor; padding-bottom: 5px; margin-top: 0; color: inherit; opacity: 0.8;'>Usuarios<\/h3>\n<ul style='padding-left: 20px; font-size: 15px; color: inherit; list-style-type: disc;'>\n<li style='margin-bottom: 8px;'>Usuarios (1:1) 500&comma;000<\/li>\n<li style='margin-bottom: 8px;'>Usuarios (1:N) 100&comma;000<\/li>\n<li style='margin-bottom: 8px;'>Plantillas (huellas) (1:1) 1&comma;000&comma;000<\/li>\n<li style='margin-bottom: 8px;'>Plantillas (huellas) (1:N) 200&comma;000<\/li>\n<li style='margin-bottom: 8px;'>Eventos 1&comma;000&comma;000<\/li>\n<\/ul><\/div>\n<div style='flex: 1 1 300px; min-width: 280px; background-color: ghostwhite; border-left: 6px solid #cc0066; border-radius: 10px; padding: 15px; box-shadow: 10px 5px 3px rgba(128&comma; 128&comma; 128&comma; 0.3);'>\n<h3 style='font-size: 20px; border-bottom: 2px solid currentColor; padding-bottom: 5px; margin-top: 0; color: inherit; opacity: 0.8;'>Notas<\/h3>\n<ul style='padding-left: 20px; font-size: 15px; color: inherit; list-style-type: disc;'>\n<li style='margin-bottom: 8px; text-align: justify;'>Alimentaci\u00f3n: 12 Vcc&comma; 1 A y PoE. Fuente no incluida<\/li>\n<li style='margin-bottom: 8px; text-align: justify;'>Requiere de software <a href='https:\/\/www.syscom.mx\/principal\/consultarproductosazul?global_search=BIOSTAR2TA&#038;ordenar=Relevancia&#038;pag=1' style='color: #8f0047; text-decoration: underline;'>BIOSTAR2<\/a><\/li>\n<li style='margin-bottom: 8px; text-align: justify;'>Utilizar PoE&comma; solo si el equipo es utilizado para asistencia&comma; En caso de conectar cerradura o cualquier otro dispositivo de apertura&comma; debe ser alimentado con fuente<\/li>\n<li style='margin-bottom: 8px;'>Para operaci\u00f3n de NFC (pregunte por compatibilidad de equipos)<\/li>\n<\/ul><\/div>\n<\/p><\/div>\n<div style='display: flex; flex-wrap: wrap; gap: 20px; margin-bottom: 30px;'>\n<div style='flex: 1 1 450px; min-width: 300px;'> <img style='width: 100%; height: auto; border: 1px solid rgba(150&comma;150&comma;150&comma;0.3); border-radius: 8px;' src='https:\/\/ftp3.syscom.mx\/usuarios\/fotos\/BEW2OHP\/136184-bew2ohp1.png' alt='BioEntry W2 exterior view'> <\/div>\n<div style='flex: 1 1 450px; min-width: 300px;'> <img style='width: 100%; height: auto; border: 1px solid rgba(150&comma;150&comma;150&comma;0.3); border-radius: 8px;' src='https:\/\/ftp3.syscom.mx\/usuarios\/fotos\/BEW2OHP\/136184-bew2ohp(1).png' alt='BioEntry W2 interface'> <\/div>\n<div style='flex: 1 1 450px; min-width: 300px;'> <img style='width: 100%; height: auto; border: 1px solid rgba(150&comma;150&comma;150&comma;0.3); border-radius: 8px;' src='https:\/\/ftp3.syscom.mx\/usuarios\/fespinoza\/SUPREMA\/BioEntry\/ip679.PNG' alt='IP67 certification'> <\/div>\n<div style='flex: 1 1 450px; min-width: 300px;'> <img style='width: 100%; height: auto; border: 1px solid rgba(150&comma;150&comma;150&comma;0.3); border-radius: 8px;' src='https:\/\/ftp3.syscom.mx\/usuarios\/fotos\/BEW2ODP\/136188-ik09.jpg' alt='IK09 certification'> <\/div>\n<\/p><\/div>\n<div style='position: relative; padding-bottom: 56.25%; height: 0; overflow: hidden; margin-bottom: 30px;'>   <\/div>\n<div style='margin-top: 30px; padding: 20px; text-align: center;'>\n<h2 style='font-size: 20px; margin: 0;'>Visite nuestra Base de conocimiento de <a href='http:\/\/conocimiento.syscom.mx\/article-category\/suprema\/' style='color: #8f0047; text-decoration: underline;'>SUPREMA<\/a><\/h2>\n<\/p><\/div>\n<hr style='border: 0; border-top: 1px solid rgba(150&comma; 150&comma; 150&comma; 0.3); margin: 30px 0;'> <\/div>\n","protected":false},"excerpt":{"rendered":"<p>BioEntry W2 Lector de Huella para Exterior IP67\/ Antivand\u00e1lico IK09 \/ Lector 125KHz HID Prox y Bluetooth<\/p>\n","protected":false},"featured_media":25265,"comment_status":"open","ping_status":"closed","template":"","meta":[],"product_brand":[],"product_cat":[806],"product_tag":[744,807,798],"class_list":{"0":"post-25266","1":"product","2":"type-product","3":"status-publish","4":"has-post-thumbnail","6":"product_cat-para-control-de-acceso","7":"product_tag-biometricos","8":"product_tag-para-control-de-acceso","9":"product_tag-suprema","11":"first","12":"outofstock","13":"sale","14":"shipping-taxable","15":"purchasable","16":"product-type-simple"},"_links":{"self":[{"href":"https:\/\/soydeaqui.ddns.net\/pachuca\/index.php\/wp-json\/wp\/v2\/product\/25266","targetHints":{"allow":["GET"]}}],"collection":[{"href":"https:\/\/soydeaqui.ddns.net\/pachuca\/index.php\/wp-json\/wp\/v2\/product"}],"about":[{"href":"https:\/\/soydeaqui.ddns.net\/pachuca\/index.php\/wp-json\/wp\/v2\/types\/product"}],"replies":[{"embeddable":true,"href":"https:\/\/soydeaqui.ddns.net\/pachuca\/index.php\/wp-json\/wp\/v2\/comments?post=25266"}],"wp:featuredmedia":[{"embeddable":true,"href":"https:\/\/soydeaqui.ddns.net\/pachuca\/index.php\/wp-json\/wp\/v2\/media\/25265"}],"wp:attachment":[{"href":"https:\/\/soydeaqui.ddns.net\/pachuca\/index.php\/wp-json\/wp\/v2\/media?parent=25266"}],"wp:term":[{"taxonomy":"product_brand","embeddable":true,"href":"https:\/\/soydeaqui.ddns.net\/pachuca\/index.php\/wp-json\/wp\/v2\/product_brand?post=25266"},{"taxonomy":"product_cat","embeddable":true,"href":"https:\/\/soydeaqui.ddns.net\/pachuca\/index.php\/wp-json\/wp\/v2\/product_cat?post=25266"},{"taxonomy":"product_tag","embeddable":true,"href":"https:\/\/soydeaqui.ddns.net\/pachuca\/index.php\/wp-json\/wp\/v2\/product_tag?post=25266"}],"curies":[{"name":"wp","href":"https:\/\/api.w.org\/{rel}","templated":true}]}}