{"id":25264,"date":"2026-03-18T11:50:36","date_gmt":"2026-03-18T11:50:36","guid":{"rendered":"https:\/\/soydeaqui.ddns.net\/pachuca\/index.php\/producto\/perilla-digital-pcd-275-apertura-con-teclado-o-llave-50-usuarios-izq-o-derecha\/"},"modified":"2026-03-18T11:50:37","modified_gmt":"2026-03-18T11:50:37","slug":"perilla-digital-pcd-275-apertura-con-teclado-o-llave-50-usuarios-izq-o-derecha","status":"publish","type":"product","link":"https:\/\/soydeaqui.ddns.net\/pachuca\/index.php\/producto\/perilla-digital-pcd-275-apertura-con-teclado-o-llave-50-usuarios-izq-o-derecha\/","title":{"rendered":"Perilla Digital PCD 275 \/ Apertura con Teclado o Llave \/ 50 usuarios\/ Izq o Derecha"},"content":{"rendered":"<div style='width: 100%; max-width: 1200px; margin: 0 auto; font-family: sans-serif; line-height: 1.6; color: inherit; background-color: transparent;'> <!-- Imagen del logo --> <\/p>\n<div style='margin-bottom: 20px;'> <img style='width: 100%; max-width: 150px; height: auto; border: 1px solid rgba(150&comma;150&comma;150&comma;0.3); border-radius: 8px;' src='http:\/\/ftp3.syscom.mx\/usuarios\/ftp\/2017\/01\/03\/55edd\/phillips-logo.jpg' alt='Logo Phillips-Assa Abloy'> <\/div>\n<p> <!-- Secci\u00f3n de caracter\u00edsticas --> <\/p>\n<div style='display: flex; flex-wrap: wrap; gap: 30px; margin-bottom: 30px;'>\n<div style='flex: 1 1 300px; min-width: 280px;'>\n<h3 style='font-size: 22px; border-bottom: 2px solid currentColor; padding-bottom: 5px; margin-top: 0; color: inherit; opacity: 0.8;'>Caracter\u00edsticas:<\/h3>\n<ul style='padding-left: 20px; font-size: 15px; color: inherit;'>\n<li style='margin-bottom: 5px;'>De f\u00e1cil instalaci\u00f3n&comma; mediante herramientas b\u00e1sicas.<\/li>\n<li style='margin-bottom: 5px;'>Por el interior cuenta con una placa de instalaci\u00f3n atornillable o soldable.<\/li>\n<li style='margin-bottom: 5px;'>Indicador de luz&comma; para bloqueo o desbloqueo de puerta y si se teclea un c\u00f3digo err\u00f3neo.<\/li>\n<li style='margin-bottom: 5px;'>Teclado num\u00e9rico exterior&comma; para c\u00f3digos de 4 a 10 d\u00edgitos&comma; m\u00e1ximo <strong style='color: inherit;'>50 usuarios.<\/strong><\/li>\n<li style='margin-bottom: 5px;'>Configurable para apertura de puerta <strong style='color: inherit;'>izquierda o derecha<\/strong>&comma; mediante un interruptor por dentro del mecanismo.<\/li>\n<li style='margin-bottom: 5px;'>Cilindro exterior con llave de puntos para accionar el pestillo de forma mec\u00e1nica.<\/li>\n<li style='margin-bottom: 5px;'>Junta herm\u00e9tica exterior&comma; previene que el agua permee hacia el interior del mecanismo <strong style='color: inherit;'>(no resiste intemperie)<\/strong>.<\/li>\n<li style='margin-bottom: 5px;'>Requiere 4 pilas AA de 1.5 V (no inclu\u00eddas)&comma; no necesita conectarse a una red el\u00e9ctrica.<\/li>\n<li style='margin-bottom: 5px;'>Cierre de un solo toque por el exterior (tecla de candado).<\/li>\n<li style='margin-bottom: 5px;'>C\u00f3digo de un solo acceso&comma; conveniente para acceso controlados a usuarios.<\/li>\n<li style='margin-bottom: 5px;'>Teclado retro-iluminado&comma; visible f\u00e1cilmente con poca luz de d\u00eda.<\/li>\n<li style='margin-bottom: 5px;'>Indicador de pila baja&comma; notifica cuando la cerradura requiere un cambio de pilas.<\/li>\n<li style='margin-bottom: 5px;'>Alarma de c\u00f3digo err\u00f3neo&comma; emite un sonido intenso despu\u00e9s de varios intentos fallidos para la protecci\u00f3n del sistema.<\/li>\n<li style='margin-bottom: 5px;'>Se recomienda el uso de pilas alcalinas (no recargables).<\/li>\n<li style='margin-bottom: 5px;'>Incluye torniller\u00eda.<\/li>\n<\/ul><\/div>\n<\/p><\/div>\n<p> <!-- Informaci\u00f3n adicional --> <\/p>\n<div style='margin-bottom: 30px;'>\n<p style='font-size: 15px; color: inherit;'>Producto Bajo Pedido<\/p>\n<\/p><\/div>\n<\/p><\/div>\n","protected":false},"excerpt":{"rendered":"<p>Perilla Digital PCD 275 \/ Apertura con Teclado o Llave \/ 50 usuarios\/ Izq o Derecha<\/p>\n","protected":false},"featured_media":25263,"comment_status":"open","ping_status":"closed","template":"","meta":[],"product_brand":[],"product_cat":[86],"product_tag":[88,87,870],"class_list":{"0":"post-25264","1":"product","2":"type-product","3":"status-publish","4":"has-post-thumbnail","6":"product_cat-autonomas-inteligentes","7":"product_tag-autonomas-inteligentes","8":"product_tag-cerraduras","9":"product_tag-phillips-assa-abloy","11":"first","12":"outofstock","13":"sale","14":"shipping-taxable","15":"purchasable","16":"product-type-simple"},"_links":{"self":[{"href":"https:\/\/soydeaqui.ddns.net\/pachuca\/index.php\/wp-json\/wp\/v2\/product\/25264","targetHints":{"allow":["GET"]}}],"collection":[{"href":"https:\/\/soydeaqui.ddns.net\/pachuca\/index.php\/wp-json\/wp\/v2\/product"}],"about":[{"href":"https:\/\/soydeaqui.ddns.net\/pachuca\/index.php\/wp-json\/wp\/v2\/types\/product"}],"replies":[{"embeddable":true,"href":"https:\/\/soydeaqui.ddns.net\/pachuca\/index.php\/wp-json\/wp\/v2\/comments?post=25264"}],"wp:featuredmedia":[{"embeddable":true,"href":"https:\/\/soydeaqui.ddns.net\/pachuca\/index.php\/wp-json\/wp\/v2\/media\/25263"}],"wp:attachment":[{"href":"https:\/\/soydeaqui.ddns.net\/pachuca\/index.php\/wp-json\/wp\/v2\/media?parent=25264"}],"wp:term":[{"taxonomy":"product_brand","embeddable":true,"href":"https:\/\/soydeaqui.ddns.net\/pachuca\/index.php\/wp-json\/wp\/v2\/product_brand?post=25264"},{"taxonomy":"product_cat","embeddable":true,"href":"https:\/\/soydeaqui.ddns.net\/pachuca\/index.php\/wp-json\/wp\/v2\/product_cat?post=25264"},{"taxonomy":"product_tag","embeddable":true,"href":"https:\/\/soydeaqui.ddns.net\/pachuca\/index.php\/wp-json\/wp\/v2\/product_tag?post=25264"}],"curies":[{"name":"wp","href":"https:\/\/api.w.org\/{rel}","templated":true}]}}