{"id":25257,"date":"2026-03-18T11:50:27","date_gmt":"2026-03-18T11:50:27","guid":{"rendered":"https:\/\/soydeaqui.ddns.net\/pachuca\/index.php\/producto\/lector-multitecnolgia-de-tarjetas-mifare-moviles-atraves-de-bluetooth-y-codigos-qr\/"},"modified":"2026-03-18T11:50:29","modified_gmt":"2026-03-18T11:50:29","slug":"lector-multitecnolgia-de-tarjetas-mifare-moviles-atraves-de-bluetooth-y-codigos-qr","status":"publish","type":"product","link":"https:\/\/soydeaqui.ddns.net\/pachuca\/index.php\/producto\/lector-multitecnolgia-de-tarjetas-mifare-moviles-atraves-de-bluetooth-y-codigos-qr\/","title":{"rendered":"Lector  Multitecnolgia de tarjetas Mifare, m\u00f3viles atraves de Bluetooth y c\u00f3digos QR"},"content":{"rendered":"<div style='width: 100%; max-width: 1200px; margin: 0 auto; font-family: sans-serif; line-height: 1.6; color: inherit; background-color: transparent;'> <!-- Descripci\u00f3n principal --> <\/p>\n<div style='margin-bottom: 30px;'>\n<p style='font-size: 16px; color: inherit;'> Terminal inteligente que soporta tarjetas de RFID&comma; acceso m\u00f3vil y c\u00f3digos QR&comma; ofreciendo flexibilidad en opciones de credenciales y dise\u00f1o del sistema. Equipado con proceso seguro de inicio&comma; protocolo de supervisi\u00f3n abierta (OSDP) y c\u00e1mara para eventos de im\u00e1genes&comma; mejora la seguridad mientras resguarda los datos de los usuarios. F\u00e1cil de instalar&comma; usar y mantener con caracter\u00edsticas como alimentaci\u00f3n PoE&comma; interfaz gr\u00e1fica intuitiva en pantalla Touchscreen de 4&#8217;&comma; y grado de protecci\u00f3n IP65. <\/p>\n<\/p><\/div>\n<p> <!-- Imagen --> <\/p>\n<div style='margin-bottom: 30px;'> <img style='width: 100%; height: auto; border: 1px solid rgba(150&comma;150&comma;150&comma;0.3); border-radius: 8px;' src='http:\/\/ftp3.syscom.mx\/usuarios\/gjimenez\/SUPREMA\/XS2\/xs2%20%20familia.jpg' alt='Suprema X-Station 2'> <\/div>\n<p> <!-- Especificaciones --> <\/p>\n<div style='margin-bottom: 30px;'>\n<h3 style='font-size: 22px; border-bottom: 2px solid currentColor; padding-bottom: 5px; margin-top: 0; color: inherit; opacity: 0.8;'>Especificaciones<\/h3>\n<p> <!-- Categor\u00edas de especificaciones --> <\/p>\n<div style='display: flex; flex-wrap: wrap; gap: 20px; margin-top: 20px;'> <!-- RFID --> <\/p>\n<div style='flex: 1 1 300px; min-width: 280px; border: 1px solid rgba(150&comma; 150&comma; 150&comma; 0.4); border-radius: 8px; overflow: hidden;'>\n<div style='padding: 15px; border-bottom: 1px solid rgba(150&comma; 150&comma; 150&comma; 0.2); font-weight: bold; font-size: 18px; color: inherit;'>RFID<\/div>\n<div style='padding: 15px; color: inherit;'>\n<ul style='padding-left: 20px; margin: 0; font-size: 14px; list-style-type: disc;'>\n<li style='margin-bottom: 5px;'><strong>Opciones:<\/strong> 125 kHz EM &#038; 13.56 MHz MIFARE&comma; MIFARE Plus&comma; DESFire EV1\/EV2&comma; FeliCa<\/li>\n<li style='margin-bottom: 5px;'><strong>Tarjeta m\u00f3vil:<\/strong> NFC&comma; BLE<\/li>\n<li style='margin-bottom: 5px;'><strong>QR\/Barcode:<\/strong> Soportado<\/li>\n<\/ul><\/div>\n<\/p><\/div>\n<p> <!-- Hardware --> <\/p>\n<div style='flex: 1 1 300px; min-width: 280px; border: 1px solid rgba(150&comma; 150&comma; 150&comma; 0.4); border-radius: 8px; overflow: hidden;'>\n<div style='padding: 15px; border-bottom: 1px solid rgba(150&comma; 150&comma; 150&comma; 0.2); font-weight: bold; font-size: 18px; color: inherit;'>Hardware<\/div>\n<div style='padding: 15px; color: inherit;'>\n<ul style='padding-left: 20px; margin: 0; font-size: 14px; list-style-type: disc;'>\n<li style='margin-bottom: 5px;'><strong>CPU:<\/strong> 1.5 GHz Quad Core<\/li>\n<li style='margin-bottom: 5px;'><strong>Memoria:<\/strong> 16 GB Flash + 1 GB RAM<\/li>\n<li style='margin-bottom: 5px;'><strong>Capacidad de usuarios:<\/strong> 500&comma;000<\/li>\n<li style='margin-bottom: 5px;'><strong>Eventos:<\/strong> 5&comma;000&comma;000 registros \/ 50&comma;000 im\u00e1genes<\/li>\n<li style='margin-bottom: 5px;'><strong>LCD:<\/strong> 4&#8242; IPS color LCD \/ 480 x 800 p\u00edxeles<\/li>\n<li style='margin-bottom: 5px;'><strong>C\u00e1mara:<\/strong> CMOS 2M p\u00edxeles \/ 1600 x 1200<\/li>\n<li style='margin-bottom: 5px;'><strong>Temperatura de operaci\u00f3n:<\/strong> -20\u00b0C\u201350\u00b0C (-4\u00b0F\u2013122\u00b0F)<\/li>\n<li style='margin-bottom: 5px;'><strong>Tamper:<\/strong> Soportado<\/li>\n<li style='margin-bottom: 5px;'><strong>Certificaciones:<\/strong> KC&comma; CE&comma; FCC (Compliance: RoHS&comma; REACH&comma; WEEE)<\/li>\n<\/ul><\/div>\n<\/p><\/div>\n<p> <!-- Interfaces --> <\/p>\n<div style='flex: 1 1 300px; min-width: 280px; border: 1px solid rgba(150&comma; 150&comma; 150&comma; 0.4); border-radius: 8px; overflow: hidden;'>\n<div style='padding: 15px; border-bottom: 1px solid rgba(150&comma; 150&comma; 150&comma; 0.2); font-weight: bold; font-size: 18px; color: inherit;'>Interfaces<\/div>\n<div style='padding: 15px; color: inherit;'>\n<ul style='padding-left: 20px; margin: 0; font-size: 14px; list-style-type: disc;'>\n<li style='margin-bottom: 5px;'><strong>Ethernet:<\/strong> 10\/100 Mbps&comma; auto MDI\/MDI-X<\/li>\n<li style='margin-bottom: 5px;'><strong>RS-485:<\/strong> 1 Maestro o esclavo (seleccionable)<\/li>\n<li style='margin-bottom: 5px;'><strong>Wiegand:<\/strong> 1 entrada o salida (seleccionable)<\/li>\n<li style='margin-bottom: 5px;'><strong>TTL:<\/strong> 2 entradas<\/li>\n<li style='margin-bottom: 5px;'><strong>Relevador:<\/strong> 1 Relevador<\/li>\n<li style='margin-bottom: 5px;'><strong>USB:<\/strong> USB 2.0 (Host)<\/li>\n<li style='margin-bottom: 5px;'><strong>PoE:<\/strong> IEEE 802.3af compliant<\/li>\n<li style='margin-bottom: 5px;'><strong>Grado IP:<\/strong> IP65<\/li>\n<\/ul><\/div>\n<\/p><\/div>\n<p> <!-- Especificaciones el\u00e9ctricas --> <\/p>\n<div style='flex: 1 1 300px; min-width: 280px; border: 1px solid rgba(150&comma; 150&comma; 150&comma; 0.4); border-radius: 8px; overflow: hidden;'>\n<div style='padding: 15px; border-bottom: 1px solid rgba(150&comma; 150&comma; 150&comma; 0.2); font-weight: bold; font-size: 18px; color: inherit;'>Espec\u00edficaciones el\u00e9ctricas<\/div>\n<div style='padding: 15px; color: inherit;'>\n<ul style='padding-left: 20px; margin: 0; font-size: 14px; list-style-type: disc;'>\n<li style='margin-bottom: 5px;'><strong>Alimentaci\u00f3n:<\/strong> 12 Vcc (Max. 0.8 A) o 24 Vcc (Max. 0.45 A)<\/li>\n<\/ul><\/div>\n<\/p><\/div>\n<p> <!-- Dimensiones --> <\/p>\n<div style='flex: 1 1 300px; min-width: 280px; border: 1px solid rgba(150&comma; 150&comma; 150&comma; 0.4); border-radius: 8px; overflow: hidden;'>\n<div style='padding: 15px; border-bottom: 1px solid rgba(150&comma; 150&comma; 150&comma; 0.2); font-weight: bold; font-size: 18px; color: inherit;'>Dimensiones<\/div>\n<div style='padding: 15px; color: inherit;'>\n<ul style='padding-left: 20px; margin: 0; font-size: 14px; list-style-type: disc;'>\n<li style='margin-bottom: 5px;'><strong>XS2-DPB:<\/strong> 82 mm x 159 mm x 25.9 mm<\/li>\n<li style='margin-bottom: 5px;'><strong>XS2-QDPB:<\/strong> 82 mm x 203 mm x 33.9 mm<\/li>\n<li style='margin-bottom: 5px;'><strong>XS2-APB:<\/strong> 82 mm x 159 mm x 25.9 mm<\/li>\n<li style='margin-bottom: 5px;'><strong>XS2-QAPB:<\/strong> 82 mm x 203 mm x 33.9 mm<\/li>\n<\/ul><\/div>\n<\/p><\/div>\n<\/p><\/div>\n<\/p><\/div>\n<p> <!-- Notas --> <\/p>\n<div style='margin-top: 30px; padding: 15px; border-left: 3px solid rgba(150&comma;150&comma;150&comma;0.4); border-radius: 4px; background-color: rgba(150&comma;150&comma;150&comma;0.05);'>\n<p style='margin: 0 0 10px 0; font-size: 14px; color: inherit;'> <sup style='color: inherit;'>1)<\/sup> Tarjetas DESFire EV2 son soportadas teniendo compatibilidad con versiones anteriores de tarjetas DESFire EV1. CSN y tarjetas inteligentes son compatibles con X-Station 2. <\/p>\n<p style='margin: 0; font-size: 14px; color: inherit;'> <sup style='color: inherit;'>2)<\/sup> Soporta c\u00f3digos QR\/Barcodes compuestos de hasta 32 cadenas de c\u00f3digo ASCII. C\u00f3digos QR pueden ser emitidos en Biostar2 de Suprema o sistemas de terceras partes. <\/p>\n<\/p><\/div>\n<\/p><\/div>\n","protected":false},"excerpt":{"rendered":"<p>Lector  Multitecnolgia de tarjetas Mifare, m\u00f3viles atraves de Bluetooth y c\u00f3digos QR<\/p>\n","protected":false},"featured_media":25256,"comment_status":"open","ping_status":"closed","template":"","meta":[],"product_brand":[],"product_cat":[465],"product_tag":[466,467,798],"class_list":{"0":"post-25257","1":"product","2":"type-product","3":"status-publish","4":"has-post-thumbnail","6":"product_cat-proximidad-125-khz","7":"product_tag-lectoras-y-tarjetas","8":"product_tag-proximidad-125-khz","9":"product_tag-suprema","11":"first","12":"outofstock","13":"sale","14":"shipping-taxable","15":"purchasable","16":"product-type-simple"},"_links":{"self":[{"href":"https:\/\/soydeaqui.ddns.net\/pachuca\/index.php\/wp-json\/wp\/v2\/product\/25257","targetHints":{"allow":["GET"]}}],"collection":[{"href":"https:\/\/soydeaqui.ddns.net\/pachuca\/index.php\/wp-json\/wp\/v2\/product"}],"about":[{"href":"https:\/\/soydeaqui.ddns.net\/pachuca\/index.php\/wp-json\/wp\/v2\/types\/product"}],"replies":[{"embeddable":true,"href":"https:\/\/soydeaqui.ddns.net\/pachuca\/index.php\/wp-json\/wp\/v2\/comments?post=25257"}],"wp:featuredmedia":[{"embeddable":true,"href":"https:\/\/soydeaqui.ddns.net\/pachuca\/index.php\/wp-json\/wp\/v2\/media\/25256"}],"wp:attachment":[{"href":"https:\/\/soydeaqui.ddns.net\/pachuca\/index.php\/wp-json\/wp\/v2\/media?parent=25257"}],"wp:term":[{"taxonomy":"product_brand","embeddable":true,"href":"https:\/\/soydeaqui.ddns.net\/pachuca\/index.php\/wp-json\/wp\/v2\/product_brand?post=25257"},{"taxonomy":"product_cat","embeddable":true,"href":"https:\/\/soydeaqui.ddns.net\/pachuca\/index.php\/wp-json\/wp\/v2\/product_cat?post=25257"},{"taxonomy":"product_tag","embeddable":true,"href":"https:\/\/soydeaqui.ddns.net\/pachuca\/index.php\/wp-json\/wp\/v2\/product_tag?post=25257"}],"curies":[{"name":"wp","href":"https:\/\/api.w.org\/{rel}","templated":true}]}}