{"id":25247,"date":"2026-03-18T11:50:16","date_gmt":"2026-03-18T11:50:16","guid":{"rendered":"https:\/\/soydeaqui.ddns.net\/pachuca\/index.php\/producto\/terminal-facial-min-moe-8-touch-delgada-y-estetica-poe-100000-rostros-exterior-ip65-funcion-de-videoportero-y-lectura-de-codigos-qr-lectura-de-tarjetas-hik-ia\/"},"modified":"2026-03-18T11:50:21","modified_gmt":"2026-03-18T11:50:21","slug":"terminal-facial-min-moe-8-touch-delgada-y-estetica-poe-100000-rostros-exterior-ip65-funcion-de-videoportero-y-lectura-de-codigos-qr-lectura-de-tarjetas-hik-ia","status":"publish","type":"product","link":"https:\/\/soydeaqui.ddns.net\/pachuca\/index.php\/producto\/terminal-facial-min-moe-8-touch-delgada-y-estetica-poe-100000-rostros-exterior-ip65-funcion-de-videoportero-y-lectura-de-codigos-qr-lectura-de-tarjetas-hik-ia\/","title":{"rendered":"Terminal Facial Min Moe 8&#8243; Touch \/ Delgada y Est\u00e9tica \/ PoE \/ 100,000 rostros \/ Exterior IP65 \/ Funci\u00f3n de Videoportero y Lectura de C\u00f3digos QR \/ Lectura de tarjetas \/ HIK-IA"},"content":{"rendered":"<div style='width: 100%; max-width: 1200px; margin: 0 auto; font-family: sans-serif; line-height: 1.6; color: inherit; background-color: transparent;'> <!-- Secci\u00f3n Hik-Connect Teams --> <\/p>\n<div style='display: flex; flex-wrap: wrap; gap: 30px; margin-bottom: 30px;'>\n<div style='flex: 1 1 300px; min-width: 280px;'> <img style='width: 100%; height: auto; border: 1px solid rgba(150&comma;150&comma;150&comma;0.3); border-radius: 8px;' src='https:\/\/ftp3.syscom.mx\/usuarios\/fespinoza\/HIKVISION\/banner_hikconnect_6.png' alt='Banner Hik-Connect'> <\/div>\n<div style='flex: 1 1 300px; min-width: 280px;'>\n<h2 style='font-size: 24px; margin-top: 0; color: inherit;'> Administre este equipo en la Nube Aproveche <span style='color: #c0392b;'>Hik-Connect Teams<\/span> <\/h2>\n<p style='color: inherit;'> <span style='color: #c0392b;'>* Gratis para 10 Dispositivos y 100 empleados. <span style='color: inherit;'>Licencia adicional <\/span><\/span> <a href='https:\/\/www.syscom.mx\/producto\/HCT-ACCESO-1P-HIKVISION-226166.html' style='color: #000000; text-decoration: underline; font-weight: bold;'> HCTACCESO1P <\/a> <span style='color: #c0392b;'><span style='color: inherit;'>Reg\u00edstrese en<\/span> <a href='https:\/\/ius.hik-connect.com\/' style='color: #2880b9; text-decoration: underline; font-weight: bold;'> www.hik-connect.com <\/a><\/span> <\/p>\n<p style='color: inherit;'> HikConnect Teams es una plataforma <strong>SaaS<\/strong> para la gesti\u00f3n unificada en la nube de la seguridad con mayor rentabilidad&comma; f\u00e1cil de implementar&comma; altamente escalable en todos sus niveles y extremadamente seguro. <\/p>\n<ul style='padding-left: 20px; font-size: 15px; color: inherit; list-style-type: disc;'>\n<li style='margin-bottom: 5px;'><em>Administraci\u00f3n de usuarios&comma; roles&comma; y sucursales.<\/em><\/li>\n<li style='margin-bottom: 5px;'><em>Sincronizaci\u00f3n autom\u00e1tica de usuarios por \u00e1reas.<\/em><\/li>\n<li style='margin-bottom: 5px;'><em>Chequeo de Asistencia por App de Smartphone con ubicaci\u00f3n GPS.<\/em><\/li>\n<li style='margin-bottom: 5px;'><em>Reportes de acceso y asistencia remotos.<\/em><\/li>\n<li style='margin-bottom: 5px;'><em>Pases temporales para visitantes generados desde App.<\/em><\/li>\n<li style='margin-bottom: 5px;'><em>Integrable con Videovigilancia&comma; Intercom&comma; Monitoreo de Veh\u00edculos etc<\/em><\/li>\n<\/ul><\/div>\n<\/p><\/div>\n<p> <!-- Secci\u00f3n de caracter\u00edsticas --> <\/p>\n<div style='display: flex; flex-wrap: wrap; gap: 20px; margin-bottom: 30px;'>\n<div style='flex: 1 1 250px; border: 1px solid rgba(150&comma; 150&comma; 150&comma; 0.4); border-radius: 8px; overflow: hidden; display: flex; flex-direction: column;'>\n<div style='padding: 15px; border-bottom: 1px solid rgba(150&comma; 150&comma; 150&comma; 0.2); font-weight: bold; font-size: 18px; color: inherit;'>Caracter\u00edsticas Principales:<\/div>\n<div style='padding: 15px; color: inherit;'>\n<ul style='padding-left: 20px; margin: 0; font-size: 14px; list-style-type: disc;'>\n<li style='margin-bottom: 5px;'>Pantalla T\u00e1ctil LCD de 8&#8242;<\/li>\n<li style='margin-bottom: 5px;'>C\u00e1mara de 2 MP con doble lente de gran angular.<\/li>\n<li style='margin-bottom: 5px;'>100&comma;000 Rostros.<\/li>\n<li style='margin-bottom: 5px;'>100&comma;000 Tarjetas MiFare 13.56 Mhz.<\/li>\n<li style='margin-bottom: 5px;'>150&comma;000 Eventos<\/li>\n<li style='margin-bottom: 5px;'>Distancia de Reconocimiento Facial 0.3 &#8211; 1.5 mts.<\/li>\n<li style='margin-bottom: 5px;'>Funci\u00f3n WDR.<\/li>\n<\/ul><\/div>\n<\/p><\/div>\n<div style='flex: 1 1 250px; border: 1px solid rgba(150&comma; 150&comma; 150&comma; 0.4); border-radius: 8px; overflow: hidden; display: flex; flex-direction: column;'>\n<div style='padding: 15px; border-bottom: 1px solid rgba(150&comma; 150&comma; 150&comma; 0.2); font-weight: bold; font-size: 18px; color: inherit;'>Caracter\u00edsticas F\u00edsicas y El\u00e9ctricas<\/div>\n<div style='padding: 15px; color: inherit;'>\n<ul style='padding-left: 20px; margin: 0; font-size: 14px; list-style-type: disc;'>\n<li style='margin-bottom: 5px;'>Alimentaci\u00f3n 12 Vcd (No Incluida) o PoE 802.3at.<\/li>\n<li style='margin-bottom: 5px;'>1x TCP\/IP Cableado.<\/li>\n<li style='margin-bottom: 5px;'>1x RS-485<\/li>\n<li style='margin-bottom: 5px;'>1x Wiegand<\/li>\n<li style='margin-bottom: 5px;'>1x Salida de relevador para chapa.<\/li>\n<li style='margin-bottom: 5px;'>1x Sensor de Puerta<\/li>\n<li style='margin-bottom: 5px;'>1x Entrada de bot\u00f3n<\/li>\n<li style='margin-bottom: 5px;'>1x USB<\/li>\n<li style='margin-bottom: 5px;'>1x Entrada de Alarma<\/li>\n<li style='margin-bottom: 5px;'>2x Salida de Alarma<\/li>\n<\/ul><\/div>\n<\/p><\/div>\n<div style='flex: 1 1 250px; border: 1px solid rgba(150&comma; 150&comma; 150&comma; 0.4); border-radius: 8px; overflow: hidden; display: flex; flex-direction: column;'>\n<div style='padding: 15px; border-bottom: 1px solid rgba(150&comma; 150&comma; 150&comma; 0.2); font-weight: bold; font-size: 18px; color: inherit;'>Caracter\u00edsticas Destacadas:<\/div>\n<div style='padding: 15px; color: inherit;'>\n<ul style='padding-left: 20px; margin: 0; font-size: 14px; list-style-type: disc;'>\n<li style='margin-bottom: 5px;'>El terminal frontal de la serie DS-K1T680 adopta un algoritmo DEEP LEARNING con <strong>HIK-IA<\/strong> que ayuda a reconocer el rostro de las personas m\u00e1s r\u00e1pido y con mayor precisi\u00f3n. Aplicable en escenarios&comma; como edificios&comma; empresas&comma; industrias y otras \u00e1reas importantes.<\/li>\n<li style='margin-bottom: 5px;'>Flexible administraci\u00f3n remota o local por software&comma; interfaz web o pantalla touch.<\/li>\n<li style='margin-bottom: 5px;'>SDK\/API disponible para integraci\u00f3n con sistemas de terceros.<\/li>\n<li style='margin-bottom: 5px;'><strong>Modelos similares<\/strong> (mismas funciones pero a\u00f1ade lector de huella: <a href='https:\/\/www.syscom.mx\/producto\/HCT-ACCESO-1P-HIKVISION-226166.html' style='color: #000000; text-decoration: underline; font-weight: bold; font-size: 15px; font-family: Satoshi-Variable&comma; sans-serif; background-color: transparent;'> DSK1T680DFE1 <\/a>) <\/li>\n<\/ul><\/div>\n<\/p><\/div>\n<\/p><\/div>\n<p> <!-- Secci\u00f3n de informaci\u00f3n adicional --> <\/p>\n<div style='display: flex; flex-wrap: wrap; gap: 30px; margin-bottom: 30px;'>\n<div style='flex: 1 1 300px; min-width: 280px; text-align: center;'> <img style='width: 100%; height: auto; border: 1px solid rgba(150&comma;150&comma;150&comma;0.3); border-radius: 8px; max-width: 360px; margin: 0 auto;' src='https:\/\/ftp3.syscom.mx\/usuarios\/fespinoza\/HIKVISION\/Dispositivos\/AI%20Terminals\/DS-K1T680D-E1\/DS-K1T680%20series.png' alt='DS-K1T680 Series'> <\/div>\n<div style='flex: 1 1 300px; min-width: 280px;'>\n<h2 style='font-size: 24px; margin-top: 0; color: inherit;'>La mejor opci\u00f3n para proyectos profesionales.<\/h2>\n<p style='color: inherit;'>Lector desarrollado con el algoritmo de reconocimiento de rostros m\u00e1s avanzado del mundo&comma; m\u00e1s r\u00e1pido que cualquier otro y m\u00e1s seguro debido a su algoritmo patentado imposible de falsificar.<\/p>\n<ul style='padding-left: 20px; font-size: 14px; color: inherit; list-style-type: disc;'>\n<li style='margin-bottom: 5px;'><span style='color: #27ae60; font-size: 24px;'>&#8211; <\/span>Funciona como Videoportero IP Multiapartamento (Touch).<\/li>\n<li style='margin-bottom: 5px;'><span style='color: #27ae60; font-size: 24px;'>&#8211; <\/span>Alimentaci\u00f3n PoE o con transformador.<\/li>\n<li style='margin-bottom: 5px;'><span style='color: #27ae60; font-size: 24px;'>&#8211; <\/span>Lectura de rostros ULTRA r\u00e1pida hasta a 3 mts.<\/li>\n<li style='margin-bottom: 5px;'><span style='color: #27ae60; font-size: 24px;'>&#8211;<\/span> Apertura con c\u00f3digos QR desde Smartphone (Por vigencia o numero de accesos).<\/li>\n<li style='margin-bottom: 5px;'><span style='color: #27ae60; font-size: 24px;'>&#8211; <\/span>Graba como c\u00e1mara IP convencional en DVR \u00d3 NVR<\/li>\n<li style='margin-bottom: 5px;'><span style='color: #27ae60; font-size: 24px;'>&#8211; <\/span>Dise\u00f1o est\u00e9tico&comma; bisel delgado.<\/li>\n<li style='margin-bottom: 5px;'><span style='color: #27ae60; font-size: 24px;'>&#8211; <\/span>IP65 para instalaci\u00f3n en exterior protegido (No intemperie).<\/li>\n<li style='margin-bottom: 5px;'><span style='color: #27ae60; font-size: 24px;'>&#8211; <\/span>Salida de relevador para chapa y reportes de asistencia por IVMS4200.<\/li>\n<\/ul><\/div>\n<\/p><\/div>\n<p> <!-- Nota importante --> <\/p>\n<div style='margin-bottom: 30px; color: inherit;'>\n<p style='color: inherit; text-align: center;'> * La funci\u00f3n de llamada a App de Smartphone HikConnect es posible a trav\u00e9s de monitores IP Hikvision como el modelo <a href='https:\/\/www.syscom.mx\/producto\/DS-KH6320-WTE1-HIKVISION-170761.html' style='color: #005cb9; text-decoration: underline; font-weight: 600; font-family: 'Open Sans'&comma; Helvetica&comma; Arial&comma; sans-serif;'> DS-KH6320-WTE1 <\/a> si el sistema es Multiapartamento. Se puede configurar sin monitores pero para que siempre marque a una sola cuenta de HikConnect. <\/p>\n<\/p><\/div>\n<p> <!-- Plataformas compatibles --> <\/p>\n<div style='margin-bottom: 30px;'>\n<h2 style='text-align: center; font-size: 24px; margin-bottom: 20px; color: inherit;'>Otras Plataformas Compatibles<\/h2>\n<div style='position: relative; width: 100%; height: 500px; overflow: hidden;'>   <\/div>\n<\/p><\/div>\n<p> <!-- Videos demostrativos --> <\/p>\n<div style='margin-bottom: 30px;'>\n<h2 style='text-align: center; font-size: 24px; margin-bottom: 20px; color: inherit;'>Videos demostrativos de la soluci\u00f3n<\/h2>\n<div style='display: flex; flex-wrap: wrap; gap: 20px;'>\n<div style='flex: 1 1 45%; min-width: 300px;'>\n<div style='position: relative; padding-bottom: 56.25%; height: 0; overflow: hidden;'>   <\/div>\n<\/p><\/div>\n<div style='flex: 1 1 45%; min-width: 300px;'>\n<div style='position: relative; padding-bottom: 56.25%; height: 0; overflow: hidden;'>   <\/div>\n<\/p><\/div>\n<\/p><\/div>\n<div style='margin-top: 20px;'>\n<div style='position: relative; padding-bottom: 56.25%; height: 0; overflow: hidden;'>   <\/div>\n<\/p><\/div>\n<div style='margin-top: 20px; text-align: center;'> <a href='http:\/\/soporte.syscom.mx\/es\/articles\/3879039-hikvision-control-de-acceso-lista-de-videos-y-tips-tecnicos' style='display: inline-block;'> <img style='width: auto; max-width: 100%; height: auto; border: 1px solid rgba(150&comma;150&comma;150&comma;0.3); border-radius: 8px;' src='https:\/\/ftp3.syscom.mx\/usuarios\/fotos\/DSK1T607E\/171893-hikvision-controlacceso.png' alt='Control de Acceso Hikvision'> <\/a> <\/div>\n<div style='margin-top: 20px;'>\n<div style='position: relative; padding-bottom: 56.25%; height: 0; overflow: hidden;'>   <\/div>\n<\/p><\/div>\n<\/p><\/div>\n<p> <!-- Separador final --> <\/p>\n<hr style='border: 0; border-top: 1px solid rgba(150&comma; 150&comma; 150&comma; 0.3); margin: 30px 0;'> <\/div>\n","protected":false},"excerpt":{"rendered":"<p>Terminal Facial Min Moe 8&#8243; Touch \/ Delgada y Est\u00e9tica \/ PoE \/ 100,000 rostros \/ Exterior IP65 \/ Funci\u00f3n de Videoportero y Lectura de C\u00f3digos QR \/ Lectura de tarjetas \/ HIK-IA<\/p>\n","protected":false},"featured_media":25246,"comment_status":"open","ping_status":"closed","template":"","meta":[],"product_brand":[],"product_cat":[743],"product_tag":[744,54,745],"class_list":{"0":"post-25247","1":"product","2":"type-product","3":"status-publish","4":"has-post-thumbnail","6":"product_cat-para-tiempo-y-asistencia-checadores","7":"product_tag-biometricos","8":"product_tag-hikvision","9":"product_tag-para-tiempo-y-asistencia-checadores","11":"first","12":"instock","13":"sale","14":"shipping-taxable","15":"purchasable","16":"product-type-simple"},"_links":{"self":[{"href":"https:\/\/soydeaqui.ddns.net\/pachuca\/index.php\/wp-json\/wp\/v2\/product\/25247","targetHints":{"allow":["GET"]}}],"collection":[{"href":"https:\/\/soydeaqui.ddns.net\/pachuca\/index.php\/wp-json\/wp\/v2\/product"}],"about":[{"href":"https:\/\/soydeaqui.ddns.net\/pachuca\/index.php\/wp-json\/wp\/v2\/types\/product"}],"replies":[{"embeddable":true,"href":"https:\/\/soydeaqui.ddns.net\/pachuca\/index.php\/wp-json\/wp\/v2\/comments?post=25247"}],"wp:featuredmedia":[{"embeddable":true,"href":"https:\/\/soydeaqui.ddns.net\/pachuca\/index.php\/wp-json\/wp\/v2\/media\/25246"}],"wp:attachment":[{"href":"https:\/\/soydeaqui.ddns.net\/pachuca\/index.php\/wp-json\/wp\/v2\/media?parent=25247"}],"wp:term":[{"taxonomy":"product_brand","embeddable":true,"href":"https:\/\/soydeaqui.ddns.net\/pachuca\/index.php\/wp-json\/wp\/v2\/product_brand?post=25247"},{"taxonomy":"product_cat","embeddable":true,"href":"https:\/\/soydeaqui.ddns.net\/pachuca\/index.php\/wp-json\/wp\/v2\/product_cat?post=25247"},{"taxonomy":"product_tag","embeddable":true,"href":"https:\/\/soydeaqui.ddns.net\/pachuca\/index.php\/wp-json\/wp\/v2\/product_tag?post=25247"}],"curies":[{"name":"wp","href":"https:\/\/api.w.org\/{rel}","templated":true}]}}