{"id":25232,"date":"2026-03-18T11:49:56","date_gmt":"2026-03-18T11:49:56","guid":{"rendered":"https:\/\/soydeaqui.ddns.net\/pachuca\/index.php\/producto\/hid-indala-flexcard-fpcrdsssmw0000-garantia-de-por-vida\/"},"modified":"2026-03-18T11:49:57","modified_gmt":"2026-03-18T11:49:57","slug":"hid-indala-flexcard-fpcrdsssmw0000-garantia-de-por-vida","status":"publish","type":"product","link":"https:\/\/soydeaqui.ddns.net\/pachuca\/index.php\/producto\/hid-indala-flexcard-fpcrdsssmw0000-garantia-de-por-vida\/","title":{"rendered":"HID Indala FlexCard FPCRDSSSMW0000 \/ Garant\u00eda de por Vida"},"content":{"rendered":"<div style='width: 100%; max-width: 1200px; margin: 0 auto; font-family: sans-serif; line-height: 1.6; color: inherit; background-color: transparent;'> <!-- Descripci\u00f3n principal --> <\/p>\n<div style='margin-bottom: 30px;'>\n<ul style='padding-left: 20px; margin: 0; font-size: 14px; color: inherit; list-style-type: disc;'>\n<li style='margin-bottom: 10px;'>La tarjeta clamshell est\u00e1ndar Indala FlexCard\u00ae de HID Global tiene la longitud y la anchura de una tarjeta de cr\u00e9dito.<\/li>\n<li style='margin-bottom: 10px;'>Presenta unos bordes biselados y permite revestimiento de placa de identificaci\u00f3n con dorso adhesivo de impresi\u00f3n directa.<\/li>\n<li style='margin-bottom: 10px;'><strong style='font-weight: bold;'>Es <em style='font-style: italic;'>indispensable<\/em> para ordenar indicar formato&comma; c\u00f3digo de sitio&comma; consecutivo de tarjeta.<\/strong> Por favor llenar el siguiente <a style='color: inherit; text-decoration: none; font-weight: bold;' href='https:\/\/ftp3.syscom.mx\/usuarios\/ftp\/2021\/05\/04\/4ba4d\/FOR%208.4%20025%20CMP%20Formato%20para%20solicitud%20de%20tarjetas%20REV.%20002.docx' target='_blank' rel='noopener'>FORMULARIO<\/a><\/li>\n<li style='margin-bottom: 10px;'>Garant\u00eda de por Vida.<\/li>\n<\/ul><\/div>\n<p> <!-- Informaci\u00f3n importante --> <\/p>\n<div style='margin-bottom: 30px;'>\n<div style='padding: 15px; border: 1px solid rgba(150&comma; 150&comma; 150&comma; 0.4); border-radius: 8px; background-color: rgba(255&comma; 255&comma; 255&comma; 0.05);'>\n<p style='margin: 0; font-weight: bold; font-size: 14px; color: inherit;'>Producto sobre pedido<\/p>\n<\/p><\/div>\n<\/p><\/div>\n<p> <!-- Secci\u00f3n: C\u00f3mo comprar tarjetas HID --> <\/p>\n<div style='margin-bottom: 30px;'>\n<h3 style='font-size: 22px; border-bottom: 2px solid currentColor; padding-bottom: 5px; margin-top: 0; margin-bottom: 15px; color: inherit; opacity: 0.8;'>\u00bfC\u00f3mo comprar tarjetas HID?<\/h3>\n<p style='margin-bottom: 20px; font-size: 14px; color: inherit;'>Todas las tarjetas de HID son de programaci\u00f3n personalizadas por lo que es necesario proporcionar informaci\u00f3n adicional.<\/p>\n<div style='border: 1px solid rgba(150&comma; 150&comma; 150&comma; 0.4); border-radius: 8px; padding: 15px; margin-bottom: 20px; background-color: rgba(255&comma; 255&comma; 255&comma; 0.03);'>\n<ul style='padding-left: 20px; margin: 0 0 15px 0; font-size: 14px; color: inherit; list-style-type: disc;'>\n<li style='margin-bottom: 10px;'>Es <strong style='font-weight: bold;'>indispensable<\/strong> para procesar cualquier orden de compra:<\/li>\n<li style='margin-bottom: 10px;'> <strong style='font-weight: bold;'>Para formatos abiertos:<\/strong>\n<ul style='padding-left: 20px; margin-top: 10px; margin-bottom: 0; list-style-type: disc;'>\n<li style='margin-bottom: 8px;'><strong style='font-weight: bold;'>Formato:<\/strong> Confirmar que es H10301&comma; es decir&comma; 26 bits.<\/li>\n<li style='margin-bottom: 8px;'><strong style='font-weight: bold;'>C\u00f3digo de sitio<\/strong> (Site Code \/ Facility Code): (0 a 255&comma; si es formato 26 bits H10301).<\/li>\n<li style='margin-bottom: 8px;'><strong style='font-weight: bold;'>Consecutivo<\/strong> (rango): La numeraci\u00f3n que tendr\u00e1n las tarjetas (Entre 0-65535 si es a 26 bits H10301).<\/li>\n<li style='margin-bottom: 8px;'>Se puede llenar el siguiente <a style='color: inherit; text-decoration: none; font-weight: bold;' href='https:\/\/ftp3.syscom.mx\/usuarios\/ftp\/2021\/05\/04\/4ba4d\/FOR%208.4%20025%20CMP%20Formato%20para%20solicitud%20de%20tarjetas%20REV.%20002.docx' target='_blank' rel='noopener'>formulario<\/a> y enviarlo a su ejecutivo de ventas para procesar su solicitud.<\/li>\n<\/ul>\n<\/li>\n<\/ul><\/div>\n<div style='border: 1px solid rgba(150&comma; 150&comma; 150&comma; 0.4); border-radius: 8px; padding: 15px; margin-bottom: 20px; background-color: rgba(255&comma; 255&comma; 255&comma; 0.03);'>\n<ul style='padding-left: 20px; margin: 0 0 15px 0; font-size: 14px; color: inherit; list-style-type: disc;'>\n<li style='margin-bottom: 10px;'> En formatos <strong style='font-weight: bold;'>corporativos<\/strong> el m\u00ednimo de compra es de 100 pzs&comma; deber\u00e1 cotizar <a style='color: inherit; text-decoration: none; font-weight: bold; font-size: 12px;' href='https:\/\/www.syscom.mx\/principal\/searchcont?route=MC-1000-HID-156476&#038;autodetect=mc1000'>MC-1000<\/a> y seguir el proceso ah\u00ed descrito. <\/li>\n<li style='margin-bottom: 10px; background-color: rgba(255&comma; 193&comma; 7&comma; 0.2); padding: 10px; border-left: 4px solid #f1c40f;'> <strong style='font-weight: bold;'>Todas las compras de este modelo a trav\u00e9s de este portal est\u00e1n sujetas al env\u00edo de la informaci\u00f3n indispensable para procesar la compra.<\/strong> <\/li>\n<li style='margin-bottom: 10px;'><strong style='font-weight: bold;'>Es recomendable si se tiene una tarjeta existente enviar a SYSCOM para su identificaci\u00f3n previa a la compra.<\/strong><\/li>\n<\/ul><\/div>\n<div style='border: 1px solid rgba(150&comma; 150&comma; 150&comma; 0.4); border-radius: 8px; padding: 15px; background-color: rgba(255&comma; 255&comma; 255&comma; 0.03);'>\n<h3 style='font-size: 18px; margin-top: 0; margin-bottom: 15px; color: inherit; opacity: 0.8; font-weight: bold;'>Conozca qu\u00e9 es <a style='color: inherit; text-decoration: none; font-weight: bold;' href='http:\/\/ftp3.syscom.mx\/usuarios\/ftp\/2017\/09\/08\/ae5a5\/corporate1000_ds_es.pdf' target='_blank' rel='noopener'>Corporate 1000<\/a><\/h3>\n<ul style='padding-left: 20px; margin: 0 0 15px 0; font-size: 14px; color: inherit; list-style-type: disc;'>\n<li style='margin-bottom: 8px;'>Agregue un formato controlado por el usuario.<\/li>\n<li style='margin-bottom: 8px;'>Disponible en SYSCOM a 48 bits.<\/li>\n<li style='margin-bottom: 8px;'><strong style='font-weight: bold;'>Para formatos Corporate 1000 es necesario llenar una documentaci\u00f3n adicional al momento de la compra:<\/strong>\n<ul style='padding-left: 20px; margin-top: 10px; margin-bottom: 0; list-style-type: disc;'>\n<li style='margin-bottom: 8px;'><a style='color: inherit; text-decoration: none; font-weight: bold;' href='http:\/\/ftp3.syscom.mx\/usuarios\/ftp\/2017\/09\/15\/96cc8\/Corporate_1000_nuevo.pdf' target='_blank' rel='noopener'>Solicitud<\/a> <a style='color: inherit; text-decoration: none; font-weight: bold;' href='http:\/\/ftp3.syscom.mx\/usuarios\/ftp\/2018\/01\/16\/6a208\/Credential_Program_License_Agreement%20(1).pdf' target='_blank' rel='noopener'>Credential Program<\/a><\/li>\n<li style='margin-bottom: 8px;'><a style='color: inherit; text-decoration: none; font-weight: bold;' href='http:\/\/ftp3.syscom.mx\/usuarios\/ftp\/2017\/09\/15\/e939a\/Corporate_1000_existente.pdf' target='_top'>Proyectos existentes<\/a><\/li>\n<\/ul>\n<\/li>\n<li style='margin-bottom: 8px;'>Debe considerarse un costo adicional cuando se solicita este formato corporativo&comma; al precio de lista de la tarjeta agregar el modelo <a style='color: inherit; text-decoration: none; font-weight: bold; font-size: 12px;' href='https:\/\/www.syscom.mx\/principal\/searchcont?route=MC-1000-HID-156476&#038;autodetect=mc100'>MC-1000<\/a> correspondiente a un cargo por tarjeta por programar en C1000.<\/li>\n<\/ul><\/div>\n<\/p><\/div>\n<p> <!-- Secci\u00f3n: Impresi\u00f3n de tarjetas --> <\/p>\n<div style='margin-bottom: 30px;'>\n<div style='padding: 15px; border: 1px solid rgba(32&comma; 143&comma; 246&comma; 0.6); border-radius: 8px; background-color: rgba(32&comma; 143&comma; 246&comma; 0.05);'>\n<h3 style='margin: 0; font-size: 16px; color: inherit; font-weight: bold;'> \u00bfCon qu\u00e9 va a imprimir sus tarjetas? Mayor informaci\u00f3n <a style='color: inherit; text-decoration: none; font-weight: bold;' href='https:\/\/www.syscom.mx\/principal\/listadoportadasazul\/control-de-acceso-credencializacion-434.html'>aqu\u00ed<\/a> <\/h3>\n<\/p><\/div>\n<\/p><\/div>\n<p> <!-- Separador final --> <\/p>\n<hr style='border: 0; border-top: 1px solid rgba(150&comma; 150&comma; 150&comma; 0.3); margin: 30px 0;'> <\/div>\n","protected":false},"excerpt":{"rendered":"<p>HID Indala FlexCard FPCRDSSSMW0000 \/ Garant\u00eda de por Vida<\/p>\n","protected":false},"featured_media":25231,"comment_status":"open","ping_status":"closed","template":"","meta":[],"product_brand":[],"product_cat":[770],"product_tag":[814,466,771],"class_list":{"0":"post-25232","1":"product","2":"type-product","3":"status-publish","4":"has-post-thumbnail","6":"product_cat-mifare-iclass-13-56-mhz","7":"product_tag-hid","8":"product_tag-lectoras-y-tarjetas","9":"product_tag-mifare-iclass-13-56-mhz","11":"first","12":"outofstock","13":"sale","14":"shipping-taxable","15":"purchasable","16":"product-type-simple"},"_links":{"self":[{"href":"https:\/\/soydeaqui.ddns.net\/pachuca\/index.php\/wp-json\/wp\/v2\/product\/25232","targetHints":{"allow":["GET"]}}],"collection":[{"href":"https:\/\/soydeaqui.ddns.net\/pachuca\/index.php\/wp-json\/wp\/v2\/product"}],"about":[{"href":"https:\/\/soydeaqui.ddns.net\/pachuca\/index.php\/wp-json\/wp\/v2\/types\/product"}],"replies":[{"embeddable":true,"href":"https:\/\/soydeaqui.ddns.net\/pachuca\/index.php\/wp-json\/wp\/v2\/comments?post=25232"}],"wp:featuredmedia":[{"embeddable":true,"href":"https:\/\/soydeaqui.ddns.net\/pachuca\/index.php\/wp-json\/wp\/v2\/media\/25231"}],"wp:attachment":[{"href":"https:\/\/soydeaqui.ddns.net\/pachuca\/index.php\/wp-json\/wp\/v2\/media?parent=25232"}],"wp:term":[{"taxonomy":"product_brand","embeddable":true,"href":"https:\/\/soydeaqui.ddns.net\/pachuca\/index.php\/wp-json\/wp\/v2\/product_brand?post=25232"},{"taxonomy":"product_cat","embeddable":true,"href":"https:\/\/soydeaqui.ddns.net\/pachuca\/index.php\/wp-json\/wp\/v2\/product_cat?post=25232"},{"taxonomy":"product_tag","embeddable":true,"href":"https:\/\/soydeaqui.ddns.net\/pachuca\/index.php\/wp-json\/wp\/v2\/product_tag?post=25232"}],"curies":[{"name":"wp","href":"https:\/\/api.w.org\/{rel}","templated":true}]}}