{"id":25227,"date":"2026-03-18T11:49:51","date_gmt":"2026-03-18T11:49:51","guid":{"rendered":"https:\/\/soydeaqui.ddns.net\/pachuca\/index.php\/producto\/candado-para-botella-mecanico\/"},"modified":"2026-03-18T11:49:51","modified_gmt":"2026-03-18T11:49:51","slug":"candado-para-botella-mecanico","status":"publish","type":"product","link":"https:\/\/soydeaqui.ddns.net\/pachuca\/index.php\/producto\/candado-para-botella-mecanico\/","title":{"rendered":"Candado para Botella Mec\u00e1nico"},"content":{"rendered":"<div style='width: 100%; max-width: 1200px; margin: 0 auto; font-family: sans-serif; line-height: 1.6; color: inherit; background-color: transparent;'>\n<div style='display: flex; flex-wrap: wrap; gap: 30px; margin-bottom: 30px;'>\n<div style='flex: 1 1 300px; min-width: 280px;'>\n<div style='text-align: center; margin-bottom: 20px;'> <img style='width: 100%; max-width: 150px; height: auto; border: 1px solid rgba(150&comma;150&comma;150&comma;0.3); border-radius: 8px;' src='http:\/\/ftp3.syscom.mx\/usuarios\/ftp\/2017\/01\/03\/55edd\/phillips-logo.jpg' alt='Logo Phillips'> <\/div>\n<\/p><\/div>\n<\/p><\/div>\n<div style='display: flex; flex-wrap: wrap; gap: 30px; margin-bottom: 30px;'>\n<div style='flex: 1 1 300px; min-width: 280px;'>\n<h3 style='font-size: 22px; border-bottom: 2px solid currentColor; padding-bottom: 5px; margin-top: 0; color: inherit; opacity: 0.8;'>Caracter\u00edsticas<\/h3>\n<ul style='padding-left: 20px; font-size: 15px; color: inherit;'>\n<li style='margin-bottom: 5px;'>Medidas generales: 45 x 47 x 45 mm.<\/li>\n<li style='margin-bottom: 5px;'>Material base: Pl\u00e1stico.<\/li>\n<li style='margin-bottom: 5px;'>De f\u00e1cil operaci\u00f3n.<\/li>\n<li style='margin-bottom: 5px;'>3 perillas de aleaci\u00f3n de pl\u00e1stico.<\/li>\n<li style='margin-bottom: 5px;'>Las perillas operan de manera manual alineando los 3 d\u00edgitos a la combinaci\u00f3n deseada por el usuario.<\/li>\n<li style='margin-bottom: 5px;'>Bot\u00f3n interior para cambio de combinaci\u00f3n.<\/li>\n<\/ul><\/div>\n<div style='flex: 1 1 300px; min-width: 280px;'>\n<h3 style='font-size: 22px; border-bottom: 2px solid currentColor; padding-bottom: 5px; margin-top: 0; color: inherit; opacity: 0.8;'>Beneficios<\/h3>\n<ul style='padding-left: 20px; font-size: 15px; color: inherit;'>\n<li style='margin-bottom: 5px;'>Dise\u00f1o esbelto&comma; ideal para mantener seguro el contenido de botellas de vino.<\/li>\n<li style='margin-bottom: 5px;'>La combinaci\u00f3n predeterminada de f\u00e1brica es \u201c0&comma;0&comma;0\u201d.<\/li>\n<li style='margin-bottom: 5px;'>Candado de combinaci\u00f3n de 3 d\u00edgitos&comma; hasta 999 tipos de combinaciones diferentes.<\/li>\n<li style='margin-bottom: 5px;'>Ajuste la combinaci\u00f3n personal deseada girando los diales (por ejemplo&comma; 8-8-8).<\/li>\n<li style='margin-bottom: 5px;'>F\u00e1cil operaci\u00f3n&comma; gire los diales para alinear los n\u00fameros a la combinaci\u00f3n deseada y oprima el bot\u00f3n para abrir el candado.<\/li>\n<li style='margin-bottom: 5px;'>Acabado: Negro<\/li>\n<\/ul><\/div>\n<\/p><\/div>\n<\/p><\/div>\n","protected":false},"excerpt":{"rendered":"<p>Candado para Botella Mec\u00e1nico<\/p>\n","protected":false},"featured_media":25226,"comment_status":"open","ping_status":"closed","template":"","meta":[],"product_brand":[],"product_cat":[880],"product_tag":[870,881,62],"class_list":{"0":"post-25227","1":"product","2":"type-product","3":"status-publish","4":"has-post-thumbnail","6":"product_cat-todos-proteccion-de-mercancia-eas","7":"product_tag-phillips-assa-abloy","8":"product_tag-proteccion-de-mercancia-eas","9":"product_tag-todos","11":"first","12":"instock","13":"sale","14":"shipping-taxable","15":"purchasable","16":"product-type-simple"},"_links":{"self":[{"href":"https:\/\/soydeaqui.ddns.net\/pachuca\/index.php\/wp-json\/wp\/v2\/product\/25227","targetHints":{"allow":["GET"]}}],"collection":[{"href":"https:\/\/soydeaqui.ddns.net\/pachuca\/index.php\/wp-json\/wp\/v2\/product"}],"about":[{"href":"https:\/\/soydeaqui.ddns.net\/pachuca\/index.php\/wp-json\/wp\/v2\/types\/product"}],"replies":[{"embeddable":true,"href":"https:\/\/soydeaqui.ddns.net\/pachuca\/index.php\/wp-json\/wp\/v2\/comments?post=25227"}],"wp:featuredmedia":[{"embeddable":true,"href":"https:\/\/soydeaqui.ddns.net\/pachuca\/index.php\/wp-json\/wp\/v2\/media\/25226"}],"wp:attachment":[{"href":"https:\/\/soydeaqui.ddns.net\/pachuca\/index.php\/wp-json\/wp\/v2\/media?parent=25227"}],"wp:term":[{"taxonomy":"product_brand","embeddable":true,"href":"https:\/\/soydeaqui.ddns.net\/pachuca\/index.php\/wp-json\/wp\/v2\/product_brand?post=25227"},{"taxonomy":"product_cat","embeddable":true,"href":"https:\/\/soydeaqui.ddns.net\/pachuca\/index.php\/wp-json\/wp\/v2\/product_cat?post=25227"},{"taxonomy":"product_tag","embeddable":true,"href":"https:\/\/soydeaqui.ddns.net\/pachuca\/index.php\/wp-json\/wp\/v2\/product_tag?post=25227"}],"curies":[{"name":"wp","href":"https:\/\/api.w.org\/{rel}","templated":true}]}}