{"id":25208,"date":"2026-03-18T11:49:29","date_gmt":"2026-03-18T11:49:29","guid":{"rendered":"https:\/\/soydeaqui.ddns.net\/pachuca\/index.php\/producto\/par-de-arcos-eas-am-para-proteccion-de-ropa-botellas-accesorios-rx-tx-58-khz\/"},"modified":"2026-03-18T11:49:29","modified_gmt":"2026-03-18T11:49:29","slug":"par-de-arcos-eas-am-para-proteccion-de-ropa-botellas-accesorios-rx-tx-58-khz","status":"publish","type":"product","link":"https:\/\/soydeaqui.ddns.net\/pachuca\/index.php\/producto\/par-de-arcos-eas-am-para-proteccion-de-ropa-botellas-accesorios-rx-tx-58-khz\/","title":{"rendered":"Par de Arcos EAS AM  para Protecci\u00f3n de Ropa, Botellas, Accesorios RX, TX 58 KHz"},"content":{"rendered":"<div style='width: 100%; max-width: 1200px; margin: 0 auto; font-family: sans-serif; line-height: 1.6; color: inherit; background-color: transparent;'>\n<div style='display: flex; flex-wrap: wrap; gap: 30px; margin-bottom: 30px;'>\n<div style='flex: 1 1 300px; min-width: 280px;'>\n<h3 style='font-size: 22px; border-bottom: 2px solid currentColor; padding-bottom: 5px; margin-top: 0; color: inherit; opacity: 0.8;'>Incluye<\/h3>\n<ul style='padding-left: 20px; font-size: 15px; color: inherit;'>\n<li style='margin-bottom: 5px;'><a style='color: inherit; text-decoration: none; font-weight: bold;' href='https:\/\/www.syscom.mx\/producto\/CA78L-F1C-Century-191841.html'>Antena Maestra CA78L\/F1C<\/a><\/li>\n<li style='margin-bottom: 5px;'><a style='color: inherit; text-decoration: none; font-weight: bold;' href='https:\/\/www.syscom.mx\/producto\/CA78L-F1S-Century-191842.html'>Antena Esclava CA78L\/F1S<\/a><\/li>\n<\/ul><\/div>\n<div style='flex: 1 1 300px; min-width: 280px;'>\n<h3 style='font-size: 22px; border-bottom: 2px solid currentColor; padding-bottom: 5px; margin-top: 0; color: inherit; opacity: 0.8;'>Especificaciones<\/h3>\n<ul style='padding-left: 20px; font-size: 15px; color: inherit;'>\n<li style='margin-bottom: 5px;'><strong>Material:<\/strong> ABS<\/li>\n<li style='margin-bottom: 5px;'><strong>Frecuencia:<\/strong> 58 KHz<\/li>\n<li style='margin-bottom: 5px;'><strong>Consumo de energ\u00eda:<\/strong> 48 W<\/li>\n<li style='margin-bottom: 5px;'><strong>Corriente m\u00e1xima:<\/strong> 0.4A@ 120 VCA<\/li>\n<li style='margin-bottom: 5px;'><strong>Dimensiones:<\/strong> 1548 x 400 x 130 mm<\/li>\n<li style='margin-bottom: 5px;'><strong>Grosor del marco:<\/strong> 45 mm<\/li>\n<li style='margin-bottom: 5px;'><strong>Grosor de la base:<\/strong> 130 mm<\/li>\n<\/ul><\/div>\n<\/p><\/div>\n<div style='display: flex; flex-wrap: wrap; gap: 30px; margin-bottom: 30px;'>\n<div style='flex: 1 1 300px; min-width: 280px;'>\n<h3 style='font-size: 22px; border-bottom: 2px solid currentColor; padding-bottom: 5px; margin-top: 0; color: inherit; opacity: 0.8;'>Rango de detecci\u00f3n<\/h3>\n<ul style='padding-left: 20px; font-size: 15px; color: inherit;'>\n<li style='margin-bottom: 5px;'>Depende de la calidad de la alimentaci\u00f3n&comma; niveles de ruido y tipo de tags<\/li>\n<li style='margin-bottom: 5px;'>Tag adherible R011: 160 a 180 cm entre antenas<\/li>\n<li style='margin-bottom: 5px;'>Tags r\u00edgidos T010B&comma; T010W y T213: 180 a 200 cm<\/li>\n<\/ul><\/div>\n<div style='flex: 1 1 300px; min-width: 280px;'>\n<h3 style='font-size: 22px; border-bottom: 2px solid currentColor; padding-bottom: 5px; margin-top: 0; color: inherit; opacity: 0.8;'>Requerimientos de instalaci\u00f3n<\/h3>\n<ul style='padding-left: 20px; font-size: 15px; color: inherit;'>\n<li style='margin-bottom: 5px;'>Ambiente con buena ventilaci\u00f3n<\/li>\n<li style='margin-bottom: 5px;'>Ambiente limpio y seco<\/li>\n<li style='margin-bottom: 5px;'>Evitar entrada de agua al marco de la antena<\/li>\n<li style='margin-bottom: 5px;'>Evitar objetos met\u00e1licos grandes cerca de la antena<\/li>\n<li style='margin-bottom: 5px;'>Mantener etiquetas de 58 KHz a m\u00e1s de 3 metros de distancia<\/li>\n<\/ul><\/div>\n<div style='flex: 1 1 300px; min-width: 280px;'>\n<h3 style='font-size: 22px; border-bottom: 2px solid currentColor; padding-bottom: 5px; margin-top: 0; color: inherit; opacity: 0.8;'>Requerimientos el\u00e9ctricos<\/h3>\n<ul style='padding-left: 20px; font-size: 15px; color: inherit;'>\n<li style='margin-bottom: 5px;'>Todas las antenas dentro de 40m deben usar la misma fuente de 110 VCA<\/li>\n<li style='margin-bottom: 5px;'>Conexi\u00f3n a tierra de alta calidad (voltaje entre vivo y tierra debe ser 110VCA)<\/li>\n<li style='margin-bottom: 5px;'>No usar energ\u00eda de UPS o generador privado<\/li>\n<li style='margin-bottom: 5px;'>Fuente independiente (no compartida con otros equipos)<\/li>\n<\/ul><\/div>\n<\/p><\/div>\n<div style='margin-bottom: 30px;'>\n<div style='border: 1px solid rgba(150&comma; 150&comma; 150&comma; 0.4); border-radius: 8px; padding: 15px; background-color: rgba(255&comma; 255&comma; 255&comma; 0.05);'>\n<h3 style='font-size: 22px; margin-top: 0; color: inherit; opacity: 0.8;'>Nota importante<\/h3>\n<p style='margin: 0; color: inherit;'>No se recomienda su uso en bibliotecas&comma; ferreter\u00edas&comma; locales con productos met\u00e1licos&comma; equipos electr\u00f3nicos directamente o lugares con gran cantidad de metal. En caso de manejar carriles tomar en cuenta la estructura: Maestra &#8211; Esclava &#8211; Maestra.<\/p>\n<\/p><\/div>\n<\/p><\/div>\n<\/p><\/div>\n","protected":false},"excerpt":{"rendered":"<p>Par de Arcos EAS AM  para Protecci\u00f3n de Ropa, Botellas, Accesorios RX, TX 58 KHz<\/p>\n","protected":false},"featured_media":25207,"comment_status":"open","ping_status":"closed","template":"","meta":[],"product_brand":[],"product_cat":[880],"product_tag":[882,881,62],"class_list":{"0":"post-25208","1":"product","2":"type-product","3":"status-publish","4":"has-post-thumbnail","6":"product_cat-todos-proteccion-de-mercancia-eas","7":"product_tag-century","8":"product_tag-proteccion-de-mercancia-eas","9":"product_tag-todos","11":"first","12":"instock","13":"sale","14":"shipping-taxable","15":"purchasable","16":"product-type-simple"},"_links":{"self":[{"href":"https:\/\/soydeaqui.ddns.net\/pachuca\/index.php\/wp-json\/wp\/v2\/product\/25208","targetHints":{"allow":["GET"]}}],"collection":[{"href":"https:\/\/soydeaqui.ddns.net\/pachuca\/index.php\/wp-json\/wp\/v2\/product"}],"about":[{"href":"https:\/\/soydeaqui.ddns.net\/pachuca\/index.php\/wp-json\/wp\/v2\/types\/product"}],"replies":[{"embeddable":true,"href":"https:\/\/soydeaqui.ddns.net\/pachuca\/index.php\/wp-json\/wp\/v2\/comments?post=25208"}],"wp:featuredmedia":[{"embeddable":true,"href":"https:\/\/soydeaqui.ddns.net\/pachuca\/index.php\/wp-json\/wp\/v2\/media\/25207"}],"wp:attachment":[{"href":"https:\/\/soydeaqui.ddns.net\/pachuca\/index.php\/wp-json\/wp\/v2\/media?parent=25208"}],"wp:term":[{"taxonomy":"product_brand","embeddable":true,"href":"https:\/\/soydeaqui.ddns.net\/pachuca\/index.php\/wp-json\/wp\/v2\/product_brand?post=25208"},{"taxonomy":"product_cat","embeddable":true,"href":"https:\/\/soydeaqui.ddns.net\/pachuca\/index.php\/wp-json\/wp\/v2\/product_cat?post=25208"},{"taxonomy":"product_tag","embeddable":true,"href":"https:\/\/soydeaqui.ddns.net\/pachuca\/index.php\/wp-json\/wp\/v2\/product_tag?post=25208"}],"curies":[{"name":"wp","href":"https:\/\/api.w.org\/{rel}","templated":true}]}}