{"id":25160,"date":"2026-03-18T11:48:28","date_gmt":"2026-03-18T11:48:28","guid":{"rendered":"https:\/\/soydeaqui.ddns.net\/pachuca\/index.php\/producto\/torniquete-swing-central-para-ampliar-numero-de-carriles-incluye-panel-y-lectores-de-tarjeta-tcp-ip-administrable-por-ivms-4200-requiere-torniquete-izquierdo-carril-de-90-cms-6000000-mcbf\/"},"modified":"2026-03-18T11:48:29","modified_gmt":"2026-03-18T11:48:29","slug":"torniquete-swing-central-para-ampliar-numero-de-carriles-incluye-panel-y-lectores-de-tarjeta-tcp-ip-administrable-por-ivms-4200-requiere-torniquete-izquierdo-carril-de-90-cms-6000000-mcbf","status":"publish","type":"product","link":"https:\/\/soydeaqui.ddns.net\/pachuca\/index.php\/producto\/torniquete-swing-central-para-ampliar-numero-de-carriles-incluye-panel-y-lectores-de-tarjeta-tcp-ip-administrable-por-ivms-4200-requiere-torniquete-izquierdo-carril-de-90-cms-6000000-mcbf\/","title":{"rendered":"Torniquete Swing CENTRAL para Ampliar Numero de Carriles \/ Incluye Panel y Lectores de Tarjeta \/ TCP\/IP Administrable por iVMS-4200 (Requiere Torniquete Izquierdo) \/ Carril de 90 cms \/ 6,000,000 MCBF \/ 12 Pares de IR"},"content":{"rendered":"<div style='width: 100%; max-width: 1200px; margin: 0 auto; font-family: sans-serif; line-height: 1.6; color: inherit; background-color: transparent;'>\n<p style='text-align: center;'><img style='width: 100%; max-width: 400px; height: auto; border: 1px solid rgba(150&comma;150&comma;150&comma;0.3); border-radius: 8px;' src='http:\/\/ftp3.syscom.mx\/usuarios\/jdelafuente\/HIKVISION\/hikvision%20logo%20complete.png' alt=''><\/p>\n<div style='display: grid; grid-template-columns: repeat(auto-fit&comma; minmax(300px&comma; 1fr)); gap: 30px; margin: 30px 0;'>\n<div style='position: relative; padding-bottom: 56.25%; height: 0; overflow: hidden;'>   <\/div>\n<div style='position: relative; padding-bottom: 56.25%; height: 0; overflow: hidden;'>   <\/div>\n<div style='position: relative; padding-bottom: 56.25%; height: 0; overflow: hidden;'>   <\/div>\n<\/p><\/div>\n<div style='display: flex; flex-wrap: wrap; gap: 30px; margin: 40px 0;'>\n<div style='flex: 1 1 300px; min-width: 280px; border-left: 5px solid #ff0000; border-radius: 8px; padding: 15px; box-shadow: 2px 2px 10px rgba(216&comma;216&comma;216&comma;0.4);'>\n<h3 style='font-size: 20px; border-bottom: 2px solid currentColor; padding-bottom: 5px; margin-top: 0; color: inherit; opacity: 0.8;'>Caracter\u00edsticas Principales<\/h3>\n<ul style='padding-left: 20px; font-size: 15px; color: inherit; list-style-type: disc;'>\n<li style='margin-bottom: 5px;'>LED indicador de direcci\u00f3n de paso<\/li>\n<li style='margin-bottom: 5px;'>Throughput: 20 a 60 personas por minuto<\/li>\n<li style='margin-bottom: 5px;'>Manejo mediante control remoto<\/li>\n<li style='margin-bottom: 5px;'>Auto detecci\u00f3n&comma; auto diagn\u00f3stico y alarma autom\u00e1tica<\/li>\n<li style='margin-bottom: 5px;'>La alarma sonora y visual incluye: Alarma de intrusi\u00f3n&comma; alarma de marcha atr\u00e1s y alarma de cambio de posici\u00f3n<\/li>\n<li style='margin-bottom: 5px;'>Configuraci\u00f3n de estado de barrera para entrada y salida<\/li>\n<li style='margin-bottom: 5px;'>Gesti\u00f3n a trav\u00e9s del cliente iVMS-4200<\/li>\n<li style='margin-bottom: 5px;'>Capacidad de usuarios (tarjetas): 60&comma;000<\/li>\n<\/ul><\/div>\n<div style='flex: 1 1 300px; min-width: 280px; border-left: 5px solid #ff0000; border-radius: 8px; padding: 15px; box-shadow: 2px 2px 10px rgba(216&comma;216&comma;216&comma;0.4);'>\n<h3 style='font-size: 20px; border-bottom: 2px solid currentColor; padding-bottom: 5px; margin-top: 0; color: inherit; opacity: 0.8;'>Caracter\u00edsticas F\u00edsicas y El\u00e9ctricas<\/h3>\n<ul style='padding-left: 20px; font-size: 15px; color: inherit; list-style-type: disc;'>\n<li style='margin-bottom: 5px;'>Material: Acero inoxidable SUS304<\/li>\n<li style='margin-bottom: 5px;'>Voltaje de operaci\u00f3n: 100 a 240 VAC; 50 a 60 Hz<\/li>\n<li style='margin-bottom: 5px;'>Temperatura de operaci\u00f3n: -25 \u00b0C a 70 \u00b0C (-13 \u00b0F a 158 \u00b0F)<\/li>\n<li style='margin-bottom: 5px;'>Dimensiones: 1500 \u00d7 200 \u00d7 990 mm (59.06&#8242; \u00d7 7.87&#8242; \u00d7 38.98&#8242;)<\/li>\n<li style='margin-bottom: 5px;'>\u00cdndice de Protecci\u00f3n: IP54<\/li>\n<li style='margin-bottom: 5px;'>Peso sin \/ con embalaje: 56kg \/ 86 Kg<\/li>\n<\/ul><\/div>\n<div style='flex: 1 1 300px; min-width: 280px; border-left: 5px solid #ff0000; border-radius: 8px; padding: 15px; box-shadow: 2px 2px 10px rgba(216&comma;216&comma;216&comma;0.4);'>\n<h3 style='font-size: 20px; border-bottom: 2px solid currentColor; padding-bottom: 5px; margin-top: 0; color: inherit; opacity: 0.8;'>Caracter\u00edsticas Destacadas<\/h3>\n<ul style='padding-left: 20px; font-size: 15px; color: inherit; list-style-type: disc;'>\n<li style='margin-bottom: 5px;'>Se administra a trav\u00e9s de IVMS4200 (controlador TCP\/IP y lectores de tarjeta MIFARE incluidos)<\/li>\n<li style='margin-bottom: 5px;'>Tambi\u00e9n funciona con pulsos de contacto seco de cualquier dispositivo<\/li>\n<li style='margin-bottom: 5px;'>Se bloquea si alguien intenta entrar a la fuerza&comma; impidiendo el acceso<\/li>\n<li style='margin-bottom: 5px;'>Alarma de incendio para mantenerse abierto en caso de emergencia<\/li>\n<\/ul>\n<p style='margin-top: 15px;'><span style='color: #e74c3c;'><strong>Requiere torniquetes laterales modelo<\/strong><\/span> <a style='color: #005cb9; text-decoration: none; font-weight: 600;' href='https:\/\/www.syscom.mx\/principal\/searchcont?route=DS-K3B501SX-R\/M-DP90-HIKVISION-197013&#038;autodetect=dsk3b501'>DS-K3B501SX-R\/M-DP90<\/a> y <a style='color: #005cb9; text-decoration: none; font-weight: 600;' href='https:\/\/www.syscom.mx\/principal\/searchcont?route=DS-K3B501SX-L\/M-DP90-HIKVISION-197012&#038;autodetect=dsk3b501'>DS-K3B501SX-L\/M-DP90<\/a><\/p>\n<\/p><\/div>\n<\/p><\/div>\n<div style='margin: 40px 0;'>\n<p>La soluci\u00f3n del Torniquete Izquierdo (<a style='color: #005cb9; text-decoration: none; font-weight: 600;' href='https:\/\/www.syscom.mx\/principal\/searchcont?route=DS-K3B501SX-L\/M-DP90-HIKVISION-197012&#038;autodetect=dsk3b501'>DS-K3B501SX-L\/M-DP90<\/a>) + el Torniquete Derecho (<a style='color: #005cb9; text-decoration: none; font-weight: 600;' href='https:\/\/www.syscom.mx\/principal\/searchcont?route=DS-K3B501SX-R\/M-DP90-HIKVISION-197013&#038;autodetect=dsk3b501'>DS-K3B501SX-R\/M-DP90<\/a>) es para crear <strong>un carril de 90 cms<\/strong> para el paso de personas&comma; <strong>las aletas son de acr\u00edlico<\/strong> y el material del torniquete es acero inoxidable.<\/p>\n<p>Si se requiere m\u00e1s de un carril&comma; se puede considerar a\u00f1adir el torniquete central modelo <a style='color: #005cb9; text-decoration: none; font-weight: 600;' href='https:\/\/www.syscom.mx\/principal\/searchcont?route=DS-K3B501SX-M\/M-DP90-HIKVISION-197014&#038;autodetect=dsk3b501'>DS-K3B501SX-M\/M-DP90<\/a> a la soluci\u00f3n base.<\/p>\n<\/p><\/div>\n<div style='text-align: center; margin: 40px 0;'>\n<h2 style='font-size: 20px; color: #c0392b; margin: 0 0 15px; font-weight: bold;'>IMAGENES ILUSTRATIVAS DE LA SOLUCI\u00d3N COMPLETA<\/h2>\n<p style='font-size: 18px; color: #c0392b; margin: 0;'>(Juntando los 3 modelos)<\/p>\n<p style='margin: 20px 0 0; font-size: 16px;'> <a style='color: #005cb9; text-decoration: none; font-weight: 600;' href='https:\/\/www.syscom.mx\/principal\/searchcont?route=DS-K3B501SX-L\/M-DP90-HIKVISION-197012&#038;autodetect=dsk3b501'>DS-K3B501SX-L\/M-DP90 <span style='color: #e74c3c;'>+<\/span><\/a> <a style='color: #005cb9; text-decoration: none; font-weight: 600;' href='https:\/\/www.syscom.mx\/principal\/searchcont?route=DS-K3B501SX-R\/M-DP90-HIKVISION-197013&#038;autodetect=dsk3b501'>DS-K3B501SX-R\/M-DP90 <span style='color: #e74c3c;'>+<\/span><\/a> <a style='color: #005cb9; text-decoration: none; font-weight: 600;' href='https:\/\/www.syscom.mx\/principal\/searchcont?route=DS-K3B501SX-M\/M-DP90-HIKVISION-197014&#038;autodetect=dsk3b501'>DS-K3B501SX-M\/M-DP90<\/a> <\/p>\n<\/p><\/div>\n<div style='display: flex; flex-wrap: wrap; justify-content: center; gap: 30px; margin: 40px 0;'> <img style='width: 100%; max-width: 600px; height: auto; border: 1px solid rgba(150&comma;150&comma;150&comma;0.3); border-radius: 8px;' src='https:\/\/ftp3.syscom.mx\/usuarios\/fespinoza\/HIKVISION\/Dispositivos\/Torniquetes\/DS-K3B501SX\/DS-K3B501S.png' alt=''> <img style='width: 100%; max-width: 600px; height: auto; border: 1px solid rgba(150&comma;150&comma;150&comma;0.3); border-radius: 8px;' src='https:\/\/ftp3.syscom.mx\/usuarios\/fespinoza\/HIKVISION\/Dispositivos\/Torniquetes\/Fotos%20Expo%20GDL\/501.jpg' alt=''> <img style='width: 100%; max-width: 600px; height: auto; border: 1px solid rgba(150&comma;150&comma;150&comma;0.3); border-radius: 8px;' src='https:\/\/ftp3.syscom.mx\/usuarios\/fespinoza\/HIKVISION\/Dispositivos\/Torniquetes\/Fotos%20Expo%20GDL\/5012.jpg' alt=''> <\/div>\n<div style='display: grid; grid-template-columns: repeat(auto-fit&comma; minmax(300px&comma; 1fr)); gap: 30px; margin: 40px 0;'>\n<div style='border: 1px solid rgba(150&comma;150&comma;150&comma;0.3); border-radius: 8px; overflow: hidden;'>\n<h2 style='text-align: center; padding: 15px; margin: 0; background-color: rgba(200&comma;200&comma;200&comma;0.1); font-size: 18px; color: inherit;'>Unboxing Modelo similar (601)<\/h2>\n<div style='position: relative; padding-bottom: 56.25%; height: 0; overflow: hidden;'>   <\/div>\n<\/p><\/div>\n<div style='border: 1px solid rgba(150&comma;150&comma;150&comma;0.3); border-radius: 8px; overflow: hidden;'>\n<h2 style='text-align: center; padding: 15px; margin: 0; background-color: rgba(200&comma;200&comma;200&comma;0.1); font-size: 18px; color: inherit;'>Tutorial Modelo Similar (601)<\/h2>\n<div style='position: relative; padding-bottom: 56.25%; height: 0; overflow: hidden;'>   <\/div>\n<\/p><\/div>\n<\/p><\/div>\n<\/p><\/div>\n","protected":false},"excerpt":{"rendered":"<p>Torniquete Swing CENTRAL para Ampliar Numero de Carriles \/ Incluye Panel y Lectores de Tarjeta \/ TCP\/IP Administrable por iVMS-4200 (Requiere Torniquete Izquierdo) \/ Carril de 90 cms \/ 6,000,000 MCBF \/ 12 Pares de IR<\/p>\n","protected":false},"featured_media":25159,"comment_status":"open","ping_status":"closed","template":"","meta":[],"product_brand":[],"product_cat":[758],"product_tag":[54,760,759],"class_list":{"0":"post-25160","1":"product","2":"type-product","3":"status-publish","4":"has-post-thumbnail","6":"product_cat-torniquetes-de-medio-cuerpo","7":"product_tag-hikvision","8":"product_tag-torniquetes-de-medio-cuerpo","9":"product_tag-torniquetes-y-puertas-de-cortesia","11":"first","12":"outofstock","13":"sale","14":"shipping-taxable","15":"purchasable","16":"product-type-simple"},"_links":{"self":[{"href":"https:\/\/soydeaqui.ddns.net\/pachuca\/index.php\/wp-json\/wp\/v2\/product\/25160","targetHints":{"allow":["GET"]}}],"collection":[{"href":"https:\/\/soydeaqui.ddns.net\/pachuca\/index.php\/wp-json\/wp\/v2\/product"}],"about":[{"href":"https:\/\/soydeaqui.ddns.net\/pachuca\/index.php\/wp-json\/wp\/v2\/types\/product"}],"replies":[{"embeddable":true,"href":"https:\/\/soydeaqui.ddns.net\/pachuca\/index.php\/wp-json\/wp\/v2\/comments?post=25160"}],"wp:featuredmedia":[{"embeddable":true,"href":"https:\/\/soydeaqui.ddns.net\/pachuca\/index.php\/wp-json\/wp\/v2\/media\/25159"}],"wp:attachment":[{"href":"https:\/\/soydeaqui.ddns.net\/pachuca\/index.php\/wp-json\/wp\/v2\/media?parent=25160"}],"wp:term":[{"taxonomy":"product_brand","embeddable":true,"href":"https:\/\/soydeaqui.ddns.net\/pachuca\/index.php\/wp-json\/wp\/v2\/product_brand?post=25160"},{"taxonomy":"product_cat","embeddable":true,"href":"https:\/\/soydeaqui.ddns.net\/pachuca\/index.php\/wp-json\/wp\/v2\/product_cat?post=25160"},{"taxonomy":"product_tag","embeddable":true,"href":"https:\/\/soydeaqui.ddns.net\/pachuca\/index.php\/wp-json\/wp\/v2\/product_tag?post=25160"}],"curies":[{"name":"wp","href":"https:\/\/api.w.org\/{rel}","templated":true}]}}