{"id":25124,"date":"2026-03-18T11:47:45","date_gmt":"2026-03-18T11:47:45","guid":{"rendered":"https:\/\/soydeaqui.ddns.net\/pachuca\/index.php\/producto\/cerrojo-digital-con-teclado-ydd120-adicionada-con-llave-dentada-5-pernos-para-puerta-izq-o-derecha-de-35-45-mm\/"},"modified":"2026-03-18T11:47:52","modified_gmt":"2026-03-18T11:47:52","slug":"cerrojo-digital-con-teclado-ydd120-adicionada-con-llave-dentada-5-pernos-para-puerta-izq-o-derecha-de-35-45-mm","status":"publish","type":"product","link":"https:\/\/soydeaqui.ddns.net\/pachuca\/index.php\/producto\/cerrojo-digital-con-teclado-ydd120-adicionada-con-llave-dentada-5-pernos-para-puerta-izq-o-derecha-de-35-45-mm\/","title":{"rendered":"Cerrojo Digital con Teclado YDD120 \/ Adicionada con Llave Dentada 5 pernos\/ Para puerta Izq o Derecha de 35-45 mm"},"content":{"rendered":"<div style='width: 100%; max-width: 1200px; margin: 0 auto; font-family: sans-serif; line-height: 1.6; color: inherit;'>\n<div style='display: flex; flex-wrap: wrap; gap: 30px; margin-bottom: 30px;'>\n<div style='flex: 1 1 300px; min-width: 280px;'> <img style='width: 100%; height: auto; border: 1px solid rgba(150&comma;150&comma;150&comma;0.3); border-radius: 8px;' src='http:\/\/ftp3.syscom.mx\/usuarios\/ftp\/2017\/01\/03\/43ba4\/yale-logo.jpg' alt='Logo Yale' \/> <\/div>\n<\/p><\/div>\n<div style='display: flex; flex-wrap: wrap; gap: 30px; margin-bottom: 30px;'>\n<div style='flex: 1 1 300px; min-width: 280px;'>\n<h3 style='font-size: 22px; border-bottom: 2px solid currentColor; padding-bottom: 5px; margin-top: 0; color: inherit; opacity: 0.8;'>Descripci\u00f3n General<\/h3>\n<p style='font-size: 15px; color: inherit;'>Uso residencial o comercial&comma; recomendada para puertas de entrada principal: Cerradura de seguridad adicional para tu puerta.<\/p>\n<\/p><\/div>\n<\/p><\/div>\n<div style='display: flex; flex-wrap: wrap; gap: 30px; margin-bottom: 30px;'>\n<div style='flex: 1 1 300px; min-width: 280px;'>\n<h3 style='font-size: 22px; border-bottom: 2px solid currentColor; padding-bottom: 5px; margin-top: 0; color: inherit; opacity: 0.8;'>Caracter\u00edsticas Principales<\/h3>\n<ul style='padding-left: 20px; font-size: 15px; color: inherit;'>\n<li style='margin-bottom: 5px;'>Apertura de puerta <strong>izquierda o derecha<\/strong>&comma; interiores y exteriores.\n<ul style='padding-left: 20px; margin-top: 5px; margin-bottom: 10px;'>\n<li style='margin-bottom: 5px;'>Configurable para apertura de puerta izquierda o derecha&comma; mediante un interruptor por dentro del mecanismo.<\/li>\n<\/ul>\n<\/li>\n<li style='margin-bottom: 5px;'>Puede combinarse con un gatillo&comma; manija o perrilla.<\/li>\n<li style='margin-bottom: 5px;'>Teclado t\u00e1ctil exterior&comma; para c\u00f3digos de 4 a 10 d\u00edgitos&comma; m\u00e1ximo <strong>50 usuarios.<\/strong><\/li>\n<li style='margin-bottom: 5px;'>Opera por el interior mediante una mariposa y por el exterior mediante un teclado t\u00e1ctil o una llave.<\/li>\n<li style='margin-bottom: 5px;'>Funciona con <strong>llave dentada de 5 pernos.<\/strong><\/li>\n<li style='margin-bottom: 5px;'>Juntas herm\u00e9ticas exterior e interior&comma; previene que el agua permee hacia el interior del mecanismo (no resiste intemperie).<\/li>\n<li style='margin-bottom: 5px;'>Requiere 4 pilas AA alcalinas (no incluidas)&comma; no necesita conectarse a la red el\u00e9ctrica.<\/li>\n<li style='margin-bottom: 5px;'>Cierre de un solo toque por el exterior (tecla de candado).<\/li>\n<li style='margin-bottom: 5px;'>Configurable en modo vacaciones para reducir consumo de energ\u00eda.<\/li>\n<li style='margin-bottom: 5px;'>Teclado retro-iluminado&comma; visible f\u00e1cilmente con poca luz de d\u00eda.<\/li>\n<li style='margin-bottom: 5px;'>Cierre autom\u00e1tico.<\/li>\n<li style='margin-bottom: 5px;'>Indicador de pila baja&comma; avisa cuando la cerradura requiere cambio de pilas.<\/li>\n<li style='margin-bottom: 5px;'>Alarma de intento fallido&comma; suena despu\u00e9s de varios intentos fallidos&comma; para protecci\u00f3n del sistema.<\/li>\n<li style='margin-bottom: 5px;'>Para puertas de 35-45 mm de espesor.\n<ul style='padding-left: 20px; margin-top: 5px; margin-bottom: 10px;'>\n<li style='margin-bottom: 5px;'>Cerrojo con backset ajustable de <strong>60mm a 70mm.<\/strong><\/li>\n<\/ul>\n<\/li>\n<\/ul><\/div>\n<\/p><\/div>\n<div style='display: flex; flex-wrap: wrap; gap: 30px; margin-bottom: 30px;'>\n<div style='flex: 1 1 300px; min-width: 280px;'>\n<h3 style='font-size: 22px; border-bottom: 2px solid currentColor; padding-bottom: 5px; margin-top: 0; color: inherit; opacity: 0.8;'>V\u00eddeos de Operaci\u00f3n<\/h3>\n<div style='margin-bottom: 30px;'>\n<div style='position: relative; padding-bottom: 56.25%; height: 0; overflow: hidden; margin-bottom: 30px;'>   <\/div>\n<\/p><\/div>\n<div style='margin-bottom: 30px;'>\n<div style='position: relative; padding-bottom: 56.25%; height: 0; overflow: hidden; margin-bottom: 30px;'>   <\/div>\n<\/p><\/div>\n<\/p><\/div>\n<\/p><\/div>\n<hr style='border: 0; border-top: 1px solid rgba(150&comma; 150&comma; 150&comma; 0.3); margin: 30px 0;'> <\/div>\n","protected":false},"excerpt":{"rendered":"<p>Cerrojo Digital con Teclado YDD120 \/ Adicionada con Llave Dentada 5 pernos\/ Para puerta Izq o Derecha de 35-45 mm<\/p>\n","protected":false},"featured_media":25123,"comment_status":"open","ping_status":"closed","template":"","meta":[],"product_brand":[],"product_cat":[86],"product_tag":[88,87,395],"class_list":{"0":"post-25124","1":"product","2":"type-product","3":"status-publish","4":"has-post-thumbnail","6":"product_cat-autonomas-inteligentes","7":"product_tag-autonomas-inteligentes","8":"product_tag-cerraduras","9":"product_tag-yale-assa-abloy","11":"first","12":"instock","13":"sale","14":"shipping-taxable","15":"purchasable","16":"product-type-simple"},"_links":{"self":[{"href":"https:\/\/soydeaqui.ddns.net\/pachuca\/index.php\/wp-json\/wp\/v2\/product\/25124","targetHints":{"allow":["GET"]}}],"collection":[{"href":"https:\/\/soydeaqui.ddns.net\/pachuca\/index.php\/wp-json\/wp\/v2\/product"}],"about":[{"href":"https:\/\/soydeaqui.ddns.net\/pachuca\/index.php\/wp-json\/wp\/v2\/types\/product"}],"replies":[{"embeddable":true,"href":"https:\/\/soydeaqui.ddns.net\/pachuca\/index.php\/wp-json\/wp\/v2\/comments?post=25124"}],"wp:featuredmedia":[{"embeddable":true,"href":"https:\/\/soydeaqui.ddns.net\/pachuca\/index.php\/wp-json\/wp\/v2\/media\/25123"}],"wp:attachment":[{"href":"https:\/\/soydeaqui.ddns.net\/pachuca\/index.php\/wp-json\/wp\/v2\/media?parent=25124"}],"wp:term":[{"taxonomy":"product_brand","embeddable":true,"href":"https:\/\/soydeaqui.ddns.net\/pachuca\/index.php\/wp-json\/wp\/v2\/product_brand?post=25124"},{"taxonomy":"product_cat","embeddable":true,"href":"https:\/\/soydeaqui.ddns.net\/pachuca\/index.php\/wp-json\/wp\/v2\/product_cat?post=25124"},{"taxonomy":"product_tag","embeddable":true,"href":"https:\/\/soydeaqui.ddns.net\/pachuca\/index.php\/wp-json\/wp\/v2\/product_tag?post=25124"}],"curies":[{"name":"wp","href":"https:\/\/api.w.org\/{rel}","templated":true}]}}