{"id":25120,"date":"2026-03-18T11:47:41","date_gmt":"2026-03-18T11:47:41","guid":{"rendered":"https:\/\/soydeaqui.ddns.net\/pachuca\/index.php\/producto\/kit-de-barrera-vehicular-derecha-y-brazo-de-hasta-4-metros-tiempo-de-apertura-3-segundos\/"},"modified":"2026-03-18T11:47:41","modified_gmt":"2026-03-18T11:47:41","slug":"kit-de-barrera-vehicular-derecha-y-brazo-de-hasta-4-metros-tiempo-de-apertura-3-segundos","status":"publish","type":"product","link":"https:\/\/soydeaqui.ddns.net\/pachuca\/index.php\/producto\/kit-de-barrera-vehicular-derecha-y-brazo-de-hasta-4-metros-tiempo-de-apertura-3-segundos\/","title":{"rendered":"Kit de Barrera Vehicular Derecha y Brazo de hasta 4 metros \/ Tiempo de Apertura 3 segundos"},"content":{"rendered":"<div style='width: 100%; max-width: 1200px; margin: 0 auto; font-family: sans-serif; line-height: 1.6; color: inherit; background-color: transparent;'> <!-- Caracter\u00edsticas principales --> <\/p>\n<div style='display: flex; flex-wrap: wrap; gap: 20px; margin-bottom: 30px;'>\n<div style='flex: 1 1 300px; min-width: 280px; border-left: 5px solid #0091ff; border-radius: 5px; padding: 15px; box-shadow: 2px 2px 10px rgba(216&comma; 216&comma; 216&comma; 0.3);'> <strong style='font-size: 18px; display: block; margin-bottom: 10px; color: inherit;'>Caracter\u00edsticas principales:<\/strong> <\/p>\n<ul style='padding-left: 20px; font-size: 15px; color: inherit;'>\n<li style='margin-bottom: 5px;'>Soporta brazo de hasta 4 metros<\/li>\n<li style='margin-bottom: 5px;'>Barrera derecha<\/li>\n<li style='margin-bottom: 5px;'>Tiempo de apertura 3 segundos<\/li>\n<\/ul><\/div>\n<div style='flex: 1 1 300px; min-width: 280px; border-left: 5px solid #0091ff; border-radius: 5px; padding: 15px; box-shadow: 2px 2px 10px rgba(216&comma; 216&comma; 216&comma; 0.3);'> <strong style='font-size: 18px; display: block; margin-bottom: 10px; color: inherit;'>Caracter\u00edsticas F\u00edsicas y El\u00e9ctricas:<\/strong> <\/p>\n<ul style='padding-left: 20px; font-size: 15px; color: inherit;'>\n<li style='margin-bottom: 5px;'>Voltaje de operaci\u00f3n 127 Vac<\/li>\n<li style='margin-bottom: 5px;'>Consumo 120 W<\/li>\n<li style='margin-bottom: 5px;'>Hasta 2400 ciclos diarios<\/li>\n<\/ul><\/div>\n<div style='flex: 1 1 300px; min-width: 280px; border-left: 5px solid #0091ff; border-radius: 5px; padding: 15px; box-shadow: 2px 2px 10px rgba(216&comma; 216&comma; 216&comma; 0.3);'> <strong style='font-size: 18px; display: block; margin-bottom: 10px; color: inherit;'>Caracter\u00edsticas adicionales:<\/strong> <\/p>\n<ul style='padding-left: 20px; font-size: 15px; color: inherit;'>\n<li style='margin-bottom: 5px;'>Temperatura de operaci\u00f3n -20 a 50\u00b0C<\/li>\n<li style='margin-bottom: 5px;'>Torque del mecanismo 150 Nm<\/li>\n<li style='margin-bottom: 5px;'>Rotaci\u00f3n del motor 1500 r<\/li>\n<\/ul><\/div>\n<\/p><\/div>\n<p> <!-- Contenido principal --> <\/p>\n<div style='display: flex; flex-wrap: wrap; gap: 30px; margin-bottom: 30px;'>\n<div style='flex: 1 1 400px; min-width: 280px;'>\n<h2 style='font-size: 24px; margin-top: 0; color: inherit;'>Kit de barrera vehicular derecha y brazo de hasta 4 metros.<\/h2>\n<h3 style='font-size: 20px; margin-top: 20px; color: inherit;'>El kit incluye:<\/h3>\n<ul style='padding-left: 20px; font-size: 15px; color: inherit;'>\n<li style='margin-bottom: 5px;'>1 x <strong>XBF-4MR<\/strong> Barrera vehicular derecha con apertura de 3 segundos<\/li>\n<li style='margin-bottom: 5px;'>1 x <strong>XB-ARM-4M<\/strong> Brazo recto de 4 metros<\/li>\n<\/ul>\n<h3 style='font-size: 20px; margin-top: 20px; color: inherit;'>Accesorios opcionales no incluidos<\/h3>\n<ul style='padding-left: 20px; font-size: 15px; color: inherit;'>\n<li style='margin-bottom: 5px;'><strong>XBS-SW-01<\/strong> Botonera triple de uso rudo<\/li>\n<li style='margin-bottom: 5px;'><strong>XB-T23<\/strong> Control inal\u00e1mbrico de llavero<\/li>\n<li style='margin-bottom: 5px;'><strong>XB-T18-BC<\/strong> Control inal\u00e1mbrico para visera<\/li>\n<li style='margin-bottom: 5px;'><strong>XB-REC2<\/strong> Receptor inal\u00e1mbrico externo<\/li>\n<li style='margin-bottom: 5px;'><strong>XB-DLP-1101<\/strong> Sensor de masa de un canal<\/li>\n<li style='margin-bottom: 5px;'><strong>SYS-LM8<\/strong> Lazo magn\u00e9tico de 8 metros<\/li>\n<li style='margin-bottom: 5px;'><strong>XBS-IR-33<\/strong> Fotocelda de seguridad<\/li>\n<li style='margin-bottom: 5px;'><strong>XB-ANCLA<\/strong> Ancla para barreras AccessPRO<\/li>\n<\/ul>\n<h3 style='font-size: 20px; margin-top: 20px; color: inherit;'>NOTAS ADICIONALES<\/h3>\n<p style='text-align: center; font-size: 15px; margin: 15px 0; color: inherit;'> <strong>La barrera viene preparada para trabajar con un brazo de una distancia de 3 a 4 metros&comma; tener un brazo con una distancia distinta requiere cambio de resortes.<\/strong> <\/p>\n<p style='text-align: center; font-size: 15px; margin: 15px 0; color: inherit;'> Para saber qu\u00e9 tipo de resorte debe de utilizar podemos tomar la siguiente <a href='https:\/\/ftp3.syscom.mx\/usuarios\/ftp\/2021\/05\/29\/350f1\/Como%20selecionar%20los%20resortes%20de%20una%20barrera%20XBF4M%20y%20XBS6M.pdf' target='_blank' rel='noopener' style='color: #0091ff; text-decoration: underline;'> TABLA <\/a> <\/p>\n<p style='text-align: center; font-size: 15px; margin: 15px 0; color: inherit;'> Barrera solo compatible con brazo <strong>XB-ARM-4M<\/strong> <\/p>\n<p style='text-align: center; font-size: 15px; margin: 15px 0; color: inherit;'> En un ajuste correcto de los l\u00edmites de apertura y cierre nuestro mecanismo no debe de llegar hasta los topes f\u00edsicos. <\/p>\n<p style='text-align: center; font-size: 15px; margin: 15px 0; color: inherit;'> Si su mecanismo est\u00e1 llegando hasta los topes f\u00edsicos favor de revisar el siguiente <a href='https:\/\/youtu.be\/a73TVkgp_uY' target='_blank' rel='noopener' style='color: #0091ff; text-decoration: underline;'> VIDEO <\/a>. <\/p>\n<p style='text-align: center; font-size: 15px; margin: 15px 0; color: inherit;'> Barrera no compatible con brazos iluminados. <\/p>\n<\/p><\/div>\n<div style='flex: 1 1 300px; min-width: 280px;'> <img style='width: 100%; height: auto; border: 1px solid rgba(150&comma;150&comma;150&comma;0.3); border-radius: 8px;' src='https:\/\/ftp3.syscom.mx\/usuarios\/fotos\/BancoFotografiasSyscom\/ACCESSPRO\/XBF4MR\/XBF4MR-p.PNG' alt='Imagen del producto'> <\/div>\n<\/p><\/div>\n<p> <!-- Videos --> <\/p>\n<div style='display: flex; flex-wrap: wrap; gap: 30px; margin-bottom: 30px;'>\n<div style='flex: 1 1 400px; min-width: 280px; position: relative; padding-bottom: 56.25%; height: 0; overflow: hidden;'>   <\/div>\n<div style='flex: 1 1 400px; min-width: 280px; position: relative; padding-bottom: 56.25%; height: 0; overflow: hidden;'>   <\/div>\n<\/p><\/div>\n<p> <!-- M\u00e1s videos --> <\/p>\n<div style='display: flex; flex-wrap: wrap; gap: 20px; margin-bottom: 30px;'>\n<div style='flex: 1 1 300px; min-width: 280px; position: relative; padding-bottom: 56.25%; height: 0; overflow: hidden;'>   <\/div>\n<div style='flex: 1 1 300px; min-width: 280px; position: relative; padding-bottom: 56.25%; height: 0; overflow: hidden;'>   <\/div>\n<div style='flex: 1 1 300px; min-width: 280px; position: relative; padding-bottom: 56.25%; height: 0; overflow: hidden;'>   <\/div>\n<\/p><\/div>\n<p> <!-- Separador --> <\/p>\n<hr style='border: 0; border-top: 1px solid rgba(150&comma; 150&comma; 150&comma; 0.3); margin: 30px 0;'> <\/div>\n","protected":false},"excerpt":{"rendered":"<p>Kit de Barrera Vehicular Derecha y Brazo de hasta 4 metros \/ Tiempo de Apertura 3 segundos<\/p>\n","protected":false},"featured_media":25119,"comment_status":"open","ping_status":"closed","template":"","meta":[],"product_brand":[],"product_cat":[748],"product_tag":[401,234,749],"class_list":{"0":"post-25120","1":"product","2":"type-product","3":"status-publish","4":"has-post-thumbnail","6":"product_cat-barreras-vehiculares","7":"product_tag-acceso-vehicular","8":"product_tag-accesspro","9":"product_tag-barreras-vehiculares","11":"first","12":"instock","13":"sale","14":"shipping-taxable","15":"purchasable","16":"product-type-simple"},"_links":{"self":[{"href":"https:\/\/soydeaqui.ddns.net\/pachuca\/index.php\/wp-json\/wp\/v2\/product\/25120","targetHints":{"allow":["GET"]}}],"collection":[{"href":"https:\/\/soydeaqui.ddns.net\/pachuca\/index.php\/wp-json\/wp\/v2\/product"}],"about":[{"href":"https:\/\/soydeaqui.ddns.net\/pachuca\/index.php\/wp-json\/wp\/v2\/types\/product"}],"replies":[{"embeddable":true,"href":"https:\/\/soydeaqui.ddns.net\/pachuca\/index.php\/wp-json\/wp\/v2\/comments?post=25120"}],"wp:featuredmedia":[{"embeddable":true,"href":"https:\/\/soydeaqui.ddns.net\/pachuca\/index.php\/wp-json\/wp\/v2\/media\/25119"}],"wp:attachment":[{"href":"https:\/\/soydeaqui.ddns.net\/pachuca\/index.php\/wp-json\/wp\/v2\/media?parent=25120"}],"wp:term":[{"taxonomy":"product_brand","embeddable":true,"href":"https:\/\/soydeaqui.ddns.net\/pachuca\/index.php\/wp-json\/wp\/v2\/product_brand?post=25120"},{"taxonomy":"product_cat","embeddable":true,"href":"https:\/\/soydeaqui.ddns.net\/pachuca\/index.php\/wp-json\/wp\/v2\/product_cat?post=25120"},{"taxonomy":"product_tag","embeddable":true,"href":"https:\/\/soydeaqui.ddns.net\/pachuca\/index.php\/wp-json\/wp\/v2\/product_tag?post=25120"}],"curies":[{"name":"wp","href":"https:\/\/api.w.org\/{rel}","templated":true}]}}