{"id":25118,"date":"2026-03-18T11:47:39","date_gmt":"2026-03-18T11:47:39","guid":{"rendered":"https:\/\/soydeaqui.ddns.net\/pachuca\/index.php\/producto\/rotomartillo-de-1-can-mango-tipo-d-acepta-brocas-sds-plus\/"},"modified":"2026-03-18T11:47:40","modified_gmt":"2026-03-18T11:47:40","slug":"rotomartillo-de-1-can-mango-tipo-d-acepta-brocas-sds-plus","status":"publish","type":"product","link":"https:\/\/soydeaqui.ddns.net\/pachuca\/index.php\/producto\/rotomartillo-de-1-can-mango-tipo-d-acepta-brocas-sds-plus\/","title":{"rendered":"Rotomartillo de 1&#8243; can mango tipo &#8220;D&#8221; acepta brocas SDS-PLUS"},"content":{"rendered":"<div style='width: 100%; max-width: 1200px; margin: 0 auto; font-family: sans-serif; line-height: 1.6; color: inherit; background-color: transparent;'>\n<div style='display: flex; flex-wrap: wrap; gap: 30px; margin-bottom: 30px;'>\n<div style='flex: 1 1 300px; min-width: 280px;'>\n<h3 style='font-size: 22px; border-bottom: 2px solid currentColor; padding-bottom: 5px; margin-top: 0; color: inherit; opacity: 0.8;'>CARACTERISTICAS PRINCIPALES<\/h3>\n<ul style='padding-left: 20px; font-size: 15px; color: inherit;'>\n<li style='margin-bottom: 5px;'>POTENCIA: El motor de 7 amperes produce 0-4&comma;500 BPM y 2.7 joules de energ\u00eda de impacto<\/li>\n<li style='margin-bottom: 5px;'>EFICIENCIA: Contador de impacto secuencial para hasta un 50% de perforaci\u00f3n m\u00e1s r\u00e1pida<\/li>\n<li style='margin-bottom: 5px;'>CONVENIENCIA: Ajuste de 40 \u00e1ngulos de la broca permite que la broca se ajuste en distintas posiciones para conveniencia al operar<\/li>\n<li style='margin-bottom: 5px;'>RENDIMIENTO: 3-modos de operaci\u00f3n para &#8216;S\u00f3lo Rotaci\u00f3n&#8217; &comma; &#8216;Martilleo con Rotaci\u00f3n&#8217; o &#8216;S\u00f3lo Martilleo&#8217;<\/li>\n<li style='margin-bottom: 5px;'>INCLUYE: Empu\u00f1adura lateral&comma; calibrador de profundidad y estuche<\/li>\n<\/ul><\/div>\n<\/p><\/div>\n<div style='margin: 30px 0;'>\n<h3 style='font-size: 22px; border-bottom: 2px solid currentColor; padding-bottom: 5px; margin-top: 0; margin-bottom: 15px; color: inherit; opacity: 0.8;'>ACERCA DEL MODELO<\/h3>\n<p style='font-size: 15px; color: inherit; margin-bottom: 15px;'>El vers\u00e1til Rotomartillo de 1 in. HR2475 de Makita (Acepta SDS-PLUS) produce un golpe m\u00e1s eficiente en un tama\u00f1o compacto para un trabajo m\u00e1s r\u00e1pido y productivo.<\/p>\n<p style='font-size: 15px; color: inherit; margin-bottom: 15px;'>El Motor de 7 amperes Produce 4&comma;500 BPM<\/p>\n<p style='font-size: 15px; color: inherit; margin-bottom: 15px;'>El HR2475 tiene la potencia de un motor de 7 amperes y produce 0-1&comma;100 RPM de velocidad sin carga&comma; con 0-4&comma;500 BPM y 2.7 joules de energ\u00eda de impacto. La operaci\u00f3n de tres modos incluye &#8216;S\u00f3lo Rotaci\u00f3n&#8217;&comma; &#8216;Martilleo con Rotaci\u00f3n&#8217; o &#8216;S\u00f3lo Martilleo&#8217; para m\u00faltiples aplicaciones.<\/p>\n<p style='font-size: 15px; color: inherit; margin-bottom: 15px;'>Ventaja del Motor Makita<\/p>\n<p style='font-size: 15px; color: inherit; margin-bottom: 15px;'>En consistencia con el resto de la l\u00ednea de rotomartillos de Makita&comma; el HR2475 tiene la ingenier\u00eda con ventaja del motor Makita. Este incluye un sistema de laminillas de acero entrelazadas en el centro&comma; rotor con baleros duales y m\u00e1s barras de cobre en el conmutador. Estas caracter\u00edsticas ofrecen la m\u00e1s eficiente transferencia de energ\u00eda para una mayor potencia y una larga vida.<\/p>\n<p style='font-size: 15px; color: inherit; margin-bottom: 15px;'>Trabajo m\u00e1s Eficiente<\/p>\n<p style='font-size: 15px; color: inherit; margin-bottom: 15px;'>Otras caracter\u00edsticas adicionales de rendimiento incluyen el embrague limitador de torsi\u00f3n que previene da\u00f1os en el engranaje liberando autom\u00e1ticamente los engranes en caso de que la broca se atasque. El contador de impacto secuencial ofrece un martilleo contable durante la rotaci\u00f3n para minimizar traslapes de impactos de broca resultando en un taladrado 50% m\u00e1s r\u00e1pido.<\/p>\n<p style='font-size: 15px; color: inherit; margin-bottom: 15px;'>Comodidad y Facilidad de Uso<\/p>\n<p style='font-size: 15px; color: inherit; margin-bottom: 15px;'>Incluye un dise\u00f1o ergon\u00f3mico y bien balanceado con un c\u00f3modo mango de hule en forma D y un mango lateral de suave agarre. Caracter\u00edsticas adicionales incluyen una portabrocas deslizable al contacto para cambios r\u00e1pidos de broca&comma; un bot\u00f3n fijador para uso continuo y un interruptor con gatillo largo. Las m\u00faltiples posiciones del cincel permiten que la broca se coloque en 40 diferentes posiciones para alinearse seg\u00fan la aplicaci\u00f3n. Las escobillas con vida extendida duran m\u00e1s para mayor labor entre intervalos de servicio y con menos tiempo muerto.<\/p>\n<p style='font-size: 15px; color: inherit; margin-bottom: 15px;'>Dise\u00f1o Vers\u00e1til para un Rango de Aplicaciones<\/p>\n<p style='font-size: 15px; color: inherit; margin-bottom: 15px;'>El HR2475 es un rotomartillo vers\u00e1til y de golpe duro para alba\u00f1iles&comma; remodeladores&comma; electricistas&comma; cuadrillas de mantenimiento y contratistas en general que buscan el mejor rotomartillo de 1&#8242; en su clase.<\/p>\n<\/p><\/div>\n<div style='display: flex; flex-wrap: wrap; gap: 20px; margin-bottom: 30px;'>\n<div style='flex: 1 1 250px; border: 1px solid rgba(150&comma; 150&comma; 150&comma; 0.4); border-radius: 8px; overflow: hidden; display: flex; flex-direction: column;'>\n<div style='padding: 15px; border-bottom: 1px solid rgba(150&comma; 150&comma; 150&comma; 0.2); font-weight: bold; font-size: 18px; color: inherit;'>CARACTERISTICAS<\/div>\n<div style='padding: 15px; color: inherit;'>\n<ul style='padding-left: 20px; margin: 0; font-size: 14px; list-style-type: disc;'>\n<li style='margin-bottom: 5px;'>Potente motor de 7.0 amperes produce 2 ft.lbs.\/2.7 j. de energ\u00eda de impacto para manejar las aplicaciones m\u00e1s demandantes<\/li>\n<li style='margin-bottom: 5px;'>Operaci\u00f3n de 3-modos: &#8216;S\u00f3lo Rotaci\u00f3n&#8217;&comma; &#8216;Martilleo con Rotaci\u00f3n&#8217; o &#8216;S\u00f3lo Martilleo&#8217; para m\u00faltiples aplicaciones<\/li>\n<li style='margin-bottom: 5px;'>Portabrocas deslizable al contacto para cambios r\u00e1pidos de broca<\/li>\n<li style='margin-bottom: 5px;'>Embrague limitador de torsi\u00f3n dise\u00f1ado para reducir el da\u00f1o en los engranes al liberar los engranes autom\u00e1ticamente si la broca se atasca<\/li>\n<li style='margin-bottom: 5px;'>El gatillo de velocidad variable le permite al usuario igualar la velocidad a la aplicaci\u00f3n para mayor versatilidad<\/li>\n<li style='margin-bottom: 5px;'>Mango ergon\u00f3mico en &#8216;forma D&#8217; con agarre engomado suave para comodidad incrementada<\/li>\n<li style='margin-bottom: 5px;'>Bot\u00f3n fijador para mantener en operaci\u00f3n continua<\/li>\n<li style='margin-bottom: 5px;'>Ajuste de 40 \u00e1ngulos de la broca permite que la broca se ajuste en distintas posiciones para comodidad de manejo<\/li>\n<li style='margin-bottom: 5px;'>Escobillas de duraci\u00f3n extendida son m\u00e1s largas para m\u00e1s trabajo entre intervalos de servicio y menos tiempo muerto<\/li>\n<li style='margin-bottom: 5px;'>Contador de impacto secuencial que produce martilleo medido durante la rotaci\u00f3n para minimizar el traslape de los impactos de la broca para una perforaci\u00f3n hasta 50% m\u00e1s r\u00e1pida<\/li>\n<li style='margin-bottom: 5px;'>Ventaja de la ingenier\u00eda del Motor Makita con un campo central de l\u00e1minas de acero entrelazadas&comma; rotor con baleros duales y m\u00e1s barras de conmutador de cobre&comma; incrementando la eficiencia de transferencia de energ\u00eda para m\u00e1s potencia y mayor duraci\u00f3n.<\/li>\n<\/ul><\/div>\n<\/p><\/div>\n<div style='flex: 1 1 250px; border: 1px solid rgba(150&comma; 150&comma; 150&comma; 0.4); border-radius: 8px; overflow: hidden; display: flex; flex-direction: column;'>\n<div style='padding: 15px; border-bottom: 1px solid rgba(150&comma; 150&comma; 150&comma; 0.2); font-weight: bold; font-size: 18px; color: inherit;'>INCLUYE<\/div>\n<div style='padding: 15px; color: inherit;'>\n<ul style='padding-left: 20px; margin: 0; font-size: 14px; list-style-type: disc;'>\n<li style='margin-bottom: 5px;'>(1) Mango Lateral (158057-6)<\/li>\n<li style='margin-bottom: 5px;'><a style='color: inherit; text-decoration: underline;' href='https:\/\/www.makitatools.com\/es\/products\/details\/324219-0'>(1) Medidor de Profundidad (324219-0)<\/a><\/li>\n<li style='margin-bottom: 5px;'>(1) Estuche (824695-3)<\/li>\n<\/ul><\/div>\n<\/p><\/div>\n<\/p><\/div>\n<div style='display: flex; flex-wrap: wrap; gap: 20px; margin-bottom: 30px;'>\n<div style='flex: 1 1 250px; border: 1px solid rgba(150&comma; 150&comma; 150&comma; 0.4); border-radius: 8px; overflow: hidden; display: flex; flex-direction: column;'>\n<div style='padding: 15px; border-bottom: 1px solid rgba(150&comma; 150&comma; 150&comma; 0.2); font-weight: bold; font-size: 18px; color: inherit;'>ESPECIFICACIONES<\/div>\n<div style='padding: 15px; color: inherit;'>\n<ul style='padding-left: 20px; margin: 0; font-size: 14px; list-style-type: disc;'>\n<li style='margin-bottom: 5px;'><strong>Amperaje (amperios):<\/strong> 7<\/li>\n<li style='margin-bottom: 5px;'><strong>M\u00e1x. Capacidad (perforaci\u00f3n de hormig\u00f3n):<\/strong> 1&#8242;<\/li>\n<li style='margin-bottom: 5px;'><strong>Rango \u00d3ptimo (perforaci\u00f3n de hormig\u00f3n):<\/strong> 3\/16&#8242; &#8211; 1\/2&#8242;<\/li>\n<li style='margin-bottom: 5px;'><strong>Capacidad M\u00e1x. (taladrado de concreto c\/ broca central):<\/strong> 3-1\/8&#8242;<\/li>\n<li style='margin-bottom: 5px;'><strong>Energ\u00eda de Impacto (ft.lbs.):<\/strong> 2<\/li>\n<li style='margin-bottom: 5px;'><strong>Energ\u00eda de Impacto:<\/strong> 2.7 J<\/li>\n<li style='margin-bottom: 5px;'><strong>Golpes por Minuto (velocidad variable):<\/strong> 0 &#8211; 4&comma;500 BPM<\/li>\n<li style='margin-bottom: 5px;'><strong>Velocidad Sin Carga (velocidad variable):<\/strong> 0 &#8211; 1&comma;100 RPM<\/li>\n<li style='margin-bottom: 5px;'><strong>Control de Vibraci\u00f3n:<\/strong> No<\/li>\n<\/ul><\/div>\n<\/p><\/div>\n<div style='flex: 1 1 250px; border: 1px solid rgba(150&comma; 150&comma; 150&comma; 0.4); border-radius: 8px; overflow: hidden; display: flex; flex-direction: column;'>\n<div style='padding: 15px; color: inherit;'>\n<ul style='padding-left: 20px; margin: 0; font-size: 14px; list-style-type: disc;'>\n<li style='margin-bottom: 5px;'><strong>Vibraci\u00f3n (m\/s\u00b2):<\/strong> 15.5<\/li>\n<li style='margin-bottom: 5px;'><strong>Longitud Total:<\/strong> 16-7\/8&#8242;<\/li>\n<li style='margin-bottom: 5px;'><strong>Longitud del Cable (ft.):<\/strong> 13.1&#8242;<\/li>\n<li style='margin-bottom: 5px;'><strong>Peso Neto:<\/strong> 6.6 lbs.<\/li>\n<li style='margin-bottom: 5px;'><strong>Tipo de Broca:<\/strong> Acepta SDS-PLUS<\/li>\n<li style='margin-bottom: 5px;'><strong>Tipo de Potencia:<\/strong> Con cable<\/li>\n<li style='margin-bottom: 5px;'><strong>Control de Rotaci\u00f3n:<\/strong> No<\/li>\n<li style='margin-bottom: 5px;'><strong>Peso del Env\u00edo:<\/strong> 12.09 lbs.<\/li>\n<li style='margin-bottom: 5px;'><strong>C\u00f3digo UPC:<\/strong> 088381-603508<\/li>\n<\/ul><\/div>\n<\/p><\/div>\n<\/p><\/div>\n<hr style='border: 0; border-top: 1px solid rgba(150&comma; 150&comma; 150&comma; 0.3); margin: 30px 0;'> <\/div>\n","protected":false},"excerpt":{"rendered":"<p>Rotomartillo de 1&#8243; can mango tipo &#8220;D&#8221; acepta brocas SDS-PLUS<\/p>\n","protected":false},"featured_media":25117,"comment_status":"open","ping_status":"closed","template":"","meta":[],"product_brand":[],"product_cat":[24],"product_tag":[26,25,252],"class_list":{"0":"post-25118","1":"product","2":"type-product","3":"status-publish","4":"has-post-thumbnail","6":"product_cat-accesorios-de-instalacion","7":"product_tag-accesorios-de-instalacion","8":"product_tag-herramientas","9":"product_tag-makita","11":"first","12":"outofstock","13":"sale","14":"shipping-taxable","15":"purchasable","16":"product-type-simple"},"_links":{"self":[{"href":"https:\/\/soydeaqui.ddns.net\/pachuca\/index.php\/wp-json\/wp\/v2\/product\/25118","targetHints":{"allow":["GET"]}}],"collection":[{"href":"https:\/\/soydeaqui.ddns.net\/pachuca\/index.php\/wp-json\/wp\/v2\/product"}],"about":[{"href":"https:\/\/soydeaqui.ddns.net\/pachuca\/index.php\/wp-json\/wp\/v2\/types\/product"}],"replies":[{"embeddable":true,"href":"https:\/\/soydeaqui.ddns.net\/pachuca\/index.php\/wp-json\/wp\/v2\/comments?post=25118"}],"wp:featuredmedia":[{"embeddable":true,"href":"https:\/\/soydeaqui.ddns.net\/pachuca\/index.php\/wp-json\/wp\/v2\/media\/25117"}],"wp:attachment":[{"href":"https:\/\/soydeaqui.ddns.net\/pachuca\/index.php\/wp-json\/wp\/v2\/media?parent=25118"}],"wp:term":[{"taxonomy":"product_brand","embeddable":true,"href":"https:\/\/soydeaqui.ddns.net\/pachuca\/index.php\/wp-json\/wp\/v2\/product_brand?post=25118"},{"taxonomy":"product_cat","embeddable":true,"href":"https:\/\/soydeaqui.ddns.net\/pachuca\/index.php\/wp-json\/wp\/v2\/product_cat?post=25118"},{"taxonomy":"product_tag","embeddable":true,"href":"https:\/\/soydeaqui.ddns.net\/pachuca\/index.php\/wp-json\/wp\/v2\/product_tag?post=25118"}],"curies":[{"name":"wp","href":"https:\/\/api.w.org\/{rel}","templated":true}]}}