{"id":25112,"date":"2026-03-18T11:47:34","date_gmt":"2026-03-18T11:47:34","guid":{"rendered":"https:\/\/soydeaqui.ddns.net\/pachuca\/index.php\/producto\/torniquete-doble-2-carriles-de-cuerpo-completo-bidireccional-exterior-acero-inoxidable-sus304-30-personas-por-minuto-compatible-con-reconocimiento-facial-terminal-no-incluida\/"},"modified":"2026-03-18T11:47:35","modified_gmt":"2026-03-18T11:47:35","slug":"torniquete-doble-2-carriles-de-cuerpo-completo-bidireccional-exterior-acero-inoxidable-sus304-30-personas-por-minuto-compatible-con-reconocimiento-facial-terminal-no-incluida","status":"publish","type":"product","link":"https:\/\/soydeaqui.ddns.net\/pachuca\/index.php\/producto\/torniquete-doble-2-carriles-de-cuerpo-completo-bidireccional-exterior-acero-inoxidable-sus304-30-personas-por-minuto-compatible-con-reconocimiento-facial-terminal-no-incluida\/","title":{"rendered":"Torniquete DOBLE (2 Carriles) de Cuerpo Completo Bidireccional \/ Exterior \/ Acero Inoxidable SUS304 \/ 30 Personas por Minuto \/ Compatible con Reconocimiento Facial (Terminal no Incluida)"},"content":{"rendered":"<div style='width: 100%; max-width: 1200px; margin: 0 auto; font-family: sans-serif; line-height: 1.6; color: inherit; background-color: transparent;'>\n<div style='width: 100%; max-width: 1200px; margin: 0 auto; font-family: sans-serif; line-height: 1.6; color: inherit; background-color: transparent;'>\n<div style='display: flex; flex-wrap: wrap; gap: 30px; margin-bottom: 30px;'>\n<div style='flex: 1 1 300px; min-width: 280px;'>\n<h3 style='font-size: 22px; border-bottom: 2px solid currentColor; padding-bottom: 5px; margin-top: 0; color: inherit; opacity: 0.8;'>Caracter\u00edsticas principales<\/h3>\n<ul style='padding-left: 20px; font-size: 15px; color: inherit;'>\n<li style='margin-bottom: 5px;'>Equipo de cuerpo completo<\/li>\n<li style='margin-bottom: 5px;'>Compatible con modulos faciales (no incluida)<\/li>\n<li style='margin-bottom: 5px;'>Apertura por dispostivos vinculados<\/li>\n<li style='margin-bottom: 5px;'>Led indicador de direccion<\/li>\n<li style='margin-bottom: 5px;'>Mecanismo de cierre automatico<\/li>\n<li style='margin-bottom: 5px;'>Normalmente abierto para casos de emergencia o fallos de energia el\u00e9ctrica<\/li>\n<li style='margin-bottom: 5px;'>Admite paso bidireccional<\/li>\n<li style='margin-bottom: 5px;'><strong style='color: inherit;'>Preparado para instalaci\u00f3n con lectores faciales<\/strong> <a style='color: #005cb9; text-decoration: none;' href='https:\/\/www.syscom.mx\/principal\/searchcont?route=DSK1T342MFWX-HIKVISION-204978&#038;autodetect=dsk1t341' target='_blank'>DSK1T342MFWX&comma;<\/a> <a style='color: #005cb9; text-decoration: none;' href='https:\/\/www.syscom.mx\/principal\/searchcont?route=DS-K1T342EFWX-HIKVISION-207515&#038;autodetect=dsk1t341' target='_blank'>DS-K1T342EFWX&comma;<\/a> <a style='color: #005cb9; text-decoration: none;' href='https:\/\/www.syscom.mx\/principal\/searchcont?route=DS-K1T671-M-HIKVISION-177442&#038;autodetect=dsk1t341' target='_blank'>DS-K1T671-M&comma;<\/a> <a style='color: #005cb9; text-decoration: none;' href='https:\/\/www.syscom.mx\/principal\/searchcont?route=DS-K1T673DWX-HIKVISION-206133&#038;autodetect=dsk1t673' target='_blank'>DS-K1T673DWX<\/a> <a style='color: #005cb9; text-decoration: none;' href='https:\/\/www.syscom.mx\/principal\/searchcont?route=DS-K1T671-M-HIKVISION-177442&#038;autodetect=dsk1t341' target='_blank'>&comma;<\/a> <a style='color: #005cb9; text-decoration: none;' href='https:\/\/www.syscom.mx\/principal\/searchcont?route=DS-K1T680D-E1-HIKVISION-196620&#038;autodetect=dsk1t680' target='_blank'>DS-K1T680D-E1&comma;<\/a> <a style='color: #005cb9; text-decoration: none;' href='https:\/\/www.syscom.mx\/principal\/searchcont?route=DS-K1T341AMF-HIKVISION-183642&#038;autodetect=dsk1t341' target='_blank'>DS-K1T341AMF.<\/a><\/li>\n<\/ul><\/div>\n<div style='flex: 1 1 300px; min-width: 280px;'>\n<h3 style='font-size: 22px; border-bottom: 2px solid currentColor; padding-bottom: 5px; margin-top: 0; color: inherit; opacity: 0.8;'>Caracter\u00edsticas F\u00edsicas y El\u00e9ctricas<\/h3>\n<ul style='padding-left: 20px; font-size: 15px; color: inherit;'>\n<li style='margin-bottom: 5px;'>Ancho de carril 600mm<\/li>\n<li style='margin-bottom: 5px;'>Alimentaci\u00f3n 100 a 240 Vac&comma; 50-60hz<\/li>\n<li style='margin-bottom: 5px;'>Consumo: M\u00ednimo 80W &#8211; M\u00e1ximo 120 W<\/li>\n<li style='margin-bottom: 5px;'>Temperatura de trabajo -15\u00b0C &#8211; 55\u00b0C<\/li>\n<li style='margin-bottom: 5px;'>Rendimiento de mas de 30 Personas por minuto (Aproximadamente)<\/li>\n<li style='margin-bottom: 5px;'>Fuente de voltaje seleccionable 110 \/ 220 Acc<\/li>\n<\/ul><\/div>\n<div style='flex: 1 1 300px; min-width: 280px;'>\n<h3 style='font-size: 22px; border-bottom: 2px solid currentColor; padding-bottom: 5px; margin-top: 0; color: inherit; opacity: 0.8;'>Caracter\u00edsticas Destacadas<\/h3>\n<ul style='padding-left: 20px; font-size: 15px; color: inherit;'>\n<li style='margin-bottom: 5px;'>Sistema con proteccion por sobre carga<\/li>\n<li style='margin-bottom: 5px;'>Mecanismo de alta velocidad<\/li>\n<li style='margin-bottom: 5px;'>Uso en Interior\/Exterior<\/li>\n<li style='margin-bottom: 5px;'>Dimensiones: 2195 mm \u00d7 1395 mm \u00d7 1080 mm(86.4&#8242; \u00d7 55&#8242; \u00d7 42.5&#8242;) 195 mm \u00d7 1395 mm \u00d7 1080 mm(7.7&#8242; \u00d7 54.7&#8242; \u00d7 42.5&#8242;)<\/li>\n<li style='margin-bottom: 5px; color: #f44336;'><strong style='color: inherit;'>Producto NO esta dentro de las pol\u00edticas de flete gratis&comma; se debe de cotizar por separado.<\/strong><\/li>\n<li style='margin-bottom: 5px;'>Equipo de gran volumen y peso&comma; requiere montacargas para carga\/descarga y\/o maniobra de desplazamiento<\/li>\n<li style='margin-bottom: 5px;'>No aplica entrega de mercanc\u00eda zona extendida<\/li>\n<\/ul><\/div>\n<\/p><\/div>\n<\/p><\/div>\n<div style='width: 100%; max-width: 1200px; margin: 0 auto; font-family: sans-serif; line-height: 1.6; color: inherit; background-color: transparent;'>\n<div style='display: flex; flex-wrap: wrap; gap: 30px; margin-bottom: 30px;'>\n<div style='flex: 1 1 100%;'> <img style='width: 100%; height: auto; border: 1px solid rgba(150&comma;150&comma;150&comma;0.3); border-radius: 8px;' src='https:\/\/ftp3.syscom.mx\/usuarios\/jsosa\/HIKVISION\/imagenes\/banners\/solution%20complete.png' alt=''><\/div>\n<\/p><\/div>\n<\/p><\/div>\n<\/p><\/div>\n","protected":false},"excerpt":{"rendered":"<p>Torniquete DOBLE (2 Carriles) de Cuerpo Completo Bidireccional \/ Exterior \/ Acero Inoxidable SUS304 \/ 30 Personas por Minuto \/ Compatible con Reconocimiento Facial (Terminal no Incluida)<\/p>\n","protected":false},"featured_media":25111,"comment_status":"open","ping_status":"closed","template":"","meta":[],"product_brand":[],"product_cat":[766],"product_tag":[54,767,759],"class_list":{"0":"post-25112","1":"product","2":"type-product","3":"status-publish","4":"has-post-thumbnail","6":"product_cat-torniquetes-de-cuerpo-completo","7":"product_tag-hikvision","8":"product_tag-torniquetes-de-cuerpo-completo","9":"product_tag-torniquetes-y-puertas-de-cortesia","11":"first","12":"instock","13":"sale","14":"shipping-taxable","15":"purchasable","16":"product-type-simple"},"_links":{"self":[{"href":"https:\/\/soydeaqui.ddns.net\/pachuca\/index.php\/wp-json\/wp\/v2\/product\/25112","targetHints":{"allow":["GET"]}}],"collection":[{"href":"https:\/\/soydeaqui.ddns.net\/pachuca\/index.php\/wp-json\/wp\/v2\/product"}],"about":[{"href":"https:\/\/soydeaqui.ddns.net\/pachuca\/index.php\/wp-json\/wp\/v2\/types\/product"}],"replies":[{"embeddable":true,"href":"https:\/\/soydeaqui.ddns.net\/pachuca\/index.php\/wp-json\/wp\/v2\/comments?post=25112"}],"wp:featuredmedia":[{"embeddable":true,"href":"https:\/\/soydeaqui.ddns.net\/pachuca\/index.php\/wp-json\/wp\/v2\/media\/25111"}],"wp:attachment":[{"href":"https:\/\/soydeaqui.ddns.net\/pachuca\/index.php\/wp-json\/wp\/v2\/media?parent=25112"}],"wp:term":[{"taxonomy":"product_brand","embeddable":true,"href":"https:\/\/soydeaqui.ddns.net\/pachuca\/index.php\/wp-json\/wp\/v2\/product_brand?post=25112"},{"taxonomy":"product_cat","embeddable":true,"href":"https:\/\/soydeaqui.ddns.net\/pachuca\/index.php\/wp-json\/wp\/v2\/product_cat?post=25112"},{"taxonomy":"product_tag","embeddable":true,"href":"https:\/\/soydeaqui.ddns.net\/pachuca\/index.php\/wp-json\/wp\/v2\/product_tag?post=25112"}],"curies":[{"name":"wp","href":"https:\/\/api.w.org\/{rel}","templated":true}]}}