{"id":25104,"date":"2026-03-18T11:47:26","date_gmt":"2026-03-18T11:47:26","guid":{"rendered":"https:\/\/soydeaqui.ddns.net\/pachuca\/index.php\/producto\/scanner-de-enrolamiento-de-2-dedos\/"},"modified":"2026-03-18T11:47:27","modified_gmt":"2026-03-18T11:47:27","slug":"scanner-de-enrolamiento-de-2-dedos","status":"publish","type":"product","link":"https:\/\/soydeaqui.ddns.net\/pachuca\/index.php\/producto\/scanner-de-enrolamiento-de-2-dedos\/","title":{"rendered":"Scanner de Enrolamiento de 2 Dedos"},"content":{"rendered":"<div style='width: 100%; max-width: 1200px; margin: 0 auto; font-family: sans-serif; line-height: 1.6; color: inherit; background-color: transparent;'>\n<div style='margin-bottom: 30px;'>\n<h2 style='font-size: 30px; margin-top: 0; color: inherit; opacity: 0.9;'>RealScan-D<\/h2>\n<p style='font-size: 18px; font-weight: bold; color: inherit; opacity: 0.8; margin: 10px 0 0 0;'>Lector de Registro de 2 dedos&comma; Certificado FBI<\/p>\n<\/p><\/div>\n<div style='margin-bottom: 30px;'>\n<h3 style='font-size: 26px; color: inherit; opacity: 0.85; margin-top: 0;'>Certificaci\u00f3n FBI IAFIS Ap\u00e9ndice F<\/h3>\n<p style='font-size: 15px; color: inherit; margin-top: 15px;'> La certificaci\u00f3n brinda seguridad a los usuarios de que RealScan-D cumple o excede los est\u00e1ndares de interoperabilidad del FBI y trabajar\u00e1 con el Sistema de Informaci\u00f3n Automatizada de Huellas Dactilares (IAFIS). Asegura que las im\u00e1genes utilizadas sean de alta calidad y admitan todas las fases de identificaci\u00f3n para los expertos en huellas digitales y el IAFIS. El Ap\u00e9ndice F tiene condiciones de calidad de imagen estrictas&comma; se centra en la comparaci\u00f3n de huellas dactilares humanas y facilita la operaci\u00f3n de validaci\u00f3n a gran escala. <\/p>\n<\/p><\/div>\n<div style='display: flex; flex-wrap: wrap; gap: 30px; margin-bottom: 30px;'>\n<div style='flex: 1 1 300px; min-width: 280px;'>\n<h3 style='font-size: 22px; border-bottom: 2px solid currentColor; padding-bottom: 5px; margin-top: 0; color: inherit; opacity: 0.8;'>Tecnolog\u00eda avanzada de construcci\u00f3n de imagen rodada<\/h3>\n<p style='font-size: 15px; color: inherit; margin-top: 15px;'> RealScan-D presenta tecnolog\u00eda avanzada de construcci\u00f3n de im\u00e1genes rodadas utilizando el exclusivo algoritmo de detecci\u00f3n de deslizamiento de Suprema para la construcci\u00f3n de im\u00e1genes de huellas digitales laminadas. Con la tecnolog\u00eda ARIC&comma; RealScan-D realiza una tasa de fotogramas de m\u00e1s de 20 fps en la captura de huellas rodadas&comma; lo que garantiza una mayor calidad de imagen y una menor tasa de errores en la captura de secuencias. <\/p>\n<\/p><\/div>\n<div style='flex: 1 1 300px; min-width: 280px;'> <img style='width: 100%; height: auto; border: 1px solid rgba(150&comma;150&comma;150&comma;0.3); border-radius: 8px;' src='https:\/\/www.suprema-id.com\/es\/images\/product\/obj-1.png' alt=''> <\/div>\n<\/p><\/div>\n<div style='margin-bottom: 30px;'>\n<h3 style='font-size: 24px; color: inherit; opacity: 0.85; margin-top: 0; text-align: center; background-color: rgba(150&comma;150&comma;150&comma;0.1); padding: 15px 0;'>Especificaciones<\/h3>\n<div style='display: flex; flex-wrap: wrap; gap: 20px; margin-top: 20px;'>\n<div style='flex: 1 1 250px; border: 1px solid rgba(150&comma; 150&comma; 150&comma; 0.4); border-radius: 8px; overflow: hidden; display: flex; flex-direction: column;'>\n<div style='padding: 15px; border-bottom: 1px solid rgba(150&comma; 150&comma; 150&comma; 0.2); font-weight: bold; font-size: 18px; color: inherit;'>Principal<\/div>\n<div style='padding: 15px; color: inherit;'>\n<ul style='padding-left: 20px; margin: 0; font-size: 14px; list-style-type: disc;'>\n<li style='margin-bottom: 5px;'><strong>Tipo de huella dactilar:<\/strong> Un dedo rodado&comma; Un dedo plano&comma; Dos dedos planos<\/li>\n<li style='margin-bottom: 5px;'><strong>Cuadros por segundo:<\/strong> 20 cuadros por segundo<\/li>\n<li style='margin-bottom: 5px;'><strong>Resoluci\u00f3n:<\/strong> 500 dpi&comma; 256 grises<\/li>\n<li style='margin-bottom: 5px;'><strong>Tama\u00f1o de Placa:<\/strong> 48 x 48 mm (1.9\u201d x 1.9\u201d)<\/li>\n<li style='margin-bottom: 5px;'><strong>\u00c1rea de Detecci\u00f3n:<\/strong> 45.72 x 45.72 mm<\/li>\n<li style='margin-bottom: 5px;'><strong>Tama\u00f1o de Imagen:<\/strong> 900 x 900 p\u00edxeles<\/li>\n<li style='margin-bottom: 5px;'><strong>Est\u00e1ndares de calidad de imagen:<\/strong> FBI IAFIS Ap\u00e9ndice F<\/li>\n<\/ul><\/div>\n<\/p><\/div>\n<div style='flex: 1 1 250px; border: 1px solid rgba(150&comma; 150&comma; 150&comma; 0.4); border-radius: 8px; overflow: hidden; display: flex; flex-direction: column;'>\n<div style='padding: 15px; border-bottom: 1px solid rgba(150&comma; 150&comma; 150&comma; 0.2); font-weight: bold; font-size: 18px; color: inherit;'>Interfaz<\/div>\n<div style='padding: 15px; color: inherit;'>\n<ul style='padding-left: 20px; margin: 0; font-size: 14px; list-style-type: disc;'>\n<li style='margin-bottom: 5px;'><strong>Conexi\u00f3n:<\/strong> USB 2.0 Alta Velocidad<\/li>\n<\/ul><\/div>\n<\/p><\/div>\n<div style='flex: 1 1 250px; border: 1px solid rgba(150&comma; 150&comma; 150&comma; 0.4); border-radius: 8px; overflow: hidden; display: flex; flex-direction: column;'>\n<div style='padding: 15px; border-bottom: 1px solid rgba(150&comma; 150&comma; 150&comma; 0.2); font-weight: bold; font-size: 18px; color: inherit;'>Hardware<\/div>\n<div style='padding: 15px; color: inherit;'>\n<ul style='padding-left: 20px; margin: 0; font-size: 14px; list-style-type: disc;'>\n<li style='margin-bottom: 5px;'><strong>Clasificaci\u00f3n IP:<\/strong> Splash Proof<\/li>\n<li style='margin-bottom: 5px;'><strong>Temperatura de Operaci\u00f3n:<\/strong> -100\u00b0C ~ 50\u00b0C<\/li>\n<li style='margin-bottom: 5px;'><strong>Humedad de Operaci\u00f3n:<\/strong> 10 ~ 90%&comma; sin condensaci\u00f3n<\/li>\n<li style='margin-bottom: 5px;'><strong>Dimensi\u00f3n (W x L x H):<\/strong> 84 x 171 x 63 mm (3.3\u201d x 6.7\u201d x 2.5\u201d)<\/li>\n<li style='margin-bottom: 5px;'><strong>Peso:<\/strong> 0.540 kgs (1.19 lbs)<\/li>\n<li style='margin-bottom: 5px;'><strong>Certificaci\u00f3n:<\/strong> WHQL&comma; CE&comma; FCC&comma; UL&comma; KCC&comma; IP54<\/li>\n<\/ul><\/div>\n<\/p><\/div>\n<div style='flex: 1 1 250px; border: 1px solid rgba(150&comma; 150&comma; 150&comma; 0.4); border-radius: 8px; overflow: hidden; display: flex; flex-direction: column;'>\n<div style='padding: 15px; border-bottom: 1px solid rgba(150&comma; 150&comma; 150&comma; 0.2); font-weight: bold; font-size: 18px; color: inherit;'>Compatibilidad<\/div>\n<div style='padding: 15px; color: inherit;'>\n<ul style='padding-left: 20px; margin: 0; font-size: 14px; list-style-type: disc;'>\n<li style='margin-bottom: 5px;'><strong>Sistema Operativo:<\/strong> Windows XP&comma; Vista&comma; 7&comma; 8&comma; 8.1&comma; 10 32\/64bit&comma; Linux (Ubuntu&comma; Debian&comma; Fedora&comma; Cent OS 32\/64bit)&comma; Android 5.0 y superiores<\/li>\n<\/ul><\/div>\n<\/p><\/div>\n<\/p><\/div>\n<\/p><\/div>\n<div style='margin-bottom: 30px;'>\n<h3 style='font-size: 24px; color: inherit; opacity: 0.85; margin-top: 0; margin-bottom: 15px;'>Usos<\/h3>\n<div style='display: flex; flex-wrap: wrap; gap: 20px;'>\n<div style='flex: 1 1 250px; border: 1px solid rgba(150&comma; 150&comma; 150&comma; 0.4); border-radius: 8px; overflow: hidden; padding: 15px; background-color: rgba(150&comma;150&comma;150&comma;0.05);'>\n<h4 style='font-size: 18px; font-weight: bold; margin-top: 0; margin-bottom: 10px; color: inherit;'>Identificaci\u00f3n Civil<\/h4>\n<ul style='padding-left: 20px; margin: 0; font-size: 14px; list-style-type: disc;'>\n<li style='margin-bottom: 5px;'>Licencia de conducir&comma; registro de votantes<\/li>\n<li style='margin-bottom: 5px;'>Bienestar social&comma; banca<\/li>\n<li style='margin-bottom: 5px;'>Registro Nacional de Poblaci\u00f3n (NPR)<\/li>\n<\/ul><\/div>\n<div style='flex: 1 1 250px; border: 1px solid rgba(150&comma; 150&comma; 150&comma; 0.4); border-radius: 8px; overflow: hidden; padding: 15px; background-color: rgba(150&comma;150&comma;150&comma;0.05);'>\n<h4 style='font-size: 18px; font-weight: bold; margin-top: 0; margin-bottom: 10px; color: inherit;'>Identificaci\u00f3n Criminal<\/h4>\n<ul style='padding-left: 20px; margin: 0; font-size: 14px; list-style-type: disc;'>\n<li style='margin-bottom: 5px;'>IAFIS \/ EURODAC<\/li>\n<li style='margin-bottom: 5px;'>Aplicaci\u00f3n de la ley&comma; agencias policiales nacionales<\/li>\n<li style='margin-bottom: 5px;'>Redes y sistemas de seguimiento delictivo y criminal (CCTNS)<\/li>\n<\/ul><\/div>\n<\/p><\/div>\n<\/p><\/div>\n<\/p><\/div>\n","protected":false},"excerpt":{"rendered":"<p>Scanner de Enrolamiento de 2 Dedos<\/p>\n","protected":false},"featured_media":25103,"comment_status":"open","ping_status":"closed","template":"","meta":[],"product_brand":[],"product_cat":[841],"product_tag":[744,842,798],"class_list":{"0":"post-25104","1":"product","2":"type-product","3":"status-publish","4":"has-post-thumbnail","6":"product_cat-enroladores-y-lectores-usb","7":"product_tag-biometricos","8":"product_tag-enroladores-y-lectores-usb","9":"product_tag-suprema","11":"first","12":"outofstock","13":"sale","14":"shipping-taxable","15":"purchasable","16":"product-type-simple"},"_links":{"self":[{"href":"https:\/\/soydeaqui.ddns.net\/pachuca\/index.php\/wp-json\/wp\/v2\/product\/25104","targetHints":{"allow":["GET"]}}],"collection":[{"href":"https:\/\/soydeaqui.ddns.net\/pachuca\/index.php\/wp-json\/wp\/v2\/product"}],"about":[{"href":"https:\/\/soydeaqui.ddns.net\/pachuca\/index.php\/wp-json\/wp\/v2\/types\/product"}],"replies":[{"embeddable":true,"href":"https:\/\/soydeaqui.ddns.net\/pachuca\/index.php\/wp-json\/wp\/v2\/comments?post=25104"}],"wp:featuredmedia":[{"embeddable":true,"href":"https:\/\/soydeaqui.ddns.net\/pachuca\/index.php\/wp-json\/wp\/v2\/media\/25103"}],"wp:attachment":[{"href":"https:\/\/soydeaqui.ddns.net\/pachuca\/index.php\/wp-json\/wp\/v2\/media?parent=25104"}],"wp:term":[{"taxonomy":"product_brand","embeddable":true,"href":"https:\/\/soydeaqui.ddns.net\/pachuca\/index.php\/wp-json\/wp\/v2\/product_brand?post=25104"},{"taxonomy":"product_cat","embeddable":true,"href":"https:\/\/soydeaqui.ddns.net\/pachuca\/index.php\/wp-json\/wp\/v2\/product_cat?post=25104"},{"taxonomy":"product_tag","embeddable":true,"href":"https:\/\/soydeaqui.ddns.net\/pachuca\/index.php\/wp-json\/wp\/v2\/product_tag?post=25104"}],"curies":[{"name":"wp","href":"https:\/\/api.w.org\/{rel}","templated":true}]}}