{"id":25044,"date":"2026-03-18T11:46:11","date_gmt":"2026-03-18T11:46:11","guid":{"rendered":"https:\/\/soydeaqui.ddns.net\/pachuca\/index.php\/producto\/checador-min-moe-wifi-touch-de-reconocimiento-facial-ultra-rapido-para-asistencia-1500-rostros-reportes-en-excel-diseno-compacto-y-facil-de-configurar\/"},"modified":"2026-03-18T11:46:15","modified_gmt":"2026-03-18T11:46:15","slug":"checador-min-moe-wifi-touch-de-reconocimiento-facial-ultra-rapido-para-asistencia-1500-rostros-reportes-en-excel-diseno-compacto-y-facil-de-configurar","status":"publish","type":"product","link":"https:\/\/soydeaqui.ddns.net\/pachuca\/index.php\/producto\/checador-min-moe-wifi-touch-de-reconocimiento-facial-ultra-rapido-para-asistencia-1500-rostros-reportes-en-excel-diseno-compacto-y-facil-de-configurar\/","title":{"rendered":"Checador Min Moe WiFi \/  Touch de Reconocimiento Facial Ultra R\u00e1pido para ASISTENCIA \/ 1500 Rostros \/ Reportes en Excel \/ Dise\u00f1o Compacto y Facil de Configurar"},"content":{"rendered":"<div style='width: 100%; max-width: 1200px; margin: 0 auto; font-family: sans-serif; line-height: 1.6; color: inherit; background-color: transparent;'> <!-- Secci\u00f3n de caracter\u00edsticas principales --> <\/p>\n<div style='display: flex; flex-wrap: wrap; gap: 30px; margin-bottom: 30px;'>\n<div style='flex: 1 1 300px; min-width: 280px;'>\n<h3 style='font-size: 22px; border-bottom: 2px solid currentColor; padding-bottom: 5px; margin-top: 0; color: inherit; opacity: 0.8;'>Caracter\u00edsticas Principales<\/h3>\n<ul style='padding-left: 20px; font-size: 15px; color: inherit;'>\n<li style='margin-bottom: 5px;'>Pantalla t\u00e1ctil de 4.3 pulgadas<\/li>\n<li style='margin-bottom: 5px;'>C\u00e1mara 2 MP gran angular<\/li>\n<li style='margin-bottom: 5px;'>Distancia de Reconocimiento facial 0.3 a 1.5 m<\/li>\n<li style='margin-bottom: 5px;'>Soporta hasta 1500 rostros<\/li>\n<li style='margin-bottom: 5px;'>Capacidad para 300&comma;000 eventos<\/li>\n<li style='margin-bottom: 5px; color: #c0392b;'>HikConnect: NO Soportado<\/li>\n<li style='margin-bottom: 5px; color: #c0392b;'>Detecci\u00f3n de cubrebocas: NO Soportado<\/li>\n<li style='margin-bottom: 5px; color: #c0392b;'>Compatible con IVMS4200 (Utiliza puerto 80)<\/li>\n<\/ul><\/div>\n<p> <!-- Secci\u00f3n de caracter\u00edsticas f\u00edsicas y el\u00e9ctricas --> <\/p>\n<div style='flex: 1 1 300px; min-width: 280px;'>\n<h3 style='font-size: 22px; border-bottom: 2px solid currentColor; padding-bottom: 5px; margin-top: 0; color: inherit; opacity: 0.8;'>Caracter\u00edsticas F\u00edsicas y El\u00e9ctricas<\/h3>\n<ul style='padding-left: 20px; font-size: 15px; color: inherit;'>\n<li style='margin-bottom: 5px;'>Alimentaci\u00f3n: 12 Vcc \/ 1 Amp \/ 24 W. (Incluido)<\/li>\n<li style='margin-bottom: 5px;'>Temperatura: -10 \u00b0C to 40 \u00b0C (14 \u00b0F to 104 \u00b0F)<\/li>\n<li style='margin-bottom: 5px;'>Dimensiones: 118.4 mm \u00d7 118.4 mm \u00d7 21.8 mm<\/li>\n<li style='margin-bottom: 5px;'>Aplicaci\u00f3n: Interior<\/li>\n<li style='margin-bottom: 5px;'>Montajes incluidos: Escritorio o pared<\/li>\n<li style='margin-bottom: 5px;'> <strong style='color: inherit;'>Interfaces:<\/strong>\n<ul style='padding-left: 20px; margin-top: 5px; margin-bottom: 0;'>\n<li style='margin-bottom: 5px;'>USB: 1<\/li>\n<li style='margin-bottom: 5px;'>Solo WiFi (no soporta red cableada)<\/li>\n<\/ul>\n<\/li>\n<\/ul><\/div>\n<p> <!-- Secci\u00f3n de caracter\u00edsticas destacadas --> <\/p>\n<div style='flex: 1 1 300px; min-width: 280px;'>\n<h3 style='font-size: 22px; border-bottom: 2px solid currentColor; padding-bottom: 5px; margin-top: 0; color: inherit; opacity: 0.8;'>Caracter\u00edsticas Destacadas<\/h3>\n<ul style='padding-left: 20px; font-size: 15px; color: inherit;'>\n<li style='margin-bottom: 5px;'>El terminal frontal de la serie DS-K1A340 adopta un algoritmo DEEP LEARNING que ayuda a reconocer el rostro de las personas m\u00e1s r\u00e1pido y con mayor precisi\u00f3n. Aplicable en escenarios&comma; como edificios&comma; empresas&comma; industrias y otras \u00e1reas importantes.<\/li>\n<li style='margin-bottom: 5px;'>Permite la exportaci\u00f3n de <strong style='color: inherit;'>eventos USB directo a formato Excel<\/strong><\/li>\n<\/ul><\/div>\n<\/p><\/div>\n<p> <!-- Separador --> <\/p>\n<hr style='border: 0; border-top: 1px solid rgba(150&comma; 150&comma; 150&comma; 0.3); margin: 30px 0;'> <!-- Secci\u00f3n de videos de demostraci\u00f3n --> <\/p>\n<h2 style='text-align: center; font-size: 20px; margin-bottom: 20px; color: inherit; opacity: 0.8;'>Demostraci\u00f3n de Desempe\u00f1o<\/h2>\n<div style='display: grid; grid-template-columns: repeat(auto-fill&comma; minmax(280px&comma; 1fr)); gap: 20px; margin-bottom: 30px;'>\n<div style='display: flex; flex-direction: column; align-items: center;'> <span style='font-size: 14px; color: #2880b9; margin-bottom: 10px;'><strong>Lectura de Rostros Ultra R\u00e1pida<\/strong><\/span> <\/p>\n<div style='position: relative; padding-bottom: 56.25%; height: 0; overflow: hidden; width: 100%;'>   <\/div>\n<\/p><\/div>\n<div style='display: flex; flex-direction: column; align-items: center;'> <span style='font-size: 14px; color: #2880b9; margin-bottom: 10px;'><strong>Configuraci\u00f3n B\u00e1sica muy Sencilla<\/strong><\/span> <\/p>\n<div style='position: relative; padding-bottom: 56.25%; height: 0; overflow: hidden; width: 100%;'>   <\/div>\n<\/p><\/div>\n<div style='display: flex; flex-direction: column; align-items: center;'> <span style='font-size: 14px; color: #2880b9; margin-bottom: 10px;'><strong>Unboxing<\/strong><\/span> <\/p>\n<div style='position: relative; padding-bottom: 56.25%; height: 0; overflow: hidden; width: 100%;'>   <\/div>\n<\/p><\/div>\n<\/p><\/div>\n<p> <!-- Separador --> <\/p>\n<hr style='border: 0; border-top: 1px solid rgba(150&comma; 150&comma; 150&comma; 0.3); margin: 30px 0;'> <!-- Video configuraci\u00f3n IVMS4200 --> <\/p>\n<h2 style='text-align: center; font-size: 20px; margin-bottom: 20px; color: inherit; opacity: 0.8;'>\u00bfConfiguraci\u00f3n con IVMS4200? Consulte el video paso a paso<\/h2>\n<div style='position: relative; padding-bottom: 56.25%; height: 0; overflow: hidden; margin-bottom: 30px;'>   <\/div>\n<p> <!-- Imagen de soporte --> <\/p>\n<div style='text-align: center; margin: 30px 0;'> <a href='http:\/\/soporte.syscom.mx\/es\/articles\/3879039-hikvision-control-de-acceso-lista-de-videos-y-tips-tecnicos'> <img style='width: 100%; max-width: 600px; height: auto; border: 1px solid rgba(150&comma;150&comma;150&comma;0.3); border-radius: 8px;' src='https:\/\/ftp3.syscom.mx\/usuarios\/fotos\/DSK1T607E\/171893-hikvision-controlacceso.png' alt='Soporte T\u00e9cnico Hikvision'> <\/a> <\/div>\n<\/p><\/div>\n","protected":false},"excerpt":{"rendered":"<p>Checador Min Moe WiFi \/  Touch de Reconocimiento Facial Ultra R\u00e1pido para ASISTENCIA \/ 1500 Rostros \/ Reportes en Excel \/ Dise\u00f1o Compacto y Facil de Configurar<\/p>\n","protected":false},"featured_media":25043,"comment_status":"open","ping_status":"closed","template":"","meta":[],"product_brand":[],"product_cat":[743],"product_tag":[744,54,745],"class_list":{"0":"post-25044","1":"product","2":"type-product","3":"status-publish","4":"has-post-thumbnail","6":"product_cat-para-tiempo-y-asistencia-checadores","7":"product_tag-biometricos","8":"product_tag-hikvision","9":"product_tag-para-tiempo-y-asistencia-checadores","11":"first","12":"instock","13":"sale","14":"shipping-taxable","15":"purchasable","16":"product-type-simple"},"_links":{"self":[{"href":"https:\/\/soydeaqui.ddns.net\/pachuca\/index.php\/wp-json\/wp\/v2\/product\/25044","targetHints":{"allow":["GET"]}}],"collection":[{"href":"https:\/\/soydeaqui.ddns.net\/pachuca\/index.php\/wp-json\/wp\/v2\/product"}],"about":[{"href":"https:\/\/soydeaqui.ddns.net\/pachuca\/index.php\/wp-json\/wp\/v2\/types\/product"}],"replies":[{"embeddable":true,"href":"https:\/\/soydeaqui.ddns.net\/pachuca\/index.php\/wp-json\/wp\/v2\/comments?post=25044"}],"wp:featuredmedia":[{"embeddable":true,"href":"https:\/\/soydeaqui.ddns.net\/pachuca\/index.php\/wp-json\/wp\/v2\/media\/25043"}],"wp:attachment":[{"href":"https:\/\/soydeaqui.ddns.net\/pachuca\/index.php\/wp-json\/wp\/v2\/media?parent=25044"}],"wp:term":[{"taxonomy":"product_brand","embeddable":true,"href":"https:\/\/soydeaqui.ddns.net\/pachuca\/index.php\/wp-json\/wp\/v2\/product_brand?post=25044"},{"taxonomy":"product_cat","embeddable":true,"href":"https:\/\/soydeaqui.ddns.net\/pachuca\/index.php\/wp-json\/wp\/v2\/product_cat?post=25044"},{"taxonomy":"product_tag","embeddable":true,"href":"https:\/\/soydeaqui.ddns.net\/pachuca\/index.php\/wp-json\/wp\/v2\/product_tag?post=25044"}],"curies":[{"name":"wp","href":"https:\/\/api.w.org\/{rel}","templated":true}]}}