{"id":25020,"date":"2026-03-18T11:45:42","date_gmt":"2026-03-18T11:45:42","guid":{"rendered":"https:\/\/soydeaqui.ddns.net\/pachuca\/index.php\/producto\/bisagra-n3-para-puertas-de-garage-2\/"},"modified":"2026-03-18T11:45:43","modified_gmt":"2026-03-18T11:45:43","slug":"bisagra-n3-para-puertas-de-garage-2","status":"publish","type":"product","link":"https:\/\/soydeaqui.ddns.net\/pachuca\/index.php\/producto\/bisagra-n3-para-puertas-de-garage-2\/","title":{"rendered":"Bisagra n\u00b03  para puertas de garage."},"content":{"rendered":"<div style='width: 100%; max-width: 1200px; margin: 0 auto; font-family: sans-serif; line-height: 1.6; color: inherit; background-color: transparent;'> <!-- Secci\u00f3n de caracter\u00edsticas principales --> <\/p>\n<div style='display: flex; flex-wrap: wrap; gap: 30px; margin-bottom: 30px;'>\n<div style='flex: 1 1 300px; min-width: 280px;'>\n<h3 style='font-size: 22px; border-bottom: 2px solid currentColor; padding-bottom: 5px; margin-top: 0; color: inherit; opacity: 0.8;'>Caracter\u00edsticas Principales<\/h3>\n<ul style='padding-left: 20px; font-size: 15px; color: inherit;'>\n<li style='margin-bottom: 5px;'>Acero galvanizado para m\u00e1xima resistencia a corrosi\u00f3n<\/li>\n<li style='margin-bottom: 5px;'>Dise\u00f1o robusto para puertas de alto tr\u00e1fico<\/li>\n<li style='margin-bottom: 5px;'>Ajuste f\u00e1cil gracias a m\u00faltiples orificios de instalaci\u00f3n<\/li>\n<li style='margin-bottom: 5px;'>Dimensiones est\u00e1ndar compatibles con mayor\u00eda de puertas<\/li>\n<li style='margin-bottom: 5px;'>Operaci\u00f3n suave minimizando el ruido y desgaste<\/li>\n<\/ul><\/div>\n<\/p><\/div>\n<p> <!-- Secci\u00f3n de dimensiones de puertas compatibles --> <\/p>\n<div style='display: flex; flex-wrap: wrap; gap: 20px; margin-bottom: 30px;'>\n<div style='flex: 1 1 250px; border: 1px solid rgba(150&comma; 150&comma; 150&comma; 0.4); border-radius: 8px; overflow: hidden; display: flex; flex-direction: column;'>\n<div style='padding: 15px; border-bottom: 1px solid rgba(150&comma; 150&comma; 150&comma; 0.2); font-weight: bold; font-size: 18px; color: inherit;'>Dimensiones de Puertas Compatibles<\/div>\n<div style='padding: 15px; color: inherit;'>\n<table style='width: 100%; border-collapse: collapse; font-size: 14px;'>\n<thead>\n<tr style='border-bottom: 1px solid rgba(150&comma; 150&comma; 150&comma; 0.3);'>\n<th style='text-align: left; padding: 8px 0; color: inherit;'>Modelo<\/th>\n<th style='text-align: left; padding: 8px 0; color: inherit;'>Medida en pies<\/th>\n<th style='text-align: left; padding: 8px 0; color: inherit;'>Medida en metros<\/th>\n<\/tr>\n<\/thead>\n<tbody>\n<tr style='border-bottom: 1px solid rgba(150&comma; 150&comma; 150&comma; 0.1);'>\n<td style='padding: 6px 0; color: inherit;'>GARAGE87<\/td>\n<td style='padding: 6px 0; color: inherit;'>8 x 7 &#8216;<\/td>\n<td style='padding: 6px 0; color: inherit;'>2.44 x 2.13 m<\/td>\n<\/tr>\n<tr style='border-bottom: 1px solid rgba(150&comma; 150&comma; 150&comma; 0.1);'>\n<td style='padding: 6px 0; color: inherit;'>GARAGE88<\/td>\n<td style='padding: 6px 0; color: inherit;'>8 x 8 &#8216;<\/td>\n<td style='padding: 6px 0; color: inherit;'>2.44 x 2.44 m<\/td>\n<\/tr>\n<tr style='border-bottom: 1px solid rgba(150&comma; 150&comma; 150&comma; 0.1);'>\n<td style='padding: 6px 0; color: inherit;'>GARAGE97<\/td>\n<td style='padding: 6px 0; color: inherit;'>9 x 7 &#8216;<\/td>\n<td style='padding: 6px 0; color: inherit;'>2.74 x 2.13 m<\/td>\n<\/tr>\n<tr style='border-bottom: 1px solid rgba(150&comma; 150&comma; 150&comma; 0.1);'>\n<td style='padding: 6px 0; color: inherit;'>GARAGE98<\/td>\n<td style='padding: 6px 0; color: inherit;'>9 x 8 &#8216;<\/td>\n<td style='padding: 6px 0; color: inherit;'>2.74 x 2.44 m<\/td>\n<\/tr>\n<tr style='border-bottom: 1px solid rgba(150&comma; 150&comma; 150&comma; 0.1);'>\n<td style='padding: 6px 0; color: inherit;'>GARAGE107<\/td>\n<td style='padding: 6px 0; color: inherit;'>10 x 7 &#8216;<\/td>\n<td style='padding: 6px 0; color: inherit;'>3.05 x 2.13 m<\/td>\n<\/tr>\n<tr style='border-bottom: 1px solid rgba(150&comma; 150&comma; 150&comma; 0.1);'>\n<td style='padding: 6px 0; color: inherit;'>GARAGE108<\/td>\n<td style='padding: 6px 0; color: inherit;'>10 x 8 &#8216;<\/td>\n<td style='padding: 6px 0; color: inherit;'>3.05 x 2.44 m<\/td>\n<\/tr>\n<tr style='border-bottom: 1px solid rgba(150&comma; 150&comma; 150&comma; 0.1);'>\n<td style='padding: 6px 0; color: inherit;'>GARAGE127<\/td>\n<td style='padding: 6px 0; color: inherit;'>12 x 7 &#8216;<\/td>\n<td style='padding: 6px 0; color: inherit;'>3.67 x 2.13 m<\/td>\n<\/tr>\n<tr style='border-bottom: 1px solid rgba(150&comma; 150&comma; 150&comma; 0.1);'>\n<td style='padding: 6px 0; color: inherit;'>GARAGE128<\/td>\n<td style='padding: 6px 0; color: inherit;'>12 x 8 &#8216;<\/td>\n<td style='padding: 6px 0; color: inherit;'>3.67 x 2.44 m<\/td>\n<\/tr>\n<tr style='border-bottom: 1px solid rgba(150&comma; 150&comma; 150&comma; 0.1);'>\n<td style='padding: 6px 0; color: inherit;'>GARAGE147<\/td>\n<td style='padding: 6px 0; color: inherit;'>14 x 7 &#8216;<\/td>\n<td style='padding: 6px 0; color: inherit;'>4.27 x 2.13 m<\/td>\n<\/tr>\n<tr style='border-bottom: 1px solid rgba(150&comma; 150&comma; 150&comma; 0.1);'>\n<td style='padding: 6px 0; color: inherit;'>GARAGE148<\/td>\n<td style='padding: 6px 0; color: inherit;'>14 x 8 &#8216;<\/td>\n<td style='padding: 6px 0; color: inherit;'>4.27 x 2.44 m<\/td>\n<\/tr>\n<tr style='border-bottom: 1px solid rgba(150&comma; 150&comma; 150&comma; 0.1);'>\n<td style='padding: 6px 0; color: inherit;'>GARAGE167<\/td>\n<td style='padding: 6px 0; color: inherit;'>16 x 7 &#8216;<\/td>\n<td style='padding: 6px 0; color: inherit;'>4.88 x 2.13 m<\/td>\n<\/tr>\n<tr style='border-bottom: 1px solid rgba(150&comma; 150&comma; 150&comma; 0.1);'>\n<td style='padding: 6px 0; color: inherit;'>GARAGE168<\/td>\n<td style='padding: 6px 0; color: inherit;'>16 x 8 &#8216;<\/td>\n<td style='padding: 6px 0; color: inherit;'>4.88 x 2.44 m<\/td>\n<\/tr>\n<tr style='border-bottom: 1px solid rgba(150&comma; 150&comma; 150&comma; 0.1);'>\n<td style='padding: 6px 0; color: inherit;'>GARAGE187<\/td>\n<td style='padding: 6px 0; color: inherit;'>18 x 7 &#8216;<\/td>\n<td style='padding: 6px 0; color: inherit;'>5.49 x 2.13 m<\/td>\n<\/tr>\n<tr style='border-bottom: 1px solid rgba(150&comma; 150&comma; 150&comma; 0.1);'>\n<td style='padding: 6px 0; color: inherit;'>GARAGE188<\/td>\n<td style='padding: 6px 0; color: inherit;'>18 x 8 &#8216;<\/td>\n<td style='padding: 6px 0; color: inherit;'>5.49 x 2.44 m<\/td>\n<\/tr>\n<tr>\n<td style='padding: 6px 0; color: inherit;'>GARAGE207<\/td>\n<td style='padding: 6px 0; color: inherit;'>20 x 7 &#8216;<\/td>\n<td style='padding: 6px 0; color: inherit;'>6.1 x 2.13 m<\/td>\n<\/tr>\n<tr>\n<td style='padding: 6px 0; color: inherit;'>GARAGE208<\/td>\n<td style='padding: 6px 0; color: inherit;'>20 x 8 &#8216;<\/td>\n<td style='padding: 6px 0; color: inherit;'>6.1 x 2.44 m<\/td>\n<\/tr>\n<\/tbody>\n<\/table><\/div>\n<\/p><\/div>\n<\/p><\/div>\n<p> <!-- Secci\u00f3n de aplicaciones --> <\/p>\n<div style='display: flex; flex-wrap: wrap; gap: 30px; margin-bottom: 30px;'>\n<div style='flex: 1 1 300px; min-width: 280px;'>\n<h3 style='font-size: 22px; border-bottom: 2px solid currentColor; padding-bottom: 5px; margin-top: 0; color: inherit; opacity: 0.8;'>Aplicaciones<\/h3>\n<ul style='padding-left: 20px; font-size: 15px; color: inherit;'>\n<li style='margin-bottom: 5px;'>Proyectos nuevos de construcci\u00f3n<\/li>\n<li style='margin-bottom: 5px;'>Remodelaci\u00f3n de garajes existentes<\/li>\n<li style='margin-bottom: 5px;'>Sustituci\u00f3n de puertas de garaje en viviendas<\/li>\n<li style='margin-bottom: 5px;'>Edificios comerciales con acceso de veh\u00edculos<\/li>\n<li style='margin-bottom: 5px;'>Sistemas de almacenamiento y bodegas<\/li>\n<\/ul><\/div>\n<\/p><\/div>\n<p> <!-- Separador --> <\/p>\n<hr style='border: 0; border-top: 1px solid rgba(150&comma; 150&comma; 150&comma; 0.3); margin: 30px 0;'> <\/div>\n","protected":false},"excerpt":{"rendered":"<p>Bisagra n\u00b03  para puertas de garage.<\/p>\n","protected":false},"featured_media":25019,"comment_status":"open","ping_status":"closed","template":"","meta":[],"product_brand":[],"product_cat":[750],"product_tag":[401,234,751],"class_list":{"0":"post-25020","1":"product","2":"type-product","3":"status-publish","4":"has-post-thumbnail","6":"product_cat-refacciones","7":"product_tag-acceso-vehicular","8":"product_tag-accesspro","9":"product_tag-refacciones","11":"first","12":"instock","13":"sale","14":"shipping-taxable","15":"purchasable","16":"product-type-simple"},"_links":{"self":[{"href":"https:\/\/soydeaqui.ddns.net\/pachuca\/index.php\/wp-json\/wp\/v2\/product\/25020","targetHints":{"allow":["GET"]}}],"collection":[{"href":"https:\/\/soydeaqui.ddns.net\/pachuca\/index.php\/wp-json\/wp\/v2\/product"}],"about":[{"href":"https:\/\/soydeaqui.ddns.net\/pachuca\/index.php\/wp-json\/wp\/v2\/types\/product"}],"replies":[{"embeddable":true,"href":"https:\/\/soydeaqui.ddns.net\/pachuca\/index.php\/wp-json\/wp\/v2\/comments?post=25020"}],"wp:featuredmedia":[{"embeddable":true,"href":"https:\/\/soydeaqui.ddns.net\/pachuca\/index.php\/wp-json\/wp\/v2\/media\/25019"}],"wp:attachment":[{"href":"https:\/\/soydeaqui.ddns.net\/pachuca\/index.php\/wp-json\/wp\/v2\/media?parent=25020"}],"wp:term":[{"taxonomy":"product_brand","embeddable":true,"href":"https:\/\/soydeaqui.ddns.net\/pachuca\/index.php\/wp-json\/wp\/v2\/product_brand?post=25020"},{"taxonomy":"product_cat","embeddable":true,"href":"https:\/\/soydeaqui.ddns.net\/pachuca\/index.php\/wp-json\/wp\/v2\/product_cat?post=25020"},{"taxonomy":"product_tag","embeddable":true,"href":"https:\/\/soydeaqui.ddns.net\/pachuca\/index.php\/wp-json\/wp\/v2\/product_tag?post=25020"}],"curies":[{"name":"wp","href":"https:\/\/api.w.org\/{rel}","templated":true}]}}