{"id":25014,"date":"2026-03-18T11:45:36","date_gmt":"2026-03-18T11:45:36","guid":{"rendered":"https:\/\/soydeaqui.ddns.net\/pachuca\/index.php\/producto\/bisagra-ajustable-p-ultima-seccion-puertas-d-garege\/"},"modified":"2026-03-18T11:45:37","modified_gmt":"2026-03-18T11:45:37","slug":"bisagra-ajustable-p-ultima-seccion-puertas-d-garege","status":"publish","type":"product","link":"https:\/\/soydeaqui.ddns.net\/pachuca\/index.php\/producto\/bisagra-ajustable-p-ultima-seccion-puertas-d-garege\/","title":{"rendered":"Bisagra Ajustable P\/ Ultima Seccion \/Puertas D\/ Garege.."},"content":{"rendered":"<div style='width: 100%; max-width: 1200px; margin: 0 auto; font-family: sans-serif; line-height: 1.6; color: inherit; background-color: transparent;'>\n<div style='display: flex; flex-wrap: wrap; gap: 30px; margin-bottom: 30px;'>\n<div style='flex: 1 1 300px; min-width: 280px;'>\n<h3 style='font-size: 22px; border-bottom: 2px solid currentColor; padding-bottom: 5px; margin-top: 0; color: inherit; opacity: 0.8;'>Descripci\u00f3n<\/h3>\n<p style='font-size: 15px; color: inherit;'>Bisagra ajustable para la \u00faltima secci\u00f3n de las puertas de garaje&comma; dise\u00f1ada para ofrecer un soporte preciso y duradero en la instalaci\u00f3n de puertas de cochera.<\/p>\n<\/div>\n<div style='flex: 1 1 300px; min-width: 280px;'>\n<h3 style='font-size: 22px; border-bottom: 2px solid currentColor; padding-bottom: 5px; margin-top: 0; color: inherit; opacity: 0.8;'>Caracter\u00edsticas Principales<\/h3>\n<ul style='padding-left: 20px; font-size: 15px; color: inherit;'>\n<li style='margin-bottom: 5px;'>Ajuste preciso para puertas de garaje<\/li>\n<li style='margin-bottom: 5px;'>Material resistente para alta durabilidad<\/li>\n<li style='margin-bottom: 5px;'>F\u00e1cil instalaci\u00f3n sin herramientas especializadas<\/li>\n<li style='margin-bottom: 5px;'>Compatible con m\u00faltiples modelos de puertas<\/li>\n<li style='margin-bottom: 5px;'>Dise\u00f1o compacto para espacios reducidos<\/li>\n<\/ul>\n<\/div>\n<\/div>\n<div style='display: flex; flex-wrap: wrap; gap: 20px; margin-bottom: 30px;'>\n<div style='flex: 1 1 250px; border: 1px solid rgba(150&comma; 150&comma; 150&comma; 0.4); border-radius: 8px; overflow: hidden; display: flex; flex-direction: column;'>\n<div style='padding: 15px; border-bottom: 1px solid rgba(150&comma; 150&comma; 150&comma; 0.2); font-weight: bold; font-size: 18px; color: inherit;'>Aplicaciones<\/div>\n<div style='padding: 15px; color: inherit;'>\n<ul style='padding-left: 20px; margin: 0; font-size: 14px; list-style-type: disc;'>\n<li style='margin-bottom: 5px;'>Instalaci\u00f3n en puertas de garaje residenciales<\/li>\n<li style='margin-bottom: 5px;'>Compatibilidad con modelos est\u00e1ndar de puertas de cochera<\/li>\n<li style='margin-bottom: 5px;'>Uso en proyectos nuevos o remodelaciones<\/li>\n<\/ul>\n<\/div>\n<\/div>\n<div style='flex: 1 1 250px; border: 1px solid rgba(150&comma; 150&comma; 150&comma; 0.4); border-radius: 8px; overflow: hidden; display: flex; flex-direction: column;'>\n<div style='padding: 15px; border-bottom: 1px solid rgba(150&comma; 150&comma; 150&comma; 0.2); font-weight: bold; font-size: 18px; color: inherit;'>Dimensiones Est\u00e1ndar de Puertas Compatibles<\/div>\n<div style='padding: 15px; color: inherit;'>\n<table style='width: 100%; border-collapse: collapse; font-size: 14px;'>\n<thead>\n<tr style='background-color: rgba(0&comma;0&comma;0&comma;0.05); color: inherit;'>\n<th style='padding: 10px; border: 1px solid rgba(150&comma;150&comma;150&comma;0.3);'>Modelo<\/th>\n<th style='padding: 10px; border: 1px solid rgba(150&comma;150&comma;150&comma;0.3);'>Medida en Pies<\/th>\n<th style='padding: 10px; border: 1px solid rgba(150&comma;150&comma;150&comma;0.3);'>Medida en Metros<\/th>\n<\/tr>\n<\/thead>\n<tbody>\n<tr>\n<td style='padding: 8px; border: 1px solid rgba(150&comma;150&comma;150&comma;0.3);'>GARAGE87<\/td>\n<td style='padding: 8px; border: 1px solid rgba(150&comma;150&comma;150&comma;0.3);'>8 x 7 &#8216;<\/td>\n<td style='padding: 8px; border: 1px solid rgba(150&comma;150&comma;150&comma;0.3);'>2.44 x 2.13 m<\/td>\n<\/tr>\n<tr>\n<td style='padding: 8px; border: 1px solid rgba(150&comma;150&comma;150&comma;0.3);'>GARAGE88<\/td>\n<td style='padding: 8px; border: 1px solid rgba(150&comma;150&comma;150&comma;0.3);'>8 x 8 &#8216;<\/td>\n<td style='padding: 8px; border: 1px solid rgba(150&comma;150&comma;150&comma;0.3);'>2.44 x 2.44 m<\/td>\n<\/tr>\n<tr>\n<td style='padding: 8px; border: 1px solid rgba(150&comma;150&comma;150&comma;0.3);'>GARAGE97<\/td>\n<td style='padding: 8px; border: 1px solid rgba(150&comma;150&comma;150&comma;0.3);'>9 x 7 &#8216;<\/td>\n<td style='padding: 8px; border: 1px solid rgba(150&comma;150&comma;150&comma;0.3);'>2.74 x 2.13 m<\/td>\n<\/tr>\n<tr>\n<td style='padding: 8px; border: 1px solid rgba(150&comma;150&comma;150&comma;0.3);'>GARAGE98<\/td>\n<td style='padding: 8px; border: 1px solid rgba(150&comma;150&comma;150&comma;0.3);'>9 x 8 &#8216;<\/td>\n<td style='padding: 8px; border: 1px solid rgba(150&comma;150&comma;150&comma;0.3);'>2.74 x 2.44 m<\/td>\n<\/tr>\n<tr>\n<td style='padding: 8px; border: 1px solid rgba(150&comma;150&comma;150&comma;0.3);'>GARAGE107<\/td>\n<td style='padding: 8px; border: 1px solid rgba(150&comma;150&comma;150&comma;0.3);'>10 x 7 &#8216;<\/td>\n<td style='padding: 8px; border: 1px solid rgba(150&comma;150&comma;150&comma;0.3);'>3.05 x 2.13 m<\/td>\n<\/tr>\n<tr>\n<td style='padding: 8px; border: 1px solid rgba(150&comma;150&comma;150&comma;0.3);'>GARAGE108<\/td>\n<td style='padding: 8px; border: 1px solid rgba(150&comma;150&comma;150&comma;0.3);'>10 x 8 &#8216;<\/td>\n<td style='padding: 8px; border: 1px solid rgba(150&comma;150&comma;150&comma;0.3);'>3.05 x 2.44 m<\/td>\n<\/tr>\n<tr>\n<td style='padding: 8px; border: 1px solid rgba(150&comma;150&comma;150&comma;0.3);'>GARAGE127<\/td>\n<td style='padding: 8px; border: 1px solid rgba(150&comma;150&comma;150&comma;0.3);'>12 x 7 &#8216;<\/td>\n<td style='padding: 8px; border: 1px solid rgba(150&comma;150&comma;150&comma;0.3);'>3.67 x 2.13 m<\/td>\n<\/tr>\n<tr>\n<td style='padding: 8px; border: 1px solid rgba(150&comma;150&comma;150&comma;0.3);'>GARAGE128<\/td>\n<td style='padding: 8px; border: 1px solid rgba(150&comma;150&comma;150&comma;0.3);'>12 x 8 &#8216;<\/td>\n<td style='padding: 8px; border: 1px solid rgba(150&comma;150&comma;150&comma;0.3);'>3.67 x 2.44 m<\/td>\n<\/tr>\n<tr>\n<td style='padding: 8px; border: 1px solid rgba(150&comma;150&comma;150&comma;0.3);'>GARAGE147<\/td>\n<td style='padding: 8px; border: 1px solid rgba(150&comma;150&comma;150&comma;0.3);'>14 x 7 &#8216;<\/td>\n<td style='padding: 8px; border: 1px solid rgba(150&comma;150&comma;150&comma;0.3);'>4.27 x 2.13 m<\/td>\n<\/tr>\n<tr>\n<td style='padding: 8px; border: 1px solid rgba(150&comma;150&comma;150&comma;0.3);'>GARAGE148<\/td>\n<td style='padding: 8px; border: 1px solid rgba(150&comma;150&comma;150&comma;0.3);'>14 x 8 &#8216;<\/td>\n<td style='padding: 8px; border: 1px solid rgba(150&comma;150&comma;150&comma;0.3);'>4.27 x 2.44 m<\/td>\n<\/tr>\n<tr>\n<td style='padding: 8px; border: 1px solid rgba(150&comma;150&comma;150&comma;0.3);'>GARAGE167<\/td>\n<td style='padding: 8px; border: 1px solid rgba(150&comma;150&comma;150&comma;0.3);'>16 x 7 &#8216;<\/td>\n<td style='padding: 8px; border: 1px solid rgba(150&comma;150&comma;150&comma;0.3);'>4.88 x 2.13 m<\/td>\n<\/tr>\n<tr>\n<td style='padding: 8px; border: 1px solid rgba(150&comma;150&comma;150&comma;0.3);'>GARAGE168<\/td>\n<td style='padding: 8px; border: 1px solid rgba(150&comma;150&comma;150&comma;0.3);'>16 x 8 &#8216;<\/td>\n<td style='padding: 8px; border: 1px solid rgba(150&comma;150&comma;150&comma;0.3);'>4.88 x 2.44 m<\/td>\n<\/tr>\n<tr>\n<td style='padding: 8px; border: 1px solid rgba(150&comma;150&comma;150&comma;0.3);'>GARAGE187<\/td>\n<td style='padding: 8px; border: 1px solid rgba(150&comma;150&comma;150&comma;0.3);'>18 x 7 &#8216;<\/td>\n<td style='padding: 8px; border: 1px solid rgba(150&comma;150&comma;150&comma;0.3);'>5.49 x 2.13 m<\/td>\n<\/tr>\n<tr>\n<td style='padding: 8px; border: 1px solid rgba(150&comma;150&comma;150&comma;0.3);'>GARAGE188<\/td>\n<td style='padding: 8px; border: 1px solid rgba(150&comma;150&comma;150&comma;0.3);'>18 x 8 &#8216;<\/td>\n<td style='padding: 8px; border: 1px solid rgba(150&comma;150&comma;150&comma;0.3);'>5.49 x 2.44 m<\/td>\n<\/tr>\n<tr>\n<td style='padding: 8px; border: 1px solid rgba(150&comma;150&comma;150&comma;0.3);'>GARAGE207<\/td>\n<td style='padding: 8px; border: 1px solid rgba(150&comma;150&comma;150&comma;0.3);'>20 x 7 &#8216;<\/td>\n<td style='padding: 8px; border: 1px solid rgba(150&comma;150&comma;150&comma;0.3);'>6.1 x 2.13 m<\/td>\n<\/tr>\n<tr>\n<td style='padding: 8px; border: 1px solid rgba(150&comma;150&comma;150&comma;0.3);'>GARAGE208<\/td>\n<td style='padding: 8px; border: 1px solid rgba(150&comma;150&comma;150&comma;0.3);'>20 x 8 &#8216;<\/td>\n<td style='padding: 8px; border: 1px solid rgba(150&comma;150&comma;150&comma;0.3);'>6.1 x 2.44 m<\/td>\n<\/tr>\n<\/tbody>\n<\/table>\n<\/div>\n<\/div>\n<\/div>\n<hr style='border: 0; border-top: 1px solid rgba(150&comma; 150&comma; 150&comma; 0.3); margin: 30px 0;'><\/div>\n","protected":false},"excerpt":{"rendered":"<p>Bisagra Ajustable P\/ Ultima Seccion \/Puertas D\/ Garege..<\/p>\n","protected":false},"featured_media":25013,"comment_status":"open","ping_status":"closed","template":"","meta":[],"product_brand":[],"product_cat":[750],"product_tag":[401,234,751],"class_list":{"0":"post-25014","1":"product","2":"type-product","3":"status-publish","4":"has-post-thumbnail","6":"product_cat-refacciones","7":"product_tag-acceso-vehicular","8":"product_tag-accesspro","9":"product_tag-refacciones","11":"first","12":"outofstock","13":"sale","14":"shipping-taxable","15":"purchasable","16":"product-type-simple"},"_links":{"self":[{"href":"https:\/\/soydeaqui.ddns.net\/pachuca\/index.php\/wp-json\/wp\/v2\/product\/25014","targetHints":{"allow":["GET"]}}],"collection":[{"href":"https:\/\/soydeaqui.ddns.net\/pachuca\/index.php\/wp-json\/wp\/v2\/product"}],"about":[{"href":"https:\/\/soydeaqui.ddns.net\/pachuca\/index.php\/wp-json\/wp\/v2\/types\/product"}],"replies":[{"embeddable":true,"href":"https:\/\/soydeaqui.ddns.net\/pachuca\/index.php\/wp-json\/wp\/v2\/comments?post=25014"}],"wp:featuredmedia":[{"embeddable":true,"href":"https:\/\/soydeaqui.ddns.net\/pachuca\/index.php\/wp-json\/wp\/v2\/media\/25013"}],"wp:attachment":[{"href":"https:\/\/soydeaqui.ddns.net\/pachuca\/index.php\/wp-json\/wp\/v2\/media?parent=25014"}],"wp:term":[{"taxonomy":"product_brand","embeddable":true,"href":"https:\/\/soydeaqui.ddns.net\/pachuca\/index.php\/wp-json\/wp\/v2\/product_brand?post=25014"},{"taxonomy":"product_cat","embeddable":true,"href":"https:\/\/soydeaqui.ddns.net\/pachuca\/index.php\/wp-json\/wp\/v2\/product_cat?post=25014"},{"taxonomy":"product_tag","embeddable":true,"href":"https:\/\/soydeaqui.ddns.net\/pachuca\/index.php\/wp-json\/wp\/v2\/product_tag?post=25014"}],"curies":[{"name":"wp","href":"https:\/\/api.w.org\/{rel}","templated":true}]}}