{"id":24986,"date":"2026-03-18T11:45:05","date_gmt":"2026-03-18T11:45:05","guid":{"rendered":"https:\/\/soydeaqui.ddns.net\/pachuca\/index.php\/producto\/operador-subterraneo-faac-s800h-sin-bloqueo-para-puertas-abatibles-para-puertas-de-hasta-4-metros-de-longitud-uso-continuo\/"},"modified":"2026-03-18T11:45:09","modified_gmt":"2026-03-18T11:45:09","slug":"operador-subterraneo-faac-s800h-sin-bloqueo-para-puertas-abatibles-para-puertas-de-hasta-4-metros-de-longitud-uso-continuo","status":"publish","type":"product","link":"https:\/\/soydeaqui.ddns.net\/pachuca\/index.php\/producto\/operador-subterraneo-faac-s800h-sin-bloqueo-para-puertas-abatibles-para-puertas-de-hasta-4-metros-de-longitud-uso-continuo\/","title":{"rendered":"Operador Subterraneo FAAC S800H Sin Bloqueo Para Puertas Abatibles \/ Para Puertas de hasta 4 Metros de Longitud  \/ Uso Continuo"},"content":{"rendered":"<div style='width: 100%; max-width: 1200px; margin: 0 auto; font-family: sans-serif; line-height: 1.6; color: inherit;'> <!-- Secci\u00f3n de caracter\u00edsticas en tres columnas --> <\/p>\n<div style='display: flex; flex-wrap: wrap; gap: 30px; margin-bottom: 30px;'>\n<div style='flex: 1 1 300px; min-width: 280px;'>\n<div style='border-left: 5px solid #0091ff; border-radius: 5px; padding: 15px; box-shadow: 2px 2px 10px rgba(216&comma; 216&comma; 216&comma; 0.5);'> <strong style='font-size: 18px; margin-bottom: 10px; display: block; color: inherit;'>Caracter\u00edsticas principales:<\/strong> <\/p>\n<ul style='padding-left: 20px; margin: 0; font-size: 15px; color: inherit;'>\n<li style='margin-bottom: 8px;'>Operador para puertas de hasta 4 metros<\/li>\n<li style='margin-bottom: 8px;'>Para puertas de hasta 800 kg<\/li>\n<li style='margin-bottom: 8px;'>Equipo de uso continuo<\/li>\n<\/ul><\/div>\n<\/p><\/div>\n<div style='flex: 1 1 300px; min-width: 280px;'>\n<div style='border-left: 5px solid #0091ff; border-radius: 5px; padding: 15px; box-shadow: 2px 2px 10px rgba(216&comma; 216&comma; 216&comma; 0.5);'> <strong style='font-size: 18px; margin-bottom: 10px; display: block; color: inherit;'>Caracter\u00edsticas F\u00edsicas y El\u00e9ctricas:<\/strong> <\/p>\n<ul style='padding-left: 20px; margin: 0; font-size: 15px; color: inherit;'>\n<li style='margin-bottom: 8px;'>Voltaje de operaci\u00f3n del cuadro de mando 110V<\/li>\n<li style='margin-bottom: 8px;'>Voltaje de operaci\u00f3n del operador 24V<\/li>\n<li style='margin-bottom: 8px;'>M\u00e1ximo poder 60W<\/li>\n<\/ul><\/div>\n<\/p><\/div>\n<div style='flex: 1 1 300px; min-width: 280px;'>\n<div style='border-left: 5px solid #0091ff; border-radius: 5px; padding: 15px; box-shadow: 2px 2px 10px rgba(216&comma; 216&comma; 216&comma; 0.5);'> <strong style='font-size: 18px; margin-bottom: 10px; display: block; color: inherit;'>Caracter\u00edsticas Destacadas:<\/strong> <\/p>\n<ul style='padding-left: 20px; margin: 0; font-size: 15px; color: inherit;'>\n<li style='margin-bottom: 8px;'>Grado de protecci\u00f3n IP67<\/li>\n<li style='margin-bottom: 8px;'>Temperatura de operaci\u00f3n -20 a 55\u00b0C<\/li>\n<li style='margin-bottom: 8px;'>Velocidad angular 5.5\u00b0\/S<\/li>\n<\/ul><\/div>\n<\/p><\/div>\n<\/p><\/div>\n<p> <!-- Separador --> <\/p>\n<hr style='border: 0; border-top: 1px solid rgba(150&comma; 150&comma; 150&comma; 0.3); margin: 30px 0;'> <!-- Secci\u00f3n de informaci\u00f3n adicional y imagen --> <\/p>\n<div style='display: flex; flex-wrap: wrap; gap: 30px; margin-bottom: 30px;'>\n<div style='flex: 1 1 300px; min-width: 280px;'>\n<h3 style='font-size: 20px; border-bottom: 2px solid currentColor; padding-bottom: 5px; margin-top: 0; margin-bottom: 15px; color: inherit; opacity: 0.8;'>Caracter\u00edsticas adicionales:<\/h3>\n<ul style='padding-left: 20px; margin: 0 0 20px 0; font-size: 15px; color: inherit;'>\n<li style='margin-bottom: 8px;'>Peso del operador 14 kg<\/li>\n<li style='margin-bottom: 8px;'>Dimensiones del operador 380 x 220 x 160 mm<\/li>\n<li style='margin-bottom: 8px;'>Electr\u00f3nica se adquiere por separado.<\/li>\n<li style='margin-bottom: 8px;'>Equipo con un a\u00f1o de garant\u00eda contra defectos de fabricaci\u00f3n.<\/li>\n<li style='margin-bottom: 8px;'>Principio de operaci\u00f3n hidr\u00e1ulico.<\/li>\n<li style='margin-bottom: 8px;'>Encoder magn\u00e9tico absoluto integrado<\/li>\n<li style='margin-bottom: 8px;'>Compatibilidad con tecnolog\u00eda BUS 2 easy<\/li>\n<li style='margin-bottom: 8px;'>Topes positivos integrados.<\/li>\n<li style='margin-bottom: 8px;'>Motor con escobillas<\/li>\n<\/ul><\/div>\n<div style='flex: 1 1 300px; min-width: 280px;'> <img style='width: 100%; height: auto; border: 1px solid rgba(150&comma;150&comma;150&comma;0.3); border-radius: 8px;' src='https:\/\/ftp3.syscom.mx\/usuarios\/fotos\/BancoFotografiasSyscom\/FAAC\/108724\/108724-p.PNG' alt='Operador Subterr\u00e1neo FAAC S800H'> <\/div>\n<\/p><\/div>\n<p> <!-- Separador --> <\/p>\n<hr style='border: 0; border-top: 1px solid rgba(150&comma; 150&comma; 150&comma; 0.3); margin: 30px 0;'> <!-- Secci\u00f3n de equipos necesarios --> <\/p>\n<div style='margin-bottom: 30px;'>\n<h3 style='font-size: 20px; text-align: center; margin-bottom: 20px; color: inherit;'>\u00bfQu\u00e9 equipos necesito para mi instalaci\u00f3n de una hoja?<\/h3>\n<div style='display: flex; flex-direction: column; gap: 10px;'>\n<p style='text-align: center; margin: 0; font-size: 15px; color: inherit;'>1 x <strong style='color: inherit;'>108724<\/strong> Operador subterr\u00e1neo S800H a 24V<\/p>\n<p style='text-align: center; margin: 0; font-size: 15px; color: inherit;'>1 x <strong style='color: inherit;'>790284<\/strong> Tarjeta de control E124 para operador S800H 24V<\/p>\n<p style='text-align: center; margin: 0; font-size: 15px; color: inherit;'>1 x <strong style='color: inherit;'>490112<\/strong> Caja de cimentaci\u00f3n para operador S800H<\/p>\n<p style='text-align: center; margin: 0; font-size: 15px; color: inherit;'>1 x <strong style='color: inherit;'>390972<\/strong> Junta estriada para operador S800H<\/p>\n<p style='text-align: center; margin: 0; font-size: 15px; color: inherit;'>1 x <strong style='color: inherit;'>712650<\/strong> Electrocerradura FAAC<\/p>\n<p style='text-align: center; margin: 0; font-size: 15px; color: inherit;'>1 x <strong style='color: inherit;'>712651001<\/strong> Cilindro interno para electrocerradura<\/p>\n<p style='text-align: center; margin: 0; font-size: 15px; color: inherit;'>1 x <strong style='color: inherit;'>712652001<\/strong> Cilindro externo para electrocerradura<\/p>\n<\/p><\/div>\n<\/p><\/div>\n<p> <!-- Separador --> <\/p>\n<hr style='border: 0; border-top: 1px solid rgba(150&comma; 150&comma; 150&comma; 0.3); margin: 30px 0;'> <!-- Secci\u00f3n de notas adicionales --> <\/p>\n<div style='margin-bottom: 30px;'>\n<h3 style='font-size: 20px; text-align: center; margin-bottom: 20px; color: inherit;'>Notas adicionales<\/h3>\n<div style='display: flex; flex-direction: column; gap: 10px; font-size: 15px;'>\n<p style='text-align: center; margin: 0; color: inherit;'>Un a\u00f1o contra defectos de fabricaci\u00f3n.<\/p>\n<p style='text-align: center; margin: 0; color: inherit;'><strong style='color: inherit;'>Operador SIN bloqueo. Los operadores sin bloqueo requieren cerraduras electricas para mantener la puerta cerrada&comma; en caso de omitirla y empujar la puerta esta se abrira.<\/strong><\/p>\n<p style='text-align: center; margin: 0; color: inherit;'>La instalaci\u00f3n de la puerta requiere topes fisicos.<\/p>\n<\/p><\/div>\n<\/p><\/div>\n<p> <!-- Separador --> <\/p>\n<hr style='border: 0; border-top: 1px solid rgba(150&comma; 150&comma; 150&comma; 0.3); margin: 30px 0;'> <!-- Secci\u00f3n de nota sobre viento --> <\/p>\n<div style='margin-bottom: 30px;'>\n<h3 style='font-size: 20px; text-align: center; margin-bottom: 20px; color: inherit;'>Nota importante sobre resistencia al viento<\/h3>\n<p style='text-align: center; font-size: 15px; color: inherit;'>Es importante tener en cuenta la resistencia que el viento puede generar en los portones sin ranuras de ventilaci\u00f3n al operar los motores en apertura y cierre de puertas abatibles. Recomendamos considerar la instalaci\u00f3n de rejillas que permitan la adecuada ventilaci\u00f3n para facilitar el correcto funcionamiento de los dispositivos.<\/p>\n<\/p><\/div>\n<p> <!-- Separador final --> <\/p>\n<hr style='border: 0; border-top: 1px solid rgba(150&comma; 150&comma; 150&comma; 0.3); margin: 30px 0;'> <\/div>\n","protected":false},"excerpt":{"rendered":"<p>Operador Subterraneo FAAC S800H Sin Bloqueo Para Puertas Abatibles \/ Para Puertas de hasta 4 Metros de Longitud  \/ Uso Continuo<\/p>\n","protected":false},"featured_media":24985,"comment_status":"open","ping_status":"closed","template":"","meta":[],"product_brand":[],"product_cat":[821],"product_tag":[401,778,822],"class_list":{"0":"post-24986","1":"product","2":"type-product","3":"status-publish","4":"has-post-thumbnail","6":"product_cat-puertas-abatibles","7":"product_tag-acceso-vehicular","8":"product_tag-faac","9":"product_tag-puertas-abatibles","11":"first","12":"instock","13":"sale","14":"shipping-taxable","15":"purchasable","16":"product-type-simple"},"_links":{"self":[{"href":"https:\/\/soydeaqui.ddns.net\/pachuca\/index.php\/wp-json\/wp\/v2\/product\/24986","targetHints":{"allow":["GET"]}}],"collection":[{"href":"https:\/\/soydeaqui.ddns.net\/pachuca\/index.php\/wp-json\/wp\/v2\/product"}],"about":[{"href":"https:\/\/soydeaqui.ddns.net\/pachuca\/index.php\/wp-json\/wp\/v2\/types\/product"}],"replies":[{"embeddable":true,"href":"https:\/\/soydeaqui.ddns.net\/pachuca\/index.php\/wp-json\/wp\/v2\/comments?post=24986"}],"wp:featuredmedia":[{"embeddable":true,"href":"https:\/\/soydeaqui.ddns.net\/pachuca\/index.php\/wp-json\/wp\/v2\/media\/24985"}],"wp:attachment":[{"href":"https:\/\/soydeaqui.ddns.net\/pachuca\/index.php\/wp-json\/wp\/v2\/media?parent=24986"}],"wp:term":[{"taxonomy":"product_brand","embeddable":true,"href":"https:\/\/soydeaqui.ddns.net\/pachuca\/index.php\/wp-json\/wp\/v2\/product_brand?post=24986"},{"taxonomy":"product_cat","embeddable":true,"href":"https:\/\/soydeaqui.ddns.net\/pachuca\/index.php\/wp-json\/wp\/v2\/product_cat?post=24986"},{"taxonomy":"product_tag","embeddable":true,"href":"https:\/\/soydeaqui.ddns.net\/pachuca\/index.php\/wp-json\/wp\/v2\/product_tag?post=24986"}],"curies":[{"name":"wp","href":"https:\/\/api.w.org\/{rel}","templated":true}]}}