{"id":24984,"date":"2026-03-18T11:45:00","date_gmt":"2026-03-18T11:45:00","guid":{"rendered":"https:\/\/soydeaqui.ddns.net\/pachuca\/index.php\/producto\/caja-de-cimentacion-para-s800h\/"},"modified":"2026-03-18T11:45:01","modified_gmt":"2026-03-18T11:45:01","slug":"caja-de-cimentacion-para-s800h","status":"publish","type":"product","link":"https:\/\/soydeaqui.ddns.net\/pachuca\/index.php\/producto\/caja-de-cimentacion-para-s800h\/","title":{"rendered":"CAJA DE CIMENTACION PARA S800H"},"content":{"rendered":"<div style='width: 100%; max-width: 1200px; margin: 0 auto; font-family: sans-serif; line-height: 1.6; color: inherit; background-color: transparent;'>\n<div style='display: flex; flex-wrap: wrap; gap: 30px; margin-bottom: 30px;'>\n<div style='flex: 1 1 300px; min-width: 280px;'>\n<h3 style='font-size: 22px; border-bottom: 2px solid currentColor; padding-bottom: 5px; margin-top: 0; color: inherit; opacity: 0.8;'>Caracter\u00edsticas principales<\/h3>\n<ul style='padding-left: 20px; font-size: 15px; color: inherit;'>\n<li style='margin-bottom: 5px;'>Operador hidr\u00e1ulico subterr\u00e1neo con tecnolog\u00eda 24V<\/li>\n<li style='margin-bottom: 5px;'>Codificador magn\u00e9tico absoluto con conexi\u00f3n BUS 2easy no polarizada de dos hilos<\/li>\n<li style='margin-bottom: 5px;'>Paradas positivas integradas&comma; posibilidad de evitar la instalaci\u00f3n de paradas mec\u00e1nicas (Patente FAAC)<\/li>\n<li style='margin-bottom: 5px;'>Sistema SAFEzone GREENtech<\/li>\n<li style='margin-bottom: 5px;'>Frecuencia de uso continuo<\/li>\n<\/ul><\/div>\n<div style='flex: 1 1 300px; min-width: 280px;'>\n<h3 style='font-size: 22px; border-bottom: 2px solid currentColor; padding-bottom: 5px; margin-top: 0; color: inherit; opacity: 0.8;'>Especificaciones t\u00e9cnicas<\/h3>\n<ul style='padding-left: 20px; font-size: 15px; color: inherit;'>\n<li style='margin-bottom: 5px;'><strong>Tensi\u00f3n de alimentaci\u00f3n:<\/strong> 110V<\/li>\n<li style='margin-bottom: 5px;'><strong>Tipo de motor:<\/strong> Con escobillas 24V<\/li>\n<li style='margin-bottom: 5px;'><strong>Potencia m\u00e1xima:<\/strong> 60W<\/li>\n<li style='margin-bottom: 5px;'><strong>Velocidad angular m\u00e1xima:<\/strong> 5.5\u00b0\/s (con E024S) &#8211; 8.2\u00b0\/s (con E124)<\/li>\n<li style='margin-bottom: 5px;'><strong>Peso m\u00e1ximo hoja:<\/strong> 800 kg<\/li>\n<li style='margin-bottom: 5px;'><strong>Temperatura operaci\u00f3n:<\/strong> -20\u00b0C \u00f7 +55\u00b0C<\/li>\n<li style='margin-bottom: 5px;'><strong>Grado de protecci\u00f3n:<\/strong> IP67<\/li>\n<li style='margin-bottom: 5px;'><strong>Peso:<\/strong> 14 kg \/ 15 kg<\/li>\n<li style='margin-bottom: 5px;'><strong>Ancho m\u00e1ximo hoja:<\/strong> 2-4 m<\/li>\n<\/ul><\/div>\n<\/p><\/div>\n<div style='display: flex; flex-wrap: wrap; gap: 30px; margin-bottom: 30px;'>\n<div style='flex: 1 1 300px; min-width: 280px;'>\n<h3 style='font-size: 22px; border-bottom: 2px solid currentColor; padding-bottom: 5px; margin-top: 0; color: inherit; opacity: 0.8;'>Composici\u00f3n del kit<\/h3>\n<ul style='padding-left: 20px; font-size: 15px; color: inherit;'>\n<li style='margin-bottom: 5px;'>Operador hidr\u00e1ulico con cierre hidr\u00e1ulico en apertura\/cierre (CBAC)&comma; sin cierre (SBW)<\/li>\n<li style='margin-bottom: 5px;'>Codificador magn\u00e9tico absoluto<\/li>\n<li style='margin-bottom: 5px;'>Llave de liberaci\u00f3n y ajuste<\/li>\n<li style='margin-bottom: 5px;'>Caja de cimentaci\u00f3n en aluminio con pin anti-rotaci\u00f3n<\/li>\n<li style='margin-bottom: 5px;'>Tapa en acero inoxidable pulido<\/li>\n<\/ul><\/div>\n<div style='flex: 1 1 300px; min-width: 280px;'>\n<h3 style='font-size: 22px; border-bottom: 2px solid currentColor; padding-bottom: 5px; margin-top: 0; color: inherit; opacity: 0.8;'>Dimensiones<\/h3>\n<ul style='padding-left: 20px; font-size: 15px; color: inherit;'>\n<li style='margin-bottom: 5px;'><strong>Operador CBAC:<\/strong> 380 x 220 x 160 mm<\/li>\n<li style='margin-bottom: 5px;'><strong>Operador SBW:<\/strong> 450 x 220 x 160 mm<\/li>\n<li style='margin-bottom: 5px;'><strong>Caja de cimentaci\u00f3n:<\/strong> 507 x 283 x 200 mm<\/li>\n<\/ul><\/div>\n<\/p><\/div>\n<div style='display: flex; flex-wrap: wrap; gap: 20px; margin-bottom: 30px;'>\n<div style='flex: 1 1 250px; border: 1px solid rgba(150&comma; 150&comma; 150&comma; 0.4); border-radius: 8px; overflow: hidden; display: flex; flex-direction: column;'>\n<div style='padding: 15px; border-bottom: 1px solid rgba(150&comma; 150&comma; 150&comma; 0.2); font-weight: bold; font-size: 18px; color: inherit;'>Compatibilidad<\/div>\n<div style='padding: 15px; color: inherit;'>\n<ul style='padding-left: 20px; margin: 0; font-size: 14px; list-style-type: disc;'>\n<li style='margin-bottom: 5px;'>Con controladora E024S<\/li>\n<li style='margin-bottom: 5px;'>Con controladora E124<\/li>\n<\/ul><\/div>\n<\/p><\/div>\n<div style='flex: 1 1 250px; border: 1px solid rgba(150&comma; 150&comma; 150&comma; 0.4); border-radius: 8px; overflow: hidden; display: flex; flex-direction: column;'>\n<div style='padding: 15px; border-bottom: 1px solid rgba(150&comma; 150&comma; 150&comma; 0.2); font-weight: bold; font-size: 18px; color: inherit;'>Accesorios disponibles<\/div>\n<div style='padding: 15px; color: inherit;'>\n<ul style='padding-left: 20px; margin: 0; font-size: 14px; list-style-type: disc;'>\n<li style='margin-bottom: 5px;'>Caja de cimentaci\u00f3n<\/li>\n<li style='margin-bottom: 5px;'>Kit de bater\u00eda de emergencia<\/li>\n<li style='margin-bottom: 5px;'>Soporte de unidad de control<\/li>\n<li style='margin-bottom: 5px;'>Kit de uni\u00f3n acanalada<\/li>\n<li style='margin-bottom: 5px;'>Kit de calzado soldado S800<\/li>\n<\/ul><\/div>\n<\/p><\/div>\n<div style='flex: 1 1 250px; border: 1px solid rgba(150&comma; 150&comma; 150&comma; 0.4); border-radius: 8px; overflow: hidden; display: flex; flex-direction: column;'>\n<div style='padding: 15px; border-bottom: 1px solid rgba(150&comma; 150&comma; 150&comma; 0.2); font-weight: bold; font-size: 18px; color: inherit;'>Aplicaciones<\/div>\n<div style='padding: 15px; color: inherit;'>\n<ul style='padding-left: 20px; margin: 0; font-size: 14px; list-style-type: disc;'>\n<li style='margin-bottom: 5px;'>Automatizaci\u00f3n de puertas correderas<\/li>\n<li style='margin-bottom: 5px;'>Sistemas de apertura hidr\u00e1ulicos<\/li>\n<li style='margin-bottom: 5px;'>Soluciones para uso intensivo<\/li>\n<\/ul><\/div>\n<\/p><\/div>\n<\/p><\/div>\n<hr style='border: 0; border-top: 1px solid rgba(150&comma; 150&comma; 150&comma; 0.3); margin: 30px 0;'>\n<div style='display: flex; flex-wrap: wrap; gap: 30px; margin-bottom: 30px;'>\n<div style='flex: 1 1 300px; min-width: 280px;'>\n<h3 style='font-size: 22px; border-bottom: 2px solid currentColor; padding-bottom: 5px; margin-top: 0; color: inherit; opacity: 0.8;'>Notas importantes<\/h3>\n<ul style='padding-left: 20px; font-size: 15px; color: inherit;'>\n<li style='margin-bottom: 5px;'>Las bater\u00edas est\u00e1ndar de 2 Pb no est\u00e1n incluidas y deben tener 12 V\/4Ah<\/li>\n<li style='margin-bottom: 5px;'>Dimensiones bater\u00eda: 90 x 70 x 108 mm<\/li>\n<li style='margin-bottom: 5px;'>Aceite recomendado: FAAC HP OIL<\/li>\n<\/ul><\/div>\n<div style='flex: 1 1 300px; min-width: 280px;'>\n<h3 style='font-size: 22px; border-bottom: 2px solid currentColor; padding-bottom: 5px; margin-top: 0; color: inherit; opacity: 0.8;'>Identificaci\u00f3n<\/h3>\n<ul style='padding-left: 20px; font-size: 15px; color: inherit;'>\n<li style='margin-bottom: 5px;'><strong>C\u00f3digo FAAC:<\/strong> 490112<\/li>\n<li style='margin-bottom: 5px;'><strong>Aplicaci\u00f3n:<\/strong> Caja de cimentaci\u00f3n para S800H<\/li>\n<\/ul><\/div>\n<\/p><\/div>\n<\/p><\/div>\n","protected":false},"excerpt":{"rendered":"<p>CAJA DE CIMENTACION PARA S800H<\/p>\n","protected":false},"featured_media":24983,"comment_status":"open","ping_status":"closed","template":"","meta":[],"product_brand":[],"product_cat":[777],"product_tag":[401,93,778],"class_list":{"0":"post-24984","1":"product","2":"type-product","3":"status-publish","4":"has-post-thumbnail","6":"product_cat-accesorios-acceso-vehicular","7":"product_tag-acceso-vehicular","8":"product_tag-accesorios","9":"product_tag-faac","11":"first","12":"instock","13":"sale","14":"shipping-taxable","15":"purchasable","16":"product-type-simple"},"_links":{"self":[{"href":"https:\/\/soydeaqui.ddns.net\/pachuca\/index.php\/wp-json\/wp\/v2\/product\/24984","targetHints":{"allow":["GET"]}}],"collection":[{"href":"https:\/\/soydeaqui.ddns.net\/pachuca\/index.php\/wp-json\/wp\/v2\/product"}],"about":[{"href":"https:\/\/soydeaqui.ddns.net\/pachuca\/index.php\/wp-json\/wp\/v2\/types\/product"}],"replies":[{"embeddable":true,"href":"https:\/\/soydeaqui.ddns.net\/pachuca\/index.php\/wp-json\/wp\/v2\/comments?post=24984"}],"wp:featuredmedia":[{"embeddable":true,"href":"https:\/\/soydeaqui.ddns.net\/pachuca\/index.php\/wp-json\/wp\/v2\/media\/24983"}],"wp:attachment":[{"href":"https:\/\/soydeaqui.ddns.net\/pachuca\/index.php\/wp-json\/wp\/v2\/media?parent=24984"}],"wp:term":[{"taxonomy":"product_brand","embeddable":true,"href":"https:\/\/soydeaqui.ddns.net\/pachuca\/index.php\/wp-json\/wp\/v2\/product_brand?post=24984"},{"taxonomy":"product_cat","embeddable":true,"href":"https:\/\/soydeaqui.ddns.net\/pachuca\/index.php\/wp-json\/wp\/v2\/product_cat?post=24984"},{"taxonomy":"product_tag","embeddable":true,"href":"https:\/\/soydeaqui.ddns.net\/pachuca\/index.php\/wp-json\/wp\/v2\/product_tag?post=24984"}],"curies":[{"name":"wp","href":"https:\/\/api.w.org\/{rel}","templated":true}]}}