{"id":24960,"date":"2026-03-18T11:44:32","date_gmt":"2026-03-18T11:44:32","guid":{"rendered":"https:\/\/soydeaqui.ddns.net\/pachuca\/index.php\/producto\/operador-faac-c721-para-puertas-corredizas-de-hasta-800-kg-compatible-con-respaldo-de-bateria-longitud-maxima-de-la-hoja-15-metros\/"},"modified":"2026-03-18T11:44:33","modified_gmt":"2026-03-18T11:44:33","slug":"operador-faac-c721-para-puertas-corredizas-de-hasta-800-kg-compatible-con-respaldo-de-bateria-longitud-maxima-de-la-hoja-15-metros","status":"publish","type":"product","link":"https:\/\/soydeaqui.ddns.net\/pachuca\/index.php\/producto\/operador-faac-c721-para-puertas-corredizas-de-hasta-800-kg-compatible-con-respaldo-de-bateria-longitud-maxima-de-la-hoja-15-metros\/","title":{"rendered":"Operador FAAC C721 para Puertas Corredizas de hasta 800 kg \/ Compatible con Respaldo de Bateria \/ Longitud Maxima de la Hoja 15 Metros"},"content":{"rendered":"<div style='width: 100%; max-width: 1200px; margin: 0 auto; font-family: sans-serif; line-height: 1.6; color: inherit; background-color: transparent;'> <!-- Secci\u00f3n de caracter\u00edsticas --> <\/p>\n<div style='display: flex; flex-wrap: wrap; gap: 30px; margin-bottom: 30px;'>\n<div style='flex: 1 1 300px; min-width: 280px;'>\n<h3 style='font-size: 22px; border-bottom: 2px solid currentColor; padding-bottom: 5px; margin-top: 0; color: inherit; opacity: 0.8;'>Caracter\u00edsticas principales<\/h3>\n<ul style='padding-left: 20px; font-size: 15px; color: inherit;'>\n<li style='margin-bottom: 5px;'>Peso m\u00e1ximo de la puerta 800 Kg.<\/li>\n<li style='margin-bottom: 5px;'>Longitud m\u00e1xima de la hoja 15 m.<\/li>\n<li style='margin-bottom: 5px;'>Requiere cremallera m\u00f3dulo 4.<\/li>\n<li style='margin-bottom: 5px;'>Equipo de uso semi intensivo.<\/li>\n<\/ul><\/div>\n<div style='flex: 1 1 300px; min-width: 280px;'>\n<h3 style='font-size: 22px; border-bottom: 2px solid currentColor; padding-bottom: 5px; margin-top: 0; color: inherit; opacity: 0.8;'>Caracter\u00edsticas F\u00edsicas y El\u00e9ctricas<\/h3>\n<ul style='padding-left: 20px; font-size: 15px; color: inherit;'>\n<li style='margin-bottom: 5px;'>Voltaje de alimentaci\u00f3n 220V<\/li>\n<li style='margin-bottom: 5px;'>Voltaje de operaci\u00f3n del motor 24V<\/li>\n<li style='margin-bottom: 5px;'>Motor Brush.<\/li>\n<li style='margin-bottom: 5px;'>Potencia m\u00e1xima de 290W.<\/li>\n<\/ul><\/div>\n<div style='flex: 1 1 300px; min-width: 280px;'>\n<h3 style='font-size: 22px; border-bottom: 2px solid currentColor; padding-bottom: 5px; margin-top: 0; color: inherit; opacity: 0.8;'>Caracter\u00edsticas Destacadas<\/h3>\n<ul style='padding-left: 20px; font-size: 15px; color: inherit;'>\n<li style='margin-bottom: 5px;'>L\u00edmites de paro magn\u00e9ticos.<\/li>\n<li style='margin-bottom: 5px;'>Encoder electr\u00f3nico integrado.<\/li>\n<li style='margin-bottom: 5px;'>Temperatura de operaci\u00f3n -20\u00b0C a 55\u00b0C.<\/li>\n<li style='margin-bottom: 5px;'>Grado de protecci\u00f3n IP44.<\/li>\n<\/ul><\/div>\n<\/p><\/div>\n<p> <!-- Separador --> <\/p>\n<hr style='border: 0; border-top: 1px solid rgba(150&comma; 150&comma; 150&comma; 0.3); margin: 30px 0;'> <!-- Informaci\u00f3n adicional --> <\/p>\n<div style='display: flex; flex-wrap: wrap; gap: 30px; margin-bottom: 30px;'>\n<div style='flex: 1 1 400px; min-width: 280px;'>\n<h3 style='font-size: 20px; border-bottom: 2px solid currentColor; padding-bottom: 5px; margin-top: 0; color: inherit; opacity: 0.8;'>Notas adicionales<\/h3>\n<ul style='padding-left: 20px; font-size: 15px; color: inherit;'>\n<li style='margin-bottom: 5px;'>Requiere cremallera m\u00f3dulo 4 (Se adquiere por separado).<\/li>\n<li style='margin-bottom: 5px;'>Cremallera recomendada <strong style='color: inherit;'>1140-0510-001<\/strong> (Se vende por tramos de 2 metros).<\/li>\n<li style='margin-bottom: 5px;'>Cantidad de cremallera depende del tama\u00f1o de la puerta.<\/li>\n<li style='margin-bottom: 5px;'>Equipo con un a\u00f1o de garant\u00eda contra defectos de fabricaci\u00f3n.<\/li>\n<li style='margin-bottom: 5px;'>Solamente compatible con bater\u00eda FAAC (No incluida).<\/li>\n<\/ul><\/div>\n<div style='flex: 1 1 400px; min-width: 280px;'> <img style='width: 100%; height: auto; border: 1px solid rgba(150&comma;150&comma;150&comma;0.3); border-radius: 8px;' src='https:\/\/ftp3.syscom.mx\/usuarios\/fotos\/109321\/200122-medidas_c721.png' alt='Medidas del operador FAAC C721'> <\/div>\n<\/p><\/div>\n<p> <!-- Separador --> <\/p>\n<hr style='border: 0; border-top: 1px solid rgba(150&comma; 150&comma; 150&comma; 0.3); margin: 30px 0;'> <!-- Accesorios recomendados --> <\/p>\n<div style='margin-bottom: 30px;'>\n<h3 style='font-size: 20px; text-align: center; margin-bottom: 20px; color: inherit;'>\u00bfQu\u00e9 accesorios necesito para una instalaci\u00f3n?<\/h3>\n<div style='display: flex; flex-wrap: wrap; gap: 15px; justify-content: center;'>\n<div style='flex: 1 1 250px; border: 1px solid rgba(150&comma; 150&comma; 150&comma; 0.4); border-radius: 8px; padding: 15px; color: inherit; font-size: 15px;'> <strong style='color: inherit;'>1140-0510-001<\/strong> Cremallera m\u00f3dulo 4&comma; la cantidad depende del tama\u00f1o de la hoja. <\/div>\n<div style='flex: 1 1 250px; border: 1px solid rgba(150&comma; 150&comma; 150&comma; 0.4); border-radius: 8px; padding: 15px; color: inherit; font-size: 15px;'> <strong style='color: inherit;'>XBSSW01<\/strong> Botonera triple de uso rudo. <\/div>\n<div style='flex: 1 1 250px; border: 1px solid rgba(150&comma; 150&comma; 150&comma; 0.4); border-radius: 8px; padding: 15px; color: inherit; font-size: 15px;'> <strong style='color: inherit;'>787831<\/strong> Receptor inal\u00e1mbrico XF 433 para agregar controles remotos. <\/div>\n<div style='flex: 1 1 250px; border: 1px solid rgba(150&comma; 150&comma; 150&comma; 0.4); border-radius: 8px; padding: 15px; color: inherit; font-size: 15px;'> <strong style='color: inherit;'>787456<\/strong> Control remoto inal\u00e1mbrico FAAC XT4 <\/div>\n<div style='flex: 1 1 250px; border: 1px solid rgba(150&comma; 150&comma; 150&comma; 0.4); border-radius: 8px; padding: 15px; color: inherit; font-size: 15px;'> <strong style='color: inherit;'>390923<\/strong> Bater\u00eda para respaldo de energ\u00eda en caso de emergencia <\/div>\n<div style='flex: 1 1 250px; border: 1px solid rgba(150&comma; 150&comma; 150&comma; 0.4); border-radius: 8px; padding: 15px; color: inherit; font-size: 15px;'> <strong style='color: inherit;'>785102<\/strong> Fotoceldas XP20 FAAC con alcance de 20 mts <\/div>\n<\/p><\/div>\n<\/p><\/div>\n<p> <!-- Separador final --> <\/p>\n<hr style='border: 0; border-top: 1px solid rgba(150&comma; 150&comma; 150&comma; 0.3); margin: 30px 0;'> <\/div>\n","protected":false},"excerpt":{"rendered":"<p>Operador FAAC C721 para Puertas Corredizas de hasta 800 kg \/ Compatible con Respaldo de Bateria \/ Longitud Maxima de la Hoja 15 Metros<\/p>\n","protected":false},"featured_media":24959,"comment_status":"open","ping_status":"closed","template":"","meta":[],"product_brand":[],"product_cat":[860],"product_tag":[401,778,861],"class_list":{"0":"post-24960","1":"product","2":"type-product","3":"status-publish","4":"has-post-thumbnail","6":"product_cat-puertas-corredizas","7":"product_tag-acceso-vehicular","8":"product_tag-faac","9":"product_tag-puertas-corredizas","11":"first","12":"instock","13":"sale","14":"shipping-taxable","15":"purchasable","16":"product-type-simple"},"_links":{"self":[{"href":"https:\/\/soydeaqui.ddns.net\/pachuca\/index.php\/wp-json\/wp\/v2\/product\/24960","targetHints":{"allow":["GET"]}}],"collection":[{"href":"https:\/\/soydeaqui.ddns.net\/pachuca\/index.php\/wp-json\/wp\/v2\/product"}],"about":[{"href":"https:\/\/soydeaqui.ddns.net\/pachuca\/index.php\/wp-json\/wp\/v2\/types\/product"}],"replies":[{"embeddable":true,"href":"https:\/\/soydeaqui.ddns.net\/pachuca\/index.php\/wp-json\/wp\/v2\/comments?post=24960"}],"wp:featuredmedia":[{"embeddable":true,"href":"https:\/\/soydeaqui.ddns.net\/pachuca\/index.php\/wp-json\/wp\/v2\/media\/24959"}],"wp:attachment":[{"href":"https:\/\/soydeaqui.ddns.net\/pachuca\/index.php\/wp-json\/wp\/v2\/media?parent=24960"}],"wp:term":[{"taxonomy":"product_brand","embeddable":true,"href":"https:\/\/soydeaqui.ddns.net\/pachuca\/index.php\/wp-json\/wp\/v2\/product_brand?post=24960"},{"taxonomy":"product_cat","embeddable":true,"href":"https:\/\/soydeaqui.ddns.net\/pachuca\/index.php\/wp-json\/wp\/v2\/product_cat?post=24960"},{"taxonomy":"product_tag","embeddable":true,"href":"https:\/\/soydeaqui.ddns.net\/pachuca\/index.php\/wp-json\/wp\/v2\/product_tag?post=24960"}],"curies":[{"name":"wp","href":"https:\/\/api.w.org\/{rel}","templated":true}]}}