{"id":24915,"date":"2026-03-18T11:43:38","date_gmt":"2026-03-18T11:43:38","guid":{"rendered":"https:\/\/soydeaqui.ddns.net\/pachuca\/index.php\/producto\/luz-de-emergencia-dual-led-520lm-uso-rudo-montaje-en-pared-o-techo-bateria-de-respaldo-incluida\/"},"modified":"2026-03-18T11:43:42","modified_gmt":"2026-03-18T11:43:42","slug":"luz-de-emergencia-dual-led-520lm-uso-rudo-montaje-en-pared-o-techo-bateria-de-respaldo-incluida","status":"publish","type":"product","link":"https:\/\/soydeaqui.ddns.net\/pachuca\/index.php\/producto\/luz-de-emergencia-dual-led-520lm-uso-rudo-montaje-en-pared-o-techo-bateria-de-respaldo-incluida\/","title":{"rendered":"Luz de Emergencia Dual LED \/520lm\/uso rudo\/montaje en pared o techo\/bater\u00eda de respaldo incluida"},"content":{"rendered":"<div style='width: 100%; max-width: 1200px; margin: 0 auto; font-family: sans-serif; line-height: 1.6; color: inherit; background-color: transparent;'>\n<div style='display: flex; flex-wrap: wrap; gap: 30px; margin-bottom: 30px;'>\n<div style='flex: 1 1 300px; min-width: 280px;'>\n<h3 style='font-size: 22px; border-bottom: 2px solid currentColor; padding-bottom: 5px; margin-top: 0; color: inherit; opacity: 0.8;'>Caracter\u00edsticas Principales<\/h3>\n<ul style='padding-left: 20px; font-size: 15px; color: inherit;'>\n<li style='margin-bottom: 5px;'>Cubierta ABS herm\u00e9tica<\/li>\n<li style='margin-bottom: 5px;'>UL 5VA<\/li>\n<li style='margin-bottom: 5px;'>Innovador dise\u00f1o que permite una instalaci\u00f3n r\u00e1pida<\/li>\n<\/ul><\/div>\n<div style='flex: 1 1 300px; min-width: 280px;'>\n<h3 style='font-size: 22px; border-bottom: 2px solid currentColor; padding-bottom: 5px; margin-top: 0; color: inherit; opacity: 0.8;'>Caracter\u00edsticas F\u00edsicas y El\u00e9ctricas<\/h3>\n<ul style='padding-left: 20px; font-size: 15px; color: inherit;'>\n<li style='margin-bottom: 5px;'>Montaje en pared o Techo<\/li>\n<li style='margin-bottom: 5px;'>127\/240 VAC &comma; UL y cUL<\/li>\n<li style='margin-bottom: 5px;'>3.5W max<\/li>\n<li style='margin-bottom: 5px;'>Interruptor de prueba e indicador de tasa de carga<\/li>\n<\/ul><\/div>\n<div style='flex: 1 1 300px; min-width: 280px;'>\n<h3 style='font-size: 22px; border-bottom: 2px solid currentColor; padding-bottom: 5px; margin-top: 0; color: inherit; opacity: 0.8;'>Caracter\u00edsticas Destacadas<\/h3>\n<ul style='padding-left: 20px; font-size: 15px; color: inherit;'>\n<li style='margin-bottom: 5px;'>2pcs MR16 LED l\u00e1mpara 4-12VDC&comma; 130\u00b0 \u00e1ngulo de dispersi\u00f3n<\/li>\n<li style='margin-bottom: 5px;'>520 lumenes<\/li>\n<li style='margin-bottom: 5px;'>Distancia de espaciamiento 15.8mts (a una altura de 2.2mts)<\/li>\n<\/ul><\/div>\n<\/p><\/div>\n<hr style='border: 0; border-top: 1px solid rgba(150&comma; 150&comma; 150&comma; 0.3); margin: 30px 0;'>\n<div style='margin-bottom: 30px;'>\n<h3 style='font-size: 22px; border-bottom: 2px solid currentColor; padding-bottom: 5px; margin-top: 0; color: inherit; opacity: 0.8;'>Notas<\/h3>\n<ul style='padding-left: 20px; font-size: 15px; color: inherit;'>\n<li style='margin-bottom: 5px;'>Bater\u00eda de \u00e1cido (9.6V&comma; 3Ah) BAT-1960LF<\/li>\n<li style='margin-bottom: 5px;'>24 horas de recarga despu\u00e9s de 90 minutos de descarga<\/li>\n<li style='margin-bottom: 5px;'>Bater\u00eda de respaldo incluida<\/li>\n<\/ul><\/div>\n<div style='margin-top: 30px;'> <img style='width: 100%; height: auto; border: 1px solid rgba(150&comma;150&comma;150&comma;0.3); border-radius: 8px;' src='https:\/\/ftp3.syscom.mx\/usuarios\/ftp\/banners_index\/syscom\/lamparas-feb24-v2.jpg' alt=''> <\/div>\n<\/p><\/div>\n","protected":false},"excerpt":{"rendered":"<p>Luz de Emergencia Dual LED \/520lm\/uso rudo\/montaje en pared o techo\/bater\u00eda de respaldo incluida<\/p>\n","protected":false},"featured_media":24914,"comment_status":"open","ping_status":"closed","template":"","meta":[],"product_brand":[],"product_cat":[141],"product_tag":[143,142,79],"class_list":{"0":"post-24915","1":"product","2":"type-product","3":"status-publish","4":"has-post-thumbnail","6":"product_cat-baterias","7":"product_tag-baterias","8":"product_tag-energia","9":"product_tag-sfire","11":"first","12":"instock","13":"sale","14":"shipping-taxable","15":"purchasable","16":"product-type-simple"},"_links":{"self":[{"href":"https:\/\/soydeaqui.ddns.net\/pachuca\/index.php\/wp-json\/wp\/v2\/product\/24915","targetHints":{"allow":["GET"]}}],"collection":[{"href":"https:\/\/soydeaqui.ddns.net\/pachuca\/index.php\/wp-json\/wp\/v2\/product"}],"about":[{"href":"https:\/\/soydeaqui.ddns.net\/pachuca\/index.php\/wp-json\/wp\/v2\/types\/product"}],"replies":[{"embeddable":true,"href":"https:\/\/soydeaqui.ddns.net\/pachuca\/index.php\/wp-json\/wp\/v2\/comments?post=24915"}],"wp:featuredmedia":[{"embeddable":true,"href":"https:\/\/soydeaqui.ddns.net\/pachuca\/index.php\/wp-json\/wp\/v2\/media\/24914"}],"wp:attachment":[{"href":"https:\/\/soydeaqui.ddns.net\/pachuca\/index.php\/wp-json\/wp\/v2\/media?parent=24915"}],"wp:term":[{"taxonomy":"product_brand","embeddable":true,"href":"https:\/\/soydeaqui.ddns.net\/pachuca\/index.php\/wp-json\/wp\/v2\/product_brand?post=24915"},{"taxonomy":"product_cat","embeddable":true,"href":"https:\/\/soydeaqui.ddns.net\/pachuca\/index.php\/wp-json\/wp\/v2\/product_cat?post=24915"},{"taxonomy":"product_tag","embeddable":true,"href":"https:\/\/soydeaqui.ddns.net\/pachuca\/index.php\/wp-json\/wp\/v2\/product_tag?post=24915"}],"curies":[{"name":"wp","href":"https:\/\/api.w.org\/{rel}","templated":true}]}}