{"id":24906,"date":"2026-03-18T11:43:30","date_gmt":"2026-03-18T11:43:30","guid":{"rendered":"https:\/\/soydeaqui.ddns.net\/pachuca\/index.php\/producto\/operador-hidraulico-faac-422-cbac-para-puertas-abatibles-para-puertas-de-hasta-1-8-metros-para-uso-intensivo-hasta-55-ciclos-por-hora\/"},"modified":"2026-03-18T11:43:34","modified_gmt":"2026-03-18T11:43:34","slug":"operador-hidraulico-faac-422-cbac-para-puertas-abatibles-para-puertas-de-hasta-1-8-metros-para-uso-intensivo-hasta-55-ciclos-por-hora","status":"publish","type":"product","link":"https:\/\/soydeaqui.ddns.net\/pachuca\/index.php\/producto\/operador-hidraulico-faac-422-cbac-para-puertas-abatibles-para-puertas-de-hasta-1-8-metros-para-uso-intensivo-hasta-55-ciclos-por-hora\/","title":{"rendered":"Operador Hidraulico FAAC 422 CBAC para Puertas Abatibles \/ Para Puertas de hasta 1.8 metros \/ Para Uso Intensivo &#8211; Hasta 55 Ciclos Por Hora"},"content":{"rendered":"<div style='width: 100%; max-width: 1200px; margin: 0 auto; font-family: sans-serif; line-height: 1.6; color: inherit; background-color: transparent;'> <!-- Secci\u00f3n de caracter\u00edsticas principales --> <\/p>\n<div style='display: flex; flex-wrap: wrap; gap: 30px; margin-bottom: 30px;'>\n<div style='flex: 1 1 300px; min-width: 280px;'>\n<h3 style='font-size: 22px; border-bottom: 2px solid currentColor; padding-bottom: 5px; margin-top: 0; color: inherit; opacity: 0.8;'>Caracter\u00edsticas principales:<\/h3>\n<ul style='padding-left: 20px; font-size: 15px; color: inherit;'>\n<li style='margin-bottom: 5px;'>Operador hidr\u00e1ulico de uso continuo<\/li>\n<li style='margin-bottom: 5px;'>Para hojas de hasta 1.8 metros<\/li>\n<li style='margin-bottom: 5px;'>Hasta 55 ciclos por hora<\/li>\n<\/ul><\/div>\n<div style='flex: 1 1 300px; min-width: 280px;'>\n<h3 style='font-size: 22px; border-bottom: 2px solid currentColor; padding-bottom: 5px; margin-top: 0; color: inherit; opacity: 0.8;'>Caracter\u00edsticas F\u00edsicas y El\u00e9ctricas:<\/h3>\n<ul style='padding-left: 20px; font-size: 15px; color: inherit;'>\n<li style='margin-bottom: 5px;'>Alimentaci\u00f3n de 110V<\/li>\n<li style='margin-bottom: 5px;'>M\u00e1xima potencia de 220W<\/li>\n<li style='margin-bottom: 5px;'>Protecci\u00f3n t\u00e9rmica a los 120\u00b0C<\/li>\n<\/ul><\/div>\n<div style='flex: 1 1 300px; min-width: 280px;'>\n<h3 style='font-size: 22px; border-bottom: 2px solid currentColor; padding-bottom: 5px; margin-top: 0; color: inherit; opacity: 0.8;'>Caracter\u00edsticas Destacadas:<\/h3>\n<ul style='padding-left: 20px; font-size: 15px; color: inherit;'>\n<li style='margin-bottom: 5px;'>Grado de protecci\u00f3n IP55<\/li>\n<li style='margin-bottom: 5px;'>Peso del operador 7Kg<\/li>\n<li style='margin-bottom: 5px;'>Temperatura de operaci\u00f3n -20 a 55\u00b0C<\/li>\n<\/ul><\/div>\n<\/p><\/div>\n<p> <!-- Separador --> <\/p>\n<hr style='border: 0; border-top: 1px solid rgba(150&comma; 150&comma; 150&comma; 0.3); margin: 30px 0;'> <!-- Secci\u00f3n de contenido con imagen --> <\/p>\n<div style='display: flex; flex-wrap: wrap; gap: 30px; margin-bottom: 30px;'>\n<div style='flex: 1 1 300px; min-width: 280px;'>\n<h3 style='font-size: 22px; margin-top: 0; color: inherit; opacity: 0.8;'>Operador Hidraulico FAAC 422 CBAC para puertas abatibles<\/h3>\n<h3 style='font-size: 22px; margin-top: 0; color: inherit; opacity: 0.8;'>Caracteristicas adicionales<\/h3>\n<ul style='padding-left: 20px; font-size: 15px; color: inherit;'>\n<li style='margin-bottom: 5px;'>Operador con llave de liberaci\u00f3n<\/li>\n<li style='margin-bottom: 5px;'>Cubierta anticorrosi\u00f3n para resistencia a la intemperie<\/li>\n<li style='margin-bottom: 5px;'>Versi\u00f3n CBAC de 1 Lt<\/li>\n<li style='margin-bottom: 5px;'>Dimensiones del operador 987x 85 x 119 mm<\/li>\n<li style='margin-bottom: 5px;'>Bastago de carrera de 110 mm<\/li>\n<li style='margin-bottom: 5px;'>Incluye accesorios de montaje para brazo<\/li>\n<li style='margin-bottom: 5px;'>Motor de arranque asincrono monofasico<\/li>\n<li style='margin-bottom: 5px;'>Velocidad del vastago de 13 mm\/s<\/li>\n<\/ul>\n<h3 style='font-size: 22px; margin-top: 0; color: inherit; opacity: 0.8;'>Notas adicionales<\/h3>\n<ul style='padding-left: 20px; font-size: 15px; color: inherit;'>\n<li style='margin-bottom: 5px;'>Equipo con un a\u00f1o de garant\u00eda contra defectos de fabricaci\u00f3n<\/li>\n<li style='margin-bottom: 5px;'>Requiere Capacitor de arranque para su operaci\u00f3n<\/li>\n<\/ul><\/div>\n<div style='flex: 1 1 300px; min-width: 280px;'> <img style='width: 100%; height: auto; border: 1px solid rgba(150&comma;150&comma;150&comma;0.3); border-radius: 8px;' src='https:\/\/ftp3.syscom.mx\/usuarios\/fotos\/BancoFotografiasSyscom\/FAAC\/10420012\/10420012-p.PNG' alt='Operador Hidraulico FAAC 422 CBAC'> <\/div>\n<\/p><\/div>\n<p> <!-- Separador --> <\/p>\n<hr style='border: 0; border-top: 1px solid rgba(150&comma; 150&comma; 150&comma; 0.3); margin: 30px 0;'> <!-- Secci\u00f3n de accesorios necesarios --> <\/p>\n<div style='margin-bottom: 30px;'>\n<h3 style='font-size: 22px; text-align: center; margin-top: 0; color: inherit; opacity: 0.8;'>\u00bfQu\u00e9 accesorios necesito para una instalaci\u00f3n de una hoja?<\/h3>\n<p style='text-align: center; margin: 10px 0; color: inherit;'><strong>1 x 10420012<\/strong> Operador hidr\u00e1ulico FAAC 422 CBAC<\/p>\n<p style='text-align: center; margin: 10px 0; color: inherit;'><strong>1 x 76012625<\/strong> Capacitor de arranque para brazos hidr\u00e1ulicos<\/p>\n<p style='text-align: center; margin: 10px 0; color: inherit;'><strong>1 x 790919<\/strong> Tarjeta electr\u00f3nica FAAC 455D<\/p>\n<p style='text-align: center; margin: 10px 0; color: inherit;'><strong>1 x 720119<\/strong> Contenedor para tarjetas electr\u00f3nicas FAAC<\/p>\n<\/p><\/div>\n<p> <!-- Separador --> <\/p>\n<hr style='border: 0; border-top: 1px solid rgba(150&comma; 150&comma; 150&comma; 0.3); margin: 30px 0;'> <!-- Secci\u00f3n de kit para dos hojas --> <\/p>\n<div style='margin-bottom: 30px;'>\n<h3 style='font-size: 22px; text-align: center; margin-top: 0; color: inherit; opacity: 0.8;'>Para aplicaciones de dos hojas tenemos el kit FAAC-422-CBAC<\/h3>\n<\/p><\/div>\n<p> <!-- Separador --> <\/p>\n<hr style='border: 0; border-top: 1px solid rgba(150&comma; 150&comma; 150&comma; 0.3); margin: 30px 0;'> <!-- Secci\u00f3n de accesorios opcionales --> <\/p>\n<div style='margin-bottom: 30px;'>\n<h3 style='font-size: 22px; text-align: center; margin-top: 0; color: inherit; opacity: 0.8;'>Accesorios opcionales para mi instalaci\u00f3n<\/h3>\n<p style='text-align: center; margin: 10px 0; color: inherit;'><strong>780152<\/strong> Fotoceldas de seguridad XP20D<\/p>\n<p style='text-align: center; margin: 10px 0; color: inherit;'><strong>787856<\/strong> Receptor de frecuencia FAAC<\/p>\n<p style='text-align: center; margin: 10px 0; color: inherit;'><strong>787456<\/strong> Transmisor remoto inal\u00e1mbrico XT4 de 4 canales<\/p>\n<p style='text-align: center; margin: 10px 0; color: inherit;'><strong>XBSSW01<\/strong> Botonera triple de uso rudo para aplicaciones de acceso vehicular<\/p>\n<\/p><\/div>\n<p> <!-- Separador --> <\/p>\n<hr style='border: 0; border-top: 1px solid rgba(150&comma; 150&comma; 150&comma; 0.3); margin: 30px 0;'> <!-- Nota sobre resistencia del viento --> <\/p>\n<div style='margin-bottom: 30px;'>\n<p style='text-align: center; font-size: 14px; color: inherit;'>Es importante tener en cuenta la resistencia que el viento puede generar en los portones sin ranuras de ventilaci\u00f3n al operar los motores en apertura y cierre de puertas abatibles. Recomendamos considerar la instalaci\u00f3n de rejillas que permitan la adecuada ventilaci\u00f3n para facilitar el correcto funcionamiento de los dispositivos.<\/p>\n<\/p><\/div>\n<\/p><\/div>\n","protected":false},"excerpt":{"rendered":"<p>Operador Hidraulico FAAC 422 CBAC para Puertas Abatibles \/ Para Puertas de hasta 1.8 metros \/ Para Uso Intensivo &#8211; Hasta 55 Ciclos Por Hora<\/p>\n","protected":false},"featured_media":24905,"comment_status":"open","ping_status":"closed","template":"","meta":[],"product_brand":[],"product_cat":[821],"product_tag":[401,778,822],"class_list":{"0":"post-24906","1":"product","2":"type-product","3":"status-publish","4":"has-post-thumbnail","6":"product_cat-puertas-abatibles","7":"product_tag-acceso-vehicular","8":"product_tag-faac","9":"product_tag-puertas-abatibles","11":"first","12":"instock","13":"sale","14":"shipping-taxable","15":"purchasable","16":"product-type-simple"},"_links":{"self":[{"href":"https:\/\/soydeaqui.ddns.net\/pachuca\/index.php\/wp-json\/wp\/v2\/product\/24906","targetHints":{"allow":["GET"]}}],"collection":[{"href":"https:\/\/soydeaqui.ddns.net\/pachuca\/index.php\/wp-json\/wp\/v2\/product"}],"about":[{"href":"https:\/\/soydeaqui.ddns.net\/pachuca\/index.php\/wp-json\/wp\/v2\/types\/product"}],"replies":[{"embeddable":true,"href":"https:\/\/soydeaqui.ddns.net\/pachuca\/index.php\/wp-json\/wp\/v2\/comments?post=24906"}],"wp:featuredmedia":[{"embeddable":true,"href":"https:\/\/soydeaqui.ddns.net\/pachuca\/index.php\/wp-json\/wp\/v2\/media\/24905"}],"wp:attachment":[{"href":"https:\/\/soydeaqui.ddns.net\/pachuca\/index.php\/wp-json\/wp\/v2\/media?parent=24906"}],"wp:term":[{"taxonomy":"product_brand","embeddable":true,"href":"https:\/\/soydeaqui.ddns.net\/pachuca\/index.php\/wp-json\/wp\/v2\/product_brand?post=24906"},{"taxonomy":"product_cat","embeddable":true,"href":"https:\/\/soydeaqui.ddns.net\/pachuca\/index.php\/wp-json\/wp\/v2\/product_cat?post=24906"},{"taxonomy":"product_tag","embeddable":true,"href":"https:\/\/soydeaqui.ddns.net\/pachuca\/index.php\/wp-json\/wp\/v2\/product_tag?post=24906"}],"curies":[{"name":"wp","href":"https:\/\/api.w.org\/{rel}","templated":true}]}}