{"id":24897,"date":"2026-03-18T11:43:21","date_gmt":"2026-03-18T11:43:21","guid":{"rendered":"https:\/\/soydeaqui.ddns.net\/pachuca\/index.php\/producto\/puerta-de-garage-de-alta-calidad-linea-central-color-blanco-9x9-pies-aislada-estilo-americana-2\/"},"modified":"2026-03-18T11:43:22","modified_gmt":"2026-03-18T11:43:22","slug":"puerta-de-garage-de-alta-calidad-linea-central-color-blanco-9x9-pies-aislada-estilo-americana-2","status":"publish","type":"product","link":"https:\/\/soydeaqui.ddns.net\/pachuca\/index.php\/producto\/puerta-de-garage-de-alta-calidad-linea-central-color-blanco-9x9-pies-aislada-estilo-americana-2\/","title":{"rendered":"Puerta de Garage de Alta Calidad \/ Linea Central \/ Color Blanco 9X9 pies,  AISLADA, Estilo Americana."},"content":{"rendered":"<div style='width: 100%; max-width: 1200px; margin: 0 auto; font-family: sans-serif; line-height: 1.6; color: inherit; background-color: transparent;'>\n<div style='text-align: center; margin-bottom: 30px;'>\n<h2 style='font-size: 24px; margin: 0; color: inherit; opacity: 0.9;'>Puerta Residencial de la serie GARAGE<\/h2>\n<\/p><\/div>\n<div style='margin-bottom: 30px;'>\n<p style='font-size: 15px; color: inherit; opacity: 0.8;'>Las puertas de garaje tipo americanas representan una fusi\u00f3n perfecta de estilo&comma; seguridad y funcionalidad. Su dise\u00f1o atemporal y su construcci\u00f3n robusta las convierten en una inversi\u00f3n valiosa para cualquier hogar&comma; proporcionando tanto protecci\u00f3n como un toque de distinci\u00f3n.<\/p>\n<\/p><\/div>\n<div style='display: flex; flex-wrap: wrap; gap: 20px; margin-bottom: 30px;'>\n<div style='flex: 1 1 300px; min-width: 250px;'>\n<div style='border: 1px solid rgba(150&comma;150&comma;150&comma;0.4); border-left: 5px solid #0091ff; border-radius: 8px; padding: 15px; background-color: rgba(216&comma;216&comma;216&comma;0.1);'>\n<h3 style='font-size: 18px; margin-top: 0; margin-bottom: 15px; color: inherit; opacity: 0.9;'>Caracter\u00edsticas principales:<\/h3>\n<ul style='padding-left: 20px; font-size: 14px; color: inherit;'>\n<li style='margin-bottom: 8px;'>Las puertas de garage tipo americanas ofrecen una combinaci\u00f3n de gran belleza&comma; resistencia y eficiencia t\u00e9rmica.<\/li>\n<li style='margin-bottom: 8px;'>Rodamientos y herrajes de gran calidad&comma; para una operaci\u00f3n silenciosa y eficaz.<\/li>\n<li style='margin-bottom: 8px;'>Eficiencia t\u00e9rmica&comma; lo mejor en este tipo de puertas.<\/li>\n<\/ul><\/div>\n<\/p><\/div>\n<div style='flex: 1 1 300px; min-width: 250px;'>\n<div style='border: 1px solid rgba(150&comma;150&comma;150&comma;0.4); border-left: 5px solid #0091ff; border-radius: 8px; padding: 15px; background-color: rgba(216&comma;216&comma;216&comma;0.1);'>\n<h3 style='font-size: 18px; margin-top: 0; margin-bottom: 15px; color: inherit; opacity: 0.9;'>Caracter\u00edsticas F\u00edsicas y El\u00e9ctricas:<\/h3>\n<p style='font-size: 14px; color: inherit;'>Las puertas de cochera o puertas para garage ascendentes AccessPro son de la m\u00e1s alta calidad. El panel de las puertas autom\u00e1ticas se fabrica en l\u00e1mina calibre 26&comma; con relleno poliuretano de alta densidad de 43 mm para brindar mayor rigidez y un aislamiento t\u00e9rmico y ac\u00fastico m\u00e1s eficiente.<\/p>\n<\/p><\/div>\n<\/p><\/div>\n<div style='flex: 1 1 300px; min-width: 250px;'>\n<div style='border: 1px solid rgba(150&comma;150&comma;150&comma;0.4); border-left: 5px solid #0091ff; border-radius: 8px; padding: 15px; background-color: rgba(216&comma;216&comma;216&comma;0.1);'>\n<h3 style='font-size: 18px; margin-top: 0; margin-bottom: 15px; color: inherit; opacity: 0.9;'>Caracter\u00edsticas Destacadas:<\/h3>\n<p style='font-size: 14px; color: inherit;'>Puerta residencial rellena 43mm de poliuretano inyectado con una densidad de 45 kgs\/cbm.<\/p>\n<\/p><\/div>\n<\/p><\/div>\n<\/p><\/div>\n<div style='margin: 30px 0;'> <img style='width: 100%; height: auto; border: 1px solid rgba(150&comma;150&comma;150&comma;0.3); border-radius: 8px;' src='https:\/\/ftp3.syscom.mx\/usuarios\/mario.rodriguez\/PUERTADEGARAJE\/LR\/MADERA\/ImagenPuertasGarage.png' alt='Puerta de garage estilo americano'> <\/div>\n<div style='margin-bottom: 30px;'>\n<p style='font-size: 15px; color: inherit; opacity: 0.8;'>Las puertas de garage estilo americano se destacan por su combinaci\u00f3n de elegancia&comma; funcionalidad y durabilidad&comma; convirti\u00e9ndose en una elecci\u00f3n popular para hogares que buscan tanto est\u00e9tica como seguridad. T\u00edpicamente est\u00e1n dise\u00f1adas con un enfoque en el estilo cl\u00e1sico&comma; presentan l\u00edneas limpias y acabados de alta calidad que complementan una amplia variedad de arquitecturas residenciales.<\/p>\n<\/p><\/div>\n<div style='margin-bottom: 30px;'>\n<p style='font-size: 15px; color: inherit; opacity: 0.8;'>Evite que su garage enfrie su casa&comma; al colocar una puerta aislada mantendr\u00e1 a temperatura c\u00e1lida a los cuartos aleda\u00f1os&comma; esto le ayudar\u00e1 ahorrar en el consumo de energ\u00eda.<\/p>\n<\/p><\/div>\n<hr style='border: 0; border-top: 1px solid rgba(150&comma;150&comma;150&comma;0.3); margin: 30px 0;'>\n<div style='margin-bottom: 20px;'>\n<h2 style='font-size: 22px; text-align: center; margin-bottom: 20px; color: inherit;'>\u00bfQu\u00e9 requiero cotizar para una instalaci\u00f3n?<\/h2>\n<ul style='padding-left: 20px; font-size: 14px; color: inherit;'>\n<li style='margin-bottom: 8px;'>1 x <a href='https:\/\/www.syscom.mx\/producto\/GARAGE-99-ACCESSPRO-200629.html' style='color: inherit; text-decoration: underline;'>GARAGE99<\/a> (Puerta de Garage 9&#215;9)<\/li>\n<li style='margin-bottom: 8px;'>1 x Motor puerta de garage (<a href='https:\/\/www.syscom.mx\/producto\/FS1000APP-RT-ACCESSPRO-220404.html' style='color: inherit; text-decoration: underline;'>FS1000APPRT<\/a> \/ <a href='https:\/\/www.syscom.mx\/producto\/ACCESSFORCE-ACCESSPRO-176436.html' style='color: inherit; text-decoration: underline;'>ACCESSFORCE<\/a>)<\/li>\n<\/ul>\n<p style='font-size: 14px; color: inherit; margin-top: 15px;'>Nota: Es necesario colocar una extensi\u00f3n de riel dependiendo el motor a utilizar.<\/p>\n<\/p><\/div>\n<hr style='border: 0; border-top: 1px solid rgba(150&comma;150&comma;150&comma;0.3); margin: 30px 0;'>\n<div style='margin-bottom: 20px;'>\n<h2 style='font-size: 22px; text-align: center; margin-bottom: 20px; color: inherit;'>\u00bfQu\u00e9 accesorios puedo agregar a mi instalaci\u00f3n?<\/h2>\n<ul style='padding-left: 20px; font-size: 14px; color: inherit;'>\n<li style='margin-bottom: 8px;'>1 x Fotocelda (<a href='https:\/\/www.syscom.mx\/producto\/ACCESSPC01-ACCESSPRO-176545.html' style='color: inherit; text-decoration: underline;'>ACCESSPC01<\/a>)<\/li>\n<li style='margin-bottom: 8px;'>1 x Dispositivo WIFI (<a href='https:\/\/www.syscom.mx\/producto\/ACCESSWIFI-ACCESSPRO-211041.html' style='color: inherit; text-decoration: underline;'>ACCESSWIFI<\/a>)<\/li>\n<li style='margin-bottom: 8px;'>1 x Receptor inal\u00e1mbrico (<a href='https:\/\/www.syscom.mx\/producto\/PROR400-ACCESSPRO-67300.html' style='color: inherit; text-decoration: underline;'>PROR400<\/a> \/ <a href='https:\/\/www.syscom.mx\/producto\/ESIM320IP-ELDES-136647.html' style='color: inherit; text-decoration: underline;'>ESIM320IP<\/a>)<\/li>\n<li style='margin-bottom: 8px;'>1 x Frente de calle (<a href='https:\/\/www.syscom.mx\/producto\/DS-KV8113-WME1(C)-HIKVISION-210631.html' style='color: inherit; text-decoration: underline;'>DSKV8113WME1(C)<\/a> \/ <a href='https:\/\/www.syscom.mx\/producto\/DS-KV6113-WPE1(C)-HIKVISION-209203.html' style='color: inherit; text-decoration: underline;'>DSKV6113WPE1(C)<\/a>)<\/li>\n<li style='margin-bottom: 8px;'>1 x Botones inal\u00e1mbricos (<a href='https:\/\/www.syscom.mx\/producto\/ACCESSVR01-ACCESSPRO-176538.html' style='color: inherit; text-decoration: underline;'>ACCESSVR01<\/a> \/ <a href='https:\/\/www.syscom.mx\/producto\/ACCESSWS01-ACCESSPRO-176540.html' style='color: inherit; text-decoration: underline;'>ACCESSWS01<\/a>)<\/li>\n<\/ul><\/div>\n<hr style='border: 0; border-top: 1px solid rgba(150&comma;150&comma;150&comma;0.3); margin: 30px 0;'>\n<div style='margin-bottom: 30px;'>\n<p style='font-size: 16px; color: inherit; text-align: center;'> <a href='https:\/\/www.syscom.mx\/panel\/calculador_cochera' style='color: #e74c3c; text-decoration: none;'>\u00bfC\u00f3mo s\u00e9 cu\u00e1l medida de puerta es la que necesito?<\/a> <\/p>\n<\/p><\/div>\n<div style='margin-bottom: 30px;'>\n<p style='font-size: 14px; color: inherit; text-align: center;'>La puerta GARAGE99 se compone de 5 secciones de 21.5&#8242;.<\/p>\n<\/p><\/div>\n<div style='margin-bottom: 30px;'> <img style='width: 100%; height: auto; border: 1px solid rgba(150&comma;150&comma;150&comma;0.3); border-radius: 8px;' src='https:\/\/ftp3.syscom.mx\/usuarios\/mario.rodriguez\/PUERTADEGARAJE\/FOTOS\/Captura1.png' alt='Esquema de instalaci\u00f3n'> <\/div>\n<div style='margin-bottom: 30px;'>\n<p style='font-size: 14px; color: inherit; text-align: center;'>Ensamble de las bisagras con secciones tipo sandwich.<\/p>\n<\/p><\/div>\n<hr style='border: 0; border-top: 1px solid rgba(150&comma;150&comma;150&comma;0.3); margin: 30px 0;'>\n<div style='display: flex; flex-wrap: wrap; gap: 20px; margin-bottom: 30px;'>\n<div style='flex: 1 1 45%; min-width: 300px;'> <img style='width: 100%; height: auto; border: 1px solid rgba(150&comma;150&comma;150&comma;0.3); border-radius: 8px;' src='https:\/\/ftp3.syscom.mx\/usuarios\/mario.rodriguez\/PUERTADEGARAJE\/LR\/Medidas%20de%20puertas.png' alt='Medidas de puertas'> <\/div>\n<div style='flex: 1 1 45%; min-width: 300px;'> <img style='width: 100%; height: auto; border: 1px solid rgba(150&comma;150&comma;150&comma;0.3); border-radius: 8px;' src='https:\/\/ftp3.syscom.mx\/usuarios\/mario.rodriguez\/PUERTADEGARAJE\/LR\/Puerta1.PNG' alt='Puerta de garage estilo americano'> <\/div>\n<\/p><\/div>\n<hr style='border: 0; border-top: 1px solid rgba(150&comma;150&comma;150&comma;0.3); margin: 30px 0;'>\n<div style='margin-bottom: 30px;'> <img style='width: 100%; height: auto; border: 1px solid rgba(150&comma;150&comma;150&comma;0.3); border-radius: 8px;' src='https:\/\/ftp3.syscom.mx\/usuarios\/mario.rodriguez\/PUERTADEGARAJE\/LR\/CUADROS\/Puerta.PNG' alt='Diagrama de la puerta'> <\/div>\n<div style='margin-bottom: 30px;'>\n<p style='font-size: 14px; color: #9f6723; text-align: center;'>**El kit de puerta autom\u00e1tica no incluye el motor**<\/p>\n<\/p><\/div>\n<div style='margin-bottom: 30px;'> <img style='width: 100%; height: auto; border: 1px solid rgba(150&comma;150&comma;150&comma;0.3); border-radius: 8px;' src='https:\/\/ftp3.syscom.mx\/usuarios\/mario.rodriguez\/PUERTADEGARAJE\/LR\/Captura13.PNG' alt='Detalles de instalaci\u00f3n'> <\/div>\n<div style='margin-bottom: 30px;'> <img style='width: 100%; height: auto; border: 1px solid rgba(150&comma;150&comma;150&comma;0.3); border-radius: 8px;' src='https:\/\/ftp3.syscom.mx\/usuarios\/mario.rodriguez\/PUERTADEGARAJE\/LR\/Puerta2.PNG' alt='Vista detallada de la puerta'> <\/div>\n<\/p><\/div>\n","protected":false},"excerpt":{"rendered":"<p>Puerta de Garage de Alta Calidad \/ Linea Central \/ Color Blanco 9X9 pies,  AISLADA, Estilo Americana.<\/p>\n","protected":false},"featured_media":24896,"comment_status":"open","ping_status":"closed","template":"","meta":[],"product_brand":[],"product_cat":[400],"product_tag":[401,234,402],"class_list":{"0":"post-24897","1":"product","2":"type-product","3":"status-publish","4":"has-post-thumbnail","6":"product_cat-puertas-de-garage","7":"product_tag-acceso-vehicular","8":"product_tag-accesspro","9":"product_tag-puertas-de-garage","11":"first","12":"outofstock","13":"sale","14":"shipping-taxable","15":"purchasable","16":"product-type-simple"},"_links":{"self":[{"href":"https:\/\/soydeaqui.ddns.net\/pachuca\/index.php\/wp-json\/wp\/v2\/product\/24897","targetHints":{"allow":["GET"]}}],"collection":[{"href":"https:\/\/soydeaqui.ddns.net\/pachuca\/index.php\/wp-json\/wp\/v2\/product"}],"about":[{"href":"https:\/\/soydeaqui.ddns.net\/pachuca\/index.php\/wp-json\/wp\/v2\/types\/product"}],"replies":[{"embeddable":true,"href":"https:\/\/soydeaqui.ddns.net\/pachuca\/index.php\/wp-json\/wp\/v2\/comments?post=24897"}],"wp:featuredmedia":[{"embeddable":true,"href":"https:\/\/soydeaqui.ddns.net\/pachuca\/index.php\/wp-json\/wp\/v2\/media\/24896"}],"wp:attachment":[{"href":"https:\/\/soydeaqui.ddns.net\/pachuca\/index.php\/wp-json\/wp\/v2\/media?parent=24897"}],"wp:term":[{"taxonomy":"product_brand","embeddable":true,"href":"https:\/\/soydeaqui.ddns.net\/pachuca\/index.php\/wp-json\/wp\/v2\/product_brand?post=24897"},{"taxonomy":"product_cat","embeddable":true,"href":"https:\/\/soydeaqui.ddns.net\/pachuca\/index.php\/wp-json\/wp\/v2\/product_cat?post=24897"},{"taxonomy":"product_tag","embeddable":true,"href":"https:\/\/soydeaqui.ddns.net\/pachuca\/index.php\/wp-json\/wp\/v2\/product_tag?post=24897"}],"curies":[{"name":"wp","href":"https:\/\/api.w.org\/{rel}","templated":true}]}}