{"id":24895,"date":"2026-03-18T11:43:20","date_gmt":"2026-03-18T11:43:20","guid":{"rendered":"https:\/\/soydeaqui.ddns.net\/pachuca\/index.php\/producto\/kit-came-connect-para-apertura-de-motores-y-barreras-por-medio-de-app-3-perfiles-de-trabajo-para-usuario-propietario-e-instalador\/"},"modified":"2026-03-18T11:43:20","modified_gmt":"2026-03-18T11:43:20","slug":"kit-came-connect-para-apertura-de-motores-y-barreras-por-medio-de-app-3-perfiles-de-trabajo-para-usuario-propietario-e-instalador","status":"publish","type":"product","link":"https:\/\/soydeaqui.ddns.net\/pachuca\/index.php\/producto\/kit-came-connect-para-apertura-de-motores-y-barreras-por-medio-de-app-3-perfiles-de-trabajo-para-usuario-propietario-e-instalador\/","title":{"rendered":"Kit CAME Connect \/ Para Apertura de Motores y Barreras Por Medio de APP \/ 3 Perfiles de Trabajo para Usuario, Propietario e Instalador"},"content":{"rendered":"<div style='width: 100%; max-width: 1200px; margin: 0 auto; font-family: sans-serif; line-height: 1.6; color: inherit; background-color: transparent;'>\n<div style='display: flex; flex-wrap: wrap; gap: 30px; margin-bottom: 30px;'>\n<div style='flex: 1 1 300px; min-width: 280px;'>\n<h2 style='font-size: 24px; margin-top: 0; color: inherit;'>Kit CAME Connect<\/h2>\n<h3 style='font-size: 20px; border-bottom: 2px solid currentColor; padding-bottom: 5px; color: inherit; opacity: 0.8;'>El kit incluye:<\/h3>\n<ul style='padding-left: 20px; font-size: 15px; color: inherit;'>\n<li style='margin-bottom: 5px;'>1 x Gateway para conexi\u00f3n Ethernet.<\/li>\n<li style='margin-bottom: 5px;'>1 x Modulo o tarjeta esclavo.<\/li>\n<li style='margin-bottom: 5px;'>1 x Cable de alimentaci\u00f3n.<\/li>\n<\/ul>\n<h3 style='font-size: 20px; border-bottom: 2px solid currentColor; padding-bottom: 5px; color: inherit; opacity: 0.8;'>Caracter\u00edsticas adicionales:<\/h3>\n<ul style='padding-left: 20px; font-size: 15px; color: inherit;'>\n<li style='margin-bottom: 5px;'>Salida de relevador para activaci\u00f3n de dispositivos.<\/li>\n<li style='margin-bottom: 5px;'>Equipo con un a\u00f1o de garant\u00eda contra defectos de f\u00e1brica.<\/li>\n<li style='margin-bottom: 5px;'>3 Perfiles de trabajo (Usuario&comma; Propietario e Instalador).<\/li>\n<li style='margin-bottom: 5px;'>Multiplataforma (App de automatizaci\u00f3n&comma; App PRO y Web App).<\/li>\n<li style='margin-bottom: 5px;'>Comunicaci\u00f3n LAN.<\/li>\n<li style='margin-bottom: 5px;'>App dedicadas con arreglo al perfil del usuario.<\/li>\n<li style='margin-bottom: 5px;'>Gracias a los diferentes perfiles nos permite realizar actividades adecuadas a nuestra necesidad.<\/li>\n<\/ul><\/div>\n<div style='flex: 1 1 300px; min-width: 280px;'> <img style='width: 100%; height: auto; border: 1px solid rgba(150&comma;150&comma;150&comma;0.3); border-radius: 8px;' src='https:\/\/ftp3.syscom.mx\/usuarios\/fotos\/BancoFotografiasSyscom\/CAME\/8K06SA001\/8K06SA001-p.PNG' alt=''> <\/div>\n<\/p><\/div>\n<hr style='border: 0; border-top: 1px solid rgba(150&comma; 150&comma; 150&comma; 0.3); margin: 30px 0;'>\n<div style='display: flex; flex-wrap: wrap; gap: 30px; margin-bottom: 30px;'>\n<div style='flex: 1 1 300px; min-width: 280px;'> <img style='width: 100%; height: auto; border: 1px solid rgba(150&comma;150&comma;150&comma;0.3); border-radius: 8px;' src='https:\/\/ftp3.syscom.mx\/usuarios\/fotos\/8K06SA001\/200639-conectando_came.png' alt=''> <\/div>\n<div style='flex: 1 1 300px; min-width: 280px;'>\n<h3 style='font-size: 20px; border-bottom: 2px solid currentColor; padding-bottom: 5px; color: inherit; opacity: 0.8;'>Interacci\u00f3n e Innovaci\u00f3n<\/h3>\n<ul style='padding-left: 20px; font-size: 15px; color: inherit;'>\n<li style='margin-bottom: 5px;'>Permite controlar las automatizaciones conectadas con el protocolo CRP (CAME Remote Protocol)<\/li>\n<li style='margin-bottom: 5px;'>Gracias a los relevadores de salida y a las entradas digitales&comma; es posible mandar la apertura o el cierre de una automatizaci\u00f3n.<\/li>\n<li style='margin-bottom: 5px;'>Gateway disponibles en la versi\u00f3n Ethernet GSM&comma; ambos con m\u00f3dulo radio incorporado.<\/li>\n<li style='margin-bottom: 5px;'>Posibilidad de ampliar la propia instalaci\u00f3n por medio de m\u00f3dulos radio.<\/li>\n<li style='margin-bottom: 5px;'>App CAME AUTOMATION gratis&comma; disponible en Google Play y App Store.<\/li>\n<\/ul><\/div>\n<\/p><\/div>\n<hr style='border: 0; border-top: 1px solid rgba(150&comma; 150&comma; 150&comma; 0.3); margin: 30px 0;'>\n<div style='text-align: center; margin-bottom: 30px;'>\n<h2 style='font-size: 24px; margin: 0 0 15px; color: inherit;'>CAME Connect<\/h2>\n<p style='font-size: 15px; color: inherit; margin: 0;'>Es nuestra plataforma en la Nube que revoluciona la manera de vivir de las automatizaciones: mejora y rapidiza la interacci\u00f3n con el instalador&comma; facilitando las solicitudes de actuaci\u00f3n y el mantenimiento programado.<\/p>\n<\/p><\/div>\n<hr style='border: 0; border-top: 1px solid rgba(150&comma; 150&comma; 150&comma; 0.3); margin: 30px 0;'>\n<div style='text-align: center; margin-bottom: 30px;'>\n<h2 style='font-size: 24px; margin: 0 0 15px; color: inherit;'>Libertad total para gestionar tus instalaciones<\/h2>\n<\/p><\/div>\n<hr style='border: 0; border-top: 1px solid rgba(150&comma; 150&comma; 150&comma; 0.3); margin: 30px 0;'>\n<div style='margin-bottom: 30px;'> <img style='width: 100%; height: auto; border: 1px solid rgba(150&comma;150&comma;150&comma;0.3); border-radius: 8px;' src='https:\/\/ftp3.syscom.mx\/usuarios\/fotos\/8K06SA001\/200639-came_connect.jpg' alt=''> <\/div>\n<\/p><\/div>\n","protected":false},"excerpt":{"rendered":"<p>Kit CAME Connect \/ Para Apertura de Motores y Barreras Por Medio de APP \/ 3 Perfiles de Trabajo para Usuario, Propietario e Instalador<\/p>\n","protected":false},"featured_media":24894,"comment_status":"open","ping_status":"closed","template":"","meta":[],"product_brand":[],"product_cat":[777],"product_tag":[401,93,779],"class_list":{"0":"post-24895","1":"product","2":"type-product","3":"status-publish","4":"has-post-thumbnail","6":"product_cat-accesorios-acceso-vehicular","7":"product_tag-acceso-vehicular","8":"product_tag-accesorios","9":"product_tag-came","11":"first","12":"instock","13":"sale","14":"shipping-taxable","15":"purchasable","16":"product-type-simple"},"_links":{"self":[{"href":"https:\/\/soydeaqui.ddns.net\/pachuca\/index.php\/wp-json\/wp\/v2\/product\/24895","targetHints":{"allow":["GET"]}}],"collection":[{"href":"https:\/\/soydeaqui.ddns.net\/pachuca\/index.php\/wp-json\/wp\/v2\/product"}],"about":[{"href":"https:\/\/soydeaqui.ddns.net\/pachuca\/index.php\/wp-json\/wp\/v2\/types\/product"}],"replies":[{"embeddable":true,"href":"https:\/\/soydeaqui.ddns.net\/pachuca\/index.php\/wp-json\/wp\/v2\/comments?post=24895"}],"wp:featuredmedia":[{"embeddable":true,"href":"https:\/\/soydeaqui.ddns.net\/pachuca\/index.php\/wp-json\/wp\/v2\/media\/24894"}],"wp:attachment":[{"href":"https:\/\/soydeaqui.ddns.net\/pachuca\/index.php\/wp-json\/wp\/v2\/media?parent=24895"}],"wp:term":[{"taxonomy":"product_brand","embeddable":true,"href":"https:\/\/soydeaqui.ddns.net\/pachuca\/index.php\/wp-json\/wp\/v2\/product_brand?post=24895"},{"taxonomy":"product_cat","embeddable":true,"href":"https:\/\/soydeaqui.ddns.net\/pachuca\/index.php\/wp-json\/wp\/v2\/product_cat?post=24895"},{"taxonomy":"product_tag","embeddable":true,"href":"https:\/\/soydeaqui.ddns.net\/pachuca\/index.php\/wp-json\/wp\/v2\/product_tag?post=24895"}],"curies":[{"name":"wp","href":"https:\/\/api.w.org\/{rel}","templated":true}]}}