{"id":24882,"date":"2026-03-18T11:43:07","date_gmt":"2026-03-18T11:43:07","guid":{"rendered":"https:\/\/soydeaqui.ddns.net\/pachuca\/index.php\/producto\/cerradura-autonoma-bluetooth\/"},"modified":"2026-03-18T11:43:12","modified_gmt":"2026-03-18T11:43:12","slug":"cerradura-autonoma-bluetooth","status":"publish","type":"product","link":"https:\/\/soydeaqui.ddns.net\/pachuca\/index.php\/producto\/cerradura-autonoma-bluetooth\/","title":{"rendered":"Cerradura aut\u00f3noma Bluetooth"},"content":{"rendered":"<div style='width: 100%; max-width: 1200px; margin: 0 auto; font-family: sans-serif; line-height: 1.6; color: inherit; background-color: transparent;'> <!-- Secci\u00f3n de descripci\u00f3n --> <\/p>\n<div style='margin-bottom: 30px; font-size: 15px;'>\n<p>ML200 es una nueva cerradura inteligente con teclado digital y con comunicaci\u00f3n Bluetooth. Es muy f\u00e1cil de instalar directamente en el agujero existente de la puerta y la configuraci\u00f3n se finaliza en solo unos pocos minutos.<\/p>\n<p>La puerta de enlace Bluetooth adicional le permite desbloquear la cerradura de la puerta de forma remota&comma; verificar el historial de registro y compartir el c\u00f3digo de acceso temporal o din\u00e1mico a trav\u00e9s de la aplicaci\u00f3n ZSmart.<\/p>\n<\/p><\/div>\n<p> <!-- Secci\u00f3n de caracter\u00edsticas --> <\/p>\n<div style='display: flex; flex-wrap: wrap; gap: 30px; margin-bottom: 30px;'>\n<div style='flex: 1 1 300px; min-width: 280px;'>\n<h3 style='font-size: 22px; border-bottom: 2px solid currentColor; padding-bottom: 5px; margin-top: 0; color: inherit; opacity: 0.8;'>Caracter\u00edsticas Principales<\/h3>\n<ul style='padding-left: 20px; font-size: 15px; color: inherit;'>\n<li style='margin-bottom: 5px;'>Resistencia a Condiciones de Semi-Exteriores<\/li>\n<li style='margin-bottom: 5px;'>Sencilla Instalaci\u00f3n<\/li>\n<li style='margin-bottom: 5px;'>Control por Voz<\/li>\n<li style='margin-bottom: 5px;'>Accesos desde la App Z Smart<\/li>\n<li style='margin-bottom: 5px;'>Puerto Micro-USB para Aperturas de Emergencia<\/li>\n<\/ul><\/div>\n<p> <!-- Secci\u00f3n de especificaciones --> <\/p>\n<div style='flex: 1 1 300px; min-width: 280px;'>\n<h3 style='font-size: 22px; border-bottom: 2px solid currentColor; padding-bottom: 5px; margin-top: 0; color: inherit; opacity: 0.8;'>Especificaciones T\u00e9cnicas<\/h3>\n<ul style='padding-left: 20px; font-size: 15px; color: inherit;'>\n<li style='margin-bottom: 5px;'><strong>Material:<\/strong> Aleaci\u00f3n de Zinc + Pl\u00e1stico ABS<\/li>\n<li style='margin-bottom: 5px;'><strong>Mecanismo:<\/strong> Est\u00e1ndar Americano y un Pestillo&comma; Est\u00e1ndar Alem\u00e1n (Opcional)<\/li>\n<li style='margin-bottom: 5px;'><strong>Capacidad de Usuarios:<\/strong> 100<\/li>\n<li style='margin-bottom: 5px;'><strong>Sensor de Huella:<\/strong> Capacitivo de Silic\u00f3n (s\u00f3lo para ML300)<\/li>\n<li style='margin-bottom: 5px;'><strong>Comunicaci\u00f3n:<\/strong> Bluetooth 5.0<\/li>\n<li style='margin-bottom: 5px;'><strong>Control por Voz:<\/strong> Por Medio de Amazon Alexa&comma; Google Assistant (Requiere adicionalmente un Gateway Bluetooth)<\/li>\n<li style='margin-bottom: 5px;'><strong>Grosor de Puerta:<\/strong> 30-60mm (Est\u00e1ndar)<\/li>\n<li style='margin-bottom: 5px;'><strong>Fuente de Alimentaci\u00f3n:<\/strong> 4 Bater\u00edas Alcalinas AA (No Incluidas)<\/li>\n<li style='margin-bottom: 5px;'><strong>Duraci\u00f3n de Bater\u00edas:<\/strong> 1 A\u00f1o Aproximadamente en Uso Simple<\/li>\n<li style='margin-bottom: 5px;'><strong>Temperatura de Operaci\u00f3n:<\/strong> -20\u00b0C hasta 55\u00b0C (Temperaturas -0\u00b0C<\/li>\n<li style='margin-bottom: 5px;'><strong>Dimensiones:<\/strong> Externo \u2013 75 x 138 x 23 (mm)&comma; Interno \u2013 75 x 150 x 27 (mm)<\/li>\n<li style='margin-bottom: 5px;'><strong>Humedad de Operaci\u00f3n:<\/strong> 10%~90% RH (Sin Condensar)<\/li>\n<\/ul><\/div>\n<\/p><\/div>\n<p> <!-- Separador --> <\/p>\n<hr style='border: 0; border-top: 1px solid rgba(150&comma; 150&comma; 150&comma; 0.3); margin: 30px 0;'> <\/div>\n","protected":false},"excerpt":{"rendered":"<p>Cerradura aut\u00f3noma Bluetooth<\/p>\n","protected":false},"featured_media":24881,"comment_status":"open","ping_status":"closed","template":"","meta":[],"product_brand":[],"product_cat":[86],"product_tag":[88,87,844],"class_list":{"0":"post-24882","1":"product","2":"type-product","3":"status-publish","4":"has-post-thumbnail","6":"product_cat-autonomas-inteligentes","7":"product_tag-autonomas-inteligentes","8":"product_tag-cerraduras","9":"product_tag-zkteco","11":"first","12":"instock","13":"sale","14":"shipping-taxable","15":"purchasable","16":"product-type-simple"},"_links":{"self":[{"href":"https:\/\/soydeaqui.ddns.net\/pachuca\/index.php\/wp-json\/wp\/v2\/product\/24882","targetHints":{"allow":["GET"]}}],"collection":[{"href":"https:\/\/soydeaqui.ddns.net\/pachuca\/index.php\/wp-json\/wp\/v2\/product"}],"about":[{"href":"https:\/\/soydeaqui.ddns.net\/pachuca\/index.php\/wp-json\/wp\/v2\/types\/product"}],"replies":[{"embeddable":true,"href":"https:\/\/soydeaqui.ddns.net\/pachuca\/index.php\/wp-json\/wp\/v2\/comments?post=24882"}],"wp:featuredmedia":[{"embeddable":true,"href":"https:\/\/soydeaqui.ddns.net\/pachuca\/index.php\/wp-json\/wp\/v2\/media\/24881"}],"wp:attachment":[{"href":"https:\/\/soydeaqui.ddns.net\/pachuca\/index.php\/wp-json\/wp\/v2\/media?parent=24882"}],"wp:term":[{"taxonomy":"product_brand","embeddable":true,"href":"https:\/\/soydeaqui.ddns.net\/pachuca\/index.php\/wp-json\/wp\/v2\/product_brand?post=24882"},{"taxonomy":"product_cat","embeddable":true,"href":"https:\/\/soydeaqui.ddns.net\/pachuca\/index.php\/wp-json\/wp\/v2\/product_cat?post=24882"},{"taxonomy":"product_tag","embeddable":true,"href":"https:\/\/soydeaqui.ddns.net\/pachuca\/index.php\/wp-json\/wp\/v2\/product_tag?post=24882"}],"curies":[{"name":"wp","href":"https:\/\/api.w.org\/{rel}","templated":true}]}}