{"id":24848,"date":"2026-03-18T11:42:31","date_gmt":"2026-03-18T11:42:31","guid":{"rendered":"https:\/\/soydeaqui.ddns.net\/pachuca\/index.php\/producto\/barrera-vehicular-gris-uso-intensivo-continuo-compatible-con-mastil-de-hasta-14-ft-4-26-m-no-incluido-bajo-mantenimiento-garantia-5-anos\/"},"modified":"2026-03-18T11:42:31","modified_gmt":"2026-03-18T11:42:31","slug":"barrera-vehicular-gris-uso-intensivo-continuo-compatible-con-mastil-de-hasta-14-ft-4-26-m-no-incluido-bajo-mantenimiento-garantia-5-anos","status":"publish","type":"product","link":"https:\/\/soydeaqui.ddns.net\/pachuca\/index.php\/producto\/barrera-vehicular-gris-uso-intensivo-continuo-compatible-con-mastil-de-hasta-14-ft-4-26-m-no-incluido-bajo-mantenimiento-garantia-5-anos\/","title":{"rendered":"Barrera Vehicular Gris \/ Uso Intensivo Continuo \/ Compatible con M\u00e1stil de hasta 14 ft \/ 4.26 m (No incluido) \/ Bajo mantenimiento \/ Garantia 5 a\u00f1os"},"content":{"rendered":"<div style='width: 100%; max-width: 1200px; margin: 0 auto; font-family: sans-serif; line-height: 1.6; color: inherit; background-color: transparent;'> <!-- Secci\u00f3n de caracter\u00edsticas principales --> <\/p>\n<div style='display: flex; flex-wrap: wrap; gap: 30px; margin-bottom: 30px;'>\n<div style='flex: 1 1 300px; min-width: 280px;'>\n<div style='border-left: 5px solid #0091ff; border-radius: 5px; padding: 15px; box-shadow: 2px 2px 10px rgba(216&comma; 216&comma; 216&comma; 0.5);'> <strong style='font-size: 18px; display: block; margin-bottom: 10px; color: inherit;'>Caracter\u00edsticas principales:<\/strong> <\/p>\n<ul style='padding-left: 20px; font-size: 15px; color: inherit; list-style-type: disc;'>\n<li style='margin-bottom: 5px;'>Barrera de uso continuo con motor de 1\/2 Hp<\/li>\n<li style='margin-bottom: 5px;'>Soporta brazo de hasta 4 metros<\/li>\n<li style='margin-bottom: 5px;'>Clase de operaci\u00f3n II&comma; III y IV (Seg\u00fan UL 325)<\/li>\n<\/ul><\/div>\n<\/p><\/div>\n<div style='flex: 1 1 300px; min-width: 280px;'>\n<div style='border-left: 5px solid #0091ff; border-radius: 5px; padding: 15px; box-shadow: 2px 2px 10px rgba(216&comma; 216&comma; 216&comma; 0.5);'> <strong style='font-size: 18px; display: block; margin-bottom: 10px; color: inherit;'>Caracter\u00edsticas F\u00edsicas y El\u00e9ctricas:<\/strong> <\/p>\n<ul style='padding-left: 20px; font-size: 15px; color: inherit; list-style-type: disc;'>\n<li style='margin-bottom: 5px;'>Alimentaci\u00f3n 115 Vac<\/li>\n<li style='margin-bottom: 5px;'>Dimensiones: 387.35 x 1105 x 394 mm<\/li>\n<li style='margin-bottom: 5px;'>Consumo de corriente de 5.4 Amp.<\/li>\n<\/ul><\/div>\n<\/p><\/div>\n<div style='flex: 1 1 300px; min-width: 280px;'>\n<div style='border-left: 5px solid #0091ff; border-radius: 5px; padding: 15px; box-shadow: 2px 2px 10px rgba(216&comma; 216&comma; 216&comma; 0.5);'> <strong style='font-size: 18px; display: block; margin-bottom: 10px; color: inherit;'>Caracter\u00edsticas Destacadas:<\/strong> <\/p>\n<ul style='padding-left: 20px; font-size: 15px; color: inherit; list-style-type: disc;'>\n<li style='margin-bottom: 5px;'>5 a\u00f1os de garant\u00eda contra defectos de fabricaci\u00f3n.<\/li>\n<li style='margin-bottom: 5px;'>Interruptor de encendido \/ apagado integrado.<\/li>\n<li style='margin-bottom: 5px;'>Barrera Izquierda o derecha configurable en campo.<\/li>\n<\/ul><\/div>\n<\/p><\/div>\n<\/p><\/div>\n<p> <!-- Secci\u00f3n de informaci\u00f3n detallada --> <\/p>\n<div style='display: flex; flex-wrap: wrap; gap: 30px; margin-bottom: 30px;'>\n<div style='flex: 1 1 300px; min-width: 280px;'>\n<h3 style='font-size: 20px; border-bottom: 2px solid currentColor; padding-bottom: 5px; margin-top: 0; color: inherit; opacity: 0.8;'>Especificaciones detalladas<\/h3>\n<ul style='padding-left: 20px; font-size: 15px; color: inherit; list-style-type: disc;'>\n<li style='margin-bottom: 5px;'>Barrera Vehicular de uso continuo compatible con brazo de hasta 4 metros.<\/li>\n<li style='margin-bottom: 5px;'><strong>Contenido del modelo 1601-480:<\/strong><\/li>\n<ul style='padding-left: 25px; margin-top: 5px; margin-bottom: 5px;'>\n<li style='margin-bottom: 5px;'>Barrera de uso continuo con motor de 1\/2 Hp<\/li>\n<li style='margin-bottom: 5px;'>Tapa para m\u00e1stil de pl\u00e1stico en color blanco<\/li>\n<\/ul>\n<li style='margin-bottom: 5px;'><strong>Caracter\u00edsticas adicionales:<\/strong><\/li>\n<ul style='padding-left: 25px; margin-top: 5px; margin-bottom: 5px;'>\n<li style='margin-bottom: 5px;'>Programaci\u00f3n de l\u00edmites magn\u00e9ticos<\/li>\n<li style='margin-bottom: 5px;'>Dos puertos para sensores de masa interconstruidos<\/li>\n<li style='margin-bottom: 5px;'>Cierre autom\u00e1tico programable<\/li>\n<li style='margin-bottom: 5px;'>Dos salidas de voltaje interconstruidas para la conexi\u00f3n de accesorios<\/li>\n<li style='margin-bottom: 5px;'>Motor de 1\/2 Hp para uso continuo<\/li>\n<li style='margin-bottom: 5px;'>Opci\u00f3n para brazo abatible (Se adquiere por separado)<\/li>\n<li style='margin-bottom: 5px;'>Opciones de brazo con iluminaci\u00f3n blanca o Rojo\/Verde (Se adquiere por separado)<\/li>\n<\/ul>\n<\/ul><\/div>\n<div style='flex: 1 1 300px; min-width: 280px;'> <img style='width: 100%; height: auto; border: 1px solid rgba(150&comma;150&comma;150&comma;0.3); border-radius: 8px;' src='https:\/\/ftp3.syscom.mx\/usuarios\/fotos\/BancoFotografiasSyscom\/DKSDOORKING\/1601480\/1601480-p.PNG' alt='Barrera Vehicular DKS DOORKING 1601480'> <\/div>\n<\/p><\/div>\n<p> <!-- Secci\u00f3n de notas adicionales --> <\/p>\n<div style='margin-bottom: 30px;'>\n<h3 style='font-size: 20px; text-align: center; border-bottom: 2px solid currentColor; padding-bottom: 5px; margin-top: 0; margin-bottom: 15px; color: inherit; opacity: 0.8;'>Notas adicionales<\/h3>\n<ul style='padding-left: 20px; font-size: 15px; color: inherit; list-style-type: disc; text-align: center;'>\n<li style='margin-bottom: 5px;'>El brazo y kit de instalaci\u00f3n se venden por separado<\/li>\n<li style='margin-bottom: 5px;'>Equipo con 5 a\u00f1os de garant\u00eda contra defectos de fabricaci\u00f3n<\/li>\n<\/ul><\/div>\n<p> <!-- Secci\u00f3n de selecci\u00f3n de m\u00e1stil y kit --> <\/p>\n<div style='margin-bottom: 30px;'>\n<h3 style='font-size: 20px; text-align: center; border-bottom: 2px solid currentColor; padding-bottom: 5px; margin-top: 0; margin-bottom: 15px; color: inherit; opacity: 0.8;'>Paso 1: Elegir un m\u00e1stil y kit de instalaci\u00f3n<\/h3>\n<div style='padding: 15px; background-color: rgba(150&comma; 150&comma; 150&comma; 0.05); border-radius: 8px;'>\n<p style='margin-bottom: 10px;'><strong>Brazo octagonal de aluminio sin accesorios<\/strong> <span style='color: #2880b9;'><strong>1601-555<\/strong><\/span>&comma; requiere un kit de instalaci\u00f3n <span style='color: #2880b9;'><strong>1601-242<\/strong><\/span>.<\/p>\n<p style='margin-bottom: 10px;'><strong>Brazo octagonal con borde de reversa sin iluminaci\u00f3n<\/strong> <span style='color: #2880b9;'><strong>1601-555<\/strong><\/span>&comma; requiere un kit de instalaci\u00f3n <span style='color: #2880b9;'><strong>8080-235<\/strong><\/span> y un borde de reversa sin luz <strong style='color: #2880b9;'>8080-612<\/strong>.<\/p>\n<p style='margin-bottom: 10px;'><strong>Brazo octagonal con borde de reversa con iluminaci\u00f3n<\/strong> <span style='color: #c0392b;'><strong>ROJO<\/strong><\/span> \/ <span style='color: #27ae60;'><strong>VERDE<\/strong><\/span> <span style='color: #2880b9;'><strong>1601-555<\/strong><\/span>&comma; requiere un kit de instalaci\u00f3n <strong><span style='color: #2880b9;'>8080-235<\/span><\/strong> y un borde de reversa con luz <span style='color: #2880b9;'><strong>8080-412<\/strong><\/span><\/p>\n<p style='margin-bottom: 10px;'><strong>Brazo octagonal con borde reversa sin iluminaci\u00f3n y sistema de abatimiento por impacto <span style='color: #2880b9;'>1601-555&comma;<\/span><\/strong> requiere un kit de instalaci\u00f3n con sistema de abatimiento <strong><span style='color: #2880b9;'>8080-295<\/span><\/strong> y un borde de reversa sin luz <strong><span style='color: #2880b9;'>8080-612<\/span><\/strong><\/p>\n<p style='margin-bottom: 0;'><strong>Brazo octagonal con borde reversa con iluminaci\u00f3n <span style='color: #c0392b;'>ROJO<\/span> \/ <span style='color: #27ae60;'>VERDE<\/span> y sistema de abatimiento por impacto<\/strong> <strong><span style='color: #2880b9;'>1601-555<\/span><\/strong>&comma; requiere un kit de instalaci\u00f3n con sistema de abatimiento <span style='color: #2880b9;'><strong>8080-295<\/strong><\/span> y un borde de reversa con luz<span style='color: #2880b9;'><strong>8080-412<\/strong><\/span><\/p>\n<\/p><\/div>\n<\/p><\/div>\n<p> <!-- Secci\u00f3n de elementos opcionales --> <\/p>\n<div style='margin-bottom: 30px;'>\n<h3 style='font-size: 20px; text-align: center; border-bottom: 2px solid currentColor; padding-bottom: 5px; margin-top: 0; margin-bottom: 15px; color: inherit; opacity: 0.8;'>Paso 2: Elegir los elementos opcionales<\/h3>\n<div style='padding: 15px; background-color: rgba(150&comma; 150&comma; 150&comma; 0.05); border-radius: 8px;'>\n<p style='margin-bottom: 10px;'><strong>Sensor de masa<\/strong> original DKS <span style='color: #2880b9;'><strong>9410-010<\/strong><\/span>&comma; requiere un lazo magn\u00e9tico <strong><span style='color: #2880b9;'>SYSLM6<\/span><\/strong><\/p>\n<p style='margin-bottom: 10px;'><strong>Botonera triple de uso rudo<\/strong> para aplicaciones de acceso vehicular <strong><span style='color: #2880b9;'>XBSSW01<\/span><\/strong><\/p>\n<p style='margin-bottom: 10px;'><strong>Fotocelda de seguridad<\/strong> con alcance de 7 metros <strong><span style='color: #2880b9;'>XBSRR7<\/span><\/strong><\/p>\n<p style='margin-bottom: 10px;'><strong>L\u00e1ser de seguridad<\/strong> para aplicaciones de acceso vehicular <strong><span style='color: #2880b9;'>10LZR-H100-KIT19327<\/span><\/strong><\/p>\n<p style='margin-bottom: 0;'><span style='color: #000000;'><strong>Semaforo para barreras<\/strong> Doorking <span style='color: #2880b9;'><strong>1603-222<\/strong><\/span><\/span><\/p>\n<\/p><\/div>\n<\/p><\/div>\n<p> <!-- Secci\u00f3n de notas y recomendaciones --> <\/p>\n<div style='margin-bottom: 30px;'>\n<h3 style='font-size: 20px; text-align: center; border-bottom: 2px solid currentColor; padding-bottom: 5px; margin-top: 0; margin-bottom: 15px; color: inherit; opacity: 0.8;'>Notas y Recomendaciones Adicionales<\/h3>\n<div style='padding: 15px; background-color: rgba(150&comma; 150&comma; 150&comma; 0.05); border-radius: 8px;'>\n<ul style='padding-left: 20px; font-size: 15px; color: inherit; list-style-type: disc; margin-bottom: 15px; text-align: center;'>\n<li style='margin-bottom: 5px;'>Todos los componentes y accesorios se venden por separado.<\/li>\n<li style='margin-bottom: 5px;'>Los dispositivos de acceso vehicular requieren ser instalados por personal certificado.<\/li>\n<li style='margin-bottom: 5px;'>Las notas aplican para el modelo 1601-080.<\/li>\n<li style='margin-bottom: 5px;'>La garant\u00eda cubre espec\u00edficamente da\u00f1os y\/o mal funcionamiento derivados de un defecto de fabricaci\u00f3n en el producto.<\/li>\n<li style='margin-bottom: 5px;'>Cualquier da\u00f1o causado por una operaci\u00f3n o instalaci\u00f3n incorrecta&comma; invalida la p\u00f3liza de garant\u00eda del producto.<\/li>\n<\/ul>\n<p style='text-align: center; margin-bottom: 10px;'>El cumplimiento de la norma UL325 exige el uso de dispositivos de seguridad adicionales. Para mayor informaci\u00f3n puede consultar el siguiente enlace <a href='https:\/\/www.doorking.com\/safety\/ul-325' target='_blank' rel='noopener' style='color: #2880b9; text-decoration: underline;'>UL 325 Safety Standard<\/a><\/p>\n<p style='text-align: center; margin-bottom: 0;'>Con el fin de asegurar una mejor protecci\u00f3n contra descargas el\u00e9ctricas&comma; es necesario conectar una l\u00ednea de Tierra F\u00edsica en las terminales designadas en la barrera vehicular&comma; as\u00ed como tambi\u00e9n debe agregar un dispositivo protector de l\u00ednea contra descargas el\u00e9ctricas.<\/p>\n<\/p><\/div>\n<\/p><\/div>\n<p> <!-- Secci\u00f3n de videos --> <\/p>\n<div style='margin-bottom: 30px;'>\n<h3 style='font-size: 20px; text-align: center; border-bottom: 2px solid currentColor; padding-bottom: 5px; margin-top: 0; margin-bottom: 15px; color: inherit; opacity: 0.8;'>Videos de instalaci\u00f3n y operaci\u00f3n<\/h3>\n<div style='display: flex; flex-wrap: wrap; gap: 20px; justify-content: center;'>\n<div style='flex: 1 1 300px; max-width: 400px;'>\n<div style='position: relative; padding-bottom: 56.25%; height: 0; overflow: hidden;'>   <\/div>\n<\/p><\/div>\n<div style='flex: 1 1 300px; max-width: 400px;'>\n<div style='position: relative; padding-bottom: 56.25%; height: 0; overflow: hidden;'>   <\/div>\n<\/p><\/div>\n<div style='flex: 1 1 300px; max-width: 400px;'>\n<div style='position: relative; padding-bottom: 56.25%; height: 0; overflow: hidden;'>   <\/div>\n<\/p><\/div>\n<div style='flex: 1 1 300px; max-width: 400px;'>\n<div style='position: relative; padding-bottom: 56.25%; height: 0; overflow: hidden;'>   <\/div>\n<\/p><\/div>\n<div style='flex: 1 1 300px; max-width: 400px;'>\n<div style='position: relative; padding-bottom: 56.25%; height: 0; overflow: hidden;'>   <\/div>\n<\/p><\/div>\n<div style='flex: 1 1 300px; max-width: 400px;'>\n<div style='position: relative; padding-bottom: 56.25%; height: 0; overflow: hidden;'>   <\/div>\n<\/p><\/div>\n<\/p><\/div>\n<\/p><\/div>\n<p> <!-- Nota final --> <\/p>\n<div style='margin-bottom: 30px;'>\n<p style='text-align: center; font-weight: bold; margin-bottom: 0;'><span style='color: inherit;'>NOTA:<\/span> Considerar descansabrazos <a href='https:\/\/www.syscom.mx\/principal\/searchcont?route=XB-POST-AccessPRO-Industrial-183352&#038;autodetect=xbpost' target='_blank' rel='noopener' style='color: #2880b9; text-decoration: underline;'>XB-POST<\/a> en brazos de 4 m o m\u00e1s para evitar da\u00f1o prematuro del mecanismo.<\/p>\n<\/p><\/div>\n<p> <!-- Separador final --> <\/p>\n<hr style='border: 0; border-top: 1px solid rgba(150&comma; 150&comma; 150&comma; 0.3); margin: 30px 0;'> <\/div>\n","protected":false},"excerpt":{"rendered":"<p>Barrera Vehicular Gris \/ Uso Intensivo Continuo \/ Compatible con M\u00e1stil de hasta 14 ft \/ 4.26 m (No incluido) \/ Bajo mantenimiento \/ Garantia 5 a\u00f1os<\/p>\n","protected":false},"featured_media":24847,"comment_status":"open","ping_status":"closed","template":"","meta":[],"product_brand":[],"product_cat":[748],"product_tag":[401,749,781],"class_list":{"0":"post-24848","1":"product","2":"type-product","3":"status-publish","4":"has-post-thumbnail","6":"product_cat-barreras-vehiculares","7":"product_tag-acceso-vehicular","8":"product_tag-barreras-vehiculares","9":"product_tag-dks-doorking","11":"first","12":"instock","13":"sale","14":"shipping-taxable","15":"purchasable","16":"product-type-simple"},"_links":{"self":[{"href":"https:\/\/soydeaqui.ddns.net\/pachuca\/index.php\/wp-json\/wp\/v2\/product\/24848","targetHints":{"allow":["GET"]}}],"collection":[{"href":"https:\/\/soydeaqui.ddns.net\/pachuca\/index.php\/wp-json\/wp\/v2\/product"}],"about":[{"href":"https:\/\/soydeaqui.ddns.net\/pachuca\/index.php\/wp-json\/wp\/v2\/types\/product"}],"replies":[{"embeddable":true,"href":"https:\/\/soydeaqui.ddns.net\/pachuca\/index.php\/wp-json\/wp\/v2\/comments?post=24848"}],"wp:featuredmedia":[{"embeddable":true,"href":"https:\/\/soydeaqui.ddns.net\/pachuca\/index.php\/wp-json\/wp\/v2\/media\/24847"}],"wp:attachment":[{"href":"https:\/\/soydeaqui.ddns.net\/pachuca\/index.php\/wp-json\/wp\/v2\/media?parent=24848"}],"wp:term":[{"taxonomy":"product_brand","embeddable":true,"href":"https:\/\/soydeaqui.ddns.net\/pachuca\/index.php\/wp-json\/wp\/v2\/product_brand?post=24848"},{"taxonomy":"product_cat","embeddable":true,"href":"https:\/\/soydeaqui.ddns.net\/pachuca\/index.php\/wp-json\/wp\/v2\/product_cat?post=24848"},{"taxonomy":"product_tag","embeddable":true,"href":"https:\/\/soydeaqui.ddns.net\/pachuca\/index.php\/wp-json\/wp\/v2\/product_tag?post=24848"}],"curies":[{"name":"wp","href":"https:\/\/api.w.org\/{rel}","templated":true}]}}