{"id":24842,"date":"2026-03-18T11:42:25","date_gmt":"2026-03-18T11:42:25","guid":{"rendered":"https:\/\/soydeaqui.ddns.net\/pachuca\/index.php\/producto\/barrera-vehicular-uso-intensivo-continuo-compatible-con-mastil-de-hasta-14-ft-4-26-m-no-incluido-bajo-mantenimiento-garantia-5-anos-2\/"},"modified":"2026-03-18T11:42:25","modified_gmt":"2026-03-18T11:42:25","slug":"barrera-vehicular-uso-intensivo-continuo-compatible-con-mastil-de-hasta-14-ft-4-26-m-no-incluido-bajo-mantenimiento-garantia-5-anos-2","status":"publish","type":"product","link":"https:\/\/soydeaqui.ddns.net\/pachuca\/index.php\/producto\/barrera-vehicular-uso-intensivo-continuo-compatible-con-mastil-de-hasta-14-ft-4-26-m-no-incluido-bajo-mantenimiento-garantia-5-anos-2\/","title":{"rendered":"Barrera Vehicular \/ Uso Intensivo Continuo \/ Compatible con M\u00e1stil de hasta 14 ft \/ 4.26 m (No incluido) \/ Bajo mantenimiento \/ Garantia 5 a\u00f1os"},"content":{"rendered":"<div style='width: 100%; max-width: 1200px; margin: 0 auto; font-family: sans-serif; line-height: 1.6; color: inherit; background-color: transparent;'>\n<div style='display: flex; flex-wrap: wrap; gap: 30px; margin-bottom: 30px;'>\n<div style='flex: 1 1 300px; min-width: 280px;'>\n<h3 style='font-size: 22px; border-bottom: 2px solid currentColor; padding-bottom: 5px; margin-top: 0; color: inherit; opacity: 0.8;'>Caracter\u00edsticas principales<\/h3>\n<ul style='padding-left: 20px; font-size: 15px; color: inherit;'>\n<li style='margin-bottom: 5px;'>Barrera de uso continuo con motor de 1\/2 Hp<\/li>\n<li style='margin-bottom: 5px;'>Soporta brazo de hasta 4 metros<\/li>\n<li style='margin-bottom: 5px;'>Clase de operacion II&comma; III y IV (Segun UL 325)<\/li>\n<\/ul><\/div>\n<div style='flex: 1 1 300px; min-width: 280px;'>\n<h3 style='font-size: 22px; border-bottom: 2px solid currentColor; padding-bottom: 5px; margin-top: 0; color: inherit; opacity: 0.8;'>Caracter\u00edsticas F\u00edsicas y El\u00e9ctricas<\/h3>\n<ul style='padding-left: 20px; font-size: 15px; color: inherit;'>\n<li style='margin-bottom: 5px;'>Alimentacion 115 Vac<\/li>\n<li style='margin-bottom: 5px;'>Dimensiones: 387.35 x 1105 x 394 mm<\/li>\n<li style='margin-bottom: 5px;'>Consumo de corriente de 5.4 Amp.<\/li>\n<\/ul><\/div>\n<div style='flex: 1 1 300px; min-width: 280px;'>\n<h3 style='font-size: 22px; border-bottom: 2px solid currentColor; padding-bottom: 5px; margin-top: 0; color: inherit; opacity: 0.8;'>Caracter\u00edsticas Destacadas<\/h3>\n<ul style='padding-left: 20px; font-size: 15px; color: inherit;'>\n<li style='margin-bottom: 5px;'>5 a\u00f1os de garantia contra defectos de fabricaci\u00f3n.<\/li>\n<li style='margin-bottom: 5px;'>Interruptor de encendido \/ apagado integrado.<\/li>\n<li style='margin-bottom: 5px;'>Barrera Izquierda o derecha configurable en campo.<\/li>\n<\/ul><\/div>\n<\/p><\/div>\n<hr style='border: 0; border-top: 1px solid rgba(150&comma; 150&comma; 150&comma; 0.3); margin: 30px 0;'>\n<div style='display: grid; grid-template-columns: 1fr; gap: 30px; margin-bottom: 30px;'>\n<div>\n<h2 style='font-size: 20px; color: inherit; margin-top: 0;'>Barrera Vehicular de uso continuo compatible con brazo de hasta 4 metros.<\/h2>\n<h2 style='font-size: 20px; color: inherit; margin-top: 0;'>El modelo 1601-380 contiene:<\/h2>\n<ul style='padding-left: 20px; font-size: 15px; color: inherit;'>\n<li style='margin-bottom: 5px;'>Barrera de uso continuo con motor de 1\/2 Hp .<\/li>\n<li style='margin-bottom: 5px;'>Tapa para mastil de plastico en color blanco.<\/li>\n<\/ul>\n<h2 style='font-size: 20px; color: inherit; margin-top: 0;'>Caracteristicas adicionales:<\/h2>\n<ul style='padding-left: 20px; font-size: 15px; color: inherit;'>\n<li style='margin-bottom: 5px;'>Programacion de limites magtenicos<\/li>\n<li style='margin-bottom: 5px;'>Dos puertos para sensores de masa interconstruidos<\/li>\n<li style='margin-bottom: 5px;'>Cierre automatico programable<\/li>\n<li style='margin-bottom: 5px;'>Dos salidas de voltaje interconstruidas para la conexion de accesorios.<\/li>\n<li style='margin-bottom: 5px;'>Motor de 1\/2 Hp para uso continuo.<\/li>\n<li style='margin-bottom: 5px;'>Opcion para brazo abatible (Se adquiere por separado)<\/li>\n<li style='margin-bottom: 5px;'>Opciones de brazo con ilimunacion blanca o Rojo\/Verde (Se adquiere por separado)<\/li>\n<\/ul>\n<h2 style='font-size: 20px; color: inherit; margin-top: 0;'>Notas adicionales:<\/h2>\n<ul style='padding-left: 20px; font-size: 15px; color: inherit;'>\n<li style='margin-bottom: 5px;'>El brazo y kit de instalaci\u00f3n se adquieren por separado<\/li>\n<li style='margin-bottom: 5px;'>5 a\u00f1os de garantia contra defectos de fabricaci\u00f3n.<\/li>\n<\/ul><\/div>\n<div> <img style='width: 100%; height: auto; border: 1px solid rgba(150&comma;150&comma;150&comma;0.3); border-radius: 8px;' src='https:\/\/ftp3.syscom.mx\/usuarios\/fotos\/1601080\/82901-16010803.png' alt=''> <\/div>\n<\/p><\/div>\n<hr style='border: 0; border-top: 1px solid rgba(150&comma; 150&comma; 150&comma; 0.3); margin: 30px 0;'>\n<div style='display: flex; flex-direction: column; gap: 30px;'>\n<h2 style='font-size: 20px; text-align: center; color: inherit; margin-top: 0;'>\u00bfQu\u00e9 componentes adicionales debe cotizar para armar un sistema completo?<\/h2>\n<hr style='border: 0; border-top: 1px solid rgba(150&comma; 150&comma; 150&comma; 0.3); margin: 30px 0;'>\n<h2 style='font-size: 20px; text-align: center; color: inherit; margin-top: 0;'>Paso 1 Elegir un mastil y kit de instalaci\u00f3n<\/h2>\n<div style='display: flex; flex-direction: column; gap: 15px;'>\n<p style='text-align: center; margin: 0;'><strong>Brazo octagonal de aluminio sin accesorios<\/strong> <span style='color: #2880b9;'><strong>1601-555<\/strong><\/span>&comma; requiere un kit de instalaci\u00f3n <span style='color: #2880b9;'><strong>1601-242<\/strong><\/span>.<\/p>\n<p style='text-align: center; margin: 0;'><strong>Brazo octagonal con borde de reversa sin iluminaci\u00f3n<\/strong> <span style='color: #2880b9;'><strong>1601-555<\/strong><\/span>&comma; requiere un kit de instalaci\u00f3n <span style='color: #2880b9;'><strong>8080-235<\/strong><\/span> y un borde de reversa sin luz <strong style='color: #2880b9;'>8080-612<\/strong>.<\/p>\n<p style='text-align: center; margin: 0;'><strong>Brazo octagonal con borde de reversa con iluminaci\u00f3n<\/strong> <span style='color: #c0392b;'><strong>ROJO<\/strong> <\/span>\/ <span style='color: #27ae60;'><strong>VERDE<\/strong><\/span> <span style='color: #2880b9;'><strong>1601-555<\/strong><\/span>&comma; requeire un kit de instalaci\u00f3n <strong><span style='color: #2880b9;'>8080-235<\/span><\/strong> y un borde de reversa con luz <span style='color: #2880b9;'><strong> 8080-412<\/strong><\/span><\/p>\n<p style='text-align: center; margin: 0;'><strong>Brazo octagonal con borde reversa sin iluminaci\u00f3n y sistema de abatimiento por impacto <span style='color: #2880b9;'>1601-555&comma;<\/span><\/strong> requiere un kit de instalaci\u00f3n con sistema de abatimiento <strong><span style='color: #2880b9;'>8080-295 <\/span><\/strong> y un borde de reversa sin luz <strong><span style='color: #2880b9;'>8080-612<\/span><\/strong><\/p>\n<p style='text-align: center; margin: 0;'><strong>Brazo octagonal con borde reversa con iluminaci\u00f3n <span style='color: #c0392b;'>ROJO<\/span> \/ <span style='color: #27ae60;'>VERDE<\/span> y sistema de abatimiento por impacto<\/strong> <strong><span style='color: #2880b9;'>1601-555<\/strong><\/span>&comma; requiere un kit de instalaci\u00f3n con sistema de abatimiento <span style='color: #2880b9;'><strong>8080-295<\/strong><\/span> y un borde de reversa con luz<span style='color: #2880b9;'><strong> 8080-412<\/strong><\/span><\/p>\n<\/p><\/div>\n<\/p><\/div>\n<hr style='border: 0; border-top: 1px solid rgba(150&comma; 150&comma; 150&comma; 0.3); margin: 30px 0;'>\n<div style='display: flex; flex-direction: column; gap: 30px;'>\n<h2 style='font-size: 20px; text-align: center; color: inherit; margin-top: 0;'>Paso 2 Elegir los elementos opcionales<\/h2>\n<div style='display: flex; flex-direction: column; gap: 15px;'>\n<p style='text-align: center; margin: 0;'><strong>Sensor de masa<\/strong> original DKS <span style='color: #2880b9;'><strong>9410-010<\/strong><\/span>&comma; requiere un lazo magnetico <strong><span style='color: #2880b9;'>SYSLM6 <\/span><\/strong><\/p>\n<p style='text-align: center; margin: 0;'><strong>Botonera triple de uso rudo<\/strong> para aplicaciones de acceso vehicular <strong><span style='color: #2880b9;'>XBSSW01 <\/span><\/strong><\/p>\n<p style='text-align: center; margin: 0;'><strong>Fotocelda de seguridad<\/strong> con alcance de 7 metros <strong><span style='color: #2880b9;'>XBSRR7 <\/span><\/strong><\/p>\n<p style='text-align: center; margin: 0;'><strong>Laser de seguridad<\/strong> para aplicaciones de acceso vehicular <strong><span style='color: #2880b9;'>10LZR-H100-KIT19327<\/span><\/strong><\/p>\n<p style='text-align: center; margin: 0;'><span style='color: #000000;'><strong>Semaforo para barreras<\/strong> Doorking <span style='color: #2880b9;'><strong>1603-222<\/strong><\/span><\/span><\/p>\n<\/p><\/div>\n<\/p><\/div>\n<hr style='border: 0; border-top: 1px solid rgba(150&comma; 150&comma; 150&comma; 0.3); margin: 30px 0;'>\n<div style='display: flex; flex-direction: column; gap: 30px;'>\n<h1 style='font-size: 24px; text-align: center; color: inherit; margin-top: 0;'>Notas y Recomendaciones Adicionales<\/h1>\n<div style='display: flex; flex-direction: column; gap: 15px;'>\n<p style='text-align: center; margin: 0;'>Todos los componentes y accesorios se venden por separado.<\/p>\n<p style='text-align: center; margin: 0;'>Los dispositivos de acceso vehicular requieren ser instalados por personal certificado.<\/p>\n<p style='text-align: center; margin: 0;'>Los aplican para el modelo 1601-380.<\/p>\n<p style='text-align: center; margin: 0;'>La garant\u00eda cubre espec\u00edficamente da\u00f1os y\/o mal funcionamiento derivados de un defecto de fabricaci\u00f3n en el producto.<\/p>\n<p style='text-align: center; margin: 0;'>Cualquier da\u00f1o causado por una operaci\u00f3n o instalaci\u00f3n incorrecta&comma; invalida la p\u00f3liza de garant\u00eda del producto.<\/p>\n<p style='text-align: center; margin: 0;'>El cumplimiento de la norma UL325 exige el uso de dispositivos de seguridad adicionales. Para mayor informaci\u00f3n puede consultar el siguiente enlace <a href='https:\/\/www.doorking.com\/safety\/ul-325' target='_blank' rel='noopener' style='color: inherit; text-decoration: underline;'>UL 325 Safety Standard<\/a><\/p>\n<p style='text-align: center; margin: 0;'>Con el fin de asegurar una mejor protecci\u00f3n contra descargas el\u00e9ctricas&comma; es necesario conectar una linea de Tierra Fisica en las terminales designadas en la barrera vehicular&comma; as\u00ed como tambi\u00e9n debe agregar un dispositivo protector de linea contra descargas el\u00e9ctricas.<\/p>\n<\/p><\/div>\n<\/p><\/div>\n<hr style='border: 0; border-top: 1px solid rgba(150&comma; 150&comma; 150&comma; 0.3); margin: 30px 0;'>\n<div style='display: flex; flex-wrap: wrap; gap: 30px; justify-content: center;'>\n<div style='position: relative; padding-bottom: 56.25%; height: 0; overflow: hidden; flex: 1 1 300px; min-width: 280px;'>   <\/div>\n<div style='position: relative; padding-bottom: 56.25%; height: 0; overflow: hidden; flex: 1 1 300px; min-width: 280px;'>   <\/div>\n<div style='position: relative; padding-bottom: 56.25%; height: 0; overflow: hidden; flex: 1 1 300px; min-width: 280px;'>   <\/div>\n<\/p><\/div>\n<hr style='border: 0; border-top: 1px solid rgba(150&comma; 150&comma; 150&comma; 0.3); margin: 30px 0;'>\n<div style='display: flex; flex-wrap: wrap; gap: 30px; justify-content: center;'>\n<div style='position: relative; padding-bottom: 56.25%; height: 0; overflow: hidden; flex: 1 1 300px; min-width: 280px;'>   <\/div>\n<div style='position: relative; padding-bottom: 56.25%; height: 0; overflow: hidden; flex: 1 1 300px; min-width: 280px;'>   <\/div>\n<div style='position: relative; padding-bottom: 56.25%; height: 0; overflow: hidden; flex: 1 1 300px; min-width: 280px;'>   <\/div>\n<\/p><\/div>\n<hr style='border: 0; border-top: 1px solid rgba(150&comma; 150&comma; 150&comma; 0.3); margin: 30px 0;'>\n<h2 style='font-size: 20px; text-align: center; color: inherit; margin-top: 0;'>NOTA: Considerar descansabrazos <a href='https:\/\/www.syscom.mx\/principal\/searchcont?route=XB-POST-AccessPRO-Industrial-183352&#038;autodetect=xbpost' target='_blank' rel='noopener' style='color: inherit; text-decoration: underline;'>XB-POST<\/a> en brazos de 4 m o m\u00e1s para evitar da\u00f1o prematuro del mecanismo.<\/h2>\n<\/p><\/div>\n","protected":false},"excerpt":{"rendered":"<p>Barrera Vehicular \/ Uso Intensivo Continuo \/ Compatible con M\u00e1stil de hasta 14 ft \/ 4.26 m (No incluido) \/ Bajo mantenimiento \/ Garantia 5 a\u00f1os<\/p>\n","protected":false},"featured_media":24841,"comment_status":"open","ping_status":"closed","template":"","meta":[],"product_brand":[],"product_cat":[748],"product_tag":[401,749,781],"class_list":{"0":"post-24842","1":"product","2":"type-product","3":"status-publish","4":"has-post-thumbnail","6":"product_cat-barreras-vehiculares","7":"product_tag-acceso-vehicular","8":"product_tag-barreras-vehiculares","9":"product_tag-dks-doorking","11":"first","12":"instock","13":"sale","14":"shipping-taxable","15":"purchasable","16":"product-type-simple"},"_links":{"self":[{"href":"https:\/\/soydeaqui.ddns.net\/pachuca\/index.php\/wp-json\/wp\/v2\/product\/24842","targetHints":{"allow":["GET"]}}],"collection":[{"href":"https:\/\/soydeaqui.ddns.net\/pachuca\/index.php\/wp-json\/wp\/v2\/product"}],"about":[{"href":"https:\/\/soydeaqui.ddns.net\/pachuca\/index.php\/wp-json\/wp\/v2\/types\/product"}],"replies":[{"embeddable":true,"href":"https:\/\/soydeaqui.ddns.net\/pachuca\/index.php\/wp-json\/wp\/v2\/comments?post=24842"}],"wp:featuredmedia":[{"embeddable":true,"href":"https:\/\/soydeaqui.ddns.net\/pachuca\/index.php\/wp-json\/wp\/v2\/media\/24841"}],"wp:attachment":[{"href":"https:\/\/soydeaqui.ddns.net\/pachuca\/index.php\/wp-json\/wp\/v2\/media?parent=24842"}],"wp:term":[{"taxonomy":"product_brand","embeddable":true,"href":"https:\/\/soydeaqui.ddns.net\/pachuca\/index.php\/wp-json\/wp\/v2\/product_brand?post=24842"},{"taxonomy":"product_cat","embeddable":true,"href":"https:\/\/soydeaqui.ddns.net\/pachuca\/index.php\/wp-json\/wp\/v2\/product_cat?post=24842"},{"taxonomy":"product_tag","embeddable":true,"href":"https:\/\/soydeaqui.ddns.net\/pachuca\/index.php\/wp-json\/wp\/v2\/product_tag?post=24842"}],"curies":[{"name":"wp","href":"https:\/\/api.w.org\/{rel}","templated":true}]}}