{"id":24840,"date":"2026-03-18T11:42:23","date_gmt":"2026-03-18T11:42:23","guid":{"rendered":"https:\/\/soydeaqui.ddns.net\/pachuca\/index.php\/producto\/torniquete-de-medio-cuerpo-doble-carril-acabado-en-acero-inoxidable-bidireccional\/"},"modified":"2026-03-18T11:42:23","modified_gmt":"2026-03-18T11:42:23","slug":"torniquete-de-medio-cuerpo-doble-carril-acabado-en-acero-inoxidable-bidireccional","status":"publish","type":"product","link":"https:\/\/soydeaqui.ddns.net\/pachuca\/index.php\/producto\/torniquete-de-medio-cuerpo-doble-carril-acabado-en-acero-inoxidable-bidireccional\/","title":{"rendered":"TORNIQUETE DE MEDIO CUERPO \/ DOBLE CARRIL \/ ACABADO EN ACERO INOXIDABLE \/ BIDIRECCIONAL"},"content":{"rendered":"<div style='width: 100%; max-width: 1200px; margin: 0 auto; font-family: sans-serif; line-height: 1.6; color: inherit; background-color: transparent;'>\n<div style='display: flex; flex-direction: column; align-items: center; text-align: center; margin-bottom: 30px;'>\n<h1 style='font-size: 28px; margin: 0 0 10px 0; color: inherit;'><strong>Torniquete CAME 602D<\/strong><\/h1>\n<p style='margin: 10px 70px 20px 70px; font-size: 15px; color: inherit;'>Torniquete tr\u00edpode de una sola base de nivel de entrada para ubicaciones que apuntan al control de acceso de peatones y seguridad de nivel medio.<\/p>\n<p style='margin: 10px 70px 0 70px; font-size: 15px; color: inherit;'>Soluci\u00f3n pr\u00e1ctica que proporciona carriles de doble paso con instalaci\u00f3n de una sola unidad.<\/p>\n<\/p><\/div>\n<div style='display: flex; flex-wrap: wrap; gap: 30px; margin-bottom: 30px;'>\n<div style='flex: 1 1 300px; min-width: 280px;'>\n<div style='border-left: 5px solid #0091ff; border-radius: 5px; padding: 5px; box-shadow: 2px 2px 10px rgba(216&comma;216&comma;216&comma;0.4); background-color: rgba(255&comma;255&comma;255&comma;0.05);'> <strong style='font-size: 18px; margin-left: 5px; color: inherit;'>Caracter\u00edsticas principales:<\/strong> <\/p>\n<ul style='padding-left: 20px; font-size: 14px; margin: 10px 0; color: inherit;'>\n<li style='margin-bottom: 5px;'>Flujo de personas: 25-46 por minuto<\/li>\n<li style='margin-bottom: 5px;'>Tiempo de autorizaci\u00f3n: 0.3 segundos<\/li>\n<li style='margin-bottom: 5px;'>Utilice tarjetas inteligentes de RFID&comma; tarjetas de identidad&comma; lectores de c\u00f3digo de barras o c\u00f3digo QR&comma; lectores faciales&comma; etc.<\/li>\n<li style='margin-bottom: 5px;'>Indicador LED con Flecha verde y cruz roja.<\/li>\n<\/ul><\/div>\n<\/p><\/div>\n<div style='flex: 1 1 300px; min-width: 280px;'>\n<div style='border-left: 5px solid #0091ff; border-radius: 5px; padding: 5px; box-shadow: 2px 2px 10px rgba(216&comma;216&comma;216&comma;0.4); background-color: rgba(255&comma;255&comma;255&comma;0.05);'> <strong style='font-size: 18px; margin-left: 5px; color: inherit;'>Caracter\u00edsticas F\u00edsicas y El\u00e9ctricas:<\/strong> <\/p>\n<ul style='padding-left: 20px; font-size: 14px; margin: 10px 0; color: inherit;'>\n<li style='margin-bottom: 5px;'>Voltaje de entrada: 110\/220 &#8211; 240 Vca 50 &#8211; 60 Hz.<\/li>\n<li style='margin-bottom: 5px;'>Potencia m\u00e1xima: 26 W (9 W en reposo)<\/li>\n<li style='margin-bottom: 5px;'>Dimensiones: 450x1000x600 mm + longitud del brazo (2&#215;470 mm)<\/li>\n<li style='margin-bottom: 5px;'>Activaci\u00f3n por contacto seco<\/li>\n<\/ul><\/div>\n<\/p><\/div>\n<div style='flex: 1 1 300px; min-width: 280px;'>\n<div style='border-left: 5px solid #0091ff; border-radius: 5px; padding: 5px; box-shadow: 2px 2px 10px rgba(216&comma;216&comma;216&comma;0.4); background-color: rgba(255&comma;255&comma;255&comma;0.05);'> <strong style='font-size: 18px; margin-left: 5px; color: inherit;'>Caracter\u00edsticas Destacadas:<\/strong> <\/p>\n<ul style='padding-left: 20px; font-size: 14px; margin: 10px 0; color: inherit;'>\n<li style='margin-bottom: 5px;'>Temperatura: -20 \u00b0C a +68 \u00b0C<\/li>\n<li style='margin-bottom: 5px;'>Humedad: RH 95% sin condensaci\u00f3n<\/li>\n<li style='margin-bottom: 5px;'>Clasificaci\u00f3n IP: IP 54 para exteriores (protegido)<\/li>\n<li style='margin-bottom: 5px;'>Unidireccional o bidireccional&comma; configurable en el torniquete.<\/li>\n<li style='margin-bottom: 5px;'>Rendimiento m\u00ednimo en pasaje: 15 millones de pasajes<\/li>\n<li style='margin-bottom: 5px;'>Modo de emergencia: En caso de falla de energ\u00eda el\u00e9ctrica o emergencia<\/li>\n<\/ul><\/div>\n<\/p><\/div>\n<\/p><\/div>\n<div style='display: flex; flex-wrap: wrap; gap: 20px; margin-bottom: 30px;'>\n<div style='flex: 1 1 40%; min-width: 300px;'> <img style='width: 100%; height: auto; border: 1px solid rgba(150&comma;150&comma;150&comma;0.3); border-radius: 8px;' src='https:\/\/ftp3.syscom.mx\/usuarios\/fotos\/602D\/198486-602d-gel-1.jpg' alt=''> <\/div>\n<div style='flex: 1 1 40%; min-width: 300px;'> <img style='width: 100%; height: auto; border: 1px solid rgba(150&comma;150&comma;150&comma;0.3); border-radius: 8px;' src='https:\/\/ftp3.syscom.mx\/usuarios\/fotos\/602D\/198486-602d-gel-2.jpg' alt=''> <\/div>\n<\/p><\/div>\n<div style='text-align: center; margin-bottom: 30px;'> <img style='width: 100%; max-width: 800px; height: auto; border: 1px solid rgba(150&comma;150&comma;150&comma;0.3); border-radius: 8px;' src='https:\/\/ftp3.syscom.mx\/usuarios\/fotos\/602D\/198486-602d-es-ver-1c.jpg' alt=''> <\/div>\n<\/p><\/div>\n","protected":false},"excerpt":{"rendered":"<p>TORNIQUETE DE MEDIO CUERPO \/ DOBLE CARRIL \/ ACABADO EN ACERO INOXIDABLE \/ BIDIRECCIONAL<\/p>\n","protected":false},"featured_media":24839,"comment_status":"open","ping_status":"closed","template":"","meta":[],"product_brand":[],"product_cat":[758],"product_tag":[779,760,759],"class_list":{"0":"post-24840","1":"product","2":"type-product","3":"status-publish","4":"has-post-thumbnail","6":"product_cat-torniquetes-de-medio-cuerpo","7":"product_tag-came","8":"product_tag-torniquetes-de-medio-cuerpo","9":"product_tag-torniquetes-y-puertas-de-cortesia","11":"first","12":"outofstock","13":"sale","14":"shipping-taxable","15":"purchasable","16":"product-type-simple"},"_links":{"self":[{"href":"https:\/\/soydeaqui.ddns.net\/pachuca\/index.php\/wp-json\/wp\/v2\/product\/24840","targetHints":{"allow":["GET"]}}],"collection":[{"href":"https:\/\/soydeaqui.ddns.net\/pachuca\/index.php\/wp-json\/wp\/v2\/product"}],"about":[{"href":"https:\/\/soydeaqui.ddns.net\/pachuca\/index.php\/wp-json\/wp\/v2\/types\/product"}],"replies":[{"embeddable":true,"href":"https:\/\/soydeaqui.ddns.net\/pachuca\/index.php\/wp-json\/wp\/v2\/comments?post=24840"}],"wp:featuredmedia":[{"embeddable":true,"href":"https:\/\/soydeaqui.ddns.net\/pachuca\/index.php\/wp-json\/wp\/v2\/media\/24839"}],"wp:attachment":[{"href":"https:\/\/soydeaqui.ddns.net\/pachuca\/index.php\/wp-json\/wp\/v2\/media?parent=24840"}],"wp:term":[{"taxonomy":"product_brand","embeddable":true,"href":"https:\/\/soydeaqui.ddns.net\/pachuca\/index.php\/wp-json\/wp\/v2\/product_brand?post=24840"},{"taxonomy":"product_cat","embeddable":true,"href":"https:\/\/soydeaqui.ddns.net\/pachuca\/index.php\/wp-json\/wp\/v2\/product_cat?post=24840"},{"taxonomy":"product_tag","embeddable":true,"href":"https:\/\/soydeaqui.ddns.net\/pachuca\/index.php\/wp-json\/wp\/v2\/product_tag?post=24840"}],"curies":[{"name":"wp","href":"https:\/\/api.w.org\/{rel}","templated":true}]}}