{"id":24838,"date":"2026-03-18T11:42:19","date_gmt":"2026-03-18T11:42:19","guid":{"rendered":"https:\/\/soydeaqui.ddns.net\/pachuca\/index.php\/producto\/torniquete-de-medio-cuerpo-fabricado-en-acero-inoxidable-grado-304-apertura-bidireccional-con-luz-indicadora-de-estado\/"},"modified":"2026-03-18T11:42:20","modified_gmt":"2026-03-18T11:42:20","slug":"torniquete-de-medio-cuerpo-fabricado-en-acero-inoxidable-grado-304-apertura-bidireccional-con-luz-indicadora-de-estado","status":"publish","type":"product","link":"https:\/\/soydeaqui.ddns.net\/pachuca\/index.php\/producto\/torniquete-de-medio-cuerpo-fabricado-en-acero-inoxidable-grado-304-apertura-bidireccional-con-luz-indicadora-de-estado\/","title":{"rendered":"Torniquete De Medio Cuerpo Fabricado en Acero Inoxidable Grado 304 \/Apertura Bidireccional \/ Con Luz Indicadora de Estado"},"content":{"rendered":"<div style='width: 100%; max-width: 1200px; margin: 0 auto; font-family: sans-serif; line-height: 1.6; color: inherit; background-color: transparent;'>\n<div style='width: 100%; padding: 20px 0; text-align: center;'>\n<h1 style='font-size: 28px; font-weight: bold; color: inherit; margin-bottom: 20px;'>Torniquete CAME 602S<\/h1>\n<p style='font-size: 16px; color: inherit; margin: 0 10% 30px 10%;'>Torniquete tr\u00edpode de una sola base con una forma de cuerpo distintiva para ubicaciones que apuntan al control de acceso de peatones y seguridad de nivel medio.<\/p>\n<\/p><\/div>\n<hr style='border: 0; border-top: 1px solid rgba(150&comma; 150&comma; 150&comma; 0.3); margin: 30px 0;'>\n<div style='width: 100%; padding: 20px 0; text-align: center;'>\n<h1 style='font-size: 24px; color: #007bff; margin-bottom: 30px;'>Especificaciones<\/h1>\n<\/p><\/div>\n<div style='display: flex; flex-wrap: wrap; gap: 30px; margin-bottom: 40px;'>\n<div style='flex: 1 1 300px; min-width: 280px;'>\n<div style='border: 1px solid rgba(150&comma; 150&comma; 150&comma; 0.4); border-radius: 8px; overflow: hidden; display: flex; flex-direction: column;'>\n<div style='padding: 15px; border-bottom: 1px solid rgba(150&comma; 150&comma; 150&comma; 0.2); font-weight: bold; font-size: 18px; color: #007bff; background-color: rgba(0&comma; 123&comma; 255&comma; 0.1);'>Caracter\u00edsticas Principales:<\/div>\n<div style='padding: 15px; color: inherit;'>\n<ul style='padding-left: 20px; margin: 0; font-size: 14px; list-style-type: disc;'>\n<li style='margin-bottom: 5px;'>Flujo de personas de 25 a 46 por minuto.<\/li>\n<li style='margin-bottom: 5px;'>Tiemkpo de autorizaci\u00f3n de 0.3 segundos.<\/li>\n<li style='margin-bottom: 5px;'>Compatible con cualquier control de acceso.<\/li>\n<li style='margin-bottom: 5px;'>Rendimiento minimo de 15 millones de ciclos.<\/li>\n<li style='margin-bottom: 5px;'>Indicador con flecha verde y cruz roja LED.<\/li>\n<\/ul><\/div>\n<\/p><\/div>\n<\/p><\/div>\n<div style='flex: 1 1 300px; min-width: 280px;'>\n<div style='border: 1px solid rgba(150&comma; 150&comma; 150&comma; 0.4); border-radius: 8px; overflow: hidden; display: flex; flex-direction: column;'>\n<div style='padding: 15px; border-bottom: 1px solid rgba(150&comma; 150&comma; 150&comma; 0.2); font-weight: bold; font-size: 18px; color: #007bff; background-color: rgba(0&comma; 123&comma; 255&comma; 0.1);'>Caracter\u00edsticas F\u00edsicas y El\u00e9ctricas:<\/div>\n<div style='padding: 15px; color: inherit;'>\n<ul style='padding-left: 20px; margin: 0; font-size: 14px; list-style-type: disc;'>\n<li style='margin-bottom: 5px;'>Voltaje de entrada de 110\/220-240Vca 5-60Hz.<\/li>\n<li style='margin-bottom: 5px;'>Potencia M\u00e1xima de 13W (4.5 W en reposo)<\/li>\n<li style='margin-bottom: 5px;'>Dimensiones: 450 x 1000 x 300 mm mas la longitud del br4azo (470mm)<\/li>\n<li style='margin-bottom: 5px;'>Activaci\u00f3n por contacto seco.<\/li>\n<li style='margin-bottom: 5px;'>Temperatura de operaci\u00f3n de -20 a 68 \u00b0C.<\/li>\n<\/ul><\/div>\n<\/p><\/div>\n<\/p><\/div>\n<div style='flex: 1 1 300px; min-width: 280px;'>\n<div style='border: 1px solid rgba(150&comma; 150&comma; 150&comma; 0.4); border-radius: 8px; overflow: hidden; display: flex; flex-direction: column;'>\n<div style='padding: 15px; border-bottom: 1px solid rgba(150&comma; 150&comma; 150&comma; 0.2); font-weight: bold; font-size: 18px; color: #007bff; background-color: rgba(0&comma; 123&comma; 255&comma; 0.1);'>Caracter\u00edsticas Destacadas:<\/div>\n<div style='padding: 15px; color: inherit;'>\n<ul style='padding-left: 20px; margin: 0; font-size: 14px; list-style-type: disc;'>\n<li style='margin-bottom: 5px;'>Humedad: RH 95% sin condensaci\u00f3n.<\/li>\n<li style='margin-bottom: 5px;'>Clasificaci\u00f3n IP 54 oara exterior protegido.<\/li>\n<li style='margin-bottom: 5px;'>Unidireccional o bidireccional&comma; configurable en el torniquete.<\/li>\n<li style='margin-bottom: 5px;'>Modo emergencia en caso de falla de energia o emergencia.<\/li>\n<\/ul><\/div>\n<\/p><\/div>\n<\/p><\/div>\n<\/p><\/div>\n<hr style='border: 0; border-top: 1px solid rgba(150&comma; 150&comma; 150&comma; 0.3); margin: 30px 0;'>\n<div style='display: flex; flex-direction: column; gap: 30px; margin-bottom: 30px;'> <img style='width: 100%; height: auto; border: 1px solid rgba(150&comma;150&comma;150&comma;0.3); border-radius: 8px;' src='https:\/\/ftp3.syscom.mx\/usuarios\/fotos\/602S\/198485-602s.png' alt=''> <img style='width: 100%; height: auto; border: 1px solid rgba(150&comma;150&comma;150&comma;0.3); border-radius: 8px;' src='https:\/\/ftp3.syscom.mx\/usuarios\/fotos\/602S\/198485-602-es-ver-1c.jpg' alt=''> <\/div>\n<\/p><\/div>\n","protected":false},"excerpt":{"rendered":"<p>Torniquete De Medio Cuerpo Fabricado en Acero Inoxidable Grado 304 \/Apertura Bidireccional \/ Con Luz Indicadora de Estado<\/p>\n","protected":false},"featured_media":24837,"comment_status":"open","ping_status":"closed","template":"","meta":[],"product_brand":[],"product_cat":[758],"product_tag":[779,760,759],"class_list":{"0":"post-24838","1":"product","2":"type-product","3":"status-publish","4":"has-post-thumbnail","6":"product_cat-torniquetes-de-medio-cuerpo","7":"product_tag-came","8":"product_tag-torniquetes-de-medio-cuerpo","9":"product_tag-torniquetes-y-puertas-de-cortesia","11":"first","12":"outofstock","13":"sale","14":"shipping-taxable","15":"purchasable","16":"product-type-simple"},"_links":{"self":[{"href":"https:\/\/soydeaqui.ddns.net\/pachuca\/index.php\/wp-json\/wp\/v2\/product\/24838","targetHints":{"allow":["GET"]}}],"collection":[{"href":"https:\/\/soydeaqui.ddns.net\/pachuca\/index.php\/wp-json\/wp\/v2\/product"}],"about":[{"href":"https:\/\/soydeaqui.ddns.net\/pachuca\/index.php\/wp-json\/wp\/v2\/types\/product"}],"replies":[{"embeddable":true,"href":"https:\/\/soydeaqui.ddns.net\/pachuca\/index.php\/wp-json\/wp\/v2\/comments?post=24838"}],"wp:featuredmedia":[{"embeddable":true,"href":"https:\/\/soydeaqui.ddns.net\/pachuca\/index.php\/wp-json\/wp\/v2\/media\/24837"}],"wp:attachment":[{"href":"https:\/\/soydeaqui.ddns.net\/pachuca\/index.php\/wp-json\/wp\/v2\/media?parent=24838"}],"wp:term":[{"taxonomy":"product_brand","embeddable":true,"href":"https:\/\/soydeaqui.ddns.net\/pachuca\/index.php\/wp-json\/wp\/v2\/product_brand?post=24838"},{"taxonomy":"product_cat","embeddable":true,"href":"https:\/\/soydeaqui.ddns.net\/pachuca\/index.php\/wp-json\/wp\/v2\/product_cat?post=24838"},{"taxonomy":"product_tag","embeddable":true,"href":"https:\/\/soydeaqui.ddns.net\/pachuca\/index.php\/wp-json\/wp\/v2\/product_tag?post=24838"}],"curies":[{"name":"wp","href":"https:\/\/api.w.org\/{rel}","templated":true}]}}