{"id":2481,"date":"2026-03-18T05:57:32","date_gmt":"2026-03-18T05:57:32","guid":{"rendered":"https:\/\/soydeaqui.ddns.net\/pachuca\/index.php\/producto\/radiora3-atenuador-dimmer-auxiliar-de-pared-companero-de-atenuadores-multilocacion-usar-en-3-vias-o-escalera\/"},"modified":"2026-03-18T05:57:32","modified_gmt":"2026-03-18T05:57:32","slug":"radiora3-atenuador-dimmer-auxiliar-de-pared-companero-de-atenuadores-multilocacion-usar-en-3-vias-o-escalera","status":"publish","type":"product","link":"https:\/\/soydeaqui.ddns.net\/pachuca\/index.php\/producto\/radiora3-atenuador-dimmer-auxiliar-de-pared-companero-de-atenuadores-multilocacion-usar-en-3-vias-o-escalera\/","title":{"rendered":"(RadioRa3) )Atenuador (dimmer) Auxiliar de pared, compa\u00f1ero de atenuadores multilocaci\u00f3n. Usar en 3 v\u00edas o escalera."},"content":{"rendered":"<div style='width: 100%; max-width: 1200px; margin: 0 auto; font-family: sans-serif; line-height: 1.6; color: inherit; background-color: transparent;'>\n<div style='display: flex; flex-direction: column; gap: 20px;'>\n<div> <a class='boton-azul-gral btn btn-primary' href='https:\/\/www.syscom.mx\/singlepage\/lutron_radiora' style='display: inline-block; background-color: #007bff; color: white; padding: 10px 20px; border-radius: 4px; text-decoration: none; border: none; font-weight: bold;' target='_blank' rel='noopener'>Ver Single Page<\/a> <\/div>\n<div style='border: 1px solid rgba(150&comma;150&comma;150&comma;0.3); border-radius: 8px; padding: 20px;'>\n<ul style='padding-left: 20px; font-size: 15px; color: inherit; list-style-type: disc;'>\n<li style='margin-bottom: 10px;'>Dimmer de multilocaci\u00f3n 120V (se requiere instalar el atenuador principal con la caracter\u00edstica de multilocaci\u00f3n).<\/li>\n<li style='margin-bottom: 10px;'>Este modelo funciona para la implementaci\u00f3n de 3 v\u00edas o funci\u00f3n escalera.<\/li>\n<li style='margin-bottom: 10px;'><span style='color: rgba(126&comma; 140&comma; 141&comma; 0.8);'>No incluye tapa&comma; contemplar el modelo CW1WH.<\/span><\/li>\n<\/ul><\/div>\n<div style='font-size: 15px; color: inherit;'>\n<p>Se instala un atenuador montado en la pared en lugar de un interruptor de luz est\u00e1ndar para controlar la atenuaci\u00f3n de las luces a las que est\u00e1 conectado&comma; y tambi\u00e9n para un control desde botoneras y otros dispositivos del sistema.<\/p>\n<p style='margin-top: 20px;'>El dimmer auxiliar nos sirve para hacer una conexi\u00f3n tipo escalera&comma; es decir&comma; controlar una misma luz con varios switches. Para \u00e9sto&comma; se requiere tener conectado el dimmer principal y conectar un tercer cable desde \u00e9ste&comma; hasta los dimmers auxiliares. <strong>Ver en la secci\u00f3n de recursos el diagrama de conexi\u00f3n.<\/strong><\/p>\n<div style='margin-top: 20px;'> <a class='boton-azul-gral btn btn-primary' href='https:\/\/www.syscom.mx\/singlepage\/lutron_radiora' style='display: inline-block; background-color: #007bff; color: white; padding: 10px 20px; border-radius: 4px; text-decoration: none; border: none; font-weight: bold;' target='_blank' rel='noopener'>Ver Single Page<\/a> <\/div>\n<\/p><\/div>\n<div style='border: 1px solid rgba(150&comma;150&comma;150&comma;0.3); border-radius: 8px; padding: 20px;'>\n<h3 style='font-size: 22px; border-bottom: 2px solid currentColor; padding-bottom: 5px; margin-top: 0; color: inherit; opacity: 0.8;'>\u00bfQu\u00e9 es RadioRA\u00ae 2?<\/h3>\n<p style='margin-top: 15px;'>RadioRA 2 es un sistema inal\u00e1mbrico de control total del hogar que permite el control conveniente e intuitivo de luces&comma; cortinas&comma; electrodom\u00e9sticos y temperatura en una habitaci\u00f3n sencilla o en una casa entera. Se instala con facilidad&comma; se programa con rapidez y se opera de manera confiable gracias a la Tecnolog\u00eda RF Clear Connect\u2122.<\/p>\n<\/p><\/div>\n<div style='border: 1px solid rgba(150&comma;150&comma;150&comma;0.3); border-radius: 8px; padding: 20px;'>\n<h3 style='font-size: 22px; border-bottom: 2px solid currentColor; padding-bottom: 5px; margin-top: 0; color: inherit; opacity: 0.8;'>\u00bfCu\u00e1les son algunos de los beneficios?<\/h3>\n<div style='margin-top: 15px;'>\n<h4 style='font-size: 18px; color: inherit; margin-top: 0;'><strong>Ahorra energ\u00eda<\/strong><\/h4>\n<p>Los propietarios de hoy quieren reducir los costos&comma; tener seguridad y proteger el planeta.<br \/>Con RadioRA 2&comma; pueden lograr ambos objetivos.<\/p>\n<h4 style='font-size: 18px; color: inherit; margin-top: 25px;'><strong>Integraci\u00f3n abierta con terceros<\/strong><\/h4>\n<ul style='padding-left: 20px; font-size: 14px; color: inherit; list-style-type: disc;'>\n<li style='margin-bottom: 5px;'>M\u00e1n\u00e9jelo con controles remotos&comma; sistemas de automatizaci\u00f3n del hogar&comma; dispositivos m\u00f3viles y m\u00e1s; todo desde un repetidor. El protocolo de integraci\u00f3n p\u00fablica con RS232 o IP.<\/li>\n<\/ul>\n<h4 style='font-size: 18px; color: inherit; margin-top: 25px;'><strong>F\u00e1cil de instalar y programar<\/strong><\/h4>\n<ul style='padding-left: 20px; font-size: 14px; color: inherit; list-style-type: disc;'>\n<li style='margin-bottom: 5px;'>La configuraci\u00f3n por computadora ahorra tiempo durante el dise\u00f1o y la programaci\u00f3n.<\/li>\n<li style='margin-bottom: 5px;'>Para aplicaciones sencillas&comma; la configuraci\u00f3n mediante la botonera no requiere de una computadora.<\/li>\n<\/ul>\n<h4 style='font-size: 18px; color: inherit; margin-top: 25px;'><strong>Flexible&comma; expandible y confiable<\/strong><\/h4>\n<ul style='padding-left: 20px; font-size: 14px; color: inherit; list-style-type: disc;'>\n<li style='margin-bottom: 5px;'>Elija entre una variedad de componentes inal\u00e1mbricos para personalizar un sistema que quepa en cualquier espacio soporte de 2 a 200 dispositivos.<\/li>\n<\/ul><\/div>\n<\/p><\/div>\n<div style='margin: 30px 0;'> <img style='width: 100%; height: auto; border: 1px solid rgba(150&comma;150&comma;150&comma;0.3); border-radius: 8px;' src='http:\/\/ftp3.syscom.mx\/usuarios\/yhermosillo\/LUTRON\/RadioRa2\/SystemOverview.jpg' alt=''> <\/div>\n<\/p><\/div>\n<\/p><\/div>\n","protected":false},"excerpt":{"rendered":"<p>(RadioRa3) )Atenuador (dimmer) Auxiliar de pared, compa\u00f1ero de atenuadores multilocaci\u00f3n. Usar en 3 v\u00edas o escalera.<\/p>\n","protected":false},"featured_media":2480,"comment_status":"open","ping_status":"closed","template":"","meta":[],"product_brand":[],"product_cat":[34],"product_tag":[30,35,55],"class_list":{"0":"post-2481","1":"product","2":"type-product","3":"status-publish","4":"has-post-thumbnail","6":"product_cat-lutron","7":"product_tag-automatizacion-casa-inteligente","8":"product_tag-lutron","9":"product_tag-lutron-radiora-3","11":"first","12":"outofstock","13":"sale","14":"shipping-taxable","15":"purchasable","16":"product-type-simple"},"_links":{"self":[{"href":"https:\/\/soydeaqui.ddns.net\/pachuca\/index.php\/wp-json\/wp\/v2\/product\/2481","targetHints":{"allow":["GET"]}}],"collection":[{"href":"https:\/\/soydeaqui.ddns.net\/pachuca\/index.php\/wp-json\/wp\/v2\/product"}],"about":[{"href":"https:\/\/soydeaqui.ddns.net\/pachuca\/index.php\/wp-json\/wp\/v2\/types\/product"}],"replies":[{"embeddable":true,"href":"https:\/\/soydeaqui.ddns.net\/pachuca\/index.php\/wp-json\/wp\/v2\/comments?post=2481"}],"wp:featuredmedia":[{"embeddable":true,"href":"https:\/\/soydeaqui.ddns.net\/pachuca\/index.php\/wp-json\/wp\/v2\/media\/2480"}],"wp:attachment":[{"href":"https:\/\/soydeaqui.ddns.net\/pachuca\/index.php\/wp-json\/wp\/v2\/media?parent=2481"}],"wp:term":[{"taxonomy":"product_brand","embeddable":true,"href":"https:\/\/soydeaqui.ddns.net\/pachuca\/index.php\/wp-json\/wp\/v2\/product_brand?post=2481"},{"taxonomy":"product_cat","embeddable":true,"href":"https:\/\/soydeaqui.ddns.net\/pachuca\/index.php\/wp-json\/wp\/v2\/product_cat?post=2481"},{"taxonomy":"product_tag","embeddable":true,"href":"https:\/\/soydeaqui.ddns.net\/pachuca\/index.php\/wp-json\/wp\/v2\/product_tag?post=2481"}],"curies":[{"name":"wp","href":"https:\/\/api.w.org\/{rel}","templated":true}]}}