{"id":2474,"date":"2026-03-18T05:57:28","date_gmt":"2026-03-18T05:57:28","guid":{"rendered":"https:\/\/soydeaqui.ddns.net\/pachuca\/index.php\/producto\/zigbee-apagador-switch-inalambrico-zigbee-control-de-1-regreso-de-carga-110v-2\/"},"modified":"2026-03-18T05:57:29","modified_gmt":"2026-03-18T05:57:29","slug":"zigbee-apagador-switch-inalambrico-zigbee-control-de-1-regreso-de-carga-110v-2","status":"publish","type":"product","link":"https:\/\/soydeaqui.ddns.net\/pachuca\/index.php\/producto\/zigbee-apagador-switch-inalambrico-zigbee-control-de-1-regreso-de-carga-110v-2\/","title":{"rendered":"(ZigBee) Apagador switch inal\u00e1mbrico ZigBee, control de 1 regreso de carga, 110V"},"content":{"rendered":"<div style='width: 100%; max-width: 1200px; margin: 0 auto; font-family: sans-serif; line-height: 1.6; color: inherit; background-color: transparent;'>\n<div style='display: flex; flex-wrap: wrap; gap: 30px; margin-bottom: 30px;'>\n<div style='flex: 1 1 100%; min-width: 280px;'> <img style='width: 100%; height: auto; border: 1px solid rgba(150&comma;150&comma;150&comma;0.3); border-radius: 8px;' src='https:\/\/ftp3.syscom.mx\/usuarios\/albamaria\/albamaria\/smarthomepoweredbyepcom\/smarthome-by-epcom.jpg' alt=''> <\/div>\n<\/p><\/div>\n<div style='display: flex; flex-wrap: wrap; gap: 30px; margin-bottom: 30px;'>\n<div style='flex: 1 1 100%; min-width: 280px;'>\n<p style='font-size: 15px; margin-bottom: 15px; text-align: justify; color: inherit;'>El interruptor de iluminaci\u00f3n inteligente con tecnolog\u00eda ZigBee te ofrece un control total de la iluminaci\u00f3n en tu hogar. Con su conectividad ZigBee&comma; puedes gestionar las luces de forma remota desde tu smartphone o integrarlo en un sistema de automatizaci\u00f3n para crear escenas personalizadas. La instalaci\u00f3n es sencilla y no requiere de cables adicionales de control&comma; manteniendo un dise\u00f1o moderno y discreto que se adapta a cualquier estilo de decoraci\u00f3n.<\/p>\n<p style='font-size: 15px; margin-bottom: 15px; text-align: justify; color: inherit;'>Para el uso de funcioanes inteligentes es necesario agregar el apagador a su HUB ZigBee.<\/p>\n<\/p><\/div>\n<\/p><\/div>\n<div style='display: flex; flex-wrap: wrap; gap: 20px; margin-bottom: 30px;'>\n<div style='flex: 1 1 30%; min-width: 250px; border: 1px solid rgba(150&comma; 150&comma; 150&comma; 0.4); border-radius: 8px; overflow: hidden; display: flex; flex-direction: column;'>\n<div style='padding: 15px; border-bottom: 1px solid rgba(150&comma; 150&comma; 150&comma; 0.2); font-weight: bold; font-size: 18px; color: inherit; background: linear-gradient(to right&comma; rgba(0&comma;145&comma;255&comma;0.1)&comma; rgba(0&comma;145&comma;255&comma;0.05));'>Caracter\u00edsticas principales<\/div>\n<div style='padding: 15px; color: inherit;'>\n<ul style='padding-left: 20px; margin: 0; font-size: 14px; list-style-type: disc; color: inherit;'>\n<li style='margin-bottom: 5px; color: inherit;'><strong>Se\u00f1al inal\u00e1mbrica:<\/strong> ZigBee<\/li>\n<li style='margin-bottom: 5px; color: inherit;'><strong>1 Gang&comma;<\/strong> espacio para control de 1 regreso<\/li>\n<li style='margin-bottom: 5px; color: inherit;'><strong>Potencia:<\/strong> 800W\/cuadrilla<\/li>\n<\/ul><\/div>\n<\/p><\/div>\n<div style='flex: 1 1 30%; min-width: 250px; border: 1px solid rgba(150&comma; 150&comma; 150&comma; 0.4); border-radius: 8px; overflow: hidden; display: flex; flex-direction: column;'>\n<div style='padding: 15px; border-bottom: 1px solid rgba(150&comma; 150&comma; 150&comma; 0.2); font-weight: bold; font-size: 18px; color: inherit; background: linear-gradient(to right&comma; rgba(0&comma;145&comma;255&comma;0.1)&comma; rgba(0&comma;145&comma;255&comma;0.05));'>Caracter\u00edsticas principales<\/div>\n<div style='padding: 15px; color: inherit;'>\n<ul style='padding-left: 20px; margin: 0; font-size: 14px; list-style-type: disc; color: inherit;'>\n<li style='margin-bottom: 5px; color: inherit;'><strong>Voltaje de entrada:<\/strong> 100V &#8211; 250V<\/li>\n<li style='margin-bottom: 5px; color: inherit;'><strong>Especificaci\u00f3n:<\/strong> 120mm * 72mm<\/li>\n<li style='margin-bottom: 5px; color: inherit;'><strong>Material del Panel:<\/strong> vidrio templado<\/li>\n<\/ul><\/div>\n<\/p><\/div>\n<div style='flex: 1 1 30%; min-width: 250px; border: 1px solid rgba(150&comma; 150&comma; 150&comma; 0.4); border-radius: 8px; overflow: hidden; display: flex; flex-direction: column;'>\n<div style='padding: 15px; border-bottom: 1px solid rgba(150&comma; 150&comma; 150&comma; 0.2); font-weight: bold; font-size: 18px; color: inherit; background: linear-gradient(to right&comma; rgba(0&comma;145&comma;255&comma;0.1)&comma; rgba(0&comma;145&comma;255&comma;0.05));'>Caracter\u00edsticas principales<\/div>\n<div style='padding: 15px; color: inherit;'>\n<ul style='padding-left: 20px; margin: 0; font-size: 14px; list-style-type: disc; color: inherit;'>\n<li style='margin-bottom: 5px; color: inherit;'><strong>Material de la carcasa de PC:<\/strong> material ign\u00edfugo de PC<\/li>\n<li style='margin-bottom: 5px; color: inherit;'><strong>Para su control inteligente&comma;<\/strong> escenarios&comma; app&comma; asistentes de voz es necesario su Hub controlador con recepci\u00f3n ZigBee<\/li>\n<\/ul><\/div>\n<\/p><\/div>\n<\/p><\/div>\n<div style='display: flex; flex-wrap: wrap; gap: 30px; margin-bottom: 30px;'>\n<div style='flex: 1 1 100%; min-width: 280px; text-align: center;'> <img style='width: 100%; height: auto; border: 1px solid rgba(150&comma;150&comma;150&comma;0.3); border-radius: 8px; max-width: 600px;' src='http:\/\/ftp3.syscom.mx\/usuarios\/mbarrio\/bll\/DiagramaSHS.JPG' alt=''> <\/div>\n<\/p><\/div>\n<\/p><\/div>\n","protected":false},"excerpt":{"rendered":"<p>(ZigBee) Apagador switch inal\u00e1mbrico ZigBee, control de 1 regreso de carga, 110V<\/p>\n","protected":false},"featured_media":2473,"comment_status":"open","ping_status":"closed","template":"","meta":[],"product_brand":[],"product_cat":[56],"product_tag":[30,57,187],"class_list":{"0":"post-2474","1":"product","2":"type-product","3":"status-publish","4":"has-post-thumbnail","6":"product_cat-control-de-iluminacion","7":"product_tag-automatizacion-casa-inteligente","8":"product_tag-control-de-iluminacion","9":"product_tag-smarthome-by-epcom","11":"first","12":"instock","13":"sale","14":"shipping-taxable","15":"purchasable","16":"product-type-simple"},"_links":{"self":[{"href":"https:\/\/soydeaqui.ddns.net\/pachuca\/index.php\/wp-json\/wp\/v2\/product\/2474","targetHints":{"allow":["GET"]}}],"collection":[{"href":"https:\/\/soydeaqui.ddns.net\/pachuca\/index.php\/wp-json\/wp\/v2\/product"}],"about":[{"href":"https:\/\/soydeaqui.ddns.net\/pachuca\/index.php\/wp-json\/wp\/v2\/types\/product"}],"replies":[{"embeddable":true,"href":"https:\/\/soydeaqui.ddns.net\/pachuca\/index.php\/wp-json\/wp\/v2\/comments?post=2474"}],"wp:featuredmedia":[{"embeddable":true,"href":"https:\/\/soydeaqui.ddns.net\/pachuca\/index.php\/wp-json\/wp\/v2\/media\/2473"}],"wp:attachment":[{"href":"https:\/\/soydeaqui.ddns.net\/pachuca\/index.php\/wp-json\/wp\/v2\/media?parent=2474"}],"wp:term":[{"taxonomy":"product_brand","embeddable":true,"href":"https:\/\/soydeaqui.ddns.net\/pachuca\/index.php\/wp-json\/wp\/v2\/product_brand?post=2474"},{"taxonomy":"product_cat","embeddable":true,"href":"https:\/\/soydeaqui.ddns.net\/pachuca\/index.php\/wp-json\/wp\/v2\/product_cat?post=2474"},{"taxonomy":"product_tag","embeddable":true,"href":"https:\/\/soydeaqui.ddns.net\/pachuca\/index.php\/wp-json\/wp\/v2\/product_tag?post=2474"}],"curies":[{"name":"wp","href":"https:\/\/api.w.org\/{rel}","templated":true}]}}