{"id":2471,"date":"2026-03-18T05:57:26","date_gmt":"2026-03-18T05:57:26","guid":{"rendered":"https:\/\/soydeaqui.ddns.net\/pachuca\/index.php\/producto\/zigbee-apagador-switch-inalambrico-zigbee-control-de-2-regresos-de-carga-110v-2\/"},"modified":"2026-03-18T05:57:27","modified_gmt":"2026-03-18T05:57:27","slug":"zigbee-apagador-switch-inalambrico-zigbee-control-de-2-regresos-de-carga-110v-2","status":"publish","type":"product","link":"https:\/\/soydeaqui.ddns.net\/pachuca\/index.php\/producto\/zigbee-apagador-switch-inalambrico-zigbee-control-de-2-regresos-de-carga-110v-2\/","title":{"rendered":"(ZigBee) Apagador switch inal\u00e1mbrico ZigBee, control de 2 regresos de carga, 110V"},"content":{"rendered":"<div style='width: 100%; max-width: 1200px; margin: 0 auto; font-family: sans-serif; line-height: 1.6; color: inherit; background-color: transparent;'>\n<div style='width: 100%; margin-bottom: 30px;'> <img style='width: 100%; height: auto; border: 1px solid rgba(150&comma;150&comma;150&comma;0.3); border-radius: 8px;' src='https:\/\/ftp3.syscom.mx\/usuarios\/albamaria\/albamaria\/smarthomepoweredbyepcom\/smarthome-by-epcom.jpg' alt=''> <\/div>\n<div style='margin-bottom: 30px;'>\n<p style='text-align: justify; font-size: 15px; color: inherit;'>El interruptor de iluminaci\u00f3n inteligente con tecnolog\u00eda ZigBee te ofrece un control total de la iluminaci\u00f3n en tu hogar. Con su conectividad ZigBee&comma; puedes gestionar las luces de forma remota desde tu smartphone o integrarlo en un sistema de automatizaci\u00f3n para crear escenas personalizadas. La instalaci\u00f3n es sencilla y no requiere de cables adicionales de control&comma; manteniendo un dise\u00f1o moderno y discreto que se adapta a cualquier estilo de decoraci\u00f3n.<\/p>\n<p style='text-align: justify; font-size: 15px; color: inherit;'>Para el uso de funciones inteligentes es necesario agregar el apagador a su HUB ZigBee.<\/p>\n<\/p><\/div>\n<div style='display: grid; grid-template-columns: repeat(auto-fill&comma; minmax(280px&comma; 1fr)); gap: 20px; margin-bottom: 30px;'>\n<div style='border: 1px solid rgba(150&comma; 150&comma; 150&comma; 0.4); border-radius: 8px; overflow: hidden;'>\n<div style='padding: 15px; border-bottom: 1px solid rgba(150&comma; 150&comma; 150&comma; 0.2); font-weight: bold; font-size: 18px; color: inherit; background: linear-gradient(to right&comma; #0091ff&comma; #0091ff) no-repeat; background-size: 5px 100%; background-position: left center; padding-left: 20px;'>Caracter\u00edsticas principales<\/div>\n<div style='padding: 15px; color: inherit;'>\n<ul style='padding-left: 20px; margin: 0; font-size: 14px; list-style-type: disc;'>\n<li style='margin-bottom: 5px;'>Se\u00f1al inal\u00e1mbrica: ZigBee<\/li>\n<li style='margin-bottom: 5px;'>2 Gang&comma; espacio para control de 2 regresos<\/li>\n<li style='margin-bottom: 5px;'>Potencia: 800W\/cuadrilla<\/li>\n<\/ul><\/div>\n<\/p><\/div>\n<div style='border: 1px solid rgba(150&comma; 150&comma; 150&comma; 0.4); border-radius: 8px; overflow: hidden;'>\n<div style='padding: 15px; border-bottom: 1px solid rgba(150&comma; 150&comma; 150&comma; 0.2); font-weight: bold; font-size: 18px; color: inherit; background: linear-gradient(to right&comma; #0091ff&comma; #0091ff) no-repeat; background-size: 5px 100%; background-position: left center; padding-left: 20px;'>Caracter\u00edsticas principales<\/div>\n<div style='padding: 15px; color: inherit;'>\n<ul style='padding-left: 20px; margin: 0; font-size: 14px; list-style-type: disc;'>\n<li style='margin-bottom: 5px;'>Voltaje de entrada: 100V &#8211; 250V<\/li>\n<li style='margin-bottom: 5px;'>Especificaci\u00f3n: 120mm * 72mm<\/li>\n<li style='margin-bottom: 5px;'>Material del Panel: vidrio templado<\/li>\n<\/ul><\/div>\n<\/p><\/div>\n<div style='border: 1px solid rgba(150&comma; 150&comma; 150&comma; 0.4); border-radius: 8px; overflow: hidden;'>\n<div style='padding: 15px; border-bottom: 1px solid rgba(150&comma; 150&comma; 150&comma; 0.2); font-weight: bold; font-size: 18px; color: inherit; background: linear-gradient(to right&comma; #0091ff&comma; #0091ff) no-repeat; background-size: 5px 100%; background-position: left center; padding-left: 20px;'>Caracter\u00edsticas principales<\/div>\n<div style='padding: 15px; color: inherit;'>\n<ul style='padding-left: 20px; margin: 0; font-size: 14px; list-style-type: disc;'>\n<li style='margin-bottom: 5px;'>Material de la carcasa de PC: material ign\u00edfugo de PC<\/li>\n<li style='margin-bottom: 5px;'>Para su control inteligente&comma; escenarios&comma; app&comma; asistentes de voz es necesario su Hub controlador con recepci\u00f3n ZigBee<\/li>\n<\/ul><\/div>\n<\/p><\/div>\n<\/p><\/div>\n<div style='width: 100%; margin: 30px 0;'> <img style='width: 100%; height: auto; border: 1px solid rgba(150&comma;150&comma;150&comma;0.3); border-radius: 8px;' src='http:\/\/ftp3.syscom.mx\/usuarios\/mbarrio\/bll\/DiagramaSHS.JPG' alt=''> <\/div>\n<\/p><\/div>\n","protected":false},"excerpt":{"rendered":"<p>(ZigBee) Apagador switch inal\u00e1mbrico ZigBee, control de 2 regresos de carga, 110V<\/p>\n","protected":false},"featured_media":2470,"comment_status":"open","ping_status":"closed","template":"","meta":[],"product_brand":[],"product_cat":[56],"product_tag":[30,57,187],"class_list":{"0":"post-2471","1":"product","2":"type-product","3":"status-publish","4":"has-post-thumbnail","6":"product_cat-control-de-iluminacion","7":"product_tag-automatizacion-casa-inteligente","8":"product_tag-control-de-iluminacion","9":"product_tag-smarthome-by-epcom","11":"first","12":"instock","13":"sale","14":"shipping-taxable","15":"purchasable","16":"product-type-simple"},"_links":{"self":[{"href":"https:\/\/soydeaqui.ddns.net\/pachuca\/index.php\/wp-json\/wp\/v2\/product\/2471","targetHints":{"allow":["GET"]}}],"collection":[{"href":"https:\/\/soydeaqui.ddns.net\/pachuca\/index.php\/wp-json\/wp\/v2\/product"}],"about":[{"href":"https:\/\/soydeaqui.ddns.net\/pachuca\/index.php\/wp-json\/wp\/v2\/types\/product"}],"replies":[{"embeddable":true,"href":"https:\/\/soydeaqui.ddns.net\/pachuca\/index.php\/wp-json\/wp\/v2\/comments?post=2471"}],"wp:featuredmedia":[{"embeddable":true,"href":"https:\/\/soydeaqui.ddns.net\/pachuca\/index.php\/wp-json\/wp\/v2\/media\/2470"}],"wp:attachment":[{"href":"https:\/\/soydeaqui.ddns.net\/pachuca\/index.php\/wp-json\/wp\/v2\/media?parent=2471"}],"wp:term":[{"taxonomy":"product_brand","embeddable":true,"href":"https:\/\/soydeaqui.ddns.net\/pachuca\/index.php\/wp-json\/wp\/v2\/product_brand?post=2471"},{"taxonomy":"product_cat","embeddable":true,"href":"https:\/\/soydeaqui.ddns.net\/pachuca\/index.php\/wp-json\/wp\/v2\/product_cat?post=2471"},{"taxonomy":"product_tag","embeddable":true,"href":"https:\/\/soydeaqui.ddns.net\/pachuca\/index.php\/wp-json\/wp\/v2\/product_tag?post=2471"}],"curies":[{"name":"wp","href":"https:\/\/api.w.org\/{rel}","templated":true}]}}