{"id":24541,"date":"2026-03-18T11:36:17","date_gmt":"2026-03-18T11:36:17","guid":{"rendered":"https:\/\/soydeaqui.ddns.net\/pachuca\/index.php\/producto\/tarjeta-dual-iclass-se-prox-315-garantia-de-por-vida\/"},"modified":"2026-03-18T11:36:18","modified_gmt":"2026-03-18T11:36:18","slug":"tarjeta-dual-iclass-se-prox-315-garantia-de-por-vida","status":"publish","type":"product","link":"https:\/\/soydeaqui.ddns.net\/pachuca\/index.php\/producto\/tarjeta-dual-iclass-se-prox-315-garantia-de-por-vida\/","title":{"rendered":"Tarjeta Dual iClass Se + PROX 315\/ Garant\u00eda de por Vida"},"content":{"rendered":"<div style='width: 100%; max-width: 1200px; margin: 0 auto; font-family: sans-serif; line-height: 1.6; color: inherit; background-color: transparent;'>\n<div style='display: flex; flex-wrap: wrap; gap: 30px; margin-bottom: 30px;'>\n<div style='flex: 1 1 300px; min-width: 280px;'>\n<h3 style='font-size: 22px; border-bottom: 2px solid currentColor; padding-bottom: 5px; margin-top: 0; color: inherit; opacity: 0.8;'>Caracter\u00edsticas<\/h3>\n<ul style='padding-left: 20px; font-size: 15px; color: inherit;'>\n<li style='margin-bottom: 5px;'>Referencia HID: 3150PGGMNM<\/li>\n<li style='margin-bottom: 5px;'>Memoria de 2K Bits (256 Bytes) con dos \u00e1reas de aplicaci\u00f3n<\/li>\n<li style='margin-bottom: 5px;'>Compatibilidad con lectores HID: <a href='https:\/\/www.syscom.mx\/principal\/searchcont?route=R10SE-HID-97146&#038;autodetect=r10se' rel='noopener' style='color: inherit; text-decoration-line: none; font-weight: 600;' target='_blank'>R10SE<\/a> <a href='https:\/\/www.syscom.mx\/principal\/searchcont?route=R20F-HID-185631&#038;autodetect=r10se' rel='noopener' style='color: inherit; text-decoration-line: none;' target='_blank'>R20F<\/a> <a href='https:\/\/www.syscom.mx\/principal\/searchcont?route=R10F-HID-144944&#038;autodetect=r10se' rel='noopener' style='color: inherit; text-decoration-line: none;' target='_blank'>R10F<\/a> <\/li>\n<li style='margin-bottom: 5px;'>Elaborada en PVC Compuesto&comma; para m\u00e1s resistencia al uso cotidiano<\/li>\n<li style='margin-bottom: 5px;'>El m\u00ednimo de compra es de 100 pzs<\/li>\n<li style='margin-bottom: 5px;'>Dimensiones: 5.4 x 8.6 x 0.076 mm<\/li>\n<li style='margin-bottom: 5px;'>Garant\u00eda de por Vida<\/li>\n<li style='margin-bottom: 5px;'><strong>Para perforar debe tener en cuenta lo siguiente:<\/strong> Las ubicaciones de perforaci\u00f3n disponibles est\u00e1n marcadas por 3 puntos en la parte posterior de la tarjeta. Si los puntos no est\u00e1n presentes&comma; la tarjeta no se puede perforar con seguridad<\/li>\n<\/ul>\n<p style='margin-top: 20px; font-weight: bold;'>Producto sobre pedido<\/p>\n<\/p><\/div>\n<\/p><\/div>\n<div style='display: flex; flex-wrap: wrap; gap: 30px; margin-bottom: 30px;'>\n<div style='flex: 1 1 300px; min-width: 280px;'>\n<h3 style='font-size: 22px; border-bottom: 2px solid currentColor; padding-bottom: 5px; margin-top: 0; color: inherit; opacity: 0.8;'>Corporate 1000<\/h3>\n<ul style='padding-left: 20px; font-size: 15px; color: inherit;'>\n<li style='margin-bottom: 5px;'>Agregue un formato controlado por el usuario<\/li>\n<li style='margin-bottom: 5px;'>Disponible en SYSCOM a 48 bits<\/li>\n<li style='margin-bottom: 5px;'>Para formatos Corporate 1000 es necesario llenar una documentaci\u00f3n adicional al momento de la compra:\n<ul style='padding-left: 20px; margin-top: 10px; margin-bottom: 10px;'>\n<li style='margin-bottom: 5px;'>Nuevos proyecto: <a href='http:\/\/ftp3.syscom.mx\/usuarios\/ftp\/2017\/09\/15\/96cc8\/Corporate_1000_nuevo.pdf' rel='noopener' style='color: inherit; text-decoration-line: none;' target='_blank'>Solicitud<\/a> <a href='http:\/\/ftp3.syscom.mx\/usuarios\/ftp\/2018\/01\/16\/6a208\/Credential_Program_License_Agreement%20(1).pdf' rel='noopener' style='color: inherit; text-decoration-line: none;' target='_blank'>Credential Program<\/a> <\/li>\n<li style='margin-bottom: 5px;'> <a href='http:\/\/ftp3.syscom.mx\/usuarios\/ftp\/2017\/09\/15\/e939a\/Corporate_1000_existente.pdf' target='_top' style='color: inherit; text-decoration-line: none;'>Proyectos existentes<\/a> <\/li>\n<\/ul>\n<\/li>\n<li style='margin-bottom: 5px;'>Debe considerarse un <strong>costo adicional<\/strong> cuando se solicita este formato Corporativo&comma; al precio de lista de la tarjeta agregar el modelo <a href='https:\/\/www.syscom.mx\/principal\/searchcont?route=MC-1000-HID-156476&#038;autodetect=mc100' style='color: inherit; text-decoration-line: none; font-weight: 600;' target='_blank'>MC-1000<\/a> correspondiente a un cargo por tarjeta por programar en C1000 <\/li>\n<\/ul><\/div>\n<\/p><\/div>\n<div style='display: flex; flex-wrap: wrap; gap: 30px; margin-bottom: 30px;'>\n<div style='flex: 1 1 300px; min-width: 280px;'>\n<h3 style='font-size: 22px; border-bottom: 2px solid currentColor; padding-bottom: 5px; margin-top: 0; color: inherit; opacity: 0.8;'>\u00bfC\u00f3mo comprar tarjetas HID?<\/h3>\n<p style='margin-top: 10px; margin-bottom: 15px;'>Todas las tarjetas de HID son de programaci\u00f3n personalizadas por lo que es necesario proporcionar informaci\u00f3n adicional<\/p>\n<ul style='padding-left: 20px; font-size: 15px; color: inherit;'>\n<li style='margin-bottom: 5px;'>Es <strong>indispensable<\/strong> para procesar cualquier orden de compra<\/li>\n<li style='margin-bottom: 5px;'>Para formatos abiertos:\n<ul style='padding-left: 20px; margin-top: 10px; margin-bottom: 10px;'>\n<li style='margin-bottom: 5px;'><strong>Formato:<\/strong> Confirmar que es H10301&comma; es decir&comma; 26 bits<\/li>\n<li style='margin-bottom: 5px;'><strong>C\u00f3digo de sitio<\/strong> (Site Code \/ Facility Code): (0 a 255&comma; si es formato 26 bits H10301)<\/li>\n<li style='margin-bottom: 5px;'><strong>Consecutivo<\/strong> (rango): La numeraci\u00f3n que tendr\u00e1n las tarjetas (Entre 0-65535 si es a 26 bits H10301)<\/li>\n<\/ul>\n<\/li>\n<li style='margin-bottom: 5px;'>Se puede llenar el siguiente <a href='http:\/\/ftp3.syscom.mx\/usuarios\/ftp\/2017\/09\/07\/36288\/FOR%207.4%20025%20CMP%20Formato%20para%20Solicitud%20de%20Tarjetas%20HID%20rev.%20001.docx' style='color: inherit; text-decoration-line: none;' target='_blank'>formulario<\/a> y enviarlo a su ejecutivo de ventas para procesar su solicitud <\/li>\n<\/ul><\/div>\n<\/p><\/div>\n<div style='display: flex; flex-wrap: wrap; gap: 30px; margin-bottom: 30px;'>\n<div style='flex: 1 1 300px; min-width: 280px;'>\n<h3 style='font-size: 22px; border-bottom: 2px solid currentColor; padding-bottom: 5px; margin-top: 0; color: inherit; opacity: 0.8;'>Impresi\u00f3n de tarjetas<\/h3>\n<p style='margin-top: 10px; margin-bottom: 15px;'>\u00bfCon qu\u00e9 va a imprimir sus tarjetas? Mayor informaci\u00f3n <a href='https:\/\/www.syscom.mx\/principal\/listadoportadasazul\/control-de-acceso-credencializacion-434.html' style='color: inherit; text-decoration-line: none;' target='_blank'>aqu\u00ed<\/a> <\/p>\n<\/p><\/div>\n<\/p><\/div>\n<\/p><\/div>\n","protected":false},"excerpt":{"rendered":"<p>Tarjeta Dual iClass Se + PROX 315\/ Garant\u00eda de por Vida<\/p>\n","protected":false},"featured_media":24540,"comment_status":"open","ping_status":"closed","template":"","meta":[],"product_brand":[],"product_cat":[469],"product_tag":[93,814,470],"class_list":{"0":"post-24541","1":"product","2":"type-product","3":"status-publish","4":"has-post-thumbnail","6":"product_cat-tarjetas-y-tags","7":"product_tag-accesorios","8":"product_tag-hid","9":"product_tag-tarjetas-y-tags","11":"first","12":"outofstock","13":"sale","14":"shipping-taxable","15":"purchasable","16":"product-type-simple"},"_links":{"self":[{"href":"https:\/\/soydeaqui.ddns.net\/pachuca\/index.php\/wp-json\/wp\/v2\/product\/24541","targetHints":{"allow":["GET"]}}],"collection":[{"href":"https:\/\/soydeaqui.ddns.net\/pachuca\/index.php\/wp-json\/wp\/v2\/product"}],"about":[{"href":"https:\/\/soydeaqui.ddns.net\/pachuca\/index.php\/wp-json\/wp\/v2\/types\/product"}],"replies":[{"embeddable":true,"href":"https:\/\/soydeaqui.ddns.net\/pachuca\/index.php\/wp-json\/wp\/v2\/comments?post=24541"}],"wp:featuredmedia":[{"embeddable":true,"href":"https:\/\/soydeaqui.ddns.net\/pachuca\/index.php\/wp-json\/wp\/v2\/media\/24540"}],"wp:attachment":[{"href":"https:\/\/soydeaqui.ddns.net\/pachuca\/index.php\/wp-json\/wp\/v2\/media?parent=24541"}],"wp:term":[{"taxonomy":"product_brand","embeddable":true,"href":"https:\/\/soydeaqui.ddns.net\/pachuca\/index.php\/wp-json\/wp\/v2\/product_brand?post=24541"},{"taxonomy":"product_cat","embeddable":true,"href":"https:\/\/soydeaqui.ddns.net\/pachuca\/index.php\/wp-json\/wp\/v2\/product_cat?post=24541"},{"taxonomy":"product_tag","embeddable":true,"href":"https:\/\/soydeaqui.ddns.net\/pachuca\/index.php\/wp-json\/wp\/v2\/product_tag?post=24541"}],"curies":[{"name":"wp","href":"https:\/\/api.w.org\/{rel}","templated":true}]}}