{"id":24531,"date":"2026-03-18T11:36:07","date_gmt":"2026-03-18T11:36:07","guid":{"rendered":"https:\/\/soydeaqui.ddns.net\/pachuca\/index.php\/producto\/impresora-para-tarjetas-de-inyeccion-de-tinta-una-cara-impresion-sobre-el-borde\/"},"modified":"2026-03-18T11:36:11","modified_gmt":"2026-03-18T11:36:11","slug":"impresora-para-tarjetas-de-inyeccion-de-tinta-una-cara-impresion-sobre-el-borde","status":"publish","type":"product","link":"https:\/\/soydeaqui.ddns.net\/pachuca\/index.php\/producto\/impresora-para-tarjetas-de-inyeccion-de-tinta-una-cara-impresion-sobre-el-borde\/","title":{"rendered":"Impresora para Tarjetas de Inyecci\u00f3n de Tinta \/ Una Cara \/Impresi\u00f3n Sobre el Borde"},"content":{"rendered":"<div style='width: 100%; max-width: 1200px; margin: 0 auto; font-family: sans-serif; line-height: 1.6; color: inherit; background-color: transparent;'>\n<div style='display: flex; flex-wrap: wrap; gap: 30px; margin-bottom: 30px;'>\n<div style='flex: 1 1 300px; min-width: 280px;'>\n<h3 style='font-size: 22px; border-bottom: 2px solid currentColor; padding-bottom: 5px; margin-top: 0; color: inherit; opacity: 0.8;'>Caracter\u00edsticas:<\/h3>\n<ul style='padding-left: 20px; font-size: 15px; color: inherit;'>\n<li style='margin-bottom: 5px;'>Impresi\u00f3n de tarjetas por inyecci\u00f3n de tinta mediante transferencia t\u00e9rmica (impresi\u00f3n simple)<\/li>\n<li style='margin-bottom: 5px;'><strong style='color: inherit;'>Impresi\u00f3n a todo color<\/strong>&comma; sobre el borde a borde<\/li>\n<li style='margin-bottom: 5px;'>Resoluci\u00f3n: 600 dpi x 1200 dpi<\/li>\n<li style='margin-bottom: 5px;'>Un solo cartucho de tinta (YMC): <a href='https:\/\/www.syscom.mx\/principal\/searchcont?route=062100-HID-195748&#038;autodetect=062100' style='color: #005cb9; text-decoration: none; font-weight: bold;' target='_blank' rel='noopener'>062100 (indispensable)<\/a><\/li>\n<li style='margin-bottom: 5px;'>Negro compuesto para c\u00f3digo de barras<\/li>\n<li style='margin-bottom: 5px;'>Impresi\u00f3n en tipos de tarjeta est\u00e1ndar de PVC<\/li>\n<li style='margin-bottom: 5px;'>No se requieren tarjetas especiales<\/li>\n<li style='margin-bottom: 5px;'>Kit de limpieza disponible: <a href='https:\/\/www.syscom.mx\/producto\/062150-HID-195761.html' style='color: #005cb9; text-decoration: none; font-weight: bold;' target='_blank' rel='noopener'>062150<\/a><\/li>\n<li style='margin-bottom: 5px;'><strong style='color: inherit;'>Importante:<\/strong> Aunque puede imprimir cualquier tarjeta CR80 (Delgada)&comma; la <strong style='color: inherit;'>calidad de la impresi\u00f3n<\/strong> puede variar por la calidad del material de la misma&comma; se recomienda usar Tarjetas de PVC o poli\u00e9ster con acabado en PVC pulido Ultracard (Compatible con tarjetas PVC <a href='https:\/\/www.syscom.mx\/producto\/081754-HID-183658.html' style='color: #005cb9; text-decoration: none; font-weight: bold; font-size: 12px;' target='_blank' rel='noopener'>081754<\/a>). Optimizado para tarjetas HID de Control de Acceso.<\/li>\n<li style='margin-bottom: 5px;'><strong style='color: inherit;'>Garant\u00eda:<\/strong> 3 a\u00f1os. Para <strong style='color: inherit;'>conservar la garant\u00eda<\/strong> debe Registrar la Impresora en el Portal de HID&comma; de lo contrario no ser\u00e1 v\u00e1lido.<\/li>\n<li style='margin-bottom: 5px;'>Registro de la impresora:<\/li>\n<\/ul><\/div>\n<\/p><\/div>\n<div style='display: flex; flex-wrap: wrap; gap: 20px; margin-bottom: 30px;'>\n<div style='flex: 1 1 250px; border: 1px solid rgba(150&comma; 150&comma; 150&comma; 0.4); border-radius: 8px; overflow: hidden; display: flex; flex-direction: column;'>\n<div style='padding: 15px; border-bottom: 1px solid rgba(150&comma; 150&comma; 150&comma; 0.2); font-weight: bold; font-size: 18px; color: inherit;'>Comparativa entre Tecnolog\u00edas de Impresi\u00f3n<\/div>\n<div style='padding: 15px; color: inherit;'> <img style='width: 100%; height: auto; border: 1px solid rgba(150&comma;150&comma;150&comma;0.3); border-radius: 8px;' src='https:\/\/ftp3.syscom.mx\/usuarios\/ftp\/2022\/06\/09\/1b60b\/Comparativa%20de%20impresi%C3%B3n.png' alt=''> <\/div>\n<\/p><\/div>\n<\/p><\/div>\n<div style='display: flex; flex-wrap: wrap; gap: 20px; margin-bottom: 30px;'>\n<div style='flex: 1 1 250px; border: 1px solid rgba(150&comma; 150&comma; 150&comma; 0.4); border-radius: 8px; overflow: hidden; display: flex; flex-direction: column;'>\n<div style='padding: 15px; border-bottom: 1px solid rgba(150&comma; 150&comma; 150&comma; 0.2); font-weight: bold; font-size: 18px; color: inherit;'>Registro de la impresora<\/div>\n<div style='padding: 15px; color: inherit;'> <img style='width: 100%; height: auto; border: 1px solid rgba(150&comma;150&comma;150&comma;0.3); border-radius: 8px;' src='https:\/\/ftp3.syscom.mx\/usuarios\/ftp\/2022\/09\/26\/e9416\/Register_Fargo_Warranty.png' alt=''> <\/div>\n<\/p><\/div>\n<\/p><\/div>\n<div style='display: flex; flex-wrap: wrap; gap: 20px; margin-bottom: 30px;'>\n<div style='flex: 1 1 250px; border: 1px solid rgba(150&comma; 150&comma; 150&comma; 0.4); border-radius: 8px; overflow: hidden; display: flex; flex-direction: column;'>\n<div style='padding: 15px; border-bottom: 1px solid rgba(150&comma; 150&comma; 150&comma; 0.2); font-weight: bold; font-size: 18px; color: inherit;'>V\u00eddeos<\/div>\n<div style='padding: 15px; color: inherit;'>\n<ul style='padding-left: 20px; margin: 0; font-size: 14px; list-style-type: disc;'>\n<li style='margin-bottom: 8px;'><a href='https:\/\/www.youtube.com\/watch?v=md0Ke6-nvhk' style='color: #005cb9; text-decoration: none; font-weight: bold;' target='_blank' rel='noopener'>Como cargar las tarjetas<\/a><\/li>\n<li style='margin-bottom: 8px;'><a href='https:\/\/www.youtube.com\/watch?v=UzqBenEDiiw' style='color: #005cb9; text-decoration: none; font-weight: bold;' target='_blank' rel='noopener'>Promocional<\/a><\/li>\n<li style='margin-bottom: 8px;'><a href='https:\/\/www.youtube.com\/watch?v=iutaphbnq7c&#038;pp=qAMBugMGCgJlcxAB' style='color: #005cb9; text-decoration: none; font-weight: bold;' target='_blank' rel='noopener'>Como colocar los consumibles.<\/a><\/li>\n<li style='margin-bottom: 8px;'><a href='https:\/\/www.youtube.com\/watch?v=DyBGeKbNEwk&#038;pp=qAMBugMGCgJlcxAB' style='color: #005cb9; text-decoration: none; font-weight: bold;' target='_blank' rel='noopener'>Como configurar la impresora<\/a><\/li>\n<li><a href='https:\/\/www.youtube.com\/watch?v=iutaphbnq7c' style='color: #005cb9; text-decoration: none; font-weight: bold;' target='_blank' rel='noopener'>Unboxing<\/a><\/li>\n<\/ul><\/div>\n<\/p><\/div>\n<\/p><\/div>\n<hr style='border: 0; border-top: 1px solid rgba(150&comma; 150&comma; 150&comma; 0.3); margin: 30px 0;'> <\/div>\n","protected":false},"excerpt":{"rendered":"<p>Impresora para Tarjetas de Inyecci\u00f3n de Tinta \/ Una Cara \/Impresi\u00f3n Sobre el Borde<\/p>\n","protected":false},"featured_media":24530,"comment_status":"open","ping_status":"closed","template":"","meta":[],"product_brand":[],"product_cat":[823],"product_tag":[814,812,62],"class_list":{"0":"post-24531","1":"product","2":"type-product","3":"status-publish","4":"has-post-thumbnail","6":"product_cat-todos-identificacion-y-credencializacion","7":"product_tag-hid","8":"product_tag-identificacion-y-credencializacion","9":"product_tag-todos","11":"first","12":"outofstock","13":"sale","14":"shipping-taxable","15":"purchasable","16":"product-type-simple"},"_links":{"self":[{"href":"https:\/\/soydeaqui.ddns.net\/pachuca\/index.php\/wp-json\/wp\/v2\/product\/24531","targetHints":{"allow":["GET"]}}],"collection":[{"href":"https:\/\/soydeaqui.ddns.net\/pachuca\/index.php\/wp-json\/wp\/v2\/product"}],"about":[{"href":"https:\/\/soydeaqui.ddns.net\/pachuca\/index.php\/wp-json\/wp\/v2\/types\/product"}],"replies":[{"embeddable":true,"href":"https:\/\/soydeaqui.ddns.net\/pachuca\/index.php\/wp-json\/wp\/v2\/comments?post=24531"}],"wp:featuredmedia":[{"embeddable":true,"href":"https:\/\/soydeaqui.ddns.net\/pachuca\/index.php\/wp-json\/wp\/v2\/media\/24530"}],"wp:attachment":[{"href":"https:\/\/soydeaqui.ddns.net\/pachuca\/index.php\/wp-json\/wp\/v2\/media?parent=24531"}],"wp:term":[{"taxonomy":"product_brand","embeddable":true,"href":"https:\/\/soydeaqui.ddns.net\/pachuca\/index.php\/wp-json\/wp\/v2\/product_brand?post=24531"},{"taxonomy":"product_cat","embeddable":true,"href":"https:\/\/soydeaqui.ddns.net\/pachuca\/index.php\/wp-json\/wp\/v2\/product_cat?post=24531"},{"taxonomy":"product_tag","embeddable":true,"href":"https:\/\/soydeaqui.ddns.net\/pachuca\/index.php\/wp-json\/wp\/v2\/product_tag?post=24531"}],"curies":[{"name":"wp","href":"https:\/\/api.w.org\/{rel}","templated":true}]}}