{"id":2451,"date":"2026-03-18T05:57:15","date_gmt":"2026-03-18T05:57:15","guid":{"rendered":"https:\/\/soydeaqui.ddns.net\/pachuca\/index.php\/producto\/ax-pro-camara-inalambrica-pir-6-anos-de-bateria-inmunidad-a-mascotas-rango-de-deteccion-de-12-mts-angulo-de-85-9-de-cobertura-montaje-universal\/"},"modified":"2026-03-18T05:57:15","modified_gmt":"2026-03-18T05:57:15","slug":"ax-pro-camara-inalambrica-pir-6-anos-de-bateria-inmunidad-a-mascotas-rango-de-deteccion-de-12-mts-angulo-de-85-9-de-cobertura-montaje-universal","status":"publish","type":"product","link":"https:\/\/soydeaqui.ddns.net\/pachuca\/index.php\/producto\/ax-pro-camara-inalambrica-pir-6-anos-de-bateria-inmunidad-a-mascotas-rango-de-deteccion-de-12-mts-angulo-de-85-9-de-cobertura-montaje-universal\/","title":{"rendered":"(AX PRO) C\u00c1MARA Inal\u00e1mbrica + PIR \/ 6 A\u00f1os de Bater\u00eda \/ Inmunidad a Mascotas \/ Rango de Detecci\u00f3n de 12 mts \/ Angulo de 85.9\u00b0 de Cobertura + Montaje Universal"},"content":{"rendered":"<div style='width: 100%; max-width: 1200px; margin: 0 auto; font-family: sans-serif; line-height: 1.6; color: inherit; background-color: transparent;'> <!-- Logo --> <\/p>\n<div style='text-align: center; margin: 30px 0;'> <img style='width: 45%; height: auto; border: 1px solid rgba(150&comma;150&comma;150&comma;0.3); border-radius: 8px;' src='https:\/\/ftp3.syscom.mx\/usuarios\/jsosa\/HIKVISION\/imagenes\/logo\/hikvision%20see%20far.png' alt='Logo Hikvision'> <\/div>\n<p> <!-- Video Principal --> <\/p>\n<div style='position: relative; padding-bottom: 56.25%; height: 0; overflow: hidden; margin: 30px 0;'>   <\/div>\n<p> <!-- Consideraciones --> <\/p>\n<div style='margin: 30px 0;'>\n<div style='border-left: 5px solid #ff0000; border-radius: 8px; padding: 15px; background-color: rgba(150&comma;150&comma;150&comma;0.05);'>\n<h3 style='font-size: 18px; margin-top: 0; color: inherit;'><strong>Consideraciones:<\/strong><\/h3>\n<ul style='padding-left: 20px; font-size: 14px; color: inherit;'>\n<li style='margin-bottom: 8px;'>Las distancias de comunicaci\u00f3n entre los sensores y el panel pueden variar en cada instalaci\u00f3n por cuestiones como: ruido ambiental&comma; materiales y grosor de los muros&comma; ruido digital&comma; etc.<\/li>\n<\/ul><\/div>\n<\/p><\/div>\n<p> <!-- Videos Secundarios --> <\/p>\n<div style='display: grid; grid-template-columns: repeat(auto-fill&comma; minmax(300px&comma; 1fr)); gap: 20px; margin: 30px 0;'>\n<div style='border: 1px solid rgba(150&comma;150&comma;150&comma;0.3); border-radius: 8px; overflow: hidden;'>\n<h4 style='text-align: center; font-size: 16px; padding: 10px; margin: 0; background-color: rgba(150&comma;150&comma;150&comma;0.1); color: inherit;'><strong>Configuraci\u00f3n de la alarma AX PRO de Hikvision<\/strong><\/h4>\n<div style='position: relative; padding-bottom: 56.25%; height: 0; overflow: hidden;'>   <\/div>\n<\/p><\/div>\n<div style='border: 1px solid rgba(150&comma;150&comma;150&comma;0.3); border-radius: 8px; overflow: hidden;'>\n<h4 style='text-align: center; font-size: 16px; padding: 10px; margin: 0; background-color: rgba(150&comma;150&comma;150&comma;0.1); color: inherit;'><strong>Bienvenido al futuro con AX PRO Hikvision<\/strong><\/h4>\n<div style='position: relative; padding-bottom: 56.25%; height: 0; overflow: hidden;'>   <\/div>\n<\/p><\/div>\n<div style='border: 1px solid rgba(150&comma;150&comma;150&comma;0.3); border-radius: 8px; overflow: hidden;'>\n<h4 style='text-align: center; font-size: 16px; padding: 10px; margin: 0; background-color: rgba(150&comma;150&comma;150&comma;0.1); color: inherit;'><strong>Sistema Robusto contra Intrusiones AX PRO<\/strong><\/h4>\n<div style='position: relative; padding-bottom: 56.25%; height: 0; overflow: hidden;'>   <\/div>\n<\/p><\/div>\n<\/p><\/div>\n<p> <!-- Informaci\u00f3n del Kit --> <\/p>\n<div style='text-align: center; margin: 30px 0;'>\n<h2 style='font-size: 24px; margin-bottom: 10px; color: inherit;'>DS-PDPC12P-EG2-WB(B)\/UB<\/h2>\n<h3 style='font-size: 20px; margin-bottom: 20px; color: inherit;'>KIT incluye:<\/h3>\n<p style='margin: 8px 0;'><a style='color: inherit; text-decoration: underline;' href='https:\/\/www.syscom.mx\/producto\/DS-PDPC12P-EG2-WB(B)-HIKVISION-236737.html' target='_blank' rel='noopener'>1 x DS-PDPC12P-EG2-WB(B)<\/a><\/p>\n<p style='margin: 8px 0;'><a style='color: inherit; text-decoration: underline;' href='https:\/\/www.syscom.mx\/producto\/DS-PDB-IN-U-HIKVISION-207035.html' target='_blank' rel='noopener'>1 x DS-PDB-IN-U<\/a><\/p>\n<\/p><\/div>\n<p> <!-- Productos del Kit --> <\/p>\n<div style='display: grid; grid-template-columns: repeat(auto-fill&comma; minmax(300px&comma; 1fr)); gap: 30px; margin: 30px 0;'> <!-- PIR con C\u00e1mara --> <\/p>\n<div style='border: 1px solid rgba(150&comma;150&comma;150&comma;0.3); border-radius: 8px; overflow: hidden; display: flex; flex-direction: column;'>\n<div style='text-align: center; background-color: rgba(150&comma;150&comma;150&comma;0.1); padding: 15px;'> <a style='color: inherit; text-decoration: none;' href='https:\/\/www.syscom.mx\/producto\/DS-PDPC12P-EG2-WB-HIKVISION-189862.html' target='_blank' rel='noopener'> <img style='width: 100%; max-width: 400px; height: auto; border: 1px solid rgba(150&comma;150&comma;150&comma;0.3); border-radius: 8px; margin: auto;' src='https:\/\/ftp3.syscom.mx\/usuarios\/fotos\/BancoFotografiasSyscom\/HIKVISION\/DSPDPC12PEG2WB\/DSPDPC12PEG2WB-p.PNG' alt='DS-PDPC12P-EG2-WB(B)'> <\/a> <\/div>\n<div style='padding: 15px;'>\n<h4 style='margin-top: 0; color: inherit;'><a style='color: inherit; text-decoration: underline;' href='https:\/\/www.syscom.mx\/producto\/DS-PDPC12P-EG2-WB(B)-HIKVISION-236737.html' target='_blank' rel='noopener'>1 x DS-PDPC12P-EG2-WB(B)<\/a><\/h4>\n<h5 style='color: rgba(255&comma;255&comma;255&comma;0.7); margin-top: 10px; margin-bottom: 15px; color: inherit;'>Caracter\u00edsticas:<\/h5>\n<ul style='padding-left: 20px; font-size: 14px; color: inherit;'>\n<li style='margin-bottom: 8px;'>Rango de detecci\u00f3n: 12 m.<\/li>\n<li style='margin-bottom: 8px;'>\u00c1ngulo de detecci\u00f3n: 85.9\u00b0<\/li>\n<li style='margin-bottom: 8px;'>Resoluci\u00f3n m\u00e1xima de la c\u00e1mara: 640 x 480.<\/li>\n<li style='margin-bottom: 8px;'>Voltaje de Operaci\u00f3n: 3 x <a style='color: inherit; text-decoration: underline;' href='https:\/\/www.syscom.mx\/producto\/CR123A-EPCOM-POWERLINE-13896.html' target='_blank' rel='noopener'>CR123A<\/a> (Incluida).<\/li>\n<\/ul><\/div>\n<\/p><\/div>\n<p> <!-- Sensor Magn\u00e9tico --> <\/p>\n<div style='border: 1px solid rgba(150&comma;150&comma;150&comma;0.3); border-radius: 8px; overflow: hidden; display: flex; flex-direction: column;'>\n<div style='text-align: center; background-color: rgba(150&comma;150&comma;150&comma;0.1); padding: 15px;'> <a style='color: inherit; text-decoration: none;' href='https:\/\/www.syscom.mx\/producto\/DS-PDB-IN-U-HIKVISION-207035.html' target='_blank' rel='noopener'> <img style='width: 100%; max-width: 400px; height: auto; border: 1px solid rgba(150&comma;150&comma;150&comma;0.3); border-radius: 8px; margin: auto;' src='https:\/\/ftp3.syscom.mx\/usuarios\/fotos\/BancoFotografiasSyscom\/HIKVISION\/DSPDBINU\/DSPDBINU-p.PNG' alt='DS-PDB-IN-U'> <\/a> <\/div>\n<div style='padding: 15px;'>\n<h4 style='margin-top: 0; color: inherit;'><a style='color: inherit; text-decoration: underline;' href='https:\/\/www.syscom.mx\/producto\/DS-PDB-IN-U-HIKVISION-207035.html' target='_blank' rel='noopener'>1 x DS-PDB-IN-U<\/a><\/h4>\n<h5 style='color: rgba(255&comma;255&comma;255&comma;0.7); margin-top: 10px; margin-bottom: 15px; color: inherit;'>Caracter\u00edsticas:<\/h5>\n<ul style='padding-left: 20px; font-size: 14px; color: inherit;'>\n<li style='margin-bottom: 8px;'>Dimensiones: 29.3 x 53.2 x 35.5 mm<\/li>\n<li style='margin-bottom: 8px;'>Peso: 13 gramos.<\/li>\n<li style='margin-bottom: 8px;'>Instalaci\u00f3n en pared o techo.<\/li>\n<\/ul><\/div>\n<\/p><\/div>\n<\/p><\/div>\n<p> <!-- Diagrama Familia AX PRO --> <\/p>\n<div style='margin: 30px 0; text-align: center;'>\n<h2 style='font-size: 22px; margin-bottom: 15px; color: inherit;'><strong>Linea de Productos AX PRO<\/strong><\/h2>\n<p> <a style='color: inherit; text-decoration: none;' href='https:\/\/www.syscom.mx\/principal\/listadoproductosazul\/intrusion-hikvision-paneles-de-alarma-y-accesorios-ax-pro-series-66286.html?ordenar=Precio_de_Menor_a_Mayor&#038;pag=1' target='_blank' rel='noopener'> <img style='width: 100%; max-width: 800px; height: auto; border: 1px solid rgba(150&comma;150&comma;150&comma;0.3); border-radius: 8px;' src='https:\/\/ftp3.syscom.mx\/usuarios\/jsosa\/HIKVISION\/alarmas\/AXPPRO\/banner\/AX%20PRO%20disgramas-hikvision.jpg' alt='Diagrama Familia AX PRO'> <\/a> <\/div>\n<p> <!-- Serie AX PRO --> <\/p>\n<div style='display: grid; grid-template-columns: repeat(auto-fill&comma; minmax(300px&comma; 1fr)); gap: 30px; margin: 30px 0;'>\n<div style='text-align: center;'> <a style='color: inherit; text-decoration: none;' href='https:\/\/www.syscom.mx\/principal\/listadoproductosazul\/intrusion-hikvision-paneles-de-alarma-y-accesorios-ax-pro-series-66286.html?ordenar=Precio_de_Menor_a_Mayor&#038;pag=1' target='_blank' rel='noopener'> <img style='width: 100%; max-width: 600px; height: auto; border: 1px solid rgba(150&comma;150&comma;150&comma;0.3); border-radius: 8px;' src='https:\/\/ftp3.syscom.mx\/usuarios\/jsosa\/HIKVISION\/alarmas\/AXPPRO\/Serie%20AXPRO.png' alt='Serie AX PRO'> <\/a> <\/div>\n<div>\n<h3 style='font-size: 20px; margin-top: 0; color: inherit;'>Serie AX PRO<\/h3>\n<p style='font-size: 14px; margin: 10px 0; color: inherit;'>\u00bfNecesita proteger su hogar&comma; oficina o tienda?<\/p>\n<p style='font-size: 14px; margin: 10px 0; color: inherit;'>\u00bfCansado de tantos cables y mucho tiempo de instalaci\u00f3n?<\/p>\n<p style='font-size: 14px; margin: 10px 0; color: inherit;'>\u00a1Utilice una soluci\u00f3n de alarma inal\u00e1mbrica profesional!<\/p>\n<p style='font-size: 14px; margin: 10px 0; color: inherit;'>Conozca todos los dispositivos que pueden integrar en la Serie AX PRO dando clic <a style='color: inherit; text-decoration: underline;' href='https:\/\/www.syscom.mx\/principal\/listadoproductosazul\/intrusion-hikvision-paneles-de-alarma-y-accesorios-ax-pro-series-66286.html?ordenar=Precio_de_Menor_a_Mayor&#038;pag=1' target='_blank' rel='noopener'>aqu\u00ed<\/a>.<\/p>\n<\/p><\/div>\n<\/p><\/div>\n<p> <!-- Videos de Configuraci\u00f3n --> <\/p>\n<div style='display: grid; grid-template-columns: repeat(auto-fill&comma; minmax(300px&comma; 1fr)); gap: 20px; margin: 30px 0;'>\n<div style='border: 1px solid rgba(150&comma;150&comma;150&comma;0.3); border-radius: 8px; overflow: hidden;'>\n<h3 style='text-align: center; font-size: 16px; padding: 10px; margin: 0; background-color: rgba(150&comma;150&comma;150&comma;0.1); color: inherit;'><strong>Alta del panel AX PRO en aplicaci\u00f3n Hik-Connect<\/strong><\/h3>\n<div style='position: relative; padding-bottom: 56.25%; height: 0; overflow: hidden;'>   <\/div>\n<\/p><\/div>\n<div style='border: 1px solid rgba(150&comma;150&comma;150&comma;0.3); border-radius: 8px; overflow: hidden;'>\n<h3 style='text-align: center; font-size: 16px; padding: 10px; margin: 0; background-color: rgba(150&comma;150&comma;150&comma;0.1); color: inherit;'><strong>Reset del panel AX PRO por medio de bot\u00f3n<\/strong><\/h3>\n<div style='position: relative; padding-bottom: 56.25%; height: 0; overflow: hidden;'>   <\/div>\n<\/p><\/div>\n<\/p><\/div>\n<p> <!-- Videos de Verificaci\u00f3n --> <\/p>\n<div style='display: grid; grid-template-columns: repeat(auto-fill&comma; minmax(300px&comma; 1fr)); gap: 20px; margin: 30px 0;'>\n<div style='border: 1px solid rgba(150&comma;150&comma;150&comma;0.3); border-radius: 8px; overflow: hidden;'>\n<h3 style='text-align: center; font-size: 16px; padding: 10px; margin: 0; background-color: rgba(150&comma;150&comma;150&comma;0.1); color: inherit;'><strong>Video Verificaci\u00f3n con PIR con C\u00e1mara DS-PDPC12P-EG2-WB<\/strong><\/h3>\n<div style='position: relative; padding-bottom: 56.25%; height: 0; overflow: hidden;'>   <\/div>\n<\/p><\/div>\n<div style='border: 1px solid rgba(150&comma;150&comma;150&comma;0.3); border-radius: 8px; overflow: hidden;'>\n<h3 style='text-align: center; font-size: 16px; padding: 10px; margin: 0; background-color: rgba(150&comma;150&comma;150&comma;0.1); color: inherit;'><strong>Vinculo de Sensor Magn\u00e9tico con C\u00e1mara IP<\/strong><\/h3>\n<div style='position: relative; padding-bottom: 56.25%; height: 0; overflow: hidden;'>   <\/div>\n<\/p><\/div>\n<\/p><\/div>\n<p> <!-- Diagrama de Aplicaci\u00f3n --> <\/p>\n<div style='margin: 30px 0; text-align: center;'>\n<h2 style='font-size: 22px; margin-bottom: 15px; color: inherit;'><strong>DIAGRAMA DE APLICACI\u00d3N<\/strong><\/h2>\n<p> <img style='width: 100%; max-width: 800px; height: auto; border: 1px solid rgba(150&comma;150&comma;150&comma;0.3); border-radius: 8px;' src='https:\/\/ftp3.syscom.mx\/usuarios\/jsosa\/HIKVISION\/alarmas\/AXPPRO\/banner\/diagrama%20AX%20Pro.png' alt='Diagrama de Aplicaci\u00f3n'> <\/div>\n<p> <!-- Novedades de la Serie AX PRO --> <\/p>\n<h2 style='font-size: 22px; text-align: center; margin: 30px 0; color: inherit;'><strong>NOVEDADES DE LA SERIE AX-PRO<\/strong><\/h2>\n<p> <!-- Repetidor DS-PR1-WB --> <\/p>\n<div style='display: grid; grid-template-columns: repeat(auto-fill&comma; minmax(300px&comma; 1fr)); gap: 30px; margin: 30px 0;'>\n<div style='text-align: center;'> <a style='color: inherit; text-decoration: none;' href='https:\/\/www.syscom.mx\/producto\/DS-PR1-WB-HIKVISION-191817.html' target='_blank' rel='noopener'> <img style='width: 100%; max-width: 400px; height: auto; border: 1px solid rgba(150&comma;150&comma;150&comma;0.3); border-radius: 8px; margin: auto;' src='https:\/\/ftp3.syscom.mx\/usuarios\/fotos\/BancoFotografiasSyscom\/HIKVISION\/DSPR1WB\/DSPR1WB-p.PNG' alt='DS-PR1-WB'> <\/a> <\/div>\n<div>\n<h3 style='font-size: 20px; margin-top: 0; color: inherit;'><a style='color: inherit; text-decoration: underline;' href='https:\/\/www.syscom.mx\/producto\/DS-PR1-WB-HIKVISION-191817.html' target='_blank' rel='noopener'>REPETIDOR DE SE\u00d1AL DS-PR1-WB<\/a><\/h3>\n<h4 style='margin-top: 10px; margin-bottom: 15px; color: inherit;'><strong>Aumenta la cobertura de tus dispositivos<\/strong><\/h4>\n<p style='font-size: 14px; margin: 10px 0; color: inherit;'>Extiende la se\u00f1al de los dispositivos de la serie AXPRO&comma; recibe mensajes de alarma&comma; estado y control de los dispositivos y repite estos mensajes al panel de control.<\/p>\n<ul style='padding-left: 20px; font-size: 14px; color: inherit;'>\n<li style='margin-bottom: 8px;'><strong style='color: inherit;'>\u2714<\/strong> Comunicaci\u00f3n inal\u00e1mbrica bidireccional de 433 MHz estable y segura.<\/li>\n<li style='margin-bottom: 8px;'><strong style='color: inherit;'>\u2714<\/strong> Indicador LED&comma; muestra los diferentes estatus del dispositivo con f\u00e1cil comprensi\u00f3n.<\/li>\n<li style='margin-bottom: 8px;'><strong style='color: inherit;'>\u2714<\/strong> Hasta 35 horas de respaldo de bater\u00eda despu\u00e9s de la p\u00e9rdida energ\u00eda principal.<\/li>\n<li style='margin-bottom: 8px;'><strong style='color: inherit;'>\u2714<\/strong> Encuentra y conecta detectores autom\u00e1ticamente&comma; emparejamiento autom\u00e1tico inteligente.<\/li>\n<li style='margin-bottom: 8px;'><strong style='color: inherit;'>\u2714<\/strong> F\u00e1cil instalaci\u00f3n debido a nuevo dise\u00f1o.<\/li>\n<\/ul><\/div>\n<\/p><\/div>\n<p> <!-- PIR con C\u00e1mara Detallado --> <\/p>\n<div style='display: grid; grid-template-columns: repeat(auto-fill&comma; minmax(300px&comma; 1fr)); gap: 30px; margin: 30px 0;'>\n<div>\n<h3 style='font-size: 20px; margin-top: 0; color: inherit;'><a style='color: inherit; text-decoration: underline;' href='https:\/\/www.syscom.mx\/producto\/DS-PDPC12P-EG2-WB-HIKVISION-189862.html' target='_blank' rel='noopener'>DETECTOR PIR CON CAMARA INALAMBRICO DS-PDPC12P-EG2-WB<\/a><\/h3>\n<p style='font-size: 14px; margin: 10px 0; color: inherit;'>Detector inal\u00e1mbrico bidireccional totalmente supervisado con c\u00e1mara incorporada de alta calidad que puede proporcionar una soluci\u00f3n ideal para la verificaci\u00f3n de video.<\/p>\n<ul style='padding-left: 20px; font-size: 14px; color: inherit;'>\n<li style='margin-bottom: 8px;'><strong style='color: inherit;'>\u2714<\/strong> Rango de detecci\u00f3n: 12 m.<\/li>\n<li style='margin-bottom: 8px;'><strong style='color: inherit;'>\u2714<\/strong> \u00c1ngulo de detecci\u00f3n: 85.9\u00b0.<\/li>\n<li style='margin-bottom: 8px;'><strong style='color: inherit;'>\u2714<\/strong> Inmunidad contra mascotas: 30Kg.<\/li>\n<li style='margin-bottom: 8px;'><strong style='color: inherit;'>\u2714<\/strong> Resoluci\u00f3n m\u00e1xima de la c\u00e1mara: 640 x 480.<\/li>\n<li style='margin-bottom: 8px;'><strong style='color: inherit;'>\u2714<\/strong> Voltaje de Operaci\u00f3n: 3 x <a style='color: inherit; text-decoration: underline;' href='https:\/\/www.syscom.mx\/producto\/CR123A-EPCOM-POWERLINE-13896.html' target='_blank' rel='noopener'>CR123A<\/a> (Incluida).<\/li>\n<li style='margin-bottom: 8px;'><strong style='color: inherit;'>\u2714<\/strong> Tiempo \u00fatil de la bater\u00eda: 6 a\u00f1os<\/li>\n<li style='margin-bottom: 8px;'><strong style='color: inherit;'>\u2714<\/strong> Tamper antisabotaje.<\/li>\n<\/ul><\/div>\n<div style='text-align: center;'> <a style='color: inherit; text-decoration: none;' href='https:\/\/www.syscom.mx\/producto\/DS-PDPC12P-EG2-WB-HIKVISION-189862.html' target='_blank' rel='noopener'> <img style='width: 100%; max-width: 400px; height: auto; border: 1px solid rgba(150&comma;150&comma;150&comma;0.3); border-radius: 8px; margin: auto;' src='https:\/\/ftp3.syscom.mx\/usuarios\/fotos\/BancoFotografiasSyscom\/HIKVISION\/DSPDPC12PEG2WB\/DSPDPC12PEG2WB-p.PNG' alt='DS-PDPC12P-EG2-WB'> <\/a> <\/div>\n<\/p><\/div>\n<p> <!-- Accesorios de Automatizaci\u00f3n --> <\/p>\n<h2 style='font-size: 22px; text-align: center; margin: 30px 0; color: inherit;'><strong>ACCESORIOS PARA AUTOMATIZAR:<\/strong><\/h2>\n<div style='display: grid; grid-template-columns: repeat(auto-fill&comma; minmax(300px&comma; 1fr)); gap: 30px; margin: 30px 0;'> <!-- DS-PM1-O1H-WB --> <\/p>\n<div style='border: 1px solid rgba(150&comma;150&comma;150&comma;0.3); border-radius: 8px; overflow: hidden; padding: 15px;'>\n<div style='text-align: center; margin-bottom: 15px;'> <a style='color: inherit; text-decoration: none;' href='https:\/\/www.syscom.mx\/producto\/DS-PM1-O1H-WB-HIKVISION-191822.html' target='_blank' rel='noopener'> <img style='width: 100%; max-width: 300px; height: auto; border: 1px solid rgba(150&comma;150&comma;150&comma;0.3); border-radius: 8px; margin: auto;' src='https:\/\/ftp3.syscom.mx\/usuarios\/fotos\/BancoFotografiasSyscom\/HIKVISION\/DSPM1O1HWB\/DSPM1O1HWB-p.PNG' alt='DS-PM1-O1H-WB'> <\/a> <\/div>\n<h3 style='font-size: 18px; margin-top: 0; color: inherit;'><a style='color: inherit; text-decoration: underline;' href='https:\/\/www.syscom.mx\/producto\/DS-PM1-O1H-WB-HIKVISION-191822.html' target='_blank' rel='noopener'>DS-PM1-O1H-WB<\/a><\/h3>\n<ul style='padding-left: 20px; font-size: 14px; color: inherit;'>\n<li style='margin-bottom: 8px;'><strong style='color: inherit;'>\u2714<\/strong> Comunicaci\u00f3n inal\u00e1mbrica bidireccional de 433 MHz \/ Cifrado AES-128.<\/li>\n<li style='margin-bottom: 8px;'><strong style='color: inherit;'>\u2714<\/strong> Pantalla LED&comma; muestra el estado del dispositivo: encendido \/ apagado.<\/li>\n<li style='margin-bottom: 8px;'><strong style='color: inherit;'>\u2714<\/strong> Dise\u00f1o de caja peque\u00f1a&comma; que se puede esconder f\u00e1cilmente.<\/li>\n<li style='margin-bottom: 8px;'><strong style='color: inherit;'>\u2714<\/strong> Operaci\u00f3n de automatizaci\u00f3n&comma; bot\u00f3n de encendido\/apagado desde: aplicaci\u00f3n \/ control \/ teclado<\/li>\n<li style='margin-bottom: 8px;'><strong style='color: inherit;'>\u2714<\/strong> Configuraci\u00f3n de escenarios por diferentes eventos.<\/li>\n<li style='margin-bottom: 8px;'><strong style='color: inherit;'>\u2714<\/strong> 1 Salida de relevador: NO\/NC (100 a 240 VAC \/ Max. 13 A)<\/li>\n<li style='margin-bottom: 8px;'><strong style='color: inherit;'>\u2714<\/strong> Voltaje de Operaci\u00f3n: 100 VCA a 240 VCA.<\/li>\n<li style='margin-bottom: 8px;'><strong style='color: inherit;'>\u2714<\/strong> Temperatura de operaci\u00f3n: -10\u00b0 a 55\u00b0C.<\/li>\n<\/ul><\/div>\n<p> <!-- DS-PM1-O1L-WB --> <\/p>\n<div style='border: 1px solid rgba(150&comma;150&comma;150&comma;0.3); border-radius: 8px; overflow: hidden; padding: 15px;'>\n<div style='text-align: center; margin-bottom: 15px;'> <a style='color: inherit; text-decoration: none;' href='https:\/\/www.syscom.mx\/producto\/DS-PM1-O1L-WB-HIKVISION-191819.html' target='_blank' rel='noopener'> <img style='width: 100%; max-width: 300px; height: auto; border: 1px solid rgba(150&comma;150&comma;150&comma;0.3); border-radius: 8px; margin: auto;' src='https:\/\/ftp3.syscom.mx\/usuarios\/fotos\/BancoFotografiasSyscom\/HIKVISION\/DSPM1O1LWB\/DSPM1O1LWB-p.PNG' alt='DS-PM1-O1L-WB'> <\/a> <\/div>\n<h3 style='font-size: 18px; margin-top: 0; color: inherit;'><a style='color: inherit; text-decoration: underline;' href='https:\/\/www.syscom.mx\/producto\/DS-PM1-O1L-WB-HIKVISION-191819.html' target='_blank' rel='noopener'>DS-PM1-O1L-WB<\/a><\/h3>\n<ul style='padding-left: 20px; font-size: 14px; color: inherit;'>\n<li style='margin-bottom: 8px;'><strong style='color: inherit;'>\u2714<\/strong> Comunicaci\u00f3n inal\u00e1mbrica bidireccional de 433 MHz \/ Cifrado AES-128.<\/li>\n<li style='margin-bottom: 8px;'><strong style='color: inherit;'>\u2714<\/strong> Pantalla LED&comma; muestra el estado del dispositivo: encendido \/ apagado.<\/li>\n<li style='margin-bottom: 8px;'><strong style='color: inherit;'>\u2714<\/strong> Dise\u00f1o de caja peque\u00f1a&comma; que se puede esconder f\u00e1cilmente.<\/li>\n<li style='margin-bottom: 8px;'><strong style='color: inherit;'>\u2714<\/strong> Operaci\u00f3n de automatizaci\u00f3n&comma; bot\u00f3n de encendido\/apagado desde: aplicaci\u00f3n \/ control \/ teclado<\/li>\n<li style='margin-bottom: 8px;'><strong style='color: inherit;'>\u2714<\/strong> Configuraci\u00f3n de escenarios por diferentes eventos<\/li>\n<li style='margin-bottom: 8px;'><strong style='color: inherit;'>\u2714<\/strong> Usando la entrada de alarma&comma; se puede utilizar como entrada de zona para el panel.<\/li>\n<li style='margin-bottom: 8px;'><strong style='color: inherit;'>\u2714<\/strong> 1 Salida de relevador: NO\/NC (0 a 36Vcc \/ Max. 5 A).<\/li>\n<li style='margin-bottom: 8px;'><strong style='color: inherit;'>\u2714<\/strong> 1 Entrada de alarma: NO\/NC.<\/li>\n<li style='margin-bottom: 8px;'><strong style='color: inherit;'>\u2714<\/strong> Voltaje de Operaci\u00f3n: 7Vcc a 24 Vcc.<\/li>\n<li style='margin-bottom: 8px;'><strong style='color: inherit;'>\u2714<\/strong> Temperatura de operaci\u00f3n: -10\u00b0 a 55\u00b0C.<\/li>\n<\/ul><\/div>\n<\/p><\/div>\n<p> <!-- Recursos --> <\/p>\n<h2 style='font-size: 22px; text-align: center; margin: 30px 0; color: inherit;'><strong>Recursos<\/strong><\/h2>\n<div style='display: grid; grid-template-columns: repeat(auto-fill&comma; minmax(250px&comma; 1fr)); gap: 20px; margin: 30px 0;'>\n<div style='text-align: center;'> <a style='color: inherit; text-decoration: none;' href='https:\/\/www.hikvision.com\/es-la\/support\/download\/software\/ivms4200-series\/?q=serie%20ivms4200&#038;position=1' target='_blank' rel='noopener'> <img style='width: 100%; max-width: 400px; height: auto; border: 1px solid rgba(150&comma;150&comma;150&comma;0.3); border-radius: 8px; margin: auto;' src='https:\/\/ftp3.syscom.mx\/usuarios\/gmagos\/HIK\/IP\/IPC\/Imagenes%20pagina\/Descargas%20IVMS4200.jpg' alt='IVMS4200'> <\/a> <\/div>\n<div style='text-align: center;'> <a style='color: inherit; text-decoration: none;' href='https:\/\/appstore.hikvision.com\/' target='_blank' rel='noopener'> <img style='width: 100%; max-width: 400px; height: auto; border: 1px solid rgba(150&comma;150&comma;150&comma;0.3); border-radius: 8px; margin: auto;' src='https:\/\/ftp3.syscom.mx\/usuarios\/gmagos\/HIK\/IP\/IPC\/Imagenes%20pagina\/Descargas%20de%20app.jpg' alt='Aplicaci\u00f3n Hikvision'> <\/a> <\/div>\n<div style='text-align: center;'> <a style='color: inherit; text-decoration: none;' href='https:\/\/ftp3.syscom.mx\/usuarios\/jsosa\/HIKVISION\/alarmas\/AXPPRO\/DSPWA48MWB\/DS-PWA48-M-WB.pdf' target='_blank' rel='noopener'> <img style='width: 100%; max-width: 400px; height: auto; border: 1px solid rgba(150&comma;150&comma;150&comma;0.3); border-radius: 8px; margin: auto;' src='https:\/\/ftp3.syscom.mx\/usuarios\/gmagos\/HIK\/IP\/IPC\/Imagenes%20pagina\/Descarga%20de%20PDF.jpg' alt='Manual T\u00e9cnico'> <\/a> <\/div>\n<\/p><\/div>\n<p> <!-- Banner Final --> <\/p>\n<div style='margin: 30px 0; text-align: center;'> <a style='color: inherit; text-decoration: none;' href='https:\/\/www.syscom.mx\/principal\/promociones\/serie_ax_pro_alarmas_hikvision-5416.html?ordenar=Relevancia&#038;pag=1' target='_blank' rel='noopener'> <img style='width: 100%; max-width: 1200px; height: auto; border: 1px solid rgba(150&comma;150&comma;150&comma;0.3); border-radius: 8px;' src='https:\/\/ftp3.syscom.mx\/usuarios\/jsosa\/HIKVISION\/alarmas\/AXPPRO\/banner\/HIKVISION-AXPRO-SERIES.jpg' alt='Serie AX PRO'> <\/a> <\/div>\n<\/p><\/div>\n","protected":false},"excerpt":{"rendered":"<p>(AX PRO) C\u00c1MARA Inal\u00e1mbrica + PIR \/ 6 A\u00f1os de Bater\u00eda \/ Inmunidad a Mascotas \/ Rango de Detecci\u00f3n de 12 mts \/ Angulo de 85.9\u00b0 de Cobertura + Montaje Universal<\/p>\n","protected":false},"featured_media":2450,"comment_status":"open","ping_status":"closed","template":"","meta":[],"product_brand":[],"product_cat":[68],"product_tag":[70,54,69],"class_list":{"0":"post-2451","1":"product","2":"type-product","3":"status-publish","4":"has-post-thumbnail","6":"product_cat-ax-pro-series","7":"product_tag-ax-pro-series","8":"product_tag-hikvision","9":"product_tag-paneles-de-alarma-y-accesorios-hikvision","11":"first","12":"instock","13":"sale","14":"shipping-taxable","15":"purchasable","16":"product-type-simple"},"_links":{"self":[{"href":"https:\/\/soydeaqui.ddns.net\/pachuca\/index.php\/wp-json\/wp\/v2\/product\/2451","targetHints":{"allow":["GET"]}}],"collection":[{"href":"https:\/\/soydeaqui.ddns.net\/pachuca\/index.php\/wp-json\/wp\/v2\/product"}],"about":[{"href":"https:\/\/soydeaqui.ddns.net\/pachuca\/index.php\/wp-json\/wp\/v2\/types\/product"}],"replies":[{"embeddable":true,"href":"https:\/\/soydeaqui.ddns.net\/pachuca\/index.php\/wp-json\/wp\/v2\/comments?post=2451"}],"wp:featuredmedia":[{"embeddable":true,"href":"https:\/\/soydeaqui.ddns.net\/pachuca\/index.php\/wp-json\/wp\/v2\/media\/2450"}],"wp:attachment":[{"href":"https:\/\/soydeaqui.ddns.net\/pachuca\/index.php\/wp-json\/wp\/v2\/media?parent=2451"}],"wp:term":[{"taxonomy":"product_brand","embeddable":true,"href":"https:\/\/soydeaqui.ddns.net\/pachuca\/index.php\/wp-json\/wp\/v2\/product_brand?post=2451"},{"taxonomy":"product_cat","embeddable":true,"href":"https:\/\/soydeaqui.ddns.net\/pachuca\/index.php\/wp-json\/wp\/v2\/product_cat?post=2451"},{"taxonomy":"product_tag","embeddable":true,"href":"https:\/\/soydeaqui.ddns.net\/pachuca\/index.php\/wp-json\/wp\/v2\/product_tag?post=2451"}],"curies":[{"name":"wp","href":"https:\/\/api.w.org\/{rel}","templated":true}]}}