{"id":24508,"date":"2026-03-18T11:35:44","date_gmt":"2026-03-18T11:35:44","guid":{"rendered":"https:\/\/soydeaqui.ddns.net\/pachuca\/index.php\/producto\/pistola-termica-de-temperatura-variable-con-estuche\/"},"modified":"2026-03-18T11:35:45","modified_gmt":"2026-03-18T11:35:45","slug":"pistola-termica-de-temperatura-variable-con-estuche","status":"publish","type":"product","link":"https:\/\/soydeaqui.ddns.net\/pachuca\/index.php\/producto\/pistola-termica-de-temperatura-variable-con-estuche\/","title":{"rendered":"Pistola t\u00e9rmica de temperatura variable con estuche."},"content":{"rendered":"<div style='width: 100%; max-width: 1200px; margin: 0 auto; font-family: sans-serif; line-height: 1.6; color: inherit; background-color: transparent;'>\n<div style='margin-bottom: 30px;'>\n<h3 style='font-size: 22px; border-bottom: 2px solid currentColor; padding-bottom: 5px; margin-top: 0; color: inherit; opacity: 0.8;'>DESCRIPCION:<\/h3>\n<ul style='padding-left: 20px; font-size: 15px; color: inherit;'>\n<li style='margin-bottom: 5px; font-weight: bold; color: #008290;'>PRECISI\u00d3N: <span style='font-weight: normal; color: inherit;'>Selector de temperatura variable (122 &#8211; 1&comma;022\u00b0F) para control preciso sobre un amplia variedad de aplicaciones<\/span><\/li>\n<li style='margin-bottom: 5px; font-weight: bold; color: #008290;'>VERSATILIDAD: <span style='font-weight: normal; color: inherit;'>Interruptor deslizable establece dos ajustes de flujo de aire (7 y 14 CFM) para mayor versatilidad<\/span><\/li>\n<li style='margin-bottom: 5px; font-weight: bold; color: #008290;'>DISE\u00d1O: <span style='font-weight: normal; color: inherit;'>Mango de engomado y soporte trasero integrado<\/span><\/li>\n<li style='margin-bottom: 5px; font-weight: bold; color: #008290;'>CONVENIENCIA: <span style='font-weight: normal; color: inherit;'>Ranura para anclaje integrada (anclaje se vende por separado)<\/span><\/li>\n<li style='margin-bottom: 5px; font-weight: bold; color: #008290;'>INCLUYE: <span style='font-weight: normal; color: inherit;'>Estuche<\/span><\/li>\n<\/ul><\/div>\n<div style='margin-bottom: 30px;'>\n<h3 style='font-size: 22px; border-bottom: 2px solid currentColor; padding-bottom: 5px; margin-top: 0; color: inherit; opacity: 0.8;'>CARACTERISTICAS PRINCIPALES<\/h3>\n<p style='font-size: 15px; color: inherit; margin-bottom: 15px;'>La Pistola T\u00e9rmica de Velocidad Variable (HG6031VK) de Makita est\u00e1 dise\u00f1ada para aplicaciones industriales y es ideal para una amplia gama de aplicaciones incluyendo envoltura de veh\u00edculos y polarizado&comma; desprendimiento de fijador&comma; pintura y barniz&comma; descongelaci\u00f3n de tubos de metal congelados&comma; aflojamiento de azulejo y masilla&comma; refusi\u00f3n de adhesivo&comma; remoci\u00f3n de etiquetas&comma; parafinado y desparafinado&comma; flexi\u00f3n de tubos de pl\u00e1stico y hojas&comma; y m\u00e1s. La HG6031VK presenta un control de temperatura precisa con un selector de control de temperatura variable (122\u00b0 &#8211; 1&comma;022\u00b0 F) y 9 numeraciones de ajuste&comma; as\u00ed como dos ajustes de flujo de aire (7 y 14 CFM) para que el usuario pueda ajustar el calor y velocidad de soplador a la aplicaci\u00f3n.<\/p>\n<p style='font-size: 15px; color: inherit; margin-bottom: 15px;'>La HG6031VK cuenta con un dise\u00f1o compacto (s\u00f3lo 1.5 lbs.) con un mango de goma tipo pistola. Para mayor conveniencia durante el cambio de boquilla (boquillas se venden por separado)&comma; el soporte trasero integrado mantiene la pistola en posici\u00f3n de pie. Caracter\u00edsticas adicionales incluyen una ranura para anclaje integrada (anclaje se vende por separado)&comma; protecci\u00f3n de sobrecalentamiento&comma; y un cable de 6.6 ft. para maniobrabilidad. La HG6031VK incluye estuche.<\/p>\n<\/p><\/div>\n<div style='margin-bottom: 30px;'>\n<h3 style='font-size: 22px; border-bottom: 2px solid currentColor; padding-bottom: 5px; margin-top: 0; color: inherit; opacity: 0.8;'>INCLUYE<\/h3>\n<ul style='padding-left: 20px; font-size: 15px; color: inherit;'>\n<li style='margin-bottom: 5px;'><strong>Estuche:<\/strong> (1) Estuche<\/li>\n<\/ul><\/div>\n<div style='margin-bottom: 30px;'>\n<h3 style='font-size: 22px; border-bottom: 2px solid currentColor; padding-bottom: 5px; margin-top: 0; color: inherit; opacity: 0.8;'>ESPECIFICACIONES<\/h3>\n<div style='display: flex; flex-wrap: wrap; gap: 20px; margin-top: 15px;'>\n<div style='flex: 1 1 250px; border: 1px solid rgba(150&comma; 150&comma; 150&comma; 0.4); border-radius: 8px; overflow: hidden; display: flex; flex-direction: column;'>\n<div style='padding: 15px; border-bottom: 1px solid rgba(150&comma; 150&comma; 150&comma; 0.2); font-weight: bold; font-size: 18px; color: inherit;'>Caracter\u00edsticas<\/div>\n<div style='padding: 15px; color: inherit;'>\n<ul style='padding-left: 20px; margin: 0; font-size: 14px; list-style-type: disc;'>\n<li style='margin-bottom: 5px;'>Dise\u00f1o compacto de 1.5 lbs. con mango de goma tipo pistola<\/li>\n<li style='margin-bottom: 5px;'>Selector de temperatura variable con 9 opciones<\/li>\n<li style='margin-bottom: 5px;'>Soporte trasero integrado<\/li>\n<li style='margin-bottom: 5px;'>Ranura para anclaje integrada<\/li>\n<li style='margin-bottom: 5px;'>Protecci\u00f3n de sobrecalentamiento<\/li>\n<li style='margin-bottom: 5px;'>Cable de 6.6 ft. para maniobrabilidad<\/li>\n<\/ul><\/div>\n<\/p><\/div>\n<div style='flex: 1 1 250px; border: 1px solid rgba(150&comma; 150&comma; 150&comma; 0.4); border-radius: 8px; overflow: hidden; display: flex; flex-direction: column;'>\n<div style='padding: 15px; border-bottom: 1px solid rgba(150&comma; 150&comma; 150&comma; 0.2); font-weight: bold; font-size: 18px; color: inherit;'>Aplicaciones<\/div>\n<div style='padding: 15px; color: inherit;'>\n<ul style='padding-left: 20px; margin: 0; font-size: 14px; list-style-type: disc;'>\n<li style='margin-bottom: 5px;'>Envoltura de veh\u00edculos y polarizado<\/li>\n<li style='margin-bottom: 5px;'>Desprendimiento de fijador<\/li>\n<li style='margin-bottom: 5px;'>Pintura y barniz<\/li>\n<li style='margin-bottom: 5px;'>Descongelaci\u00f3n de tubos de metal congelados<\/li>\n<li style='margin-bottom: 5px;'>Aflojamiento de azulejo y masilla<\/li>\n<li style='margin-bottom: 5px;'>Refusi\u00f3n de adhesivo<\/li>\n<li style='margin-bottom: 5px;'>Remoci\u00f3n de etiquetas<\/li>\n<li style='margin-bottom: 5px;'>Parafinado y desparafinado<\/li>\n<li style='margin-bottom: 5px;'>Flexi\u00f3n de tubos de pl\u00e1stico y hojas<\/li>\n<\/ul><\/div>\n<\/p><\/div>\n<div style='flex: 1 1 250px; border: 1px solid rgba(150&comma; 150&comma; 150&comma; 0.4); border-radius: 8px; overflow: hidden; display: flex; flex-direction: column;'>\n<div style='padding: 15px; border-bottom: 1px solid rgba(150&comma; 150&comma; 150&comma; 0.2); font-weight: bold; font-size: 18px; color: inherit;'>Especificaciones T\u00e9cnicas<\/div>\n<div style='padding: 15px; color: inherit;'>\n<ul style='padding-left: 20px; margin: 0; font-size: 14px; list-style-type: disc;'>\n<li style='margin-bottom: 5px;'><strong>Temperatura de Aire:<\/strong> 122\u00b0 &#8211; 1&comma;022\u00b0 F<\/li>\n<li style='margin-bottom: 5px;'><strong>Volumen de Aire:<\/strong> 7 y 14 CFM<\/li>\n<li style='margin-bottom: 5px;'><strong>Dial de Control de Temperatura:<\/strong> S\u00ed<\/li>\n<li style='margin-bottom: 5px;'><strong>Amperaje:<\/strong> 13 A<\/li>\n<li style='margin-bottom: 5px;'><strong>Vatios (s\u00f3lo AC):<\/strong> 1&comma;800 W<\/li>\n<li style='margin-bottom: 5px;'><strong>Longitud Total:<\/strong> 10-1\/8&#8242;<\/li>\n<li style='margin-bottom: 5px;'><strong>Peso Neto:<\/strong> 1.5 lbs.<\/li>\n<li style='margin-bottom: 5px;'><strong>Peso del Env\u00edo:<\/strong> 5.43 lbs.<\/li>\n<\/ul><\/div>\n<\/p><\/div>\n<\/p><\/div>\n<\/p><\/div>\n<hr style='border: 0; border-top: 1px solid rgba(150&comma; 150&comma; 150&comma; 0.3); margin: 30px 0;'> <\/div>\n","protected":false},"excerpt":{"rendered":"<p>Pistola t\u00e9rmica de temperatura variable con estuche.<\/p>\n","protected":false},"featured_media":24507,"comment_status":"open","ping_status":"closed","template":"","meta":[],"product_brand":[],"product_cat":[24],"product_tag":[26,25,252],"class_list":{"0":"post-24508","1":"product","2":"type-product","3":"status-publish","4":"has-post-thumbnail","6":"product_cat-accesorios-de-instalacion","7":"product_tag-accesorios-de-instalacion","8":"product_tag-herramientas","9":"product_tag-makita","11":"first","12":"instock","13":"sale","14":"shipping-taxable","15":"purchasable","16":"product-type-simple"},"_links":{"self":[{"href":"https:\/\/soydeaqui.ddns.net\/pachuca\/index.php\/wp-json\/wp\/v2\/product\/24508","targetHints":{"allow":["GET"]}}],"collection":[{"href":"https:\/\/soydeaqui.ddns.net\/pachuca\/index.php\/wp-json\/wp\/v2\/product"}],"about":[{"href":"https:\/\/soydeaqui.ddns.net\/pachuca\/index.php\/wp-json\/wp\/v2\/types\/product"}],"replies":[{"embeddable":true,"href":"https:\/\/soydeaqui.ddns.net\/pachuca\/index.php\/wp-json\/wp\/v2\/comments?post=24508"}],"wp:featuredmedia":[{"embeddable":true,"href":"https:\/\/soydeaqui.ddns.net\/pachuca\/index.php\/wp-json\/wp\/v2\/media\/24507"}],"wp:attachment":[{"href":"https:\/\/soydeaqui.ddns.net\/pachuca\/index.php\/wp-json\/wp\/v2\/media?parent=24508"}],"wp:term":[{"taxonomy":"product_brand","embeddable":true,"href":"https:\/\/soydeaqui.ddns.net\/pachuca\/index.php\/wp-json\/wp\/v2\/product_brand?post=24508"},{"taxonomy":"product_cat","embeddable":true,"href":"https:\/\/soydeaqui.ddns.net\/pachuca\/index.php\/wp-json\/wp\/v2\/product_cat?post=24508"},{"taxonomy":"product_tag","embeddable":true,"href":"https:\/\/soydeaqui.ddns.net\/pachuca\/index.php\/wp-json\/wp\/v2\/product_tag?post=24508"}],"curies":[{"name":"wp","href":"https:\/\/api.w.org\/{rel}","templated":true}]}}