{"id":24498,"date":"2026-03-18T11:35:34","date_gmt":"2026-03-18T11:35:34","guid":{"rendered":"https:\/\/soydeaqui.ddns.net\/pachuca\/index.php\/producto\/kit-de-resortes-para-conversion-de-torniquete-edc-a-abierto-en-caso-de-falla\/"},"modified":"2026-03-18T11:35:39","modified_gmt":"2026-03-18T11:35:39","slug":"kit-de-resortes-para-conversion-de-torniquete-edc-a-abierto-en-caso-de-falla","status":"publish","type":"product","link":"https:\/\/soydeaqui.ddns.net\/pachuca\/index.php\/producto\/kit-de-resortes-para-conversion-de-torniquete-edc-a-abierto-en-caso-de-falla\/","title":{"rendered":"KIT DE RESORTES PARA CONVERSION DE TORNIQUETE  EDC A ABIERTO EN CASO DE FALLA"},"content":{"rendered":"<div style='width: 100%; max-width: 1200px; margin: 0 auto; font-family: sans-serif; line-height: 1.6; color: inherit; background-color: transparent;'>\n<div style='display: flex; flex-wrap: wrap; gap: 30px; margin-bottom: 30px;'>\n<div style='flex: 1 1 300px; min-width: 280px;'>\n<h3 style='font-size: 22px; border-bottom: 2px solid currentColor; padding-bottom: 5px; margin-top: 0; color: inherit; opacity: 0.8;'>Aplicaciones Comunes<\/h3>\n<ul style='padding-left: 20px; font-size: 15px; color: inherit;'>\n<li style='margin-bottom: 5px;'>Control de acceso para empleados y visitantes<\/li>\n<li style='margin-bottom: 5px;'>Control de flujo de peatones<\/li>\n<li style='margin-bottom: 5px;'>Conteo de asistentes<\/li>\n<\/ul><\/div>\n<div style='flex: 1 1 300px; min-width: 280px;'>\n<h3 style='font-size: 22px; border-bottom: 2px solid currentColor; padding-bottom: 5px; margin-top: 0; color: inherit; opacity: 0.8;'>Caracter\u00edsticas Principales<\/h3>\n<ul style='padding-left: 20px; font-size: 15px; color: inherit;'>\n<li style='margin-bottom: 5px;'>Control de llave para desbloqueo manual<\/li>\n<li style='margin-bottom: 5px;'>Mecanismo de alta resistencia<\/li>\n<li style='margin-bottom: 5px;'>Rotaci\u00f3n hidr\u00e1ulica de brazos<\/li>\n<li style='margin-bottom: 5px;'>Anclaje oculto sin torniller\u00eda visible<\/li>\n<\/ul><\/div>\n<\/p><\/div>\n<div style='display: flex; flex-wrap: wrap; gap: 20px; margin-bottom: 30px;'>\n<div style='flex: 1 1 250px; border: 1px solid rgba(150&comma; 150&comma; 150&comma; 0.4); border-radius: 8px; overflow: hidden; display: flex; flex-direction: column;'>\n<div style='padding: 15px; border-bottom: 1px solid rgba(150&comma; 150&comma; 150&comma; 0.2); font-weight: bold; font-size: 18px; color: inherit;'>Control y Acceso<\/div>\n<div style='padding: 15px; color: inherit;'>\n<ul style='padding-left: 20px; margin: 0; font-size: 14px; list-style-type: disc;'>\n<li style='margin-bottom: 5px;'>Placa de control con funciones completas<\/li>\n<li style='margin-bottom: 5px;'>Compatible con sistemas de control de acceso<\/li>\n<li style='margin-bottom: 5px;'>Funcionamiento bidireccional<\/li>\n<\/ul><\/div>\n<\/p><\/div>\n<div style='flex: 1 1 250px; border: 1px solid rgba(150&comma; 150&comma; 150&comma; 0.4); border-radius: 8px; overflow: hidden; display: flex; flex-direction: column;'>\n<div style='padding: 15px; border-bottom: 1px solid rgba(150&comma; 150&comma; 150&comma; 0.2); font-weight: bold; font-size: 18px; color: inherit;'>Construcci\u00f3n y Durabilidad<\/div>\n<div style='padding: 15px; color: inherit;'>\n<ul style='padding-left: 20px; margin: 0; font-size: 14px; list-style-type: disc;'>\n<li style='margin-bottom: 5px;'>Mecanismo de alta resistencia<\/li>\n<li style='margin-bottom: 5px;'>Piezas internas de acero inoxidable<\/li>\n<li style='margin-bottom: 5px;'>Rodamientos de alta calidad<\/li>\n<\/ul><\/div>\n<\/p><\/div>\n<div style='flex: 1 1 250px; border: 1px solid rgba(150&comma; 150&comma; 150&comma; 0.4); border-radius: 8px; overflow: hidden; display: flex; flex-direction: column;'>\n<div style='padding: 15px; border-bottom: 1px solid rgba(150&comma; 150&comma; 150&comma; 0.2); font-weight: bold; font-size: 18px; color: inherit;'>Modelos Disponibles<\/div>\n<div style='padding: 15px; color: inherit;'>\n<ul style='padding-left: 20px; margin: 0; font-size: 14px; list-style-type: disc;'>\n<li style='margin-bottom: 5px;'>EDC-3 (Manual)<\/li>\n<li style='margin-bottom: 5px;'>EDCX-6X (Control el\u00e9ctrico)<\/li>\n<\/ul><\/div>\n<\/p><\/div>\n<\/p><\/div>\n<hr style='border: 0; border-top: 1px solid rgba(150&comma; 150&comma; 150&comma; 0.3); margin: 30px 0;'>\n<div style='display: flex; flex-wrap: wrap; gap: 30px; margin-bottom: 30px;'>\n<div style='flex: 1 1 300px; min-width: 280px;'>\n<h3 style='font-size: 22px; border-bottom: 2px solid currentColor; padding-bottom: 5px; margin-top: 0; color: inherit; opacity: 0.8;'>Especificaciones T\u00e9cnicas<\/h3>\n<ul style='padding-left: 20px; font-size: 15px; color: inherit;'>\n<li style='margin-bottom: 5px;'><strong>Dimensiones:<\/strong> 40.6&#8242; x 34&#8242; x 27&#8242; (1032 x 864 x 686 mm) (aproximado)<\/li>\n<li style='margin-bottom: 5px;'><strong>Altura:<\/strong> 40.6&#8242; (1032 mm)<\/li>\n<li style='margin-bottom: 5px;'><strong>Anchura:<\/strong> 34&#8242; (864 mm)<\/li>\n<li style='margin-bottom: 5px;'><strong>Profundidad:<\/strong> 27&#8242; (686 mm)<\/li>\n<li style='margin-bottom: 5px;'><strong>Altura del brazo:<\/strong> 35.3&#8242; (896 mm)<\/li>\n<li style='margin-bottom: 5px;'><strong>Di\u00e1metro del brazo:<\/strong> 1.5&#8242; (38 mm)<\/li>\n<li style='margin-bottom: 5px;'><strong>Material del bastidor:<\/strong> Acero inoxidable<\/li>\n<li style='margin-bottom: 5px;'><strong>Acabado:<\/strong> Acero inoxidable cepillado<\/li>\n<\/ul><\/div>\n<div style='flex: 1 1 300px; min-width: 280px;'>\n<h3 style='font-size: 22px; border-bottom: 2px solid currentColor; padding-bottom: 5px; margin-top: 0; color: inherit; opacity: 0.8;'>Caracter\u00edsticas de Seguridad<\/h3>\n<ul style='padding-left: 20px; font-size: 15px; color: inherit;'>\n<li style='margin-bottom: 5px;'>Sistema de apertura en caso de falla<\/li>\n<li style='margin-bottom: 5px;'>Mecanismo de bloqueo manual<\/li>\n<li style='margin-bottom: 5px;'>Sistema hidr\u00e1ulico para retorno suave de brazos<\/li>\n<\/ul><\/div>\n<\/p><\/div>\n<hr style='border: 0; border-top: 1px solid rgba(150&comma; 150&comma; 150&comma; 0.3); margin: 30px 0;'>\n<div style='display: flex; flex-wrap: wrap; gap: 30px;'>\n<div style='flex: 1 1 300px; min-width: 280px;'>\n<h3 style='font-size: 22px; border-bottom: 2px solid currentColor; padding-bottom: 5px; margin-top: 0; color: inherit; opacity: 0.8;'>Opciones Disponibles<\/h3>\n<ul style='padding-left: 20px; font-size: 15px; color: inherit;'>\n<li style='margin-bottom: 5px;'>M\u00faltiples opciones de materiales<\/li>\n<li style='margin-bottom: 5px;'>Varios acabados disponibles<\/li>\n<li style='margin-bottom: 5px;'>Integraci\u00f3n con sistemas de control de acceso<\/li>\n<\/ul><\/div>\n<div style='flex: 1 1 300px; min-width: 280px;'>\n<h3 style='font-size: 22px; border-bottom: 2px solid currentColor; padding-bottom: 5px; margin-top: 0; color: inherit; opacity: 0.8;'>Informaci\u00f3n de Fabricaci\u00f3n<\/h3>\n<ul style='padding-left: 20px; font-size: 15px; color: inherit;'>\n<li style='margin-bottom: 5px;'>Fabricado en EE.UU. desde 1956<\/li>\n<li style='margin-bottom: 5px;'>Instalado en miles de ubicaciones en todo el mundo<\/li>\n<li style='margin-bottom: 5px;'>Dise\u00f1ado para operaci\u00f3n sin problemas durante a\u00f1os<\/li>\n<\/ul><\/div>\n<\/p><\/div>\n<\/p><\/div>\n","protected":false},"excerpt":{"rendered":"<p>KIT DE RESORTES PARA CONVERSION DE TORNIQUETE  EDC A ABIERTO EN CASO DE FALLA<\/p>\n","protected":false},"featured_media":24497,"comment_status":"open","ping_status":"closed","template":"","meta":[],"product_brand":[],"product_cat":[768],"product_tag":[769,751,759],"class_list":{"0":"post-24498","1":"product","2":"type-product","3":"status-publish","4":"has-post-thumbnail","6":"product_cat-refacciones-torniquetes-y-puertas-de-cortesia","7":"product_tag-alvarado","8":"product_tag-refacciones","9":"product_tag-torniquetes-y-puertas-de-cortesia","11":"first","12":"outofstock","13":"sale","14":"shipping-taxable","15":"purchasable","16":"product-type-simple"},"_links":{"self":[{"href":"https:\/\/soydeaqui.ddns.net\/pachuca\/index.php\/wp-json\/wp\/v2\/product\/24498","targetHints":{"allow":["GET"]}}],"collection":[{"href":"https:\/\/soydeaqui.ddns.net\/pachuca\/index.php\/wp-json\/wp\/v2\/product"}],"about":[{"href":"https:\/\/soydeaqui.ddns.net\/pachuca\/index.php\/wp-json\/wp\/v2\/types\/product"}],"replies":[{"embeddable":true,"href":"https:\/\/soydeaqui.ddns.net\/pachuca\/index.php\/wp-json\/wp\/v2\/comments?post=24498"}],"wp:featuredmedia":[{"embeddable":true,"href":"https:\/\/soydeaqui.ddns.net\/pachuca\/index.php\/wp-json\/wp\/v2\/media\/24497"}],"wp:attachment":[{"href":"https:\/\/soydeaqui.ddns.net\/pachuca\/index.php\/wp-json\/wp\/v2\/media?parent=24498"}],"wp:term":[{"taxonomy":"product_brand","embeddable":true,"href":"https:\/\/soydeaqui.ddns.net\/pachuca\/index.php\/wp-json\/wp\/v2\/product_brand?post=24498"},{"taxonomy":"product_cat","embeddable":true,"href":"https:\/\/soydeaqui.ddns.net\/pachuca\/index.php\/wp-json\/wp\/v2\/product_cat?post=24498"},{"taxonomy":"product_tag","embeddable":true,"href":"https:\/\/soydeaqui.ddns.net\/pachuca\/index.php\/wp-json\/wp\/v2\/product_tag?post=24498"}],"curies":[{"name":"wp","href":"https:\/\/api.w.org\/{rel}","templated":true}]}}