{"id":24483,"date":"2026-03-18T11:35:17","date_gmt":"2026-03-18T11:35:17","guid":{"rendered":"https:\/\/soydeaqui.ddns.net\/pachuca\/index.php\/producto\/torniquete-de-cuerpo-completo-bidireccional-en-acrilico\/"},"modified":"2026-03-18T11:35:18","modified_gmt":"2026-03-18T11:35:18","slug":"torniquete-de-cuerpo-completo-bidireccional-en-acrilico","status":"publish","type":"product","link":"https:\/\/soydeaqui.ddns.net\/pachuca\/index.php\/producto\/torniquete-de-cuerpo-completo-bidireccional-en-acrilico\/","title":{"rendered":"Torniquete de cuerpo completo bidireccional en acr\u00edlico"},"content":{"rendered":"<div style='width: 100%; max-width: 1200px; margin: 0 auto; font-family: sans-serif; line-height: 1.6; color: inherit; background-color: transparent;'>\n<div style='display: flex; flex-wrap: wrap; gap: 30px; margin-bottom: 30px;'>\n<div style='flex: 1 1 300px; min-width: 280px;'>\n<p style='margin: 0; font-size: 14px; color: inherit; opacity: 0.8;'> <strong>* Producto Bajo Pedido.<\/strong><br \/> <em><strong> Precio sujeto a cambios por opciones adicionales o cambio de color.<\/strong><\/em> <\/p>\n<\/p><\/div>\n<\/p><\/div>\n<div style='display: flex; flex-wrap: wrap; gap: 30px; margin-bottom: 30px;'>\n<div style='flex: 1 1 300px; min-width: 280px;'>\n<p style='margin: 0; font-size: 14px; color: inherit; opacity: 0.8;'> <strong>Nota.- Indispensable llenar el Check list para solicitar cotizaci\u00f3n de su torniquete. (Descargarlo de la opci\u00f3n de recursos).<\/strong> <\/p>\n<\/p><\/div>\n<\/p><\/div>\n<div style='display: flex; flex-wrap: wrap; gap: 30px; margin-bottom: 30px;'>\n<div style='flex: 1 1 300px; min-width: 280px;'>\n<p style='margin: 0; font-size: 14px; color: inherit;'> Para m\u00e1s Informaci\u00f3n Consulte al Depto. de Ingenier\u00eda <\/p>\n<\/p><\/div>\n<\/p><\/div>\n<div style='display: flex; flex-wrap: wrap; gap: 30px; margin-bottom: 30px;'>\n<div style='flex: 1 1 100%;'> <img style='width: 100%; height: auto; border: 1px solid rgba(150&comma;150&comma;150&comma;0.3); border-radius: 8px;' src='https:\/\/ftp3.syscom.mx\/usuarios\/vestrada\/Alvarado\/CPST.jpg' alt=''> <\/div>\n<\/p><\/div>\n<div style='display: grid; grid-template-columns: repeat(auto-fill&comma; minmax(300px&comma; 1fr)); gap: 20px; margin-bottom: 30px;'>\n<div style='border: 1px solid rgba(150&comma;150&comma;150&comma;0.4); border-radius: 8px; padding: 15px;'>\n<h3 style='font-size: 18px; border-bottom: 2px solid currentColor; padding-bottom: 5px; margin-top: 0; color: inherit; opacity: 0.8;'>Caracter\u00edsticas principales:<\/h3>\n<ul style='padding-left: 20px; font-size: 14px; color: inherit;'>\n<li style='margin-bottom: 5px;'>Construcci\u00f3n de acero soldado sin pernos ni sujetadores expuestos<\/li>\n<li style='margin-bottom: 5px;'>Adecuado para ambientes al aire libre<\/li>\n<li style='margin-bottom: 5px;'>Dise\u00f1ado para uso continuo a largo plazo<\/li>\n<li style='margin-bottom: 5px;'>Control unidireccional o bidireccional<\/li>\n<li style='margin-bottom: 5px;'>Control de velocidad para proporcionar una rotaci\u00f3n segura y controlada<\/li>\n<li style='margin-bottom: 5px;'>El controlador de torniquete resistente se integra con cualquier sistema de control de acceso de torniquete<\/li>\n<\/ul><\/div>\n<div style='border: 1px solid rgba(150&comma;150&comma;150&comma;0.4); border-radius: 8px; padding: 15px;'>\n<h3 style='font-size: 18px; border-bottom: 2px solid currentColor; padding-bottom: 5px; margin-top: 0; color: inherit; opacity: 0.8;'>Caracter\u00edsticas F\u00edsicas y El\u00e9ctricas:<\/h3>\n<ul style='padding-left: 20px; font-size: 14px; color: inherit;'>\n<li style='margin-bottom: 5px;'>Transformador con clasificaci\u00f3n UL 110-120 VCA&comma; 60 Hz o 220-240 VCA&comma; 50 Hz (opcional)<\/li>\n<li style='margin-bottom: 5px;'>El consumo m\u00e1ximo de energ\u00eda es de 65 W<\/li>\n<li style='margin-bottom: 5px;'>Peso del producto 250 kg.<\/li>\n<li style='margin-bottom: 5px;'>Temperatura de funcionamiento -20\u00b0 a 150\u00b0 F&comma; -29 a 66\u00b0 C<\/li>\n<li style='margin-bottom: 5px;'>Humedad relativa 0-90 % (sin condensaci\u00f3n)<\/li>\n<\/ul><\/div>\n<div style='border: 1px solid rgba(150&comma;150&comma;150&comma;0.4); border-radius: 8px; padding: 15px;'>\n<h3 style='font-size: 18px; border-bottom: 2px solid currentColor; padding-bottom: 5px; margin-top: 0; color: inherit; opacity: 0.8;'>Caracter\u00edsticas Destacadas:<\/h3>\n<p style='font-size: 14px; color: inherit; margin: 0;'> El MST es el m\u00e1s confiable y seguro Torniquete de altura completa disponible. Est\u00e1 instalado en miles de lugares alrededor el mundo y ofrece caracter\u00edsticas clave del producto y beneficios proporcionados \u00fanicamente por Alvarado. Los modelos MST controlados el\u00e9ctricamente integran con cualquier sistema de control de acceso. <\/p>\n<\/p><\/div>\n<\/p><\/div>\n<div style='display: flex; flex-wrap: wrap; gap: 30px; margin-bottom: 30px;'>\n<div style='flex: 1 1 100%;'> <img style='width: 100%; height: auto; border: 1px solid rgba(150&comma;150&comma;150&comma;0.3); border-radius: 8px;' src='https:\/\/ftp3.syscom.mx\/usuarios\/vestrada\/Alvarado\/Certificacion MST.png' alt=''> <\/div>\n<\/p><\/div>\n<div style='display: grid; grid-template-columns: repeat(auto-fill&comma; minmax(300px&comma; 1fr)); gap: 30px; margin-bottom: 30px;'>\n<div style='display: flex; flex-direction: column; gap: 15px;'>\n<div style='display: flex; flex-direction: column; align-items: center; gap: 10px;'>\n<p style='margin: 0; font-size: 14px; color: inherit; text-align: center;'> <em>Click sobre la imagen y arrastre para 360\u00b0<\/em> <\/p>\n<p> <img style='width: 80px; height: auto; border: 1px solid rgba(150&comma;150&comma;150&comma;0.3); border-radius: 8px;' src='http:\/\/www.alvaradomfg.com\/wp-content\/uploads\/2014\/10\/icon_VR_arrow7-80x38.png' alt='icon_VR_arrow'> <\/div>\n<div style='position: relative; padding-bottom: 100%; height: 0; overflow: hidden;'>   <\/div>\n<\/p><\/div>\n<div style='display: flex; flex-direction: column; gap: 15px;'>\n<h3 style='font-size: 18px; border-bottom: 2px solid currentColor; padding-bottom: 5px; margin-top: 0; color: inherit; opacity: 0.8;'>Opciones de Productos<\/h3>\n<p style='font-size: 14px; color: inherit; margin-top: 0;'> El torniquete de altura completa MST tiene muchas opciones disponibles&comma; que incluyen: <\/p>\n<ul style='padding-left: 20px; font-size: 14px; color: inherit;'>\n<li style='margin-bottom: 5px;'>Acabados galvanizados&comma; revestidos de energ\u00eda y acero inoxidable.<\/li>\n<li style='margin-bottom: 5px;'>Luces de notificaci\u00f3n de usuario para proporcionar el estado de la credencial presentada (aceptada\/no aceptada).<\/li>\n<li style='margin-bottom: 5px;'>Luces de estado abierto\/cerrado del torniquete.<\/li>\n<li style='margin-bottom: 5px;'>Placas de fijaci\u00f3n del lector de tarjetas.<\/li>\n<li style='margin-bottom: 5px;'>Bater\u00eda de reserva.<\/li>\n<li style='margin-bottom: 5px;'>Monitores de brazo de bloqueo (proporciona una notificaci\u00f3n cuando el torniquete est\u00e1 desbloqueado).<\/li>\n<li style='margin-bottom: 5px;'>Protecci\u00f3n de climatizaci\u00f3n mejorada para entornos exigentes.<\/li>\n<li style='margin-bottom: 5px;'>Fundas protectoras acolchadas para tal\u00f3n\/brazo.<\/li>\n<li style='margin-bottom: 5px;'>Mangas de brazo de cobre para reducir la vida \u00fatil de la superficie y la transmisi\u00f3n de bacterias y virus da\u00f1inos.<\/li>\n<\/ul>\n<div style='display: flex; justify-content: center; margin-top: auto;'>\n<p style='margin: 0; font-size: 14px; color: inherit;'> <strong>COTICE SU TORNIQUTE <a href='https:\/\/ingenieria.syscom.mx\/otros\/calculadores\/torniquete_completo\/' target='_blank' rel='noopener' style='color: #2880b9; text-decoration: underline;'>AQUI!!<\/a><\/strong> <\/p>\n<\/p><\/div>\n<\/p><\/div>\n<\/p><\/div>\n<div style='display: flex; flex-wrap: wrap; gap: 30px; margin-bottom: 30px;'>\n<div style='flex: 1 1 100%;'> <img style='width: 100%; height: auto; border: 1px solid rgba(150&comma;150&comma;150&comma;0.3); border-radius: 8px;' src='https:\/\/ftp3.syscom.mx\/usuarios\/vestrada\/Alvarado\/Aplicaciones.png' alt=''> <\/div>\n<\/p><\/div>\n<\/p><\/div>\n","protected":false},"excerpt":{"rendered":"<p>Torniquete de cuerpo completo bidireccional en acr\u00edlico<\/p>\n","protected":false},"featured_media":24482,"comment_status":"open","ping_status":"closed","template":"","meta":[],"product_brand":[],"product_cat":[766],"product_tag":[769,767,759],"class_list":{"0":"post-24483","1":"product","2":"type-product","3":"status-publish","4":"has-post-thumbnail","6":"product_cat-torniquetes-de-cuerpo-completo","7":"product_tag-alvarado","8":"product_tag-torniquetes-de-cuerpo-completo","9":"product_tag-torniquetes-y-puertas-de-cortesia","11":"first","12":"outofstock","13":"sale","14":"shipping-taxable","15":"purchasable","16":"product-type-simple"},"_links":{"self":[{"href":"https:\/\/soydeaqui.ddns.net\/pachuca\/index.php\/wp-json\/wp\/v2\/product\/24483","targetHints":{"allow":["GET"]}}],"collection":[{"href":"https:\/\/soydeaqui.ddns.net\/pachuca\/index.php\/wp-json\/wp\/v2\/product"}],"about":[{"href":"https:\/\/soydeaqui.ddns.net\/pachuca\/index.php\/wp-json\/wp\/v2\/types\/product"}],"replies":[{"embeddable":true,"href":"https:\/\/soydeaqui.ddns.net\/pachuca\/index.php\/wp-json\/wp\/v2\/comments?post=24483"}],"wp:featuredmedia":[{"embeddable":true,"href":"https:\/\/soydeaqui.ddns.net\/pachuca\/index.php\/wp-json\/wp\/v2\/media\/24482"}],"wp:attachment":[{"href":"https:\/\/soydeaqui.ddns.net\/pachuca\/index.php\/wp-json\/wp\/v2\/media?parent=24483"}],"wp:term":[{"taxonomy":"product_brand","embeddable":true,"href":"https:\/\/soydeaqui.ddns.net\/pachuca\/index.php\/wp-json\/wp\/v2\/product_brand?post=24483"},{"taxonomy":"product_cat","embeddable":true,"href":"https:\/\/soydeaqui.ddns.net\/pachuca\/index.php\/wp-json\/wp\/v2\/product_cat?post=24483"},{"taxonomy":"product_tag","embeddable":true,"href":"https:\/\/soydeaqui.ddns.net\/pachuca\/index.php\/wp-json\/wp\/v2\/product_tag?post=24483"}],"curies":[{"name":"wp","href":"https:\/\/api.w.org\/{rel}","templated":true}]}}