{"id":24474,"date":"2026-03-18T11:35:09","date_gmt":"2026-03-18T11:35:09","guid":{"rendered":"https:\/\/soydeaqui.ddns.net\/pachuca\/index.php\/producto\/lector-esclavo-prox-em-ip65-huella-digital-lector-de-tarjetas-de-proximidad-rs-485-interior-y-exterior-requiere-panel-de-control-de-acceso-ds-k26-series-y-ds-k27\/"},"modified":"2026-03-18T11:35:12","modified_gmt":"2026-03-18T11:35:12","slug":"lector-esclavo-prox-em-ip65-huella-digital-lector-de-tarjetas-de-proximidad-rs-485-interior-y-exterior-requiere-panel-de-control-de-acceso-ds-k26-series-y-ds-k27","status":"publish","type":"product","link":"https:\/\/soydeaqui.ddns.net\/pachuca\/index.php\/producto\/lector-esclavo-prox-em-ip65-huella-digital-lector-de-tarjetas-de-proximidad-rs-485-interior-y-exterior-requiere-panel-de-control-de-acceso-ds-k26-series-y-ds-k27\/","title":{"rendered":"Lector esclavo PROX EM IP65 \/ Huella Digital \/ Lector de Tarjetas de Proximidad \/ RS-485 \/ Interior y Exterior \/ Requiere Panel de Control de Acceso DS-K26 Series y DS-K27"},"content":{"rendered":"<div style='width: 100%; max-width: 1200px; margin: 0 auto; font-family: sans-serif; line-height: 1.6; color: inherit; background-color: transparent;'> <img style='width: 100%; height: auto; border: 1px solid rgba(150&comma;150&comma;150&comma;0.3); border-radius: 8px;' src='https:\/\/ftp3.syscom.mx\/usuarios\/fespinoza\/HIKVISION\/Dispositivos\/Banners\/BannerIntegracion.jpg' alt='Banner de integraci\u00f3n'> <\/p>\n<div style='display: flex; flex-wrap: wrap; gap: 30px; margin-top: 30px; margin-bottom: 30px;'>\n<div style='flex: 1 1 300px; min-width: 280px;'>\n<h3 style='font-size: 22px; border-bottom: 2px solid currentColor; padding-bottom: 5px; margin-top: 0; color: inherit; opacity: 0.8;'>Caracter\u00edsticas principales<\/h3>\n<ul style='padding-left: 20px; font-size: 15px; color: inherit;'>\n<li style='margin-bottom: 5px;'>Comunicaci\u00f3n: <strong>RS485<\/strong><\/li>\n<li style='margin-bottom: 5px;'>Sensor de huella <strong>+ \u00f3ptico antirrayaduras<\/strong><\/li>\n<li style='margin-bottom: 5px;'>Lector de Proximidad con frecuencia <strong>125 Khz PROX EM<\/strong><\/li>\n<li style='margin-bottom: 5px;'>Soporta <strong>9500 huellas<\/strong><\/li>\n<li style='margin-bottom: 5px;'>M\u00e9todos de verificaci\u00f3n combinables: <strong>tarjeta y tarjeta + huella<\/strong><\/li>\n<li style='margin-bottom: 5px;'>Grado de Protecci\u00f3n: <strong>IP65<\/strong><\/li>\n<li style='margin-bottom: 5px;'>Algunas tarjetas compatibles: <strong>ATR11&comma; ATR14&comma; ATR261B0&comma; ACESSISOCARD&comma; ACCESSPROXCARD y ACCESKFBPROX<\/strong><\/li>\n<\/ul><\/div>\n<div style='flex: 1 1 300px; min-width: 280px;'>\n<h3 style='font-size: 22px; border-bottom: 2px solid currentColor; padding-bottom: 5px; margin-top: 0; color: inherit; opacity: 0.8;'>Caracter\u00edsticas F\u00edsicas y El\u00e9ctricas<\/h3>\n<ul style='padding-left: 20px; font-size: 15px; color: inherit;'>\n<li style='margin-bottom: 5px;'>Alimentaci\u00f3n: <strong>12 Vcc&comma; 120 mA en Operaci\u00f3n<\/strong>&comma; se energiza con el panel de acceso<\/li>\n<li style='margin-bottom: 5px;'>Temperatura de operaci\u00f3n: <strong>-40 \u00b0C a +70 \u00b0C (-40 \u00b0F a 158 \u00b0F)<\/strong><\/li>\n<li style='margin-bottom: 5px;'>Dimensiones: <strong>62 mm \u00d7 132 mm \u00d7 44 mm (2&comma;44&#8242; \u00d7 5&comma;20&#8242; \u00d7 1&comma;73&#8242;)<\/strong><\/li>\n<\/ul><\/div>\n<div style='flex: 1 1 300px; min-width: 280px;'>\n<h3 style='font-size: 22px; border-bottom: 2px solid currentColor; padding-bottom: 5px; margin-top: 0; color: inherit; opacity: 0.8;'>Caracter\u00edsticas Destacadas<\/h3>\n<ul style='padding-left: 20px; font-size: 15px; color: inherit;'>\n<li style='margin-bottom: 5px;'>Producto de <strong>alto rendimiento a prueba de falsificaciones<\/strong><\/li>\n<li style='margin-bottom: 5px;'>Nivel de protecci\u00f3n <strong>IP65 adecuado para instalaci\u00f3n al exterior<\/strong><\/li>\n<li style='margin-bottom: 5px;'>Lector esclavo <strong>DS-K1201AEF<\/strong> compatible con paneles de control de acceso DS-K26XX (1&comma; 2 o 4 puertas) y DS-K27<\/li>\n<\/ul><\/div>\n<\/p><\/div>\n<hr style='border: 0; border-top: 1px solid rgba(150&comma; 150&comma; 150&comma; 0.3); margin: 30px 0;'>\n<div style='margin: 30px 0;'>\n<p style='font-size: 15px; color: inherit; margin-bottom: 15px;'>* Requiere enrolador USB modelo <a style='color: inherit; text-decoration: underline; font-weight: 600;' href='https:\/\/www.syscom.mx\/producto\/DS-K1F820F-HIKVISION-141987.html'>DS-K1F820F<\/a> para dar de alta las huellas.<\/p>\n<\/p><\/div>\n<hr style='border: 0; border-top: 1px solid rgba(150&comma; 150&comma; 150&comma; 0.3); margin: 30px 0;'>\n<div style='margin: 30px 0;'>\n<div style='position: relative; padding-bottom: 56.25%; height: 0; overflow: hidden; margin-bottom: 30px;'>   <\/div>\n<\/p><\/div>\n<div style='display: flex; flex-wrap: wrap; gap: 20px; margin: 30px 0;'>\n<div style='flex: 1 1 45%; min-width: 300px;'>\n<div style='position: relative; padding-bottom: 56.25%; height: 0; overflow: hidden;'>   <\/div>\n<\/p><\/div>\n<div style='flex: 1 1 45%; min-width: 300px;'>\n<div style='position: relative; padding-bottom: 56.25%; height: 0; overflow: hidden;'>   <\/div>\n<\/p><\/div>\n<\/p><\/div>\n<div style='margin: 30px 0;'> <a href='http:\/\/soporte.syscom.mx\/es\/articles\/3879039-hikvision-control-de-acceso-lista-de-videos-y-tips-tecnicos'> <img style='width: 100%; height: auto; border: 1px solid rgba(150&comma;150&comma;150&comma;0.3); border-radius: 8px;' src='https:\/\/ftp3.syscom.mx\/usuarios\/fotos\/DSK1T607E\/171893-hikvision-controlacceso.png' alt='Soporte t\u00e9cnico Hikvision'> <\/a> <\/div>\n<\/p><\/div>\n","protected":false},"excerpt":{"rendered":"<p>Lector esclavo PROX EM IP65 \/ Huella Digital \/ Lector de Tarjetas de Proximidad \/ RS-485 \/ Interior y Exterior \/ Requiere Panel de Control de Acceso DS-K26 Series y DS-K27<\/p>\n","protected":false},"featured_media":24473,"comment_status":"open","ping_status":"closed","template":"","meta":[],"product_brand":[],"product_cat":[806],"product_tag":[744,54,807],"class_list":{"0":"post-24474","1":"product","2":"type-product","3":"status-publish","4":"has-post-thumbnail","6":"product_cat-para-control-de-acceso","7":"product_tag-biometricos","8":"product_tag-hikvision","9":"product_tag-para-control-de-acceso","11":"first","12":"instock","13":"sale","14":"shipping-taxable","15":"purchasable","16":"product-type-simple"},"_links":{"self":[{"href":"https:\/\/soydeaqui.ddns.net\/pachuca\/index.php\/wp-json\/wp\/v2\/product\/24474","targetHints":{"allow":["GET"]}}],"collection":[{"href":"https:\/\/soydeaqui.ddns.net\/pachuca\/index.php\/wp-json\/wp\/v2\/product"}],"about":[{"href":"https:\/\/soydeaqui.ddns.net\/pachuca\/index.php\/wp-json\/wp\/v2\/types\/product"}],"replies":[{"embeddable":true,"href":"https:\/\/soydeaqui.ddns.net\/pachuca\/index.php\/wp-json\/wp\/v2\/comments?post=24474"}],"wp:featuredmedia":[{"embeddable":true,"href":"https:\/\/soydeaqui.ddns.net\/pachuca\/index.php\/wp-json\/wp\/v2\/media\/24473"}],"wp:attachment":[{"href":"https:\/\/soydeaqui.ddns.net\/pachuca\/index.php\/wp-json\/wp\/v2\/media?parent=24474"}],"wp:term":[{"taxonomy":"product_brand","embeddable":true,"href":"https:\/\/soydeaqui.ddns.net\/pachuca\/index.php\/wp-json\/wp\/v2\/product_brand?post=24474"},{"taxonomy":"product_cat","embeddable":true,"href":"https:\/\/soydeaqui.ddns.net\/pachuca\/index.php\/wp-json\/wp\/v2\/product_cat?post=24474"},{"taxonomy":"product_tag","embeddable":true,"href":"https:\/\/soydeaqui.ddns.net\/pachuca\/index.php\/wp-json\/wp\/v2\/product_tag?post=24474"}],"curies":[{"name":"wp","href":"https:\/\/api.w.org\/{rel}","templated":true}]}}