{"id":24463,"date":"2026-03-18T11:34:56","date_gmt":"2026-03-18T11:34:56","guid":{"rendered":"https:\/\/soydeaqui.ddns.net\/pachuca\/index.php\/producto\/lector-esclavo-mifare-ip65-huella-digital-lector-de-tarjetas-de-proximidad-mifare-rs-485-interior-y-exterior-requiere-panel-de-control-de-acceso-serie-ds-k26-y-ds-k27\/"},"modified":"2026-03-18T11:34:59","modified_gmt":"2026-03-18T11:34:59","slug":"lector-esclavo-mifare-ip65-huella-digital-lector-de-tarjetas-de-proximidad-mifare-rs-485-interior-y-exterior-requiere-panel-de-control-de-acceso-serie-ds-k26-y-ds-k27","status":"publish","type":"product","link":"https:\/\/soydeaqui.ddns.net\/pachuca\/index.php\/producto\/lector-esclavo-mifare-ip65-huella-digital-lector-de-tarjetas-de-proximidad-mifare-rs-485-interior-y-exterior-requiere-panel-de-control-de-acceso-serie-ds-k26-y-ds-k27\/","title":{"rendered":"Lector esclavo MIFARE IP65 \/ Huella Digital \/ Lector de Tarjetas de Proximidad MiFare \/ RS-485 \/ Interior y Exterior \/ Requiere Panel de Control de Acceso Serie DS-K26 y DS-K27"},"content":{"rendered":"<div style='width: 100%; max-width: 1200px; margin: 0 auto; font-family: sans-serif; line-height: 1.6; color: inherit; background-color: transparent;'> <!-- Imagen principal --> <\/p>\n<div style='margin-bottom: 30px;'> <img style='width: 100%; height: auto; border: 1px solid rgba(150&comma;150&comma;150&comma;0.3); border-radius: 8px;' src='https:\/\/ftp3.syscom.mx\/usuarios\/fespinoza\/HIKVISION\/Dispositivos\/Banners\/BannerIntegracion.jpg' alt='Banner de integraci\u00f3n'> <\/div>\n<p> <!-- Secci\u00f3n de caracter\u00edsticas en grid --> <\/p>\n<div style='display: grid; grid-template-columns: repeat(auto-fit&comma; minmax(280px&comma; 1fr)); gap: 30px; margin-bottom: 30px;'> <!-- Caracter\u00edsticas principales --> <\/p>\n<div style='border-left: 5px solid #ff0000; border-radius: 5px; padding: 5px; box-shadow: 2px 2px 10px rgba(216&comma;216&comma;216&comma;0.3);'>\n<h3 style='font-size: 22px; border-bottom: 2px solid currentColor; padding-bottom: 5px; margin-top: 0; color: inherit; opacity: 0.8;'>Caracter\u00edsticas principales:<\/h3>\n<ul style='padding-left: 20px; font-size: 15px; color: inherit;'>\n<li style='margin-bottom: 5px;'>Comunicaci\u00f3n: RS485.<\/li>\n<li style='margin-bottom: 5px;'>Sensor de huella + \u00f3ptico antirrayaduras.<\/li>\n<li style='margin-bottom: 5px;'>Lector de tarjetas <strong>MIFARE a 13.56 Mhz<\/strong><\/li>\n<li style='margin-bottom: 5px;'>Soporta 9500 huellas.<\/li>\n<li style='margin-bottom: 5px;'>M\u00e9todos de verificaci\u00f3n combinables: tarjeta y tarjeta + huella.<\/li>\n<li style='margin-bottom: 5px;'>Soporta 9500 huellas.<\/li>\n<li style='margin-bottom: 5px;'>Grado de Protecci\u00f3n: IP65.<\/li>\n<li style='margin-bottom: 5px;'>\n<p style='margin: 0; font-size: 14px; color: inherit;'>Tarjetas recomendadas: <strong>ACCESSCARM1K&comma; ACCESSCARDM4K&comma; ACCESKFBM1K&comma; ACCESSWB65M1K&comma; ACCESSWB74M1K<\/strong>. <a href='https:\/\/www.syscom.mx\/principal\/promociones\/tarjetas_mifare-7359.html?ordenar=Relevancia&#038;pag=1' style='color: #005cb9; text-decoration: none;'>Ver aqu\u00ed.<\/a><\/p>\n<\/li>\n<\/ul><\/div>\n<p> <!-- Caracter\u00edsticas F\u00edsicas y El\u00e9ctricas --> <\/p>\n<div style='border-left: 5px solid #ff0000; border-radius: 5px; padding: 5px; box-shadow: 2px 2px 10px rgba(216&comma;216&comma;216&comma;0.3);'>\n<h3 style='font-size: 22px; border-bottom: 2px solid currentColor; padding-bottom: 5px; margin-top: 0; color: inherit; opacity: 0.8;'>Caracter\u00edsticas F\u00edsicas y El\u00e9ctricas:<\/h3>\n<ul style='padding-left: 20px; font-size: 15px; color: inherit;'>\n<li style='margin-bottom: 5px;'>Alimentaci\u00f3n: 12 Vcc&comma; 120 mA en Operaci\u00f3n&comma; se energiza con el panel de acceso.<\/li>\n<li style='margin-bottom: 5px;'>Temperatura de operaci\u00f3n: -40 \u00b0C a +70 \u00b0C (-40 \u00b0F a 158 \u00b0F)<\/li>\n<li style='margin-bottom: 5px;'>Dimensiones: 62 mm \u00d7 132 mm \u00d7 44 mm (2&comma;44&#8242; \u00d7 5&comma;20&#8242; \u00d7 1&comma;73&#8242;)<\/li>\n<\/ul><\/div>\n<p> <!-- Caracter\u00edsticas Destacadas --> <\/p>\n<div style='border-left: 5px solid #ff0000; border-radius: 5px; padding: 5px; box-shadow: 2px 2px 10px rgba(216&comma;216&comma;216&comma;0.3);'>\n<h3 style='font-size: 22px; border-bottom: 2px solid currentColor; padding-bottom: 5px; margin-top: 0; color: inherit; opacity: 0.8;'>Caracter\u00edsticas Destacadas:<\/h3>\n<p style='margin-top: 0; color: inherit; font-size: 14px;'>Producto de alto rendimiento a prueba de falsificaciones&comma; por su nivel de protecci\u00f3n IP65 es adecuado para la instalaci\u00f3n al exterior.<\/p>\n<p style='margin-bottom: 0; color: inherit; font-size: 14px;'>El lector es compatible con los paneles de control de acceso de la serie DS-K26XX (para 1&comma; 2 o 4 puertas) y DS-K27.<\/p>\n<\/p><\/div>\n<\/p><\/div>\n<p> <!-- Consideraciones --> <\/p>\n<div style='border-left: 5px solid #ff0000; border-radius: 5px; padding: 5px; box-shadow: 2px 2px 10px rgba(216&comma;216&comma;216&comma;0.3); margin-bottom: 30px;'>\n<h3 style='font-size: 22px; border-bottom: 2px solid currentColor; padding-bottom: 5px; margin-top: 0; color: inherit; opacity: 0.8;'>Consideraciones:<\/h3>\n<ul style='padding-left: 20px; font-size: 14px; color: inherit;'>\n<li style='margin-bottom: 5px;'>Requiere enrolador USB modelo <a href='https:\/\/www.syscom.mx\/producto\/DS-K1F820F-HIKVISION-141987.html' style='color: #005cb9; text-decoration: none; font-weight: 600;'>DS-K1F820F<\/a> para dar de alta las huellas.<\/li>\n<\/ul><\/div>\n<p> <!-- Video principal --> <\/p>\n<div style='margin: 30px 0;'>\n<div style='position: relative; padding-bottom: 56.25%; height: 0; overflow: hidden;'>   <\/div>\n<\/p><\/div>\n<p> <!-- Galer\u00eda de videos --> <\/p>\n<div style='display: grid; grid-template-columns: repeat(auto-fit&comma; minmax(280px&comma; 1fr)); gap: 30px; margin: 30px 0;'>\n<div style='position: relative; padding-bottom: 56.25%; height: 0; overflow: hidden;'>   <\/div>\n<div style='position: relative; padding-bottom: 56.25%; height: 0; overflow: hidden;'>   <\/div>\n<\/p><\/div>\n<p> <!-- Imagen final --> <\/p>\n<div style='margin-top: 30px; text-align: center;'> <a href='http:\/\/soporte.syscom.mx\/es\/articles\/3879039-hikvision-control-de-acceso-lista-de-videos-y-tips-tecnicos' style='display: inline-block;'> <img style='width: 100%; max-width: 600px; height: auto; border: 1px solid rgba(150&comma;150&comma;150&comma;0.3); border-radius: 8px;' src='https:\/\/ftp3.syscom.mx\/usuarios\/fotos\/DSK1T607E\/171893-hikvision-controlacceso.png' alt='Control de acceso Hikvision'> <\/a> <\/div>\n<\/p><\/div>\n","protected":false},"excerpt":{"rendered":"<p>Lector esclavo MIFARE IP65 \/ Huella Digital \/ Lector de Tarjetas de Proximidad MiFare \/ RS-485 \/ Interior y Exterior \/ Requiere Panel de Control de Acceso Serie DS-K26 y DS-K27<\/p>\n","protected":false},"featured_media":24462,"comment_status":"open","ping_status":"closed","template":"","meta":[],"product_brand":[],"product_cat":[806],"product_tag":[744,54,807],"class_list":{"0":"post-24463","1":"product","2":"type-product","3":"status-publish","4":"has-post-thumbnail","6":"product_cat-para-control-de-acceso","7":"product_tag-biometricos","8":"product_tag-hikvision","9":"product_tag-para-control-de-acceso","11":"first","12":"instock","13":"sale","14":"shipping-taxable","15":"purchasable","16":"product-type-simple"},"_links":{"self":[{"href":"https:\/\/soydeaqui.ddns.net\/pachuca\/index.php\/wp-json\/wp\/v2\/product\/24463","targetHints":{"allow":["GET"]}}],"collection":[{"href":"https:\/\/soydeaqui.ddns.net\/pachuca\/index.php\/wp-json\/wp\/v2\/product"}],"about":[{"href":"https:\/\/soydeaqui.ddns.net\/pachuca\/index.php\/wp-json\/wp\/v2\/types\/product"}],"replies":[{"embeddable":true,"href":"https:\/\/soydeaqui.ddns.net\/pachuca\/index.php\/wp-json\/wp\/v2\/comments?post=24463"}],"wp:featuredmedia":[{"embeddable":true,"href":"https:\/\/soydeaqui.ddns.net\/pachuca\/index.php\/wp-json\/wp\/v2\/media\/24462"}],"wp:attachment":[{"href":"https:\/\/soydeaqui.ddns.net\/pachuca\/index.php\/wp-json\/wp\/v2\/media?parent=24463"}],"wp:term":[{"taxonomy":"product_brand","embeddable":true,"href":"https:\/\/soydeaqui.ddns.net\/pachuca\/index.php\/wp-json\/wp\/v2\/product_brand?post=24463"},{"taxonomy":"product_cat","embeddable":true,"href":"https:\/\/soydeaqui.ddns.net\/pachuca\/index.php\/wp-json\/wp\/v2\/product_cat?post=24463"},{"taxonomy":"product_tag","embeddable":true,"href":"https:\/\/soydeaqui.ddns.net\/pachuca\/index.php\/wp-json\/wp\/v2\/product_tag?post=24463"}],"curies":[{"name":"wp","href":"https:\/\/api.w.org\/{rel}","templated":true}]}}