{"id":24454,"date":"2026-03-18T11:34:46","date_gmt":"2026-03-18T11:34:46","guid":{"rendered":"https:\/\/soydeaqui.ddns.net\/pachuca\/index.php\/producto\/impresora-de-tarjetas-semi-automatica-smart21-ingreso-de-tarjetas-manual-incluye-ribbon-software-y-100-tarjetas-pvc\/"},"modified":"2026-03-18T11:34:55","modified_gmt":"2026-03-18T11:34:55","slug":"impresora-de-tarjetas-semi-automatica-smart21-ingreso-de-tarjetas-manual-incluye-ribbon-software-y-100-tarjetas-pvc","status":"publish","type":"product","link":"https:\/\/soydeaqui.ddns.net\/pachuca\/index.php\/producto\/impresora-de-tarjetas-semi-automatica-smart21-ingreso-de-tarjetas-manual-incluye-ribbon-software-y-100-tarjetas-pvc\/","title":{"rendered":"Impresora de Tarjetas Semi- autom\u00e1tica SMART21 \/ Ingreso de Tarjetas Manual\/Incluye Ribbon, Software y 100 Tarjetas PVC"},"content":{"rendered":"<div style='width: 100%; max-width: 1200px; margin: 0 auto; font-family: sans-serif; line-height: 1.6; color: inherit; background-color: transparent;'>\n<div style='display: flex; flex-direction: column; gap: 20px;'>\n<div style='flex: 1 1 100%;'>\n<h2 style='font-size: 24px; margin-top: 0; color: inherit; opacity: 0.9;'>Conoce a los mundos m\u00e1s r\u00e1pidos&comma; m\u00e1s peque\u00f1os.<\/h2>\n<h2 style='font-size: 22px; margin-top: 10px; color: inherit; opacity: 0.8;'>Impresora de tarjetas de identificaci\u00f3n con foto &#8216;Starter&#8217; de mayor resoluci\u00f3n!<\/h2>\n<p style='font-size: 15px; color: inherit;'>la impresora de tarjetas de identificaci\u00f3n SMART-21 Starter ofrece un dise\u00f1o de alimentaci\u00f3n manual f\u00e1cil de usar que es peque\u00f1o y ligero. Es una excelente opci\u00f3n para la impresi\u00f3n instant\u00e1nea bajo demanda de identificaciones de empleados&comma; Identificaciones de personal&comma; pase de acceso y tarjetas de fidelizaci\u00f3n \/ membres\u00eda.<\/p>\n<\/p><\/div>\n<div style='flex: 1 1 100%;'>\n<h3 style='font-size: 20px; border-bottom: 2px solid currentColor; padding-bottom: 5px; margin-top: 0; color: inherit; opacity: 0.8;'>Caracter\u00edsticas<\/h3>\n<ul style='padding-left: 20px; font-size: 15px; color: inherit;'>\n<li style='margin-bottom: 8px;'>Impresi\u00f3n a una cara en color y monocromo<\/li>\n<li style='margin-bottom: 8px;'>Velocidad de impresi\u00f3n: M\u00e1x. 24 segundos \/ tarjeta (YMCKO)<\/li>\n<li style='margin-bottom: 8px;'>300&comma; 600 y 1200 ppp con impresi\u00f3n de borde a borde<\/li>\n<li style='margin-bottom: 8px;'>Bot\u00f3n LED para indicaci\u00f3n del estado de la impresora<\/li>\n<li style='margin-bottom: 8px;'>Seguridad SMARTMark<\/li>\n<li style='margin-top: 15px; font-size: 14px;'><strong>Aunque puede imprimir cualquier tarjeta CR80 (Delgada)&comma; la calidad de la impresi\u00f3n puede variar por la calidad del material de la misma&comma; se recomienda usar Tarjetas de PVC o poli\u00e9ster con acabado en PVC pulido.<\/strong><\/li>\n<\/ul><\/div>\n<div style='flex: 1 1 100%;'>\n<h3 style='font-size: 20px; border-bottom: 2px solid currentColor; padding-bottom: 5px; margin-top: 0; color: inherit; opacity: 0.8;'>El kit incluye<\/h3>\n<p style='font-size: 15px; color: inherit;'>La impresora b\u00e1sica&comma; \u00fanica y f\u00e1cil de usar&comma; viene con todo lo que necesita para comenzar a imprimir r\u00e1pida y f\u00e1cilmente.<\/p>\n<ul style='padding-left: 20px; font-size: 15px; color: inherit;'>\n<li style='margin-bottom: 8px;'>Impresora SMART21<\/li>\n<li style='margin-bottom: 8px;'>Cinta para impresi\u00f3n de 100 tarjetas por un lado<\/li>\n<li style='margin-bottom: 8px;'>100 tarjetas de PVC<\/li>\n<\/ul><\/div>\n<div style='flex: 1 1 100%;'>\n<h3 style='font-size: 20px; border-bottom: 2px solid currentColor; padding-bottom: 5px; margin-top: 0; color: inherit; opacity: 0.8;'>Ribbon compatibles<\/h3>\n<ul style='padding-left: 20px; font-size: 15px; color: inherit;'>\n<li style='margin-bottom: 8px;'>Ribbon Full Color <a style='color: #005cb9; text-decoration: none; font-size: 14px; font-weight: 600;' href='https:\/\/www.syscom.mx\/principal\/searchcont?route=900907-IDP-196687&#038;autodetect=smart21' target='_blank'>900907<\/a><\/li>\n<li style='margin-bottom: 8px;'>Ribbon Dorado <a style='color: #005cb9; text-decoration: none; font-size: 14px; font-weight: 600;' href='https:\/\/www.syscom.mx\/principal\/searchcont?route=653316-IDP-205570&#038;autodetect=smart21' target='_blank'>653316<\/a><\/li>\n<li style='margin-bottom: 8px;'>Ribbon Negro <a style='color: #005cb9; text-decoration: none; font-size: 14px; font-weight: 600;' href='https:\/\/www.syscom.mx\/principal\/searchcont?route=653314-IDP-205567&#038;autodetect=smart21' target='_blank'>653314<\/a><\/li>\n<li style='margin-bottom: 8px;'>Ribbon Blanco <a style='color: #005cb9; text-decoration: none; font-size: 14px; font-weight: 600;' href='https:\/\/www.syscom.mx\/principal\/searchcont?route=653315-IDP-205568&#038;autodetect=smart21' target='_blank'>653315<\/a><\/li>\n<li style='margin-bottom: 8px;'>Ribbon Plata <a style='color: #005cb9; text-decoration: none; font-size: 14px; font-weight: 600;' href='https:\/\/www.syscom.mx\/principal\/searchcont?route=653317-IDP-205569&#038;autodetect=smart21' target='_blank'>653317<\/a><\/li>\n<\/ul><\/div>\n<div style='flex: 1 1 100%;'>\n<h3 style='font-size: 20px; border-bottom: 2px solid currentColor; padding-bottom: 5px; margin-top: 0; color: inherit; opacity: 0.8;'>V\u00eddeos<\/h3>\n<div style='display: flex; flex-wrap: wrap; gap: 20px; margin-top: 15px;'>\n<div style='flex: 1 1 50%; min-width: 300px;'>\n<div style='position: relative; padding-bottom: 56.25%; height: 0; overflow: hidden; margin-bottom: 30px;'>   <\/div>\n<\/p><\/div>\n<div style='flex: 1 1 50%; min-width: 300px;'>\n<div style='position: relative; padding-bottom: 56.25%; height: 0; overflow: hidden; margin-bottom: 30px;'>   <\/div>\n<\/p><\/div>\n<\/p><\/div>\n<\/p><\/div>\n<\/p><\/div>\n<\/p><\/div>\n","protected":false},"excerpt":{"rendered":"<p>Impresora de Tarjetas Semi- autom\u00e1tica SMART21 \/ Ingreso de Tarjetas Manual\/Incluye Ribbon, Software y 100 Tarjetas PVC<\/p>\n","protected":false},"featured_media":24453,"comment_status":"open","ping_status":"closed","template":"","meta":[],"product_brand":[],"product_cat":[823],"product_tag":[812,824,62],"class_list":{"0":"post-24454","1":"product","2":"type-product","3":"status-publish","4":"has-post-thumbnail","6":"product_cat-todos-identificacion-y-credencializacion","7":"product_tag-identificacion-y-credencializacion","8":"product_tag-idp","9":"product_tag-todos","11":"first","12":"instock","13":"sale","14":"shipping-taxable","15":"purchasable","16":"product-type-simple"},"_links":{"self":[{"href":"https:\/\/soydeaqui.ddns.net\/pachuca\/index.php\/wp-json\/wp\/v2\/product\/24454","targetHints":{"allow":["GET"]}}],"collection":[{"href":"https:\/\/soydeaqui.ddns.net\/pachuca\/index.php\/wp-json\/wp\/v2\/product"}],"about":[{"href":"https:\/\/soydeaqui.ddns.net\/pachuca\/index.php\/wp-json\/wp\/v2\/types\/product"}],"replies":[{"embeddable":true,"href":"https:\/\/soydeaqui.ddns.net\/pachuca\/index.php\/wp-json\/wp\/v2\/comments?post=24454"}],"wp:featuredmedia":[{"embeddable":true,"href":"https:\/\/soydeaqui.ddns.net\/pachuca\/index.php\/wp-json\/wp\/v2\/media\/24453"}],"wp:attachment":[{"href":"https:\/\/soydeaqui.ddns.net\/pachuca\/index.php\/wp-json\/wp\/v2\/media?parent=24454"}],"wp:term":[{"taxonomy":"product_brand","embeddable":true,"href":"https:\/\/soydeaqui.ddns.net\/pachuca\/index.php\/wp-json\/wp\/v2\/product_brand?post=24454"},{"taxonomy":"product_cat","embeddable":true,"href":"https:\/\/soydeaqui.ddns.net\/pachuca\/index.php\/wp-json\/wp\/v2\/product_cat?post=24454"},{"taxonomy":"product_tag","embeddable":true,"href":"https:\/\/soydeaqui.ddns.net\/pachuca\/index.php\/wp-json\/wp\/v2\/product_tag?post=24454"}],"curies":[{"name":"wp","href":"https:\/\/api.w.org\/{rel}","templated":true}]}}