{"id":24450,"date":"2026-03-18T11:34:42","date_gmt":"2026-03-18T11:34:42","guid":{"rendered":"https:\/\/soydeaqui.ddns.net\/pachuca\/index.php\/producto\/contrachapa-electrica-hes-9400-5-anos-garantia\/"},"modified":"2026-03-18T11:34:42","modified_gmt":"2026-03-18T11:34:42","slug":"contrachapa-electrica-hes-9400-5-anos-garantia","status":"publish","type":"product","link":"https:\/\/soydeaqui.ddns.net\/pachuca\/index.php\/producto\/contrachapa-electrica-hes-9400-5-anos-garantia\/","title":{"rendered":"Contrachapa el\u00e9ctrica HES 9400\/ 5 A\u00f1os Garant\u00eda"},"content":{"rendered":"<div style='width: 100%; max-width: 1200px; margin: 0 auto; font-family: sans-serif; line-height: 1.6; color: inherit; background-color: transparent;'> <!-- Descripci\u00f3n principal --> <\/p>\n<div style='margin-bottom: 30px; font-size: 15px; color: inherit;'>\n<p>La serie HES 9400 es un cerradero el\u00e9ctrico montado en la superficie clasificado para exteriores&comma; de l\u00ednea delgada&comma; dise\u00f1ado para acomodar dispositivos de salida con un pestillo Pullman de 1\/2&#8242;. Todos los componentes est\u00e1n completamente encerrados dentro de su carcasa de acero inoxidable de 5\/8&#8242; de espesor. No se requieren cortes en el marco para la instalaci\u00f3n. Simplemente coloque el cerradero el\u00e9ctrico en la superficie del marco&comma; alin\u00e9elo con el pestillo de salida e inst\u00e1lelo.<\/p>\n<p>El HES 9400 se env\u00eda con una placa espaciadora de 1\/8&#8242; para adaptarse a diferentes espacios de puerta. El HES 9400 supera los est\u00e1ndares de Grado 1 en cuanto a resistencia y rendimiento. Se puede seleccionar en el campo para funcionamiento a prueba de fallas \/ a prueba de fallas&comma; y para 12 o 24 VCC. El HES 9400 cuenta con una cubierta suave para ocultar los tornillos de montaje y proporcionar una superficie elegante para una apariencia superior.<\/p>\n<\/p><\/div>\n<p> <!-- Secci\u00f3n de aplicaciones y consumos --> <\/p>\n<div style='display: flex; flex-wrap: wrap; gap: 30px; margin-bottom: 30px;'>\n<div style='flex: 1 1 300px; min-width: 280px;'>\n<h3 style='font-size: 22px; border-bottom: 2px solid currentColor; padding-bottom: 5px; margin-top: 0; color: inherit; opacity: 0.8;'>Aplicaci\u00f3n de marco<\/h3>\n<ul style='padding-left: 20px; font-size: 15px; color: inherit;'>\n<li>Metal<\/li>\n<li>Madera<\/li>\n<li>El\u00e9ctrico<\/li>\n<\/ul><\/div>\n<div style='flex: 1 1 300px; min-width: 280px;'>\n<h3 style='font-size: 22px; border-bottom: 2px solid currentColor; padding-bottom: 5px; margin-top: 0; color: inherit; opacity: 0.8;'>Consumos<\/h3>\n<ul style='padding-left: 20px; font-size: 15px; color: inherit;'>\n<li>.45 amperios en servicio continuo de 12VDC<\/li>\n<li>.25 amperios en servicio continuo de 24 VCC<\/li>\n<\/ul><\/div>\n<\/p><\/div>\n<p> <!-- Secci\u00f3n de caracter\u00edsticas --> <\/p>\n<div style='margin-bottom: 30px;'>\n<h3 style='font-size: 22px; border-bottom: 2px solid currentColor; padding-bottom: 5px; margin-top: 0; color: inherit; opacity: 0.8;'>Caracter\u00edsticas<\/h3>\n<ul style='padding-left: 20px; font-size: 15px; color: inherit;'>\n<li>Se instala en marcos de metal y madera.<\/li>\n<li>Totalmente montado en superficie<\/li>\n<li>Cubierta decorativa para una nueva apariencia elegante<\/li>\n<li>Construcci\u00f3n de acero inoxidable<\/li>\n<li>Resistente a la manipulaci\u00f3n<\/li>\n<li>Resistencia est\u00e1tica 1&comma;500 lbs.<\/li>\n<li>Fuerza din\u00e1mica 70 ft-lbs.<\/li>\n<li>Resistencia 500.000 ciclos<\/li>\n<li>Incluye placa espaciadora de 1\/8 &#8216;+ 1\/16&#8217;<\/li>\n<li>A prueba de fallas \/ a prueba de fallas seleccionable en campo<\/li>\n<li>Voltaje doble 12 o 24 VCC<\/li>\n<li>Ajuste horizontal<\/li>\n<li>Sin manos<\/li>\n<li>Solenoide de montaje interno<\/li>\n<li>Tiene capacidad para pestillo Pullman de hasta 1\/2 &#8216;<\/li>\n<li>Garant\u00eda limitada de cinco a\u00f1os<\/li>\n<\/ul><\/div>\n<p> <!-- Nota de producto --> <\/p>\n<div style='margin-bottom: 30px; font-size: 15px; color: inherit;'>\n<p>Producto Bajo Pedido<\/p>\n<\/p><\/div>\n<p> <!-- Separador final --> <\/p>\n<hr style='border: 0; border-top: 1px solid rgba(150&comma; 150&comma; 150&comma; 0.3); margin: 30px 0;'> <\/div>\n","protected":false},"excerpt":{"rendered":"<p>Contrachapa el\u00e9ctrica HES 9400\/ 5 A\u00f1os Garant\u00eda<\/p>\n","protected":false},"featured_media":24449,"comment_status":"open","ping_status":"closed","template":"","meta":[],"product_brand":[],"product_cat":[772],"product_tag":[87,773,923],"class_list":{"0":"post-24450","1":"product","2":"type-product","3":"status-publish","4":"has-post-thumbnail","6":"product_cat-contrachapas","7":"product_tag-cerraduras","8":"product_tag-contrachapas","9":"product_tag-hes-assa-abloy","11":"first","12":"outofstock","13":"sale","14":"shipping-taxable","15":"purchasable","16":"product-type-simple"},"_links":{"self":[{"href":"https:\/\/soydeaqui.ddns.net\/pachuca\/index.php\/wp-json\/wp\/v2\/product\/24450","targetHints":{"allow":["GET"]}}],"collection":[{"href":"https:\/\/soydeaqui.ddns.net\/pachuca\/index.php\/wp-json\/wp\/v2\/product"}],"about":[{"href":"https:\/\/soydeaqui.ddns.net\/pachuca\/index.php\/wp-json\/wp\/v2\/types\/product"}],"replies":[{"embeddable":true,"href":"https:\/\/soydeaqui.ddns.net\/pachuca\/index.php\/wp-json\/wp\/v2\/comments?post=24450"}],"wp:featuredmedia":[{"embeddable":true,"href":"https:\/\/soydeaqui.ddns.net\/pachuca\/index.php\/wp-json\/wp\/v2\/media\/24449"}],"wp:attachment":[{"href":"https:\/\/soydeaqui.ddns.net\/pachuca\/index.php\/wp-json\/wp\/v2\/media?parent=24450"}],"wp:term":[{"taxonomy":"product_brand","embeddable":true,"href":"https:\/\/soydeaqui.ddns.net\/pachuca\/index.php\/wp-json\/wp\/v2\/product_brand?post=24450"},{"taxonomy":"product_cat","embeddable":true,"href":"https:\/\/soydeaqui.ddns.net\/pachuca\/index.php\/wp-json\/wp\/v2\/product_cat?post=24450"},{"taxonomy":"product_tag","embeddable":true,"href":"https:\/\/soydeaqui.ddns.net\/pachuca\/index.php\/wp-json\/wp\/v2\/product_tag?post=24450"}],"curies":[{"name":"wp","href":"https:\/\/api.w.org\/{rel}","templated":true}]}}