{"id":24447,"date":"2026-03-18T11:34:39","date_gmt":"2026-03-18T11:34:39","guid":{"rendered":"https:\/\/soydeaqui.ddns.net\/pachuca\/index.php\/producto\/lector-de-tarjetas-omnikey-5022-2-anos-garantia\/"},"modified":"2026-03-18T11:34:39","modified_gmt":"2026-03-18T11:34:39","slug":"lector-de-tarjetas-omnikey-5022-2-anos-garantia","status":"publish","type":"product","link":"https:\/\/soydeaqui.ddns.net\/pachuca\/index.php\/producto\/lector-de-tarjetas-omnikey-5022-2-anos-garantia\/","title":{"rendered":"Lector de Tarjetas Omnikey 5022 \/  2 A\u00f1os Garantia"},"content":{"rendered":"<div style='width: 100%; max-width: 1200px; margin: 0 auto; font-family: sans-serif; line-height: 1.6; color: inherit; background-color: transparent;'> <!-- Secci\u00f3n de descripci\u00f3n general --> <\/p>\n<div style='margin-bottom: 30px;'>\n<h3 style='font-size: 22px; border-bottom: 2px solid currentColor; padding-bottom: 5px; margin-top: 0; color: inherit; opacity: 0.8;'>Descripci\u00f3n<\/h3>\n<p style='font-size: 15px; color: inherit; margin-bottom: 15px;'>El lector de tarjetas inteligentes OMNIKEY\u00ae 5022 permite una s\u00f3lida autenticaci\u00f3n en aplicaciones de datos y en la nube&comma; dado que admite credenciales de 13&comma;56 MHz&comma; tales como iCLASS Seos&comma; iCLASS\u00ae&comma; DESFire\u00ae o MIFARE\u00ae.<\/p>\n<p style='font-size: 15px; color: inherit; margin-bottom: 15px;'>Dise\u00f1ado para clientes pesados&comma; ligeros y cero&comma; este lector USB de tama\u00f1o reducido ofrece compatibilidad con m\u00faltiples tecnolog\u00edas y est\u00e1ndares de la industria&comma; permitiendo la extensi\u00f3n de credenciales f\u00edsicas a entornos digitales seguros.<\/p>\n<\/p><\/div>\n<p> <!-- Secci\u00f3n de caracter\u00edsticas principales --> <\/p>\n<div style='display: flex; flex-wrap: wrap; gap: 30px; margin-bottom: 30px;'>\n<div style='flex: 1 1 300px; min-width: 280px;'>\n<h3 style='font-size: 22px; border-bottom: 2px solid currentColor; padding-bottom: 5px; margin-top: 0; color: inherit; opacity: 0.8;'>Caracter\u00edsticas principales<\/h3>\n<ul style='padding-left: 20px; font-size: 15px; color: inherit;'>\n<li style='margin-bottom: 5px;'>Aprovecha las credenciales de empleados actuales para acceso a ordenadores&comma; red y nube<\/li>\n<li style='margin-bottom: 5px;'>Lectura de contrase\u00f1as OTP seguras de tarjetas Seos\u00ae<\/li>\n<li style='margin-bottom: 5px;'>No requiere instalaci\u00f3n de drivers adicionales (usa drivers CCID nativos)<\/li>\n<li style='margin-bottom: 5px;'>Dise\u00f1o compacto para espacios restringidos<\/li>\n<li style='margin-bottom: 5px;'>Interoperabilidad con m\u00faltiples tecnolog\u00edas de tarjetas inteligentes<\/li>\n<\/ul><\/div>\n<div style='flex: 1 1 300px; min-width: 280px;'>\n<h3 style='font-size: 22px; border-bottom: 2px solid currentColor; padding-bottom: 5px; margin-top: 0; color: inherit; opacity: 0.8;'>Aplicaciones<\/h3>\n<ul style='padding-left: 20px; font-size: 15px; color: inherit;'>\n<li style='margin-bottom: 5px;'>Atenci\u00f3n m\u00e9dica y hospitales<\/li>\n<li style='margin-bottom: 5px;'>Servicios financieros<\/li>\n<li style='margin-bottom: 5px;'>Empresas y corporaciones<\/li>\n<li style='margin-bottom: 5px;'>Gobiernos y agencias p\u00fablicas<\/li>\n<li style='margin-bottom: 5px;'>Autenticaci\u00f3n de dos factores para acceso a estaciones de trabajo<\/li>\n<\/ul><\/div>\n<\/p><\/div>\n<p> <!-- Secci\u00f3n de especificaciones t\u00e9cnicas --> <\/p>\n<div style='display: flex; flex-wrap: wrap; gap: 20px; margin-bottom: 30px;'>\n<div style='flex: 1 1 250px; border: 1px solid rgba(150&comma; 150&comma; 150&comma; 0.4); border-radius: 8px; overflow: hidden; display: flex; flex-direction: column;'>\n<div style='padding: 15px; border-bottom: 1px solid rgba(150&comma; 150&comma; 150&comma; 0.2); font-weight: bold; font-size: 18px; color: inherit;'>Interfaz<\/div>\n<div style='padding: 15px; color: inherit;'>\n<ul style='padding-left: 20px; margin: 0; font-size: 14px; list-style-type: disc;'>\n<li style='margin-bottom: 5px;'><strong>Interfaz de host:<\/strong> USB 2.0 (12 MBps)<\/li>\n<li style='margin-bottom: 5px;'><strong>Compatibilidad:<\/strong> USB 3.0 probado con concentradores<\/li>\n<li style='margin-bottom: 5px;'><strong>Conector:<\/strong> USB tipo A<\/li>\n<li style='margin-bottom: 5px;'><strong>Cable:<\/strong> 150 cm (59.1&#8242;)<\/li>\n<\/ul><\/div>\n<\/p><\/div>\n<div style='flex: 1 1 250px; border: 1px solid rgba(150&comma; 150&comma; 150&comma; 0.4); border-radius: 8px; overflow: hidden; display: flex; flex-direction: column;'>\n<div style='padding: 15px; border-bottom: 1px solid rgba(150&comma; 150&comma; 150&comma; 0.2); font-weight: bold; font-size: 18px; color: inherit;'>Tecnolog\u00edas<\/div>\n<div style='padding: 15px; color: inherit;'>\n<ul style='padding-left: 20px; margin: 0; font-size: 14px; list-style-type: disc;'>\n<li style='margin-bottom: 5px;'><strong>Tarjetas compatibles:<\/strong> iCLASS Seos&comma; iCLASS\u00ae&comma; DESFire\u00ae&comma; MIFARE\u00ae<\/li>\n<li style='margin-bottom: 5px;'><strong>Protocolos:<\/strong> T=CL&comma; ISO 14443A\/B (hasta 848 kbps)&comma; ISO 15693 (hasta 26 kbps)<\/li>\n<li style='margin-bottom: 5px;'><strong>NFC:<\/strong> Etiquetas NFC 1-4 (solo modo lectura\/escritura)<\/li>\n<\/ul><\/div>\n<\/p><\/div>\n<div style='flex: 1 1 250px; border: 1px solid rgba(150&comma; 150&comma; 150&comma; 0.4); border-radius: 8px; overflow: hidden; display: flex; flex-direction: column;'>\n<div style='padding: 15px; border-bottom: 1px solid rgba(150&comma; 150&comma; 150&comma; 0.2); font-weight: bold; font-size: 18px; color: inherit;'>Especificaciones<\/div>\n<div style='padding: 15px; color: inherit;'>\n<ul style='padding-left: 20px; margin: 0; font-size: 14px; list-style-type: disc;'>\n<li style='margin-bottom: 5px;'><strong>Dimensiones:<\/strong> 59 x 59 x 11.4 mm<\/li>\n<li style='margin-bottom: 5px;'><strong>Peso:<\/strong> 70g (2.5 oz)<\/li>\n<li style='margin-bottom: 5px;'><strong>Temperatura operativa:<\/strong> 0-70\u00b0C (32-158\u00b0F)<\/li>\n<li style='margin-bottom: 5px;'><strong>Humedad operativa:<\/strong> 10-95% rH<\/li>\n<li style='margin-bottom: 5px;'><strong>MTBF:<\/strong> 500&comma;000 horas<\/li>\n<\/ul><\/div>\n<\/p><\/div>\n<div style='flex: 1 1 250px; border: 1px solid rgba(150&comma; 150&comma; 150&comma; 0.4); border-radius: 8px; overflow: hidden; display: flex; flex-direction: column;'>\n<div style='padding: 15px; border-bottom: 1px solid rgba(150&comma; 150&comma; 150&comma; 0.2); font-weight: bold; font-size: 18px; color: inherit;'>Compatibilidad<\/div>\n<div style='padding: 15px; color: inherit;'>\n<ul style='padding-left: 20px; margin: 0; font-size: 14px; list-style-type: disc;'>\n<li style='margin-bottom: 5px;'><strong>Sistemas operativos:<\/strong> Windows&comma; Linux&comma; macOS&comma; Android\u2122<\/li>\n<li style='margin-bottom: 5px;'><strong>API:<\/strong> PC\/SC<\/li>\n<li style='margin-bottom: 5px;'><strong>Drivers:<\/strong> CCID nativos<\/li>\n<li style='margin-bottom: 5px;'><strong>Integraci\u00f3n:<\/strong> ActivID\u00ae ActivClient&comma; ActivID\u00ae y HID Trusted Tag\u00ae<\/li>\n<\/ul><\/div>\n<\/p><\/div>\n<div style='flex: 1 1 250px; border: 1px solid rgba(150&comma; 150&comma; 150&comma; 0.4); border-radius: 8px; overflow: hidden; display: flex; flex-direction: column;'>\n<div style='padding: 15px; border-bottom: 1px solid rgba(150&comma; 150&comma; 150&comma; 0.2); font-weight: bold; font-size: 18px; color: inherit;'>Certificaciones<\/div>\n<div style='padding: 15px; color: inherit;'>\n<ul style='padding-left: 20px; margin: 0; font-size: 14px; list-style-type: disc;'>\n<li style='margin-bottom: 5px;'>USB 2.0<\/li>\n<li style='margin-bottom: 5px;'>CE&comma; FCC&comma; UL&comma; KCC&comma; RCM<\/li>\n<li style='margin-bottom: 5px;'>WEEE&comma; RoHS2&comma; Reach<\/li>\n<\/ul><\/div>\n<\/p><\/div>\n<\/p><\/div>\n<p> <!-- Separador --> <\/p>\n<hr style='border: 0; border-top: 1px solid rgba(150&comma; 150&comma; 150&comma; 0.3); margin: 30px 0;'> <!-- Secci\u00f3n de garant\u00eda --> <\/p>\n<div style='margin-bottom: 30px;'>\n<h3 style='font-size: 22px; border-bottom: 2px solid currentColor; padding-bottom: 5px; margin-top: 0; color: inherit; opacity: 0.8;'>Garant\u00eda<\/h3>\n<ul style='padding-left: 20px; font-size: 15px; color: inherit;'>\n<li style='margin-bottom: 5px;'>2 a\u00f1os de garant\u00eda del fabricante<\/li>\n<\/ul><\/div>\n<p> <!-- Secci\u00f3n de opciones de montaje --> <\/p>\n<div style='margin-bottom: 30px;'>\n<h3 style='font-size: 22px; border-bottom: 2px solid currentColor; padding-bottom: 5px; margin-top: 0; color: inherit; opacity: 0.8;'>Opciones de montaje<\/h3>\n<ul style='padding-left: 20px; font-size: 15px; color: inherit;'>\n<li style='margin-bottom: 5px;'>Kit de colores (6 colores disponibles)<\/li>\n<li style='margin-bottom: 5px;'>Kit de montaje con placa&comma; tornillos y sujecci\u00f3n<\/li>\n<li style='margin-bottom: 5px;'>Portatarjetas para operaci\u00f3n de presencia de tarjeta<\/li>\n<\/ul><\/div>\n<\/p><\/div>\n","protected":false},"excerpt":{"rendered":"<p>Lector de Tarjetas Omnikey 5022 \/  2 A\u00f1os Garantia<\/p>\n","protected":false},"featured_media":24446,"comment_status":"open","ping_status":"closed","template":"","meta":[],"product_brand":[],"product_cat":[841],"product_tag":[744,842,814],"class_list":{"0":"post-24447","1":"product","2":"type-product","3":"status-publish","4":"has-post-thumbnail","6":"product_cat-enroladores-y-lectores-usb","7":"product_tag-biometricos","8":"product_tag-enroladores-y-lectores-usb","9":"product_tag-hid","11":"first","12":"outofstock","13":"sale","14":"shipping-taxable","15":"purchasable","16":"product-type-simple"},"_links":{"self":[{"href":"https:\/\/soydeaqui.ddns.net\/pachuca\/index.php\/wp-json\/wp\/v2\/product\/24447","targetHints":{"allow":["GET"]}}],"collection":[{"href":"https:\/\/soydeaqui.ddns.net\/pachuca\/index.php\/wp-json\/wp\/v2\/product"}],"about":[{"href":"https:\/\/soydeaqui.ddns.net\/pachuca\/index.php\/wp-json\/wp\/v2\/types\/product"}],"replies":[{"embeddable":true,"href":"https:\/\/soydeaqui.ddns.net\/pachuca\/index.php\/wp-json\/wp\/v2\/comments?post=24447"}],"wp:featuredmedia":[{"embeddable":true,"href":"https:\/\/soydeaqui.ddns.net\/pachuca\/index.php\/wp-json\/wp\/v2\/media\/24446"}],"wp:attachment":[{"href":"https:\/\/soydeaqui.ddns.net\/pachuca\/index.php\/wp-json\/wp\/v2\/media?parent=24447"}],"wp:term":[{"taxonomy":"product_brand","embeddable":true,"href":"https:\/\/soydeaqui.ddns.net\/pachuca\/index.php\/wp-json\/wp\/v2\/product_brand?post=24447"},{"taxonomy":"product_cat","embeddable":true,"href":"https:\/\/soydeaqui.ddns.net\/pachuca\/index.php\/wp-json\/wp\/v2\/product_cat?post=24447"},{"taxonomy":"product_tag","embeddable":true,"href":"https:\/\/soydeaqui.ddns.net\/pachuca\/index.php\/wp-json\/wp\/v2\/product_tag?post=24447"}],"curies":[{"name":"wp","href":"https:\/\/api.w.org\/{rel}","templated":true}]}}