{"id":24443,"date":"2026-03-18T11:34:34","date_gmt":"2026-03-18T11:34:34","guid":{"rendered":"https:\/\/soydeaqui.ddns.net\/pachuca\/index.php\/producto\/modulo-para-convertir-un-lector-mifare-a-lector-de-tarjetas-mobiles-de-suprema\/"},"modified":"2026-03-18T11:34:37","modified_gmt":"2026-03-18T11:34:37","slug":"modulo-para-convertir-un-lector-mifare-a-lector-de-tarjetas-mobiles-de-suprema","status":"publish","type":"product","link":"https:\/\/soydeaqui.ddns.net\/pachuca\/index.php\/producto\/modulo-para-convertir-un-lector-mifare-a-lector-de-tarjetas-mobiles-de-suprema\/","title":{"rendered":"Modulo para convertir un lector MIFARE a lector de Tarjetas Mobiles de SUPREMA"},"content":{"rendered":"<div style='width: 100%; max-width: 1200px; margin: 0 auto; font-family: sans-serif; line-height: 1.6; color: inherit; background-color: transparent;'> <!-- Secci\u00f3n de introducci\u00f3n --> <\/p>\n<div style='margin-bottom: 30px;'>\n<h3 style='font-size: 22px; border-bottom: 2px solid currentColor; padding-bottom: 5px; margin-top: 0; color: inherit; opacity: 0.8;'>Convertidor de BLE a se\u00f1al de RF<\/h3>\n<p style='font-size: 15px; color: inherit; margin-top: 15px; margin-bottom: 15px;'>Suprema Airfob Patch <strong style='color: inherit;'>permite la comunicaci\u00f3n entre los lectores de tarjetas<\/strong> RF y las tarjetas de acceso m\u00f3vil convirtiendo la se\u00f1al Bluetooth a una se\u00f1al de tarjeta de RF. Suprema Airfob Patch es compatible con tarjetas de acceso m\u00f3viles iOS y Android.<\/p>\n<\/p><\/div>\n<p> <!-- Im\u00e1genes --> <\/p>\n<div style='display: flex; flex-wrap: wrap; gap: 30px; margin-bottom: 30px;'>\n<div style='flex: 1 1 300px; min-width: 280px;'> <img style='width: 100%; height: auto; border: 1px solid rgba(150&comma;150&comma;150&comma;0.3); border-radius: 8px;' src='https:\/\/www.supremainc.com\/en\/asset\/images\/01_product\/bg_airfob-patch_03_1.jpg' alt='Entrance'> <\/div>\n<div style='flex: 1 1 300px; min-width: 280px;'> <img style='width: 100%; height: auto; border: 1px solid rgba(150&comma;150&comma;150&comma;0.3); border-radius: 8px;' src='https:\/\/www.supremainc.com\/es\/asset\/images\/01_product\/product_system_diagram_airfob-patch.jpg' alt='Diagrama de sistema'> <\/div>\n<\/p><\/div>\n<p> <!-- Secci\u00f3n de caracter\u00edsticas --> <\/p>\n<div style='margin-bottom: 30px;'>\n<h3 style='font-size: 22px; border-bottom: 2px solid currentColor; padding-bottom: 5px; margin-top: 0; color: inherit; opacity: 0.8;'>Facil y sencilla configuracion<\/h3>\n<\/p><\/div>\n<p> <!-- Secci\u00f3n de especificaciones --> <\/p>\n<div style='margin-bottom: 30px;'>\n<h3 style='font-size: 22px; border-bottom: 2px solid currentColor; padding-bottom: 5px; margin-top: 0; color: inherit; opacity: 0.8;'>Especificaci\u00f3n<\/h3>\n<div style='margin-top: 20px;'>\n<div style='overflow-x: auto;'>\n<table style='width: 100%; border-collapse: collapse; margin-top: 15px; color: inherit;'>\n<colgroup>\n<col style='width: 40%;'>\n<col style='width: 60%;'> <\/colgroup>\n<tbody>\n<tr>\n<th style='padding: 15px; border-bottom: 1px solid rgba(150&comma;150&comma;150&comma;0.3); border-right: 1px solid rgba(150&comma;150&comma;150&comma;0.3); background-color: rgba(150&comma;150&comma;150&comma;0.1); text-align: left; font-weight: bold; color: inherit;'>Alimentaci\u00f3n<\/th>\n<td style='padding: 15px; border-bottom: 1px solid rgba(150&comma;150&comma;150&comma;0.3); border-right: 1px solid rgba(150&comma;150&comma;150&comma;0.3); color: inherit;'>Recolecci\u00f3n de energ\u00eda del lector de tarjetas<\/td>\n<\/tr>\n<tr>\n<th style='padding: 15px; border-bottom: 1px solid rgba(150&comma;150&comma;150&comma;0.3); border-right: 1px solid rgba(150&comma;150&comma;150&comma;0.3); background-color: rgba(150&comma;150&comma;150&comma;0.1); text-align: left; font-weight: bold; color: inherit;'>Dimensiones (ancho x alto x profundidad&comma; mm)<\/th>\n<td style='padding: 15px; border-bottom: 1px solid rgba(150&comma;150&comma;150&comma;0.3); border-right: 1px solid rgba(150&comma;150&comma;150&comma;0.3); color: inherit;'>32 mm x 33.5 mm x 5.7 mm (1.26&#8242; x 1.32&#8242; x 0.22&#8242;)<\/td>\n<\/tr>\n<tr>\n<th style='padding: 15px; border-bottom: 1px solid rgba(150&comma;150&comma;150&comma;0.3); border-right: 1px solid rgba(150&comma;150&comma;150&comma;0.3); background-color: rgba(150&comma;150&comma;150&comma;0.1); text-align: left; font-weight: bold; color: inherit;'>Peso<\/th>\n<td style='padding: 15px; border-bottom: 1px solid rgba(150&comma;150&comma;150&comma;0.3); border-right: 1px solid rgba(150&comma;150&comma;150&comma;0.3); color: inherit;'>Aprox. 13 g<\/td>\n<\/tr>\n<tr>\n<th style='padding: 15px; border-bottom: 1px solid rgba(150&comma;150&comma;150&comma;0.3); border-right: 1px solid rgba(150&comma;150&comma;150&comma;0.3); background-color: rgba(150&comma;150&comma;150&comma;0.1); text-align: left; font-weight: bold; color: inherit;'>Compatibilidad con Comunicaci\u00f3n Inal\u00e1mbrica<\/th>\n<td style='padding: 15px; border-bottom: 1px solid rgba(150&comma;150&comma;150&comma;0.3); border-right: 1px solid rgba(150&comma;150&comma;150&comma;0.3); color: inherit;'>BLE (Bluetooth Low Energy) 4.0<\/td>\n<\/tr>\n<tr>\n<th style='padding: 15px; border-bottom: 1px solid rgba(150&comma;150&comma;150&comma;0.3); border-right: 1px solid rgba(150&comma;150&comma;150&comma;0.3); background-color: rgba(150&comma;150&comma;150&comma;0.1); text-align: left; font-weight: bold; color: inherit;'>Compatibilidad con Tarjetas<\/th>\n<td style='padding: 15px; border-bottom: 1px solid rgba(150&comma;150&comma;150&comma;0.3); border-right: 1px solid rgba(150&comma;150&comma;150&comma;0.3); color: inherit;'>Tarjeta inteligente MIFARE CSN \/ NFC de 13&comma;56 MHz*<\/td>\n<\/tr>\n<tr>\n<th style='padding: 15px; border-bottom: 1px solid rgba(150&comma;150&comma;150&comma;0.3); border-right: 1px solid rgba(150&comma;150&comma;150&comma;0.3); background-color: rgba(150&comma;150&comma;150&comma;0.1); text-align: left; font-weight: bold; color: inherit;'>LED<\/th>\n<td style='padding: 15px; border-bottom: 1px solid rgba(150&comma;150&comma;150&comma;0.3); border-right: 1px solid rgba(150&comma;150&comma;150&comma;0.3); color: inherit;'>Estado de alimentaci\u00f3n &#038; emulaci\u00f3n de tarjeta<\/td>\n<\/tr>\n<tr>\n<th style='padding: 15px; border-bottom: 1px solid rgba(150&comma;150&comma;150&comma;0.3); border-right: 1px solid rgba(150&comma;150&comma;150&comma;0.3); background-color: rgba(150&comma;150&comma;150&comma;0.1); text-align: left; font-weight: bold; color: inherit;'>IP Rating<\/th>\n<td style='padding: 15px; border-bottom: 1px solid rgba(150&comma;150&comma;150&comma;0.3); border-right: 1px solid rgba(150&comma;150&comma;150&comma;0.3); color: inherit;'>IP 65<\/td>\n<\/tr>\n<\/tbody>\n<\/table>\n<p style='font-size: 14px; color: inherit; margin-top: 10px; margin-bottom: 0;'>* La tarjeta inteligente NFC requiere configuraci\u00f3n adicional<\/p>\n<\/p><\/div>\n<\/p><\/div>\n<\/p><\/div>\n<p> <!-- Secci\u00f3n de compatibilidad --> <\/p>\n<div style='margin-bottom: 30px;'>\n<h3 style='font-size: 22px; border-bottom: 2px solid currentColor; padding-bottom: 5px; margin-top: 0; color: inherit; opacity: 0.8;'>Compatibilidad<\/h3>\n<p style='font-size: 15px; color: inherit; margin-top: 15px; margin-bottom: 15px;'>Compatile con las credeciales mobiles <a style='color: #005cb9; text-decoration: none; font-weight: 600;' href='https:\/\/www.syscom.mx\/producto\/MOBILEACCESSCREDIT-SUPREMA-196310.html' target='_blank' rel='noopener'>MOBILEACCESSCREDIT<\/a> y <a style='color: #005cb9; text-decoration: none; font-weight: 600;' href='https:\/\/www.syscom.mx\/producto\/MOBILEACCESSMAINTCREDIT-SUPREMA-196630.html' target='_blank' rel='noopener'>MOBILEACCESSMAINTCREDIT<\/a><\/p>\n<\/p><\/div>\n<p> <!-- Secci\u00f3n de enlaces --> <\/p>\n<div style='margin-bottom: 30px;'>\n<h3 style='font-size: 22px; border-bottom: 2px solid currentColor; padding-bottom: 5px; margin-top: 0; color: inherit; opacity: 0.8;'>Conozca m\u00e1s sobre<\/h3>\n<ul style='padding-left: 20px; font-size: 15px; color: inherit; margin-top: 15px;'>\n<li style='margin-bottom: 5px;'><a style='color: #005cb9; text-decoration: none;' href='https:\/\/support.supremainc.com\/es-LA\/support\/solutions\/articles\/24000055432--biostar-2-c%C3%B3mo-utilizar-suprema-mobile-access' target='_blank' rel='noopener'>C\u00f3mo utilizar Suprema Mobile Access<\/a><\/li>\n<li style='margin-bottom: 5px;'><a style='color: #005cb9; text-decoration: none;' href='https:\/\/support.supremainc.com\/es-LA\/support\/solutions\/articles\/24000064482--biostar-2-compatibilidad-con-configuraci%C3%B3n-de-sitio-din%C3%A1mico' target='_blank' rel='noopener'>Pol\u00edtica de licencias de Sitio Din\u00e1mico<\/a><\/li>\n<li style='margin-bottom: 5px;'><a style='color: #005cb9; text-decoration: none;' href='https:\/\/mocasystemen.crunch.help\/admin\/site-type' target='_blank' rel='noopener'>Dynamic vs. Regular Site Type<\/a><\/li>\n<li style='margin-bottom: 5px;'><a style='color: #005cb9; text-decoration: none;' href='https:\/\/suprematraining.talentlms.com\/catalog\/info\/id:174&comma;cms_featured_course:1' target='_blank' rel='noopener'>Curso de Mobile Access en espa\u00f1ol<\/a><\/li>\n<\/ul><\/div>\n<\/p><\/div>\n","protected":false},"excerpt":{"rendered":"<p>Modulo para convertir un lector MIFARE a lector de Tarjetas Mobiles de SUPREMA<\/p>\n","protected":false},"featured_media":24442,"comment_status":"open","ping_status":"closed","template":"","meta":[],"product_brand":[],"product_cat":[465],"product_tag":[466,467,798],"class_list":{"0":"post-24443","1":"product","2":"type-product","3":"status-publish","4":"has-post-thumbnail","6":"product_cat-proximidad-125-khz","7":"product_tag-lectoras-y-tarjetas","8":"product_tag-proximidad-125-khz","9":"product_tag-suprema","11":"first","12":"outofstock","13":"sale","14":"shipping-taxable","15":"purchasable","16":"product-type-simple"},"_links":{"self":[{"href":"https:\/\/soydeaqui.ddns.net\/pachuca\/index.php\/wp-json\/wp\/v2\/product\/24443","targetHints":{"allow":["GET"]}}],"collection":[{"href":"https:\/\/soydeaqui.ddns.net\/pachuca\/index.php\/wp-json\/wp\/v2\/product"}],"about":[{"href":"https:\/\/soydeaqui.ddns.net\/pachuca\/index.php\/wp-json\/wp\/v2\/types\/product"}],"replies":[{"embeddable":true,"href":"https:\/\/soydeaqui.ddns.net\/pachuca\/index.php\/wp-json\/wp\/v2\/comments?post=24443"}],"wp:featuredmedia":[{"embeddable":true,"href":"https:\/\/soydeaqui.ddns.net\/pachuca\/index.php\/wp-json\/wp\/v2\/media\/24442"}],"wp:attachment":[{"href":"https:\/\/soydeaqui.ddns.net\/pachuca\/index.php\/wp-json\/wp\/v2\/media?parent=24443"}],"wp:term":[{"taxonomy":"product_brand","embeddable":true,"href":"https:\/\/soydeaqui.ddns.net\/pachuca\/index.php\/wp-json\/wp\/v2\/product_brand?post=24443"},{"taxonomy":"product_cat","embeddable":true,"href":"https:\/\/soydeaqui.ddns.net\/pachuca\/index.php\/wp-json\/wp\/v2\/product_cat?post=24443"},{"taxonomy":"product_tag","embeddable":true,"href":"https:\/\/soydeaqui.ddns.net\/pachuca\/index.php\/wp-json\/wp\/v2\/product_tag?post=24443"}],"curies":[{"name":"wp","href":"https:\/\/api.w.org\/{rel}","templated":true}]}}