{"id":24437,"date":"2026-03-18T11:34:28","date_gmt":"2026-03-18T11:34:28","guid":{"rendered":"https:\/\/soydeaqui.ddns.net\/pachuca\/index.php\/producto\/kit-de-impresora-de-tarjetas-inyeccion-de-tinta-incluye-cartucho-y-software-una-cara-impresion-sobre-el-borde\/"},"modified":"2026-03-18T11:34:29","modified_gmt":"2026-03-18T11:34:29","slug":"kit-de-impresora-de-tarjetas-inyeccion-de-tinta-incluye-cartucho-y-software-una-cara-impresion-sobre-el-borde","status":"publish","type":"product","link":"https:\/\/soydeaqui.ddns.net\/pachuca\/index.php\/producto\/kit-de-impresora-de-tarjetas-inyeccion-de-tinta-incluye-cartucho-y-software-una-cara-impresion-sobre-el-borde\/","title":{"rendered":"KIT de Impresora de Tarjetas  Inyecci\u00f3n de Tinta \/ Incluye Cartucho y Software\/ Una Cara \/Impresi\u00f3n Sobre el Borde"},"content":{"rendered":"<div style='width: 100%; max-width: 1200px; margin: 0 auto; font-family: sans-serif; line-height: 1.6; color: inherit; background-color: transparent;'>\n<div style='display: flex; flex-wrap: wrap; gap: 30px; margin-bottom: 30px;'>\n<div style='flex: 1 1 300px; min-width: 280px;'>\n<h3 style='font-size: 22px; border-bottom: 2px solid currentColor; padding-bottom: 5px; margin-top: 0; color: inherit; opacity: 0.8;'>Caracter\u00edsticas<\/h3>\n<ul style='padding-left: 20px; font-size: 15px; color: inherit;'>\n<li>Impresi\u00f3n de tarjetas por inyecci\u00f3n de tinta mediante transferencia t\u00e9rmica (impresi\u00f3n simple)<\/li>\n<li><strong style='color: inherit;'>Impresi\u00f3n a todo color<\/strong>&comma; sobre el borde a borde<\/li>\n<li>Resoluci\u00f3n: 600 dpi x 1200 dpi<\/li>\n<li>Negro compuesto para c\u00f3digo de barras<\/li>\n<li>Impresi\u00f3n en tipos de tarjeta est\u00e1ndar de PVC<\/li>\n<li>No se requieren tarjetas especiales<\/li>\n<li>Kit de limpieza disponible: <a href='https:\/\/www.syscom.mx\/producto\/062150-HID-195761.html' target='_blank' rel='noopener' style='color: #005cb9; text-decoration: none;'>062150<\/a><\/li>\n<li style='margin-top: 10px;'><strong style='color: inherit;'>Importante:<\/strong> Aunque puede imprimir cualquier tarjeta CR80 (Delgada)&comma; la calidad de la impresi\u00f3n puede variar por la calidad del material de la misma&comma; se recomienda usar Tarjetas de PVC o poli\u00e9ster con acabado en PVC pulido Ultracard (Compatible con tarjetas PVC <a href='https:\/\/www.syscom.mx\/producto\/081754-HID-183658.html' target='_blank' rel='noopener' style='color: #005cb9; text-decoration: none;'>081754<\/a>). Optimizado para tarjetas HID de Control de Acceso.<\/li>\n<li style='margin-top: 10px;'><strong style='color: inherit;'>Garant\u00eda:<\/strong> 3 a\u00f1os. Para conservar la garant\u00eda debe Registrar la Impresora en el Portal de HID&comma; de lo contrario no ser\u00e1 v\u00e1lido.<\/li>\n<li style='margin-top: 10px;'><strong style='color: inherit;'>Registro de la impresora:<\/strong><\/li>\n<\/ul><\/div>\n<\/p><\/div>\n<div style='margin-bottom: 30px;'> <img style='width: 100%; height: auto; border: 1px solid rgba(150&comma;150&comma;150&comma;0.3); border-radius: 8px;' src='https:\/\/ftp3.syscom.mx\/usuarios\/ftp\/2022\/09\/26\/e9416\/Register_Fargo_Warranty.png' alt=''> <\/p>\n<p style='margin-top: 15px;'><a href='https:\/\/soporte.syscom.mx\/es\/articles\/6297327-que-son-rgb-y-cmyk-y-cuando-usar-cada-uno' target='_blank' rel='noopener' style='color: #005cb9; text-decoration: none; font-size: 15px;'>Informaci\u00f3n importante sobre Dise\u00f1os para Credenciales<\/a><\/p>\n<\/p><\/div>\n<div style='display: flex; flex-wrap: wrap; gap: 30px; margin-bottom: 30px;'>\n<div style='flex: 1 1 300px; min-width: 280px;'>\n<h3 style='font-size: 22px; border-bottom: 2px solid currentColor; padding-bottom: 5px; margin-top: 0; color: inherit; opacity: 0.8;'>El Kit Incluye<\/h3>\n<ul style='padding-left: 20px; font-size: 15px; color: inherit;'>\n<li>Impresora una cara: <a href='https:\/\/www.syscom.mx\/producto\/062000-HID-195747.html' target='_blank' rel='noopener' style='color: #005cb9; text-decoration: none;'>062000<\/a><\/li>\n<li>Un cartucho de tinta (YMC): <a href='https:\/\/www.syscom.mx\/principal\/searchcont?route=062100-HID-195748&#038;autodetect=062100' target='_blank' rel='noopener' style='color: #005cb9; text-decoration: none;'>062100<\/a><\/li>\n<li>Software AsureID SOLO (086147)<\/li>\n<\/ul><\/div>\n<\/p><\/div>\n<div style='margin-bottom: 30px;'> <img style='width: 100%; height: auto; border: 1px solid rgba(150&comma;150&comma;150&comma;0.3); border-radius: 8px;' src='https:\/\/ftp3.syscom.mx\/usuarios\/ftp\/2022\/06\/09\/1b60b\/Comparativa%20de%20impresi%C3%B3n.png' alt='Comparativa entre Tecnolog\u00edas de Impresi\u00f3n'> <\/div>\n<div style='margin-bottom: 30px;'>\n<h3 style='font-size: 20px; margin-top: 0; color: inherit;'><strong style='color: inherit;'>V\u00eddeos:<\/strong><\/h3>\n<ul style='padding-left: 20px; font-size: 15px; color: inherit;'>\n<li><a href='https:\/\/www.youtube.com\/watch?v=md0Ke6-nvhk' style='color: #005cb9; text-decoration: none;' target='_blank' rel='noopener'>Como cargar las tarjetas<\/a><\/li>\n<li><a href='https:\/\/www.youtube.com\/watch?v=UzqBenEDiiw' style='color: #005cb9; text-decoration: none;' target='_blank' rel='noopener'>Promocional<\/a><\/li>\n<li><a href='https:\/\/www.youtube.com\/watch?v=iutaphbnq7c&#038;pp=qAMBugMGCgJlcxAB' style='color: #005cb9; text-decoration: none;' target='_blank' rel='noopener'>Como colocar los consumibles<\/a><\/li>\n<li><a href='https:\/\/www.youtube.com\/watch?v=DyBGeKbNEwk&#038;pp=qAMBugMGCgJlcxAB' style='color: #005cb9; text-decoration: none;' target='_blank' rel='noopener'>Como configurar la impresora<\/a><\/li>\n<li><a href='https:\/\/www.youtube.com\/watch?v=iutaphbnq7c' style='color: #005cb9; text-decoration: none;' target='_blank' rel='noopener'>Unboxing<\/a><\/li>\n<\/ul><\/div>\n<hr style='border: 0; border-top: 1px solid rgba(150&comma; 150&comma; 150&comma; 0.3); margin: 30px 0;'> <\/div>\n","protected":false},"excerpt":{"rendered":"<p>KIT de Impresora de Tarjetas  Inyecci\u00f3n de Tinta \/ Incluye Cartucho y Software\/ Una Cara \/Impresi\u00f3n Sobre el Borde<\/p>\n","protected":false},"featured_media":24436,"comment_status":"open","ping_status":"closed","template":"","meta":[],"product_brand":[],"product_cat":[823],"product_tag":[814,812,62],"class_list":{"0":"post-24437","1":"product","2":"type-product","3":"status-publish","4":"has-post-thumbnail","6":"product_cat-todos-identificacion-y-credencializacion","7":"product_tag-hid","8":"product_tag-identificacion-y-credencializacion","9":"product_tag-todos","11":"first","12":"outofstock","13":"sale","14":"shipping-taxable","15":"purchasable","16":"product-type-simple"},"_links":{"self":[{"href":"https:\/\/soydeaqui.ddns.net\/pachuca\/index.php\/wp-json\/wp\/v2\/product\/24437","targetHints":{"allow":["GET"]}}],"collection":[{"href":"https:\/\/soydeaqui.ddns.net\/pachuca\/index.php\/wp-json\/wp\/v2\/product"}],"about":[{"href":"https:\/\/soydeaqui.ddns.net\/pachuca\/index.php\/wp-json\/wp\/v2\/types\/product"}],"replies":[{"embeddable":true,"href":"https:\/\/soydeaqui.ddns.net\/pachuca\/index.php\/wp-json\/wp\/v2\/comments?post=24437"}],"wp:featuredmedia":[{"embeddable":true,"href":"https:\/\/soydeaqui.ddns.net\/pachuca\/index.php\/wp-json\/wp\/v2\/media\/24436"}],"wp:attachment":[{"href":"https:\/\/soydeaqui.ddns.net\/pachuca\/index.php\/wp-json\/wp\/v2\/media?parent=24437"}],"wp:term":[{"taxonomy":"product_brand","embeddable":true,"href":"https:\/\/soydeaqui.ddns.net\/pachuca\/index.php\/wp-json\/wp\/v2\/product_brand?post=24437"},{"taxonomy":"product_cat","embeddable":true,"href":"https:\/\/soydeaqui.ddns.net\/pachuca\/index.php\/wp-json\/wp\/v2\/product_cat?post=24437"},{"taxonomy":"product_tag","embeddable":true,"href":"https:\/\/soydeaqui.ddns.net\/pachuca\/index.php\/wp-json\/wp\/v2\/product_tag?post=24437"}],"curies":[{"name":"wp","href":"https:\/\/api.w.org\/{rel}","templated":true}]}}