{"id":24420,"date":"2026-03-18T11:34:07","date_gmt":"2026-03-18T11:34:07","guid":{"rendered":"https:\/\/soydeaqui.ddns.net\/pachuca\/index.php\/producto\/tarjeta-electonica-de-refaccion-para-lectores-pro12rf-con-puerto-tcp-ip\/"},"modified":"2026-03-18T11:34:07","modified_gmt":"2026-03-18T11:34:07","slug":"tarjeta-electonica-de-refaccion-para-lectores-pro12rf-con-puerto-tcp-ip","status":"publish","type":"product","link":"https:\/\/soydeaqui.ddns.net\/pachuca\/index.php\/producto\/tarjeta-electonica-de-refaccion-para-lectores-pro12rf-con-puerto-tcp-ip\/","title":{"rendered":"Tarjeta elect\u00f3nica de refaccion para lectores PRO12RF con puerto TCP\/IP"},"content":{"rendered":"<div style='width: 100%; max-width: 1200px; margin: 0 auto; font-family: sans-serif; line-height: 1.6; color: inherit; background-color: transparent;'>\n<div style='display: flex; flex-wrap: wrap; gap: 30px; margin-bottom: 30px;'>\n<div style='flex: 1 1 300px; min-width: 280px;'>\n<h3 style='font-size: 22px; border-bottom: 2px solid currentColor; padding-bottom: 5px; margin-top: 0; color: inherit; opacity: 0.8;'>Caracter\u00edsticas Principales<\/h3>\n<ul style='padding-left: 20px; font-size: 15px; color: inherit;'>\n<li style='margin-bottom: 5px;'>Tarjeta electr\u00f3nica de reemplazo para lectores PRO12RF<\/li>\n<li style='margin-bottom: 5px;'>Puerto TCP\/IP para conectividad eficiente<\/li>\n<li style='margin-bottom: 5px;'>Versi\u00f3n 2 mejorada con funcionalidad optimizada<\/li>\n<li style='margin-bottom: 5px;'>Interfaz robusta para entornos industriales exigentes<\/li>\n<li style='margin-bottom: 5px;'>F\u00e1cil integraci\u00f3n con sistemas existentes<\/li>\n<\/ul><\/div>\n<div style='flex: 1 1 300px; min-width: 280px;'>\n<h3 style='font-size: 22px; border-bottom: 2px solid currentColor; padding-bottom: 5px; margin-top: 0; color: inherit; opacity: 0.8;'>Especificaciones T\u00e9cnicas<\/h3>\n<ul style='padding-left: 20px; font-size: 15px; color: inherit;'>\n<li style='margin-bottom: 5px;'><strong>Frecuencias:<\/strong> US (902-928MHz)&comma; China (920-925MHz)&comma; EU (865-867MHz)&comma; otras seleccionables<\/li>\n<li style='margin-bottom: 5px;'><strong>Protocolos:<\/strong> ISO18000-6C&comma; EPC G2<\/li>\n<li style='margin-bottom: 5px;'><strong>Potencia de salida:<\/strong> 0-31dBm (ajustable)<\/li>\n<li style='margin-bottom: 5px;'><strong>Sensibilidad:<\/strong> -80dBm (12dBi Antena m\u00e1s de 12 m)<\/li>\n<li style='margin-bottom: 5px;'><strong>Velocidad de lectura:<\/strong> Multi tarjetas 200 piezas\/segundo&comma; tag sencillo 2000 veces por segundo<\/li>\n<li style='margin-bottom: 5px;'><strong>Procesador:<\/strong> ARM CORTEX M3 100M CPU<\/li>\n<li style='margin-bottom: 5px;'><strong>Memoria:<\/strong> 16KB y 32KB memoria el\u00e9ctrica<\/li>\n<li style='margin-bottom: 5px;'><strong>Comunicaci\u00f3n:<\/strong> 100M Ethernet&comma; RS232\/RS485&comma; interface 26 bits<\/li>\n<li style='margin-bottom: 5px;'><strong>Entradas\/Salidas:<\/strong> Una entrada y una salida TTL&comma; una salida de rel\u00e9<\/li>\n<li style='margin-bottom: 5px;'><strong>Alimentaci\u00f3n:<\/strong> 12 Vcc&comma; 2.5 A<\/li>\n<li style='margin-bottom: 5px;'><strong>Temperatura de operaci\u00f3n:<\/strong> -20\u2103 a 60\u2103<\/li>\n<\/ul><\/div>\n<\/p><\/div>\n<div style='display: flex; flex-wrap: wrap; gap: 20px; margin-bottom: 30px;'>\n<div style='flex: 1 1 250px; border: 1px solid rgba(150&comma; 150&comma; 150&comma; 0.4); border-radius: 8px; overflow: hidden; display: flex; flex-direction: column;'>\n<div style='padding: 15px; border-bottom: 1px solid rgba(150&comma; 150&comma; 150&comma; 0.2); font-weight: bold; font-size: 18px; color: inherit;'>Funciones Soportadas<\/div>\n<div style='padding: 15px; color: inherit;'>\n<ul style='padding-left: 20px; margin: 0; font-size: 14px; list-style-type: disc;'>\n<li style='margin-bottom: 5px;'>Operaci\u00f3n con EPC G2 Tag<\/li>\n<li style='margin-bottom: 5px;'>Operaci\u00f3n con ISO18000-6B<\/li>\n<li style='margin-bottom: 5px;'>Configuraci\u00f3n de par\u00e1metros de operaci\u00f3n<\/li>\n<li style='margin-bottom: 5px;'>Funci\u00f3n de comunicaci\u00f3n Ethernet\/RS232\/RS485<\/li>\n<li style='margin-bottom: 5px;'>Modo de operaci\u00f3n Fuera de l\u00ednea<\/li>\n<li style='margin-bottom: 5px;'>Funciones de mantenimiento y actualizaci\u00f3n<\/li>\n<\/ul><\/div>\n<\/p><\/div>\n<div style='flex: 1 1 250px; border: 1px solid rgba(150&comma; 150&comma; 150&comma; 0.4); border-radius: 8px; overflow: hidden; display: flex; flex-direction: column;'>\n<div style='padding: 15px; border-bottom: 1px solid rgba(150&comma; 150&comma; 150&comma; 0.2); font-weight: bold; font-size: 18px; color: inherit;'>Protocolos Soportados<\/div>\n<div style='padding: 15px; color: inherit;'>\n<ul style='padding-left: 20px; margin: 0; font-size: 14px; list-style-type: disc;'>\n<li style='margin-bottom: 5px;'>ISO18000 Part 6 (860-960MHz)<\/li>\n<li style='margin-bottom: 5px;'>EPC RFID Protocols Class-1 Generation-2<\/li>\n<li style='margin-bottom: 5px;'>800\/900MHz RFID Technology application implementation regulations<\/li>\n<\/ul><\/div>\n<\/p><\/div>\n<div style='flex: 1 1 250px; border: 1px solid rgba(150&comma; 150&comma; 150&comma; 0.4); border-radius: 8px; overflow: hidden; display: flex; flex-direction: column;'>\n<div style='padding: 15px; border-bottom: 1px solid rgba(150&comma; 150&comma; 150&comma; 0.2); font-weight: bold; font-size: 18px; color: inherit;'>Interfaz DB15<\/div>\n<div style='padding: 15px; color: inherit;'>\n<ul style='padding-left: 20px; margin: 0; font-size: 14px; list-style-type: disc;'>\n<li style='margin-bottom: 5px;'>GPIO signal output2 (Pin 1)<\/li>\n<li style='margin-bottom: 5px;'>GPIO signal output1 (Pin 2)<\/li>\n<li style='margin-bottom: 5px;'>Signal ground (Pines 3&comma; 6&comma; 9&comma; 12)<\/li>\n<li style='margin-bottom: 5px;'>RX(RS232) (Pin 4)<\/li>\n<li style='margin-bottom: 5px;'>TX(RS232) (Pin 5)<\/li>\n<li style='margin-bottom: 5px;'>GPIO signal input 2(closed) (Pin 7)<\/li>\n<li style='margin-bottom: 5px;'>GPIO signal input 1 (Pin 8)<\/li>\n<li style='margin-bottom: 5px;'>A+ (RS485) (Pin 10)<\/li>\n<li style='margin-bottom: 5px;'>B- (RS485) (Pin 11)<\/li>\n<li style='margin-bottom: 5px;'>Relay normal close port (Pin 13)<\/li>\n<li style='margin-bottom: 5px;'>Relay common port (Pin 14)<\/li>\n<li style='margin-bottom: 5px;'>Relay normal open port (Pin 15)<\/li>\n<\/ul><\/div>\n<\/p><\/div>\n<\/p><\/div>\n<div style='display: flex; flex-wrap: wrap; gap: 20px; margin-bottom: 30px;'>\n<div style='flex: 1 1 250px; border: 1px solid rgba(150&comma; 150&comma; 150&comma; 0.4); border-radius: 8px; overflow: hidden; display: flex; flex-direction: column;'>\n<div style='padding: 15px; border-bottom: 1px solid rgba(150&comma; 150&comma; 150&comma; 0.2); font-weight: bold; font-size: 18px; color: inherit;'>Funciones Detalladas<\/div>\n<div style='padding: 15px; color: inherit;'>\n<ul style='padding-left: 20px; margin: 0; font-size: 14px; list-style-type: disc;'>\n<li style='margin-bottom: 5px;'>Soporta tags EPC G2: Multi tags&comma; selecci\u00f3n de lectura&comma; escritura<\/li>\n<li style='margin-bottom: 5px;'>Lectura y escritura de un solo tag&comma; bloqueo y desactivaci\u00f3n<\/li>\n<li style='margin-bottom: 5px;'>Configuraci\u00f3n de par\u00e1metros de interface&comma; direcci\u00f3n IP&comma; salto de frecuencia<\/li>\n<li style='margin-bottom: 5px;'>Soporta comunicaci\u00f3n por RED (Ethernet)&comma; RS232 y RS485<\/li>\n<li style='margin-bottom: 5px;'>Cumple con protocolo de comunicaci\u00f3n UHF RFID V2.0<\/li>\n<li style='margin-bottom: 5px;'>Transmisi\u00f3n de datos Wiegand 26 y 34 bits<\/li>\n<li style='margin-bottom: 5px;'>Modo de operaci\u00f3n Fuera de l\u00ednea con espera o disparo<\/li>\n<li style='margin-bottom: 5px;'>Configuraci\u00f3n de rel\u00e9 y filtrado de tags<\/li>\n<li style='margin-bottom: 5px;'>Soporte de funci\u00f3n web server para configuraci\u00f3n<\/li>\n<li style='margin-bottom: 5px;'>Actualizaci\u00f3n de firmware por puerto serial y RJ45<\/li>\n<\/ul><\/div>\n<\/p><\/div>\n<div style='flex: 1 1 250px; border: 1px solid rgba(150&comma; 150&comma; 150&comma; 0.4); border-radius: 8px; overflow: hidden; display: flex; flex-direction: column;'>\n<div style='padding: 15px; border-bottom: 1px solid rgba(150&comma; 150&comma; 150&comma; 0.2); font-weight: bold; font-size: 18px; color: inherit;'>Dimensiones<\/div>\n<div style='padding: 15px; color: inherit;'>\n<ul style='padding-left: 20px; margin: 0; font-size: 14px; list-style-type: disc;'>\n<li style='margin-bottom: 5px;'>Dimensiones: 440.0 x 167.5 x 68.6 mm (Largo x Ancho x Altura)<\/li>\n<\/ul><\/div>\n<\/p><\/div>\n<\/p><\/div>\n<p> <!-- Separador --> <\/p>\n<hr style='border: 0; border-top: 1px solid rgba(150&comma; 150&comma; 150&comma; 0.3); margin: 30px 0;'> <\/div>\n","protected":false},"excerpt":{"rendered":"<p>Tarjeta elect\u00f3nica de refaccion para lectores PRO12RF con puerto TCP\/IP<\/p>\n","protected":false},"featured_media":24419,"comment_status":"open","ping_status":"closed","template":"","meta":[],"product_brand":[],"product_cat":[755],"product_tag":[234,756,751],"class_list":{"0":"post-24420","1":"product","2":"type-product","3":"status-publish","4":"has-post-thumbnail","6":"product_cat-general","7":"product_tag-accesspro","8":"product_tag-general","9":"product_tag-refacciones","11":"first","12":"outofstock","13":"sale","14":"shipping-taxable","15":"purchasable","16":"product-type-simple"},"_links":{"self":[{"href":"https:\/\/soydeaqui.ddns.net\/pachuca\/index.php\/wp-json\/wp\/v2\/product\/24420","targetHints":{"allow":["GET"]}}],"collection":[{"href":"https:\/\/soydeaqui.ddns.net\/pachuca\/index.php\/wp-json\/wp\/v2\/product"}],"about":[{"href":"https:\/\/soydeaqui.ddns.net\/pachuca\/index.php\/wp-json\/wp\/v2\/types\/product"}],"replies":[{"embeddable":true,"href":"https:\/\/soydeaqui.ddns.net\/pachuca\/index.php\/wp-json\/wp\/v2\/comments?post=24420"}],"wp:featuredmedia":[{"embeddable":true,"href":"https:\/\/soydeaqui.ddns.net\/pachuca\/index.php\/wp-json\/wp\/v2\/media\/24419"}],"wp:attachment":[{"href":"https:\/\/soydeaqui.ddns.net\/pachuca\/index.php\/wp-json\/wp\/v2\/media?parent=24420"}],"wp:term":[{"taxonomy":"product_brand","embeddable":true,"href":"https:\/\/soydeaqui.ddns.net\/pachuca\/index.php\/wp-json\/wp\/v2\/product_brand?post=24420"},{"taxonomy":"product_cat","embeddable":true,"href":"https:\/\/soydeaqui.ddns.net\/pachuca\/index.php\/wp-json\/wp\/v2\/product_cat?post=24420"},{"taxonomy":"product_tag","embeddable":true,"href":"https:\/\/soydeaqui.ddns.net\/pachuca\/index.php\/wp-json\/wp\/v2\/product_tag?post=24420"}],"curies":[{"name":"wp","href":"https:\/\/api.w.org\/{rel}","templated":true}]}}