{"id":24418,"date":"2026-03-18T11:34:05","date_gmt":"2026-03-18T11:34:05","guid":{"rendered":"https:\/\/soydeaqui.ddns.net\/pachuca\/index.php\/producto\/portero-telefonico-doorking-1835\/"},"modified":"2026-03-18T11:34:06","modified_gmt":"2026-03-18T11:34:06","slug":"portero-telefonico-doorking-1835","status":"publish","type":"product","link":"https:\/\/soydeaqui.ddns.net\/pachuca\/index.php\/producto\/portero-telefonico-doorking-1835\/","title":{"rendered":"Portero Telefonico DOORKING 1835"},"content":{"rendered":"<div style='width: 100%; max-width: 1200px; margin: 0 auto; font-family: sans-serif; line-height: 1.6; color: inherit; background-color: transparent;'>\n<div style='display: flex; flex-wrap: wrap; gap: 30px; margin-bottom: 30px;'>\n<div style='flex: 1 1 300px; min-width: 280px;'>\n<h3 style='font-size: 22px; border-bottom: 2px solid currentColor; padding-bottom: 5px; margin-top: 0; color: inherit; opacity: 0.8;'>Descripci\u00f3n<\/h3>\n<p style='font-size: 15px; margin-top: 0; color: inherit;'>El modelo 1835 es un sistema de entrada telef\u00f3nica ideal para aplicaciones de apartamentos y comunidades cerradas&comma; as\u00ed como edificios de oficinas y sitios industriales. Cada unidad de la Serie 1830 permite la conexi\u00f3n de voz y datos a trav\u00e9s de una conexi\u00f3n celular&comma; de Internet o de un servicio telef\u00f3nico convencional (POTS&comma; por sus siglas en ingl\u00e9s).<\/p>\n<\/p><\/div>\n<\/p><\/div>\n<div style='display: flex; flex-wrap: wrap; gap: 20px; margin-bottom: 30px;'>\n<div style='flex: 1 1 250px; border: 1px solid rgba(150&comma; 150&comma; 150&comma; 0.4); border-radius: 8px; overflow: hidden; display: flex; flex-direction: column;'>\n<div style='padding: 15px; border-bottom: 1px solid rgba(150&comma; 150&comma; 150&comma; 0.2); font-weight: bold; font-size: 18px; color: inherit;'>Caracter\u00edsticas<\/div>\n<div style='padding: 15px; color: inherit;'>\n<ul style='padding-left: 20px; margin: 0; font-size: 14px; list-style-type: disc;'>\n<li style='margin-bottom: 5px;'>Grandes botones de desplazamiento A y Z f\u00e1ciles de usar.<\/li>\n<li style='margin-bottom: 5px;'>Bot\u00f3n &#8216;LLAMADA&#8217; de un solo toque.<\/li>\n<li style='margin-bottom: 5px;'>Directorio con pantalla LCD de una sola l\u00ednea incorporado.<\/li>\n<li style='margin-bottom: 5px;'>C\u00f3digos de directorio programables (1-4 d\u00edgitos).<\/li>\n<li style='margin-bottom: 5px;'>Capacidad de marcaci\u00f3n de 10 y 11 d\u00edgitos.<\/li>\n<li style='margin-bottom: 5px;'>Interfaz con 2 lectores de tarjetas &#8211; expandible a 48 con placas de expansi\u00f3n con cable (o 24 de forma inal\u00e1mbrica).<\/li>\n<li style='margin-bottom: 5px;'>Transmisi\u00f3n en vivo.<\/li>\n<li style='margin-bottom: 5px;'>Transacciones en vivo.<\/li>\n<li style='margin-bottom: 5px;'>Anti-pase posterior.<\/li>\n<\/ul><\/div>\n<\/p><\/div>\n<div style='flex: 1 1 250px; border: 1px solid rgba(150&comma; 150&comma; 150&comma; 0.4); border-radius: 8px; overflow: hidden; display: flex; flex-direction: column;'>\n<div style='padding: 15px; border-bottom: 1px solid rgba(150&comma; 150&comma; 150&comma; 0.2); font-weight: bold; font-size: 18px; color: inherit;'>Especificaciones<\/div>\n<div style='padding: 15px; color: inherit;'>\n<ul style='padding-left: 20px; margin: 0; font-size: 14px; list-style-type: disc;'>\n<li style='margin-bottom: 5px;'>Comunicaci\u00f3n de d\u00faplex completo verdadero.<\/li>\n<li style='margin-bottom: 5px;'>Almacena hasta 3000 n\u00fameros y nombres de tel\u00e9fono (los nombres est\u00e1n limitados a 15 caracteres como m\u00e1ximo).<\/li>\n<li style='margin-bottom: 5px;'>Almacena hasta 255 c\u00f3digos de \u00e1rea.<\/li>\n<li style='margin-bottom: 5px;'>El b\u00fafer de transacciones almacena los \u00faltimos 8000 eventos.<\/li>\n<li style='margin-bottom: 5px;'>Almacena hasta 8000 c\u00f3digos de dispositivos (tarjetas).<\/li>\n<li style='margin-bottom: 5px;'>31 niveles de seguridad (permisos)&comma; 29 programables con 4 zonas horarias cada uno.<\/li>\n<li style='margin-bottom: 5px;'>8 zonas horarias de apertura prolongada.<\/li>\n<li style='margin-bottom: 5px;'>Tres configuraciones de anti-pase posterior: pasiva&comma; activa y trampa.<\/li>\n<li style='margin-bottom: 5px;'>Control de elevadores (nota 1) para hasta 8 elevadores&comma; cada uno que atiende a 64 pisos.<\/li>\n<li style='margin-bottom: 5px;'>Expandible (nota 2) para controlar hasta 48 puntos de entrada con cable (o 24 de forma inal\u00e1mbrica).<\/li>\n<li style='margin-bottom: 5px;'>C\u00f3digos de entrada de 4 d\u00edgitos&comma; uno para cada n\u00famero de tel\u00e9fono.<\/li>\n<li style='margin-bottom: 5px;'>3 rel\u00e9s de contacto seco de formulario &#8216;C&#8217;.<\/li>\n<li style='margin-bottom: 5px;'>La pantalla de directorio de una sola l\u00ednea utiliza LCD de supergiro con caracteres de 1\/2 pulgada.<\/li>\n<li style='margin-bottom: 5px;'>Chip de memoria EEPROM.<\/li>\n<li style='margin-bottom: 5px;'>Se suministran dos transformadores de energ\u00eda de 16 VCA y 20 VA.<\/li>\n<li style='margin-bottom: 5px;'>FCC (EE. UU.): DUF6VT-12874-OT-T.<\/li>\n<li style='margin-bottom: 5px;'>DOC (CAN): 1736 4528 A.<\/li>\n<li style='margin-bottom: 5px;'>Cumple con UL 294. ETL listado.<\/li>\n<li style='margin-bottom: 5px;'><strong>Dimensiones de la Serie 90:<\/strong> 14&comma;75&#8242; (375 mm) de altura x 12&comma;75&#8242; (324 mm) de ancho x 3&comma;75&#8242; (95 mm) de profundidad.<\/li>\n<\/ul><\/div>\n<\/p><\/div>\n<\/p><\/div>\n<hr style='border: 0; border-top: 1px solid rgba(150&comma; 150&comma; 150&comma; 0.3); margin: 30px 0;'> <\/div>\n","protected":false},"excerpt":{"rendered":"<p>Portero Telefonico DOORKING 1835<\/p>\n","protected":false},"featured_media":24417,"comment_status":"open","ping_status":"closed","template":"","meta":[],"product_brand":[],"product_cat":[819],"product_tag":[781,820,557],"class_list":{"0":"post-24418","1":"product","2":"type-product","3":"status-publish","4":"has-post-thumbnail","6":"product_cat-multiapartamentos","7":"product_tag-dks-doorking","8":"product_tag-multiapartamentos","9":"product_tag-videoporteros-e-interfonos","11":"first","12":"instock","13":"sale","14":"shipping-taxable","15":"purchasable","16":"product-type-simple"},"_links":{"self":[{"href":"https:\/\/soydeaqui.ddns.net\/pachuca\/index.php\/wp-json\/wp\/v2\/product\/24418","targetHints":{"allow":["GET"]}}],"collection":[{"href":"https:\/\/soydeaqui.ddns.net\/pachuca\/index.php\/wp-json\/wp\/v2\/product"}],"about":[{"href":"https:\/\/soydeaqui.ddns.net\/pachuca\/index.php\/wp-json\/wp\/v2\/types\/product"}],"replies":[{"embeddable":true,"href":"https:\/\/soydeaqui.ddns.net\/pachuca\/index.php\/wp-json\/wp\/v2\/comments?post=24418"}],"wp:featuredmedia":[{"embeddable":true,"href":"https:\/\/soydeaqui.ddns.net\/pachuca\/index.php\/wp-json\/wp\/v2\/media\/24417"}],"wp:attachment":[{"href":"https:\/\/soydeaqui.ddns.net\/pachuca\/index.php\/wp-json\/wp\/v2\/media?parent=24418"}],"wp:term":[{"taxonomy":"product_brand","embeddable":true,"href":"https:\/\/soydeaqui.ddns.net\/pachuca\/index.php\/wp-json\/wp\/v2\/product_brand?post=24418"},{"taxonomy":"product_cat","embeddable":true,"href":"https:\/\/soydeaqui.ddns.net\/pachuca\/index.php\/wp-json\/wp\/v2\/product_cat?post=24418"},{"taxonomy":"product_tag","embeddable":true,"href":"https:\/\/soydeaqui.ddns.net\/pachuca\/index.php\/wp-json\/wp\/v2\/product_tag?post=24418"}],"curies":[{"name":"wp","href":"https:\/\/api.w.org\/{rel}","templated":true}]}}